{"id":21,"date":"2013-12-14T23:15:17","date_gmt":"2013-12-14T22:15:17","guid":{"rendered":"\/lyc-dumasjeanjoseph\/?page_id=21"},"modified":"2024-01-25T15:32:25","modified_gmt":"2024-01-25T14:32:25","slug":"bac-pro-tci","status":"publish","type":"page","link":"https:\/\/site.ac-martinique.fr\/lyc-dumasjeanjoseph\/?page_id=21","title":{"rendered":"Bac Pro TCI"},"content":{"rendered":"\n<h2 class=\"wp-block-heading\">Objectifs de la formation<\/h2>\n\n\n\n<p>Le ou la titulaire de ce dipl\u00f4me est sp\u00e9cialiste de la fabrication d&rsquo;ensembles chaudronn\u00e9s, d&rsquo;ensembles de t\u00f4lerie, de tuyauterie industrielle et d&rsquo;ossatures en structures m\u00e9talliques. Il ou elle intervient essentiellement en atelier, mais aussi sur chantier pour installer, entretenir ou r\u00e9habiliter.<\/p>\n\n\n\n<p>Ce (cette) professionnel(le) qualifi\u00e9(e) participe \u00e0 la mise en oeuvre de produits tr\u00e8s divers, tant par leur nature (m\u00e9taux et alliages ferreux et non ferreux, mati\u00e8res plastiques, mat\u00e9riaux composites&#8230;) que par leur forme (plats, profil\u00e9s, tubes&#8230;), leur dimension ou leur mode d&rsquo;assemblage. Il ou elle conduit aussi bien des machines traditionnelles \u00e0 commande manuelle que des machines \u00e0 commande num\u00e9rique ou des robots. Il (elle) conna\u00eet les techniques d&rsquo;assemblage propres aux mat\u00e9riaux qu&rsquo;il (qu&rsquo;elle) travaille (soudage, rivetage, boulonnage, collage&#8230;) et sait utiliser les machines adapt\u00e9es (d\u00e9coupeuse au laser, au plasma, robot de soudage&#8230;). Il ou elle exploite les outils num\u00e9riques \u00e0 des fins de d\u00e9finition et de r\u00e9alisation d&rsquo;ouvrages (logiciels de CFAO, outils virtuels, simulateurs, bases de donn\u00e9es m\u00e9tier&#8230;).<\/p>\n\n\n\n<p>\u00c0 l&rsquo;issue de sa formation, il (elle) peut trouver un emploi dans une entreprise artisanale ou industrielle (grandes entreprises, PME, PMI). Entreprises qui ont de nombreux march\u00e9s : construction a\u00e9ronautique et spatiale, construction ferroviaire, construction navale, industrie agroalimentaire, industrie chimique, industrie p\u00e9trochimique, industrie pharmaceutique, b\u00e2timent et travaux publics, industrie nucl\u00e9aire et de production d&rsquo;\u00e9nergie, industrie papeti\u00e8re, machinisme agricole et industriel, maintenance industrielle, environnement et d\u00e9veloppement durable&#8230;<\/p>\n\n\n\n<h2 class=\"wp-block-heading\">Acc\u00e8s \u00e0 la formation<\/h2>\n\n\n\n<p>Ce bac pro se pr\u00e9pare en 3 ans apr\u00e8s la classe de 3e. Les \u00e9l\u00e8ves entrent en 2de professionnelle m\u00e9tiers de la r\u00e9alisation d&rsquo;ensembles m\u00e9caniques et industriels en vue de pr\u00e9parer cette sp\u00e9cialit\u00e9 du bac pro.<\/p>\n\n\n\n<p>L&rsquo;acc\u00e8s est diff\u00e9rent pour les \u00e9l\u00e8ves en apprentissage qui entrent directement dans cette sp\u00e9cialit\u00e9 de bac pro sans passer par une 2de pro famille de m\u00e9tiers.<\/p>\n\n\n\n<p>Les \u00e9l\u00e8ves titulaires de CAP d&rsquo;un m\u00eame secteur peuvent \u00e9galement\u00a0 pr\u00e9parer le bac pro en 2 ans sous certaines conditions.<\/p>\n\n\n\n<h2 class=\"wp-block-heading\">Poursuites d&rsquo;\u00e9tudes<\/h2>\n\n\n\n<p>Le bac pro a pour premier objectif l&rsquo;insertion professionnelle mais, avec un tr\u00e8s bon dossier ou une mention \u00e0 l&rsquo;examen, une poursuite d&rsquo;\u00e9tudes est envisageable en BTS.<strong>Exemple(s) de formation(s) :<\/strong><\/p>\n\n\n\n<ul class=\"wp-block-list\">\n<li><a href=\"https:\/\/www.onisep.fr\/ressources\/univers-formation\/formations\/lycees\/bp-menuisier-aluminium-verre\">BP menuisier aluminium-verre<\/a><\/li>\n\n\n\n<li><a href=\"https:\/\/www.onisep.fr\/ressources\/univers-formation\/formations\/post-bac\/mc-futur-cs-technicien-ne-en-chaudronnerie-aeronautique-et-spatiale\">MC (futur CS) Technicien(ne) en chaudronnerie a\u00e9ronautique et spatiale<\/a><\/li>\n\n\n\n<li><a href=\"https:\/\/www.onisep.fr\/ressources\/univers-formation\/formations\/post-bac\/mc-futur-cs-technicien-en-soudage\">MC (futur CS) technicien en soudage<\/a><\/li>\n\n\n\n<li><a href=\"https:\/\/www.onisep.fr\/ressources\/univers-formation\/formations\/post-bac\/mc-futur-cs-technicien-en-tuyauterie\">MC (futur CS) technicien en tuyauterie<\/a><\/li>\n\n\n\n<li><a href=\"https:\/\/www.onisep.fr\/ressources\/univers-formation\/formations\/post-bac\/bts-architectures-en-metal-conception-et-realisation\">BTS Architectures en m\u00e9tal : conception et r\u00e9alisation<\/a><\/li>\n\n\n\n<li><a href=\"https:\/\/www.onisep.fr\/ressources\/univers-formation\/formations\/post-bac\/bts-conception-et-industrialisation-en-construction-navale\">BTS Conception et industrialisation en construction navale<\/a><\/li>\n\n\n\n<li><a href=\"https:\/\/www.onisep.fr\/ressources\/univers-formation\/formations\/post-bac\/bts-conception-et-realisation-de-carrosserie\">BTS Conception et r\u00e9alisation de carrosserie<\/a><\/li>\n\n\n\n<li><a href=\"https:\/\/www.onisep.fr\/ressources\/univers-formation\/formations\/post-bac\/bts-conception-et-realisation-en-chaudronnerie-industrielle\">BTS Conception et r\u00e9alisation en chaudronnerie industrielle<\/a><\/li>\n<\/ul>\n\n\n\n<figure class=\"wp-block-video\"><video height=\"360\" style=\"aspect-ratio: 640 \/ 360;\" width=\"640\" controls src=\"https:\/\/site.ac-martinique.fr\/lyc-dumasjeanjoseph\/wp-content\/uploads\/sites\/41\/2015\/03\/ONISEP-Martinique-BAC-PRO-Technicien-Chaudronnerie-Industrielle.mp4\"><\/video><figcaption class=\"wp-element-caption\">Pr\u00e9sentation du BAC PRO TCI<\/figcaption><\/figure>\n\n<div class=\"twitter-share\"><a href=\"https:\/\/twitter.com\/intent\/tweet?via=lp_djj\" class=\"twitter-share-button\">Tweet<\/a><\/div>\n","protected":false},"excerpt":{"rendered":"<p>Objectifs de la formation Le ou la titulaire de ce dipl\u00f4me est sp\u00e9cialiste de la fabrication d&rsquo;ensembles chaudronn\u00e9s, d&rsquo;ensembles de t\u00f4lerie, de tuyauterie industrielle et d&rsquo;ossatures en structures m\u00e9talliques. Il ou elle intervient essentiellement en atelier, mais aussi sur chantier pour installer, entretenir ou r\u00e9habiliter. Ce (cette) professionnel(le) qualifi\u00e9(e) participe \u00e0 la mise en oeuvre de produits tr\u00e8s divers, tant par leur nature (m\u00e9taux et alliages ferreux et non ferreux, mati\u00e8res plastiques, mat\u00e9riaux composites&#8230;) que par leur forme (plats, profil\u00e9s, tubes&#8230;), leur dimension ou leur mode d&rsquo;assemblage. Il ou elle conduit aussi bien des machines traditionnelles \u00e0 commande manuelle que des machines \u00e0 commande num\u00e9rique ou des robots. Il (elle) conna\u00eet les techniques d&rsquo;assemblage propres aux mat\u00e9riaux qu&rsquo;il (qu&rsquo;elle) travaille (soudage, rivetage, boulonnage, collage&#8230;) et sait utiliser les machines adapt\u00e9es (d\u00e9coupeuse au laser, au plasma, robot de soudage&#8230;). Il ou elle exploite les outils num\u00e9riques \u00e0 des fins de d\u00e9finition et de r\u00e9alisation d&rsquo;ouvrages (logiciels de CFAO, outils virtuels, simulateurs, bases de donn\u00e9es m\u00e9tier&#8230;). \u00c0 l&rsquo;issue de sa formation, il (elle) peut trouver un emploi dans une entreprise artisanale ou industrielle (grandes entreprises, PME, PMI). Entreprises qui ont de nombreux march\u00e9s : construction a\u00e9ronautique et spatiale, construction ferroviaire, construction navale, industrie agroalimentaire, industrie chimique, industrie p\u00e9trochimique, industrie pharmaceutique, b\u00e2timent et travaux publics, industrie nucl\u00e9aire et de production d&rsquo;\u00e9nergie, industrie papeti\u00e8re, machinisme agricole et industriel, maintenance industrielle, environnement et d\u00e9veloppement durable&#8230; Acc\u00e8s \u00e0 la formation Ce bac pro se pr\u00e9pare en 3 ans apr\u00e8s la classe de 3e. Les \u00e9l\u00e8ves entrent en 2de professionnelle m\u00e9tiers de la r\u00e9alisation d&rsquo;ensembles m\u00e9caniques et industriels en vue de pr\u00e9parer cette sp\u00e9cialit\u00e9 du bac pro. L&rsquo;acc\u00e8s est diff\u00e9rent pour les \u00e9l\u00e8ves en apprentissage qui entrent directement dans cette sp\u00e9cialit\u00e9 de bac pro sans passer par une 2de pro famille de m\u00e9tiers. Les \u00e9l\u00e8ves titulaires de CAP d&rsquo;un m\u00eame secteur peuvent \u00e9galement\u00a0 pr\u00e9parer le bac pro en 2 ans sous certaines conditions. Poursuites d&rsquo;\u00e9tudes Le bac pro a pour premier objectif l&rsquo;insertion professionnelle mais, avec un tr\u00e8s bon dossier ou une mention \u00e0 l&rsquo;examen, une poursuite d&rsquo;\u00e9tudes est envisageable en BTS.Exemple(s) de formation(s) :<\/p>\n","protected":false},"author":103,"featured_media":0,"parent":0,"menu_order":0,"comment_status":"closed","ping_status":"closed","template":"","meta":{"footnotes":""},"class_list":["post-21","page","type-page","status-publish","hentry"],"_links":{"self":[{"href":"https:\/\/site.ac-martinique.fr\/lyc-dumasjeanjoseph\/index.php?rest_route=\/wp\/v2\/pages\/21","targetHints":{"allow":["GET"]}}],"collection":[{"href":"https:\/\/site.ac-martinique.fr\/lyc-dumasjeanjoseph\/index.php?rest_route=\/wp\/v2\/pages"}],"about":[{"href":"https:\/\/site.ac-martinique.fr\/lyc-dumasjeanjoseph\/index.php?rest_route=\/wp\/v2\/types\/page"}],"author":[{"embeddable":true,"href":"https:\/\/site.ac-martinique.fr\/lyc-dumasjeanjoseph\/index.php?rest_route=\/wp\/v2\/users\/103"}],"replies":[{"embeddable":true,"href":"https:\/\/site.ac-martinique.fr\/lyc-dumasjeanjoseph\/index.php?rest_route=%2Fwp%2Fv2%2Fcomments&post=21"}],"version-history":[{"count":3,"href":"https:\/\/site.ac-martinique.fr\/lyc-dumasjeanjoseph\/index.php?rest_route=\/wp\/v2\/pages\/21\/revisions"}],"predecessor-version":[{"id":5185,"href":"https:\/\/site.ac-martinique.fr\/lyc-dumasjeanjoseph\/index.php?rest_route=\/wp\/v2\/pages\/21\/revisions\/5185"}],"wp:attachment":[{"href":"https:\/\/site.ac-martinique.fr\/lyc-dumasjeanjoseph\/index.php?rest_route=%2Fwp%2Fv2%2Fmedia&parent=21"}],"curies":[{"name":"wp","href":"https:\/\/api.w.org\/{rel}","templated":true}]}}