{"id":3139,"date":"2023-09-18T21:21:55","date_gmt":"2023-09-18T20:21:55","guid":{"rendered":"https:\/\/site.ac-martinique.fr\/lyc-dumasjeanjoseph\/?page_id=3139"},"modified":"2023-09-24T13:52:19","modified_gmt":"2023-09-24T12:52:19","slug":"unss","status":"publish","type":"page","link":"https:\/\/site.ac-martinique.fr\/lyc-dumasjeanjoseph\/?page_id=3139","title":{"rendered":"UNSS"},"content":{"rendered":"\n<h2 class=\"wp-block-heading\">Pr\u00e9sentation :<\/h2>\n\n\n\n<p>L\u2019<strong>Union Nationale du Sport Scolaire<\/strong>&nbsp;est une f\u00e9d\u00e9ration sportive multisports plac\u00e9e sous la tutelle du Minist\u00e8re de l\u2019\u00c9ducation Nationale qui s\u2019adresse aux jeunes scolaris\u00e9s dans les \u00e9tablissements du second degr\u00e9.<br>Le ministre charg\u00e9 des Sports participe \u00e0 la d\u00e9finition ainsi qu\u2019\u00e0 la mise en \u0153uvre des objectifs de l\u2019UNSS.<br>L\u2019UNSS a pour objet de d\u00e9velopper la pratique d\u2019activit\u00e9s sportives, composantes de l\u2019\u00e9ducation physique et sportive, ainsi que de favoriser l\u2019apprentissage de la vie associative et l\u2019acc\u00e8s aux responsabilit\u00e9s des \u00e9l\u00e8ves.<\/p>\n\n\n\n<p>L\u2019identit\u00e9 de l\u2019UNSS repose sur&nbsp;:<\/p>\n\n\n\n<p>La pratique multi-activit\u00e9s du licenci\u00e9,<br>Le concept d\u2019une pratique en \u00e9quipe \u00e0 laquelle est obligatoirement associ\u00e9 un jeune officiel,<br>Les rencontres inter-\u00e9tablissements,<br>Le programme sportif constitu\u00e9 de quatre p\u00f4les&nbsp;: comp\u00e9tition, promotion, responsabilisation, innovation.<\/p>\n\n\n\n<p>Cette pratique sportive est d\u00e9velopp\u00e9e au sein des associations sportives, encadr\u00e9es par les enseignants d\u2019E.P.S. \u2013 animateurs d\u2019A.S. des coll\u00e8ges et lyc\u00e9es, et sous la responsabilit\u00e9 du chef d\u2019\u00e9tablissement \u2013 Pr\u00e9sident de l\u2019A.S.<\/p>\n\n<div class=\"twitter-share\"><a href=\"https:\/\/twitter.com\/intent\/tweet?via=lp_djj\" class=\"twitter-share-button\">Tweet<\/a><\/div>\n","protected":false},"excerpt":{"rendered":"<p>Pr\u00e9sentation : L\u2019Union Nationale du Sport Scolaire&nbsp;est une f\u00e9d\u00e9ration sportive multisports plac\u00e9e sous la tutelle du Minist\u00e8re de l\u2019\u00c9ducation Nationale qui s\u2019adresse aux jeunes scolaris\u00e9s dans les \u00e9tablissements du second degr\u00e9.Le ministre charg\u00e9 des Sports participe \u00e0 la d\u00e9finition ainsi qu\u2019\u00e0 la mise en \u0153uvre des objectifs de l\u2019UNSS.L\u2019UNSS a pour objet de d\u00e9velopper la pratique d\u2019activit\u00e9s sportives, composantes de l\u2019\u00e9ducation physique et sportive, ainsi que de favoriser l\u2019apprentissage de la vie associative et l\u2019acc\u00e8s aux responsabilit\u00e9s des \u00e9l\u00e8ves. L\u2019identit\u00e9 de l\u2019UNSS repose sur&nbsp;: La pratique multi-activit\u00e9s du licenci\u00e9,Le concept d\u2019une pratique en \u00e9quipe \u00e0 laquelle est obligatoirement associ\u00e9 un jeune officiel,Les rencontres inter-\u00e9tablissements,Le programme sportif constitu\u00e9 de quatre p\u00f4les&nbsp;: comp\u00e9tition, promotion, responsabilisation, innovation. Cette pratique sportive est d\u00e9velopp\u00e9e au sein des associations sportives, encadr\u00e9es par les enseignants d\u2019E.P.S. \u2013 animateurs d\u2019A.S. des coll\u00e8ges et lyc\u00e9es, et sous la responsabilit\u00e9 du chef d\u2019\u00e9tablissement \u2013 Pr\u00e9sident de l\u2019A.S.<\/p>\n","protected":false},"author":73,"featured_media":0,"parent":0,"menu_order":0,"comment_status":"closed","ping_status":"closed","template":"","meta":{"footnotes":""},"class_list":["post-3139","page","type-page","status-publish","hentry"],"_links":{"self":[{"href":"https:\/\/site.ac-martinique.fr\/lyc-dumasjeanjoseph\/index.php?rest_route=\/wp\/v2\/pages\/3139","targetHints":{"allow":["GET"]}}],"collection":[{"href":"https:\/\/site.ac-martinique.fr\/lyc-dumasjeanjoseph\/index.php?rest_route=\/wp\/v2\/pages"}],"about":[{"href":"https:\/\/site.ac-martinique.fr\/lyc-dumasjeanjoseph\/index.php?rest_route=\/wp\/v2\/types\/page"}],"author":[{"embeddable":true,"href":"https:\/\/site.ac-martinique.fr\/lyc-dumasjeanjoseph\/index.php?rest_route=\/wp\/v2\/users\/73"}],"replies":[{"embeddable":true,"href":"https:\/\/site.ac-martinique.fr\/lyc-dumasjeanjoseph\/index.php?rest_route=%2Fwp%2Fv2%2Fcomments&post=3139"}],"version-history":[{"count":2,"href":"https:\/\/site.ac-martinique.fr\/lyc-dumasjeanjoseph\/index.php?rest_route=\/wp\/v2\/pages\/3139\/revisions"}],"predecessor-version":[{"id":3396,"href":"https:\/\/site.ac-martinique.fr\/lyc-dumasjeanjoseph\/index.php?rest_route=\/wp\/v2\/pages\/3139\/revisions\/3396"}],"wp:attachment":[{"href":"https:\/\/site.ac-martinique.fr\/lyc-dumasjeanjoseph\/index.php?rest_route=%2Fwp%2Fv2%2Fmedia&parent=3139"}],"curies":[{"name":"wp","href":"https:\/\/api.w.org\/{rel}","templated":true}]}}