{"id":3150,"date":"2023-09-18T21:21:55","date_gmt":"2023-09-18T20:21:55","guid":{"rendered":"https:\/\/site.ac-martinique.fr\/lyc-dumasjeanjoseph\/?page_id=3150"},"modified":"2023-09-24T15:45:00","modified_gmt":"2023-09-24T14:45:00","slug":"dispositifs-pai","status":"publish","type":"page","link":"https:\/\/site.ac-martinique.fr\/lyc-dumasjeanjoseph\/?page_id=3150","title":{"rendered":"Dispositifs PAI"},"content":{"rendered":"\n<h2 class=\"wp-block-heading\" id=\"pai-le-projet-d-accueil-individualise\">PAI&nbsp;: le projet d\u2019accueil individualis\u00e9<\/h2>\n\n\n\n<h3 class=\"wp-block-heading\">\u00c0 qui s\u2019adresse le PAI&nbsp;?<\/h3>\n\n\n\n<p>Dispositif interne \u00e0 l\u2019\u00e9tablissement, le\u00a0<strong>projet d\u2019accueil individualis\u00e9 <\/strong>concerne les\u00a0<strong>\u00e9l\u00e8ves atteints de troubles de la sant\u00e9 \u00e9voluant sur une longue p\u00e9riode sans reconnaissance du handicap<\/strong>\u00a0: pathologies chroniques (exemples\u00a0: asthme, allergies, intol\u00e9rance alimentaire\u2026).<\/p>\n\n\n\n<h3 class=\"wp-block-heading\">Qu&rsquo;est-ce que le PAI&nbsp;?<\/h3>\n\n\n\n<p>Le PAI est un document \u00e9crit qui d\u00e9finit les\u00a0<strong>adaptations apport\u00e9es \u00e0 la scolarit\u00e9<\/strong>\u00a0de l\u2019enfant ou de l\u2019adolescent en collectivit\u00e9 (cr\u00e8che, \u00e9cole, coll\u00e8ge, lyc\u00e9e, centre de loisirs) et r\u00e9pertorie<strong>\u00a0les traitements et\/ou les r\u00e9gimes m\u00e9dicaux<\/strong>. Au besoin, il pr\u00e9cise les am\u00e9nagements de la scolarit\u00e9 en lien avec l&rsquo;\u00e9tat de sant\u00e9. Le PAI permet ainsi de d\u00e9livrer un traitement m\u00e9dical au sein de l\u2019\u00e9tablissement et d\u2019<strong>assurer la s\u00e9curit\u00e9 de l\u2019\u00e9l\u00e8ve pour lequel un PAI a \u00e9t\u00e9 \u00e9labor\u00e9<\/strong>\u00a0(traitement m\u00e9dical, r\u00e9gime sp\u00e9cifique, contr\u00f4le r\u00e9gulier de la glyc\u00e9mie, par exemple). Ce document d\u00e9finit aussi comment, en cas de p\u00e9riode d&rsquo;hospitalisation ou de maintien \u00e0 domicile, les enseignants de l&rsquo;\u00e9cole veillent \u00e0 assurer le suivi de la scolarit\u00e9. Il peut comporter un protocole d&rsquo;urgence qui est joint dans son int\u00e9gralit\u00e9 au PAI.<\/p>\n\n\n\n<h3 class=\"wp-block-heading\">Qui peut demander un PAI&nbsp;?<\/h3>\n\n\n\n<p><strong>Un parent ou responsable l\u00e9gal peut demander l&rsquo;\u00e9laboration d&rsquo;un PAI.&nbsp;<\/strong>Si vous souhaitez que votre enfant b\u00e9n\u00e9ficie d\u2019un PAI, sollicitez le directeur de l\u2019\u00e9cole ou le chef de l\u2019\u00e9tablissement o\u00f9 votre enfant est scolaris\u00e9.<\/p>\n\n\n\n<p>\u00c0 noter&nbsp;: avec l\u2019accord de la famille, un PAI peut \u00e9galement \u00eatre \u00e9labor\u00e9 \u00e0 la<strong>&nbsp;demande du directeur de l\u2019\u00e9cole ou du chef d&rsquo;\u00e9tablissement<\/strong>.<\/p>\n\n\n\n<h3 class=\"wp-block-heading\">Comment est \u00e9tabli le PAI&nbsp;?<\/h3>\n\n\n\n<p><strong>Le PAI est \u00e9tabli par le directeur de l\u2019\u00e9cole ou le chef de l\u2019\u00e9tablissement scolaire<\/strong>&nbsp;de votre enfant. Il est r\u00e9dig\u00e9 en concertation avec le m\u00e9decin de l\u2019\u00c9ducation nationale ou de la&nbsp;<a href=\"https:\/\/www.monparcourshandicap.gouv.fr\/glossaire\/pmi\">PMI<\/a>&nbsp;(protection maternelle et infantile) et l\u2019infirmer scolaire, qui veille au respect du secret m\u00e9dical,&nbsp;\u00e0 partir des donn\u00e9es transmises par le m\u00e9decin qui suit l&rsquo;enfant et par ses parents. Il permet de d\u00e9terminer les am\u00e9nagements particuliers&nbsp;(am\u00e9nagements d&rsquo;horaires, dispenses de certaines activit\u00e9s, organisation des actions de soins, etc.)&nbsp;susceptibles d\u2019\u00eatre mis en place.<\/p>\n\n\n\n<p>Les besoins th\u00e9rapeutiques de l\u2019enfant sont pr\u00e9cis\u00e9s dans une ordonnance r\u00e9dig\u00e9e par le m\u00e9decin qui suit votre enfant et sont transmis sous pli cachet\u00e9 au m\u00e9decin de&nbsp;l\u2019\u00c9ducation nationale. En fonction des besoins th\u00e9rapeutiques attest\u00e9s par votre m\u00e9decin&nbsp;le PAI contiendra notamment des informations sur les points suivants&nbsp;:<\/p>\n\n\n\n<ul class=\"wp-block-list\">\n<li>r\u00e9gimes alimentaires \u00e0 appliquer&nbsp;;<\/li>\n\n\n\n<li>conditions des prises de repas&nbsp;;<\/li>\n\n\n\n<li>administration de m\u00e9dicaments&nbsp;;<\/li>\n\n\n\n<li>am\u00e9nagements d&rsquo;horaires&nbsp;;<\/li>\n\n\n\n<li>dispenses de certaines activit\u00e9s incompatibles avec la sant\u00e9 de l&rsquo;enfant ou de l&rsquo;adolescent&nbsp;;<\/li>\n\n\n\n<li>activit\u00e9s de substitution propos\u00e9es.<\/li>\n<\/ul>\n\n\n\n<h3 class=\"wp-block-heading\"><a rel=\"noreferrer noopener\" href=\"https:\/\/eduscol.education.fr\/1207\/la-scolarisation-des-enfants-malades\" target=\"_blank\">Vous pouvez t\u00e9l\u00e9charger en cliquant ici les documents relatifs au PAI provenant du site Eduscol<\/a><\/h3>\n\n\n\n<p><strong>Le PAI concerne une pathologie ou un trouble<\/strong>&nbsp;constat\u00e9 pendant l&rsquo;ann\u00e9e scolaire. Sa dur\u00e9e de validit\u00e9 peut donc varier. Il peut \u00eatre reconduit d&rsquo;une ann\u00e9e sur l&rsquo;autre. Il peut aussi \u00eatre revu et adapt\u00e9 en cas d&rsquo;\u00e9volution de la pathologie ou en pr\u00e9vision d&rsquo;un voyage ou d&rsquo;une sortie scolaire.<\/p>\n\n\n\n<h3 class=\"wp-block-heading\">Qui assure la mise en \u0153uvre du PAI&nbsp;?<\/h3>\n\n\n\n<p>La mise en \u0153uvre du PAI \u00e9labor\u00e9 pour votre enfant est assur\u00e9e par&nbsp;:<\/p>\n\n\n\n<ul class=\"wp-block-list\">\n<li><strong>le directeur<\/strong>&nbsp;: il en assure l\u2019\u00e9laboration, la mise en place et le suivi&nbsp;;<\/li>\n\n\n\n<li><strong>et le m\u00e9decin de&nbsp;<\/strong><strong>l\u2019\u00c9ducation nationale<\/strong>&nbsp;: il assure la responsabilit\u00e9 de l\u2019information et du suivi m\u00e9dical dans l\u2019\u00e9tablissement.<\/li>\n<\/ul>\n\n<div class=\"twitter-share\"><a href=\"https:\/\/twitter.com\/intent\/tweet?via=lp_djj\" class=\"twitter-share-button\">Tweet<\/a><\/div>\n","protected":false},"excerpt":{"rendered":"<p>PAI&nbsp;: le projet d\u2019accueil individualis\u00e9 \u00c0 qui s\u2019adresse le PAI&nbsp;? Dispositif interne \u00e0 l\u2019\u00e9tablissement, le\u00a0projet d\u2019accueil individualis\u00e9 concerne les\u00a0\u00e9l\u00e8ves atteints de troubles de la sant\u00e9 \u00e9voluant sur une longue p\u00e9riode sans reconnaissance du handicap\u00a0: pathologies chroniques (exemples\u00a0: asthme, allergies, intol\u00e9rance alimentaire\u2026). Qu&rsquo;est-ce que le PAI&nbsp;? Le PAI est un document \u00e9crit qui d\u00e9finit les\u00a0adaptations apport\u00e9es \u00e0 la scolarit\u00e9\u00a0de l\u2019enfant ou de l\u2019adolescent en collectivit\u00e9 (cr\u00e8che, \u00e9cole, coll\u00e8ge, lyc\u00e9e, centre de loisirs) et r\u00e9pertorie\u00a0les traitements et\/ou les r\u00e9gimes m\u00e9dicaux. Au besoin, il pr\u00e9cise les am\u00e9nagements de la scolarit\u00e9 en lien avec l&rsquo;\u00e9tat de sant\u00e9. Le PAI permet ainsi de d\u00e9livrer un traitement m\u00e9dical au sein de l\u2019\u00e9tablissement et d\u2019assurer la s\u00e9curit\u00e9 de l\u2019\u00e9l\u00e8ve pour lequel un PAI a \u00e9t\u00e9 \u00e9labor\u00e9\u00a0(traitement m\u00e9dical, r\u00e9gime sp\u00e9cifique, contr\u00f4le r\u00e9gulier de la glyc\u00e9mie, par exemple). Ce document d\u00e9finit aussi comment, en cas de p\u00e9riode d&rsquo;hospitalisation ou de maintien \u00e0 domicile, les enseignants de l&rsquo;\u00e9cole veillent \u00e0 assurer le suivi de la scolarit\u00e9. Il peut comporter un protocole d&rsquo;urgence qui est joint dans son int\u00e9gralit\u00e9 au PAI. Qui peut demander un PAI&nbsp;? Un parent ou responsable l\u00e9gal peut demander l&rsquo;\u00e9laboration d&rsquo;un PAI.&nbsp;Si vous souhaitez que votre enfant b\u00e9n\u00e9ficie d\u2019un PAI, sollicitez le directeur de l\u2019\u00e9cole ou le chef de l\u2019\u00e9tablissement o\u00f9 votre enfant est scolaris\u00e9. \u00c0 noter&nbsp;: avec l\u2019accord de la famille, un PAI peut \u00e9galement \u00eatre \u00e9labor\u00e9 \u00e0 la&nbsp;demande du directeur de l\u2019\u00e9cole ou du chef d&rsquo;\u00e9tablissement. Comment est \u00e9tabli le PAI&nbsp;? Le PAI est \u00e9tabli par le directeur de l\u2019\u00e9cole ou le chef de l\u2019\u00e9tablissement scolaire&nbsp;de votre enfant. Il est r\u00e9dig\u00e9 en concertation avec le m\u00e9decin de l\u2019\u00c9ducation nationale ou de la&nbsp;PMI&nbsp;(protection maternelle et infantile) et l\u2019infirmer scolaire, qui veille au respect du secret m\u00e9dical,&nbsp;\u00e0 partir des donn\u00e9es transmises par le m\u00e9decin qui suit l&rsquo;enfant et par ses parents. Il permet de d\u00e9terminer les am\u00e9nagements particuliers&nbsp;(am\u00e9nagements d&rsquo;horaires, dispenses de certaines activit\u00e9s, organisation des actions de soins, etc.)&nbsp;susceptibles d\u2019\u00eatre mis en place. Les besoins th\u00e9rapeutiques de l\u2019enfant sont pr\u00e9cis\u00e9s dans une ordonnance r\u00e9dig\u00e9e par le m\u00e9decin qui suit votre enfant et sont transmis sous pli cachet\u00e9 au m\u00e9decin de&nbsp;l\u2019\u00c9ducation nationale. En fonction des besoins th\u00e9rapeutiques attest\u00e9s par votre m\u00e9decin&nbsp;le PAI contiendra notamment des informations sur les points suivants&nbsp;: Vous pouvez t\u00e9l\u00e9charger en cliquant ici les documents relatifs au PAI provenant du site Eduscol Le PAI concerne une pathologie ou un trouble&nbsp;constat\u00e9 pendant l&rsquo;ann\u00e9e scolaire. Sa dur\u00e9e de validit\u00e9 peut donc varier. Il peut \u00eatre reconduit d&rsquo;une ann\u00e9e sur l&rsquo;autre. Il peut aussi \u00eatre revu et adapt\u00e9 en cas d&rsquo;\u00e9volution de la pathologie ou en pr\u00e9vision d&rsquo;un voyage ou d&rsquo;une sortie scolaire. Qui assure la mise en \u0153uvre du PAI&nbsp;? La mise en \u0153uvre du PAI \u00e9labor\u00e9 pour votre enfant est assur\u00e9e par&nbsp;:<\/p>\n","protected":false},"author":73,"featured_media":0,"parent":0,"menu_order":0,"comment_status":"closed","ping_status":"closed","template":"","meta":{"footnotes":""},"class_list":["post-3150","page","type-page","status-publish","hentry"],"_links":{"self":[{"href":"https:\/\/site.ac-martinique.fr\/lyc-dumasjeanjoseph\/index.php?rest_route=\/wp\/v2\/pages\/3150","targetHints":{"allow":["GET"]}}],"collection":[{"href":"https:\/\/site.ac-martinique.fr\/lyc-dumasjeanjoseph\/index.php?rest_route=\/wp\/v2\/pages"}],"about":[{"href":"https:\/\/site.ac-martinique.fr\/lyc-dumasjeanjoseph\/index.php?rest_route=\/wp\/v2\/types\/page"}],"author":[{"embeddable":true,"href":"https:\/\/site.ac-martinique.fr\/lyc-dumasjeanjoseph\/index.php?rest_route=\/wp\/v2\/users\/73"}],"replies":[{"embeddable":true,"href":"https:\/\/site.ac-martinique.fr\/lyc-dumasjeanjoseph\/index.php?rest_route=%2Fwp%2Fv2%2Fcomments&post=3150"}],"version-history":[{"count":2,"href":"https:\/\/site.ac-martinique.fr\/lyc-dumasjeanjoseph\/index.php?rest_route=\/wp\/v2\/pages\/3150\/revisions"}],"predecessor-version":[{"id":3404,"href":"https:\/\/site.ac-martinique.fr\/lyc-dumasjeanjoseph\/index.php?rest_route=\/wp\/v2\/pages\/3150\/revisions\/3404"}],"wp:attachment":[{"href":"https:\/\/site.ac-martinique.fr\/lyc-dumasjeanjoseph\/index.php?rest_route=%2Fwp%2Fv2%2Fmedia&parent=3150"}],"curies":[{"name":"wp","href":"https:\/\/api.w.org\/{rel}","templated":true}]}}