{"id":3279,"date":"2023-09-23T22:51:05","date_gmt":"2023-09-23T21:51:05","guid":{"rendered":"https:\/\/site.ac-martinique.fr\/lyc-dumasjeanjoseph\/?page_id=3279"},"modified":"2023-09-24T17:27:37","modified_gmt":"2023-09-24T16:27:37","slug":"cap-apm","status":"publish","type":"page","link":"https:\/\/site.ac-martinique.fr\/lyc-dumasjeanjoseph\/?page_id=3279","title":{"rendered":"CAP APM"},"content":{"rendered":"\n<p><strong>APM : Agent de Pr\u00e9vention et de M\u00e9diation<\/strong><\/p>\n\n\n\n<p><em>Le certificat d\u2019aptitude professionnelle est un dipl\u00f4me qui se pr\u00e9pare en&nbsp;<strong>deux ans<\/strong>&nbsp;apr\u00e8s une classe de troisi\u00e8me au coll\u00e8ge.<\/em><br><\/p>\n\n\n\n<h2 class=\"wp-block-heading\">Pr\u00e9sentation :<\/h2>\n\n\n\n<p>L&rsquo;agent de pr\u00e9vention et de m\u00e9diation contribue \u00e0 l&rsquo;\u00e9tablissement ou au maintien du lien social, au confort des usagers, \u00e0 la s\u00e9curit\u00e9 du patrimoine et des personnes,<\/p>\n\n\n\n<p>Il exerce \u00e9galement une action pr\u00e9ventive et \u00e9ducative en lien avec les partenaires locaux. <\/p>\n\n\n\n<p>L&rsquo;agent de pr\u00e9vention et de m\u00e9diation exerce ses fonctions dans des espaces publics ou priv\u00e9s (quartiers, locaux commerciaux et d&rsquo;habitation, transports\u2026), sous la responsabilit\u00e9 d&rsquo;un personnel d&rsquo;encadrement.<\/p>\n\n\n\n<p>Il contribue \u00e0 l&rsquo;\u00e9tablissement et au maintien du lien social en assurant des fonctions d&rsquo;accompagnement et d&rsquo;aide aux usagers.<\/p>\n\n\n\n<p>Il peut \u00e9galement prendre en charge des activit\u00e9s li\u00e9es \u00e0 la pr\u00e9vention et \u00e0 la s\u00e9curisation des personnes et des espaces, et \u00e0 la gestion des conflits.<\/p>\n\n\n\n<p>Enfin, il peut \u00eatre amen\u00e9 \u00e0 conduire des actions d&rsquo;animation et de communication li\u00e9es \u00e0 ses activit\u00e9s.<\/p>\n\n\n\n<p>Dans le cadre des missions confi\u00e9es par son employeur, il exerce une action pr\u00e9ventive et \u00e9ducative, en liaison avec les partenaires locaux.<\/p>\n\n\n\n<p><\/p>\n\n\n\n<h2 class=\"wp-block-heading\">Les d\u00e9bouch\u00e9s :<\/h2>\n\n\n\n<p>\u00c0 l\u2019issue de sa formation, le titulaire d\u2019un CAP APM peut exercer dans diff\u00e9rentes structures&nbsp;:&nbsp;<strong>services sociaux<\/strong>,&nbsp;<strong>associations<\/strong>,&nbsp;<strong>collectivit\u00e9s territoriales<\/strong>,&nbsp;<strong>organismes de logements sociaux<\/strong>.<\/p>\n\n\n\n<p>Le jeune dipl\u00f4m\u00e9 peut pr\u00e9tendre aux m\u00e9tiers suivants&nbsp;:<\/p>\n\n\n\n<ul class=\"wp-block-list\">\n<li>Agent d\u2019accueil et d\u2019information sociale<\/li>\n\n\n\n<li>Charg\u00e9 d\u2019\u00e9ducation pour la sant\u00e9<\/li>\n\n\n\n<li>\u00c9coutant social<\/li>\n\n\n\n<li>M\u00e9diateur<\/li>\n\n\n\n<li>Agent d\u2019ambiance des transports en commun<\/li>\n\n\n\n<li>Agent local de m\u00e9diation sociale<\/li>\n<\/ul>\n\n<div class=\"twitter-share\"><a href=\"https:\/\/twitter.com\/intent\/tweet?via=lp_djj\" class=\"twitter-share-button\">Tweet<\/a><\/div>\n","protected":false},"excerpt":{"rendered":"<p>APM : Agent de Pr\u00e9vention et de M\u00e9diation Le certificat d\u2019aptitude professionnelle est un dipl\u00f4me qui se pr\u00e9pare en&nbsp;deux ans&nbsp;apr\u00e8s une classe de troisi\u00e8me au coll\u00e8ge. Pr\u00e9sentation : L&rsquo;agent de pr\u00e9vention et de m\u00e9diation contribue \u00e0 l&rsquo;\u00e9tablissement ou au maintien du lien social, au confort des usagers, \u00e0 la s\u00e9curit\u00e9 du patrimoine et des personnes, Il exerce \u00e9galement une action pr\u00e9ventive et \u00e9ducative en lien avec les partenaires locaux. L&rsquo;agent de pr\u00e9vention et de m\u00e9diation exerce ses fonctions dans des espaces publics ou priv\u00e9s (quartiers, locaux commerciaux et d&rsquo;habitation, transports\u2026), sous la responsabilit\u00e9 d&rsquo;un personnel d&rsquo;encadrement. Il contribue \u00e0 l&rsquo;\u00e9tablissement et au maintien du lien social en assurant des fonctions d&rsquo;accompagnement et d&rsquo;aide aux usagers. Il peut \u00e9galement prendre en charge des activit\u00e9s li\u00e9es \u00e0 la pr\u00e9vention et \u00e0 la s\u00e9curisation des personnes et des espaces, et \u00e0 la gestion des conflits. Enfin, il peut \u00eatre amen\u00e9 \u00e0 conduire des actions d&rsquo;animation et de communication li\u00e9es \u00e0 ses activit\u00e9s. Dans le cadre des missions confi\u00e9es par son employeur, il exerce une action pr\u00e9ventive et \u00e9ducative, en liaison avec les partenaires locaux. Les d\u00e9bouch\u00e9s : \u00c0 l\u2019issue de sa formation, le titulaire d\u2019un CAP APM peut exercer dans diff\u00e9rentes structures&nbsp;:&nbsp;services sociaux,&nbsp;associations,&nbsp;collectivit\u00e9s territoriales,&nbsp;organismes de logements sociaux. Le jeune dipl\u00f4m\u00e9 peut pr\u00e9tendre aux m\u00e9tiers suivants&nbsp;:<\/p>\n","protected":false},"author":73,"featured_media":0,"parent":0,"menu_order":0,"comment_status":"closed","ping_status":"closed","template":"","meta":{"footnotes":""},"class_list":["post-3279","page","type-page","status-publish","hentry"],"_links":{"self":[{"href":"https:\/\/site.ac-martinique.fr\/lyc-dumasjeanjoseph\/index.php?rest_route=\/wp\/v2\/pages\/3279","targetHints":{"allow":["GET"]}}],"collection":[{"href":"https:\/\/site.ac-martinique.fr\/lyc-dumasjeanjoseph\/index.php?rest_route=\/wp\/v2\/pages"}],"about":[{"href":"https:\/\/site.ac-martinique.fr\/lyc-dumasjeanjoseph\/index.php?rest_route=\/wp\/v2\/types\/page"}],"author":[{"embeddable":true,"href":"https:\/\/site.ac-martinique.fr\/lyc-dumasjeanjoseph\/index.php?rest_route=\/wp\/v2\/users\/73"}],"replies":[{"embeddable":true,"href":"https:\/\/site.ac-martinique.fr\/lyc-dumasjeanjoseph\/index.php?rest_route=%2Fwp%2Fv2%2Fcomments&post=3279"}],"version-history":[{"count":2,"href":"https:\/\/site.ac-martinique.fr\/lyc-dumasjeanjoseph\/index.php?rest_route=\/wp\/v2\/pages\/3279\/revisions"}],"predecessor-version":[{"id":3428,"href":"https:\/\/site.ac-martinique.fr\/lyc-dumasjeanjoseph\/index.php?rest_route=\/wp\/v2\/pages\/3279\/revisions\/3428"}],"wp:attachment":[{"href":"https:\/\/site.ac-martinique.fr\/lyc-dumasjeanjoseph\/index.php?rest_route=%2Fwp%2Fv2%2Fmedia&parent=3279"}],"curies":[{"name":"wp","href":"https:\/\/api.w.org\/{rel}","templated":true}]}}