{"id":3294,"date":"2023-09-24T01:07:57","date_gmt":"2023-09-24T00:07:57","guid":{"rendered":"https:\/\/site.ac-martinique.fr\/lyc-dumasjeanjoseph\/?page_id=3294"},"modified":"2024-01-25T15:24:38","modified_gmt":"2024-01-25T14:24:38","slug":"bac-pro-hps","status":"publish","type":"page","link":"https:\/\/site.ac-martinique.fr\/lyc-dumasjeanjoseph\/?page_id=3294","title":{"rendered":"BAC PRO HPS"},"content":{"rendered":"\n<p><strong>HPS : Hygi\u00e8ne Propret\u00e9 St\u00e9rilisation<\/strong><\/p>\n\n\n\n<p><em>Les baccalaur\u00e9ats professionnels se pr\u00e9parent en 3 ans apr\u00e8s la 3<sup>e<\/sup>&nbsp;(2<sup>de<\/sup>&nbsp;pro, 1<sup>re<\/sup>&nbsp;pro et T<sup>le<\/sup>&nbsp;pro) en lyc\u00e9e professionnel. Ce dipl\u00f4me est \u00e9galement accessible apr\u00e8s un CAP ou une 2<sup>de<\/sup>&nbsp;g\u00e9n\u00e9rale et technologique.<\/em><\/p>\n\n\n\n<p><\/p>\n\n\n\n<h2 class=\"wp-block-heading\">Pr\u00e9sentation :<\/h2>\n\n\n\n<p>Le titulaire de ce baccalaur\u00e9at professionnel <strong>Hygi\u00e8ne Propret\u00e9 St\u00e9rilisation<\/strong>  est un agent qualifi\u00e9 ou chef d&rsquo;\u00e9quipe qui exerce dans les secteurs de la propret\u00e9, de l&rsquo;hygi\u00e8ne et de la st\u00e9rilisation.<\/p>\n\n\n\n<p>Il organise des interventions : analyse et planification des op\u00e9rations, gestion des ressources mat\u00e9rielles, mise en \u0153uvre des plans de pr\u00e9vention, prise en compte des contraintes \u00e9conomiques\u2026 Il \u00e9labore et met en \u0153uvre des proc\u00e9dures et modes op\u00e9ratoires : ma\u00eetrise des op\u00e9rations de st\u00e9rilisation, ma\u00eetrise des techniques d&rsquo;entretien et de remise en \u00e9tat y compris en milieux sensibles.<\/p>\n\n\n\n<p>Les enseignements de ce bac pro apportent les comp\u00e9tences pour g\u00e9rer des op\u00e9rations de maintenance (gestion du mat\u00e9riel et des \u00e9quipements) et conduire une \u00e9quipe.<\/p>\n\n\n\n<p><\/p>\n\n\n\n<h2 class=\"wp-block-heading\">Les d\u00e9bouch\u00e9s :<\/h2>\n\n\n\n<p>Le titulaire du BAC PRO HPS est un professionnel qualifie\u0301 qui exerce les emplois suivants :<\/p>\n\n\n\n<ul class=\"wp-block-list\">\n<li>chef de chantier ou chef d\u2019\u00e9quipe ou chef de site dans les secteurs de la<\/li>\n\n\n\n<li>propret\u00e9 et de l\u2019hygi\u00e8ne,<\/li>\n\n\n\n<li>agent qualifie\u0301 en service de st\u00e9rilisation ou en entreprise de st\u00e9rilisation,<\/li>\n\n\n\n<li>agent qualifie\u0301 ou chef d\u2018\u00e9quipe en entretien des salles propres et environnements ma\u00eetris\u00e9s.<\/li>\n<\/ul>\n\n\n\n<p>Par ailleurs, le titulaire de la sp\u00e9cialit\u00e9 Hygi\u00e8ne Propret\u00e9\u0301 St\u00e9rilisation de baccalaur\u00e9at professionnel exerce ses activit\u00e9s principalement dans les secteurs publics ou priv\u00e9s suivants :<br><\/p>\n\n\n\n<ul class=\"wp-block-list\">\n<li>entreprises et services commerciaux, administratifs, industriels, sportifs,<\/li>\n\n\n\n<li>culturels, transports collectifs\u2026,<\/li>\n\n\n\n<li>collectivit\u00e9s : \u00e9tablissements scolaires, logements collectifs\u2026,<\/li>\n\n\n\n<li>\u00e9tablissements de soins, m\u00e9dico-sociaux, laboratoires, cliniques v\u00e9t\u00e9rinaires,<\/li>\n\n\n\n<li>entreprises a\u0300 contraintes de contaminations particulaires, biologiques ou chimiques : industries agroalimentaires, pharmaceutiques, cosm\u00e9tiques, optiques, micro\u00e9lectroniques, spatiales\u2026,<\/li>\n\n\n\n<li>entreprises de st\u00e9rilisation et services assurant la st\u00e9rilisation pour les \u00e9tablissements de soins ;<\/li>\n<\/ul>\n\n\n\n<p>A l\u2019issue du bac pro le laur\u00e9at peut int\u00e9grer la formation suivante  : <\/p>\n\n\n\n<p><strong>BTS M\u00e9tiers des services \u00e0 l&rsquo;environnement (BTS pr\u00e9sent \u00e0 Dumas Jean-Joseph).<\/strong><\/p>\n\n\n\n<p><\/p>\n\n\n\n<figure class=\"wp-block-video\"><video height=\"360\" style=\"aspect-ratio: 640 \/ 360;\" width=\"640\" controls src=\"https:\/\/site.ac-martinique.fr\/lyc-dumasjeanjoseph\/wp-content\/uploads\/sites\/41\/2015\/03\/ONISEP-Martinique-BAC-PRO-Hygi\u00e8ne-Propret\u00e9-St\u00e9rilisation.mp4\"><\/video><figcaption class=\"wp-element-caption\">Pr\u00e9sentation du BAC PRO HPS<\/figcaption><\/figure>\n\n<div class=\"twitter-share\"><a href=\"https:\/\/twitter.com\/intent\/tweet?via=lp_djj\" class=\"twitter-share-button\">Tweet<\/a><\/div>\n","protected":false},"excerpt":{"rendered":"<p>HPS : Hygi\u00e8ne Propret\u00e9 St\u00e9rilisation Les baccalaur\u00e9ats professionnels se pr\u00e9parent en 3 ans apr\u00e8s la 3e&nbsp;(2de&nbsp;pro, 1re&nbsp;pro et Tle&nbsp;pro) en lyc\u00e9e professionnel. Ce dipl\u00f4me est \u00e9galement accessible apr\u00e8s un CAP ou une 2de&nbsp;g\u00e9n\u00e9rale et technologique. Pr\u00e9sentation : Le titulaire de ce baccalaur\u00e9at professionnel Hygi\u00e8ne Propret\u00e9 St\u00e9rilisation est un agent qualifi\u00e9 ou chef d&rsquo;\u00e9quipe qui exerce dans les secteurs de la propret\u00e9, de l&rsquo;hygi\u00e8ne et de la st\u00e9rilisation. Il organise des interventions : analyse et planification des op\u00e9rations, gestion des ressources mat\u00e9rielles, mise en \u0153uvre des plans de pr\u00e9vention, prise en compte des contraintes \u00e9conomiques\u2026 Il \u00e9labore et met en \u0153uvre des proc\u00e9dures et modes op\u00e9ratoires : ma\u00eetrise des op\u00e9rations de st\u00e9rilisation, ma\u00eetrise des techniques d&rsquo;entretien et de remise en \u00e9tat y compris en milieux sensibles. Les enseignements de ce bac pro apportent les comp\u00e9tences pour g\u00e9rer des op\u00e9rations de maintenance (gestion du mat\u00e9riel et des \u00e9quipements) et conduire une \u00e9quipe. Les d\u00e9bouch\u00e9s : Le titulaire du BAC PRO HPS est un professionnel qualifie\u0301 qui exerce les emplois suivants : Par ailleurs, le titulaire de la sp\u00e9cialit\u00e9 Hygi\u00e8ne Propret\u00e9\u0301 St\u00e9rilisation de baccalaur\u00e9at professionnel exerce ses activit\u00e9s principalement dans les secteurs publics ou priv\u00e9s suivants : A l\u2019issue du bac pro le laur\u00e9at peut int\u00e9grer la formation suivante : BTS M\u00e9tiers des services \u00e0 l&rsquo;environnement (BTS pr\u00e9sent \u00e0 Dumas Jean-Joseph).<\/p>\n","protected":false},"author":73,"featured_media":0,"parent":0,"menu_order":0,"comment_status":"closed","ping_status":"closed","template":"","meta":{"footnotes":""},"class_list":["post-3294","page","type-page","status-publish","hentry"],"_links":{"self":[{"href":"https:\/\/site.ac-martinique.fr\/lyc-dumasjeanjoseph\/index.php?rest_route=\/wp\/v2\/pages\/3294","targetHints":{"allow":["GET"]}}],"collection":[{"href":"https:\/\/site.ac-martinique.fr\/lyc-dumasjeanjoseph\/index.php?rest_route=\/wp\/v2\/pages"}],"about":[{"href":"https:\/\/site.ac-martinique.fr\/lyc-dumasjeanjoseph\/index.php?rest_route=\/wp\/v2\/types\/page"}],"author":[{"embeddable":true,"href":"https:\/\/site.ac-martinique.fr\/lyc-dumasjeanjoseph\/index.php?rest_route=\/wp\/v2\/users\/73"}],"replies":[{"embeddable":true,"href":"https:\/\/site.ac-martinique.fr\/lyc-dumasjeanjoseph\/index.php?rest_route=%2Fwp%2Fv2%2Fcomments&post=3294"}],"version-history":[{"count":5,"href":"https:\/\/site.ac-martinique.fr\/lyc-dumasjeanjoseph\/index.php?rest_route=\/wp\/v2\/pages\/3294\/revisions"}],"predecessor-version":[{"id":4020,"href":"https:\/\/site.ac-martinique.fr\/lyc-dumasjeanjoseph\/index.php?rest_route=\/wp\/v2\/pages\/3294\/revisions\/4020"}],"wp:attachment":[{"href":"https:\/\/site.ac-martinique.fr\/lyc-dumasjeanjoseph\/index.php?rest_route=%2Fwp%2Fv2%2Fmedia&parent=3294"}],"curies":[{"name":"wp","href":"https:\/\/api.w.org\/{rel}","templated":true}]}}