{"id":3333,"date":"2023-09-24T02:06:49","date_gmt":"2023-09-24T01:06:49","guid":{"rendered":"https:\/\/site.ac-martinique.fr\/lyc-dumasjeanjoseph\/?page_id=3333"},"modified":"2023-09-24T17:33:02","modified_gmt":"2023-09-24T16:33:02","slug":"bac-pro-aepa","status":"publish","type":"page","link":"https:\/\/site.ac-martinique.fr\/lyc-dumasjeanjoseph\/?page_id=3333","title":{"rendered":"BAC PRO AEPA"},"content":{"rendered":"\n<p><strong>AEPA<\/strong>: <strong>Animation-enfance et personnes \u00e2g\u00e9es <\/strong><\/p>\n\n\n\n<p><em>Les baccalaur\u00e9ats professionnels se pr\u00e9parent en 3 ans apr\u00e8s la 3<sup>e<\/sup>&nbsp;(2<sup>de<\/sup>&nbsp;pro, 1<sup>re<\/sup>&nbsp;pro et T<sup>le<\/sup>&nbsp;pro) en lyc\u00e9e professionnel. Ce dipl\u00f4me est \u00e9galement accessible apr\u00e8s un CAP ou une 2<sup>de<\/sup>&nbsp;g\u00e9n\u00e9rale et technologique.<\/em><\/p>\n\n\n\n<h2 class=\"wp-block-heading\">Pr\u00e9sentation :<\/h2>\n\n\n\n<p>Le\u00a0Bac pro <strong>Animation-enfance et personnes \u00e2g\u00e9es <\/strong>(AEPA)\u00a0forme des \u00e9tudiants au m\u00e9tier d&rsquo;animateur g\u00e9n\u00e9raliste. Ce dipl\u00f4me de l&rsquo;enseignement professionnel permet d&rsquo;acqu\u00e9rir les connaissances pour travailler autant avec un public jeune qu&rsquo;avec des personnes \u00e2g\u00e9es autonomes. Ceci, dans le but de superviser diff\u00e9rents projets d&rsquo;animation, de leur conception \u00e0 leur r\u00e9alisation.<\/p>\n\n\n\n<p>Cette formation donne la possibilit\u00e9 aux candidats d&rsquo;int\u00e9grer des structures sp\u00e9cialis\u00e9es dans la mise en \u0153uvre d&rsquo;un programme d&rsquo;animation. Ceci, notamment pour l&rsquo;\u00e9panouissement et la socialisation des personnes, mais \u00e9galement pour le maintien de l\u2019ind\u00e9pendance des seniors.<\/p>\n\n\n\n<p>Anciennement, cet enseignement \u00e9tait connu sous le nom de Bac pro Service de proximit\u00e9 et vie locale (SPLV).<\/p>\n\n\n\n<p><\/p>\n\n\n\n<h2 class=\"wp-block-heading\">Les d\u00e9bouch\u00e9s :<\/h2>\n\n\n\n<p>Le titulaire du Bac Pro AEPA peut choisir de s\u2019ins\u00e9rer dans la vie active :<\/p>\n\n\n\n<p><strong>Dans le secteur socio-culturel et socio-\u00e9ducatif<\/strong>&nbsp;:<\/p>\n\n\n\n<ul class=\"wp-block-list\">\n<li>Accueils collectifs de mineurs (accueil de loisirs avec ou sans h\u00e9bergement)<\/li>\n\n\n\n<li>Centres sociaux, espace de vie sociale<\/li>\n\n\n\n<li>Maison de la jeunesse et de la culture, de quartier, Maison pour tous<\/li>\n\n\n\n<li>Structures d\u2019animation associatives et f\u00e9d\u00e9ratives de jeunesse et d\u2019\u00e9ducation populaire.<\/li>\n<\/ul>\n\n\n\n<p><strong>Dans le secteur animation sociale :<\/strong><\/p>\n\n\n\n<ul class=\"wp-block-list\">\n<li>Etablissement d\u2019h\u00e9bergement pour personnes \u00e2g\u00e9es d\u00e9pendantes<\/li>\n\n\n\n<li>Centre sociaux, espace de vie sociale<\/li>\n\n\n\n<li>Maison de quartier , pour Tous<\/li>\n\n\n\n<li>R\u00e9sidence autonomie, r\u00e9sidences services<\/li>\n\n\n\n<li>Services d\u2019aide et de maintien \u00e0 domicile<\/li>\n\n\n\n<li>Service de g\u00e9riatrie des h\u00f4pitaux (unit\u00e9 de soins de longue dur\u00e9e et unit\u00e9s de soins de suite et de r\u00e9adaptation)<\/li>\n\n\n\n<li>Service personnes \u00e2g\u00e9es des communes et des associations<\/li>\n<\/ul>\n\n<div class=\"twitter-share\"><a href=\"https:\/\/twitter.com\/intent\/tweet?via=lp_djj\" class=\"twitter-share-button\">Tweet<\/a><\/div>\n","protected":false},"excerpt":{"rendered":"<p>AEPA: Animation-enfance et personnes \u00e2g\u00e9es Les baccalaur\u00e9ats professionnels se pr\u00e9parent en 3 ans apr\u00e8s la 3e&nbsp;(2de&nbsp;pro, 1re&nbsp;pro et Tle&nbsp;pro) en lyc\u00e9e professionnel. Ce dipl\u00f4me est \u00e9galement accessible apr\u00e8s un CAP ou une 2de&nbsp;g\u00e9n\u00e9rale et technologique. Pr\u00e9sentation : Le\u00a0Bac pro Animation-enfance et personnes \u00e2g\u00e9es (AEPA)\u00a0forme des \u00e9tudiants au m\u00e9tier d&rsquo;animateur g\u00e9n\u00e9raliste. Ce dipl\u00f4me de l&rsquo;enseignement professionnel permet d&rsquo;acqu\u00e9rir les connaissances pour travailler autant avec un public jeune qu&rsquo;avec des personnes \u00e2g\u00e9es autonomes. Ceci, dans le but de superviser diff\u00e9rents projets d&rsquo;animation, de leur conception \u00e0 leur r\u00e9alisation. Cette formation donne la possibilit\u00e9 aux candidats d&rsquo;int\u00e9grer des structures sp\u00e9cialis\u00e9es dans la mise en \u0153uvre d&rsquo;un programme d&rsquo;animation. Ceci, notamment pour l&rsquo;\u00e9panouissement et la socialisation des personnes, mais \u00e9galement pour le maintien de l\u2019ind\u00e9pendance des seniors. Anciennement, cet enseignement \u00e9tait connu sous le nom de Bac pro Service de proximit\u00e9 et vie locale (SPLV). Les d\u00e9bouch\u00e9s : Le titulaire du Bac Pro AEPA peut choisir de s\u2019ins\u00e9rer dans la vie active : Dans le secteur socio-culturel et socio-\u00e9ducatif&nbsp;: Dans le secteur animation sociale :<\/p>\n","protected":false},"author":73,"featured_media":0,"parent":0,"menu_order":0,"comment_status":"closed","ping_status":"closed","template":"","meta":{"footnotes":""},"class_list":["post-3333","page","type-page","status-publish","hentry"],"_links":{"self":[{"href":"https:\/\/site.ac-martinique.fr\/lyc-dumasjeanjoseph\/index.php?rest_route=\/wp\/v2\/pages\/3333","targetHints":{"allow":["GET"]}}],"collection":[{"href":"https:\/\/site.ac-martinique.fr\/lyc-dumasjeanjoseph\/index.php?rest_route=\/wp\/v2\/pages"}],"about":[{"href":"https:\/\/site.ac-martinique.fr\/lyc-dumasjeanjoseph\/index.php?rest_route=\/wp\/v2\/types\/page"}],"author":[{"embeddable":true,"href":"https:\/\/site.ac-martinique.fr\/lyc-dumasjeanjoseph\/index.php?rest_route=\/wp\/v2\/users\/73"}],"replies":[{"embeddable":true,"href":"https:\/\/site.ac-martinique.fr\/lyc-dumasjeanjoseph\/index.php?rest_route=%2Fwp%2Fv2%2Fcomments&post=3333"}],"version-history":[{"count":2,"href":"https:\/\/site.ac-martinique.fr\/lyc-dumasjeanjoseph\/index.php?rest_route=\/wp\/v2\/pages\/3333\/revisions"}],"predecessor-version":[{"id":3433,"href":"https:\/\/site.ac-martinique.fr\/lyc-dumasjeanjoseph\/index.php?rest_route=\/wp\/v2\/pages\/3333\/revisions\/3433"}],"wp:attachment":[{"href":"https:\/\/site.ac-martinique.fr\/lyc-dumasjeanjoseph\/index.php?rest_route=%2Fwp%2Fv2%2Fmedia&parent=3333"}],"curies":[{"name":"wp","href":"https:\/\/api.w.org\/{rel}","templated":true}]}}