{"id":3349,"date":"2023-09-24T02:37:45","date_gmt":"2023-09-24T01:37:45","guid":{"rendered":"https:\/\/site.ac-martinique.fr\/lyc-dumasjeanjoseph\/?page_id=3349"},"modified":"2023-09-24T02:38:17","modified_gmt":"2023-09-24T01:38:17","slug":"bac-pro-mmv","status":"publish","type":"page","link":"https:\/\/site.ac-martinique.fr\/lyc-dumasjeanjoseph\/?page_id=3349","title":{"rendered":"BAC PRO MMV"},"content":{"rendered":"\n<p><em>Les baccalaur\u00e9ats professionnels se pr\u00e9parent en 3 ans apr\u00e8s la 3<sup>e<\/sup>\u00a0(2<sup>de<\/sup>\u00a0pro, 1<sup>re<\/sup>\u00a0pro et T<sup>le<\/sup>\u00a0pro) en lyc\u00e9e professionnel. Ce dipl\u00f4me est \u00e9galement accessible apr\u00e8s un CAP ou une 2<sup>de<\/sup>\u00a0g\u00e9n\u00e9rale et technologique.<\/em><\/p>\n\n\n\n<p><\/p>\n\n\n\n<h2 class=\"wp-block-heading\">Pr\u00e9sentation :<\/h2>\n\n\n\n<p>Le Bac professionnel M\u00e9tiers de la mode s&rsquo;adresse \u00e0 tous les \u00e9l\u00e8ves dot\u00e9s d&rsquo;un bon sens d&rsquo;esth\u00e9tisme et de qualit\u00e9s artistiques et cr\u00e9atives.&nbsp;Cette sp\u00e9cialit\u00e9 du Bac pro forme des assistants techniques charg\u00e9s de concevoir et r\u00e9aliser des prototypes de v\u00eatements. Ils travaillent en collaboration avec des mod\u00e9listes et des chefs de produit&nbsp;et interviennent dans toutes les \u00e9tapes&nbsp;de la cha\u00eene de production des v\u00eatements (conception, fabrication, contr\u00f4le de qualit\u00e9).<\/p>\n\n\n\n<p>Durant cette formation, les \u00e9l\u00e8ves se familiarisent avec la cr\u00e9ation des v\u00eatements et des accessoires \u00e0 partir de diff\u00e9rents mat\u00e9riaux (textiles et cuir). Ils apprennent \u00e0 utiliser diff\u00e9rents logiciels de PAO et CAO et \u00e0 intervenir sur l&rsquo;am\u00e9lioration des processus de production. Les m\u00e9thodes de\u00a0conception et d\u2019industrialisation se diversifiant gr\u00e2ce aux nouvelles technologies, le Bac pro M\u00e9tiers de la mode &#8211; v\u00eatements forme des profils polyvalents, capables de s&rsquo;adapter sans cesse aux nouvelles situations de travail.\u00a0<\/p>\n\n\n\n<p><\/p>\n\n\n\n<h2 class=\"wp-block-heading\">Les d\u00e9bouch\u00e9s :<\/h2>\n\n\n\n<p>Le titulaire du bac Professionnel \u00ab M\u00e9tiers de la Mode V\u00eatements \u00bb pourra pr\u00e9tendre aux m\u00e9tiers suivants:<\/p>\n\n\n\n<ul class=\"wp-block-list\">\n<li>Assistant mod\u00e9liste,<\/li>\n\n\n\n<li>Assistant bureau d\u2019\u00e9tude,<\/li>\n\n\n\n<li>Prototypeur,<\/li>\n\n\n\n<li>Cr\u00e9ateur, retoucheur,<\/li>\n\n\n\n<li>M\u00e9canicien en confection.<\/li>\n<\/ul>\n\n\n\n<p><\/p>\n\n\n\n<p><strong> Poursuite d\u2019\u00e9tudes :<br><\/strong><\/p>\n\n\n\n<p>BTS M\u00e9tiers de la Mode \u2013 V\u00eatements,<br>BTS production textile,<br>BTS technico-commercial &#8211; Classe de mise \u00e0 niveau pour le<br>BTS design de mode\u2026 Mentions compl\u00e9mentaires : broderie, modiste, \u2026 (en 1<br>an).<\/p>\n\n\n\n<p><\/p>\n\n<div class=\"twitter-share\"><a href=\"https:\/\/twitter.com\/intent\/tweet?via=lp_djj\" class=\"twitter-share-button\">Tweet<\/a><\/div>\n","protected":false},"excerpt":{"rendered":"<p>Les baccalaur\u00e9ats professionnels se pr\u00e9parent en 3 ans apr\u00e8s la 3e\u00a0(2de\u00a0pro, 1re\u00a0pro et Tle\u00a0pro) en lyc\u00e9e professionnel. Ce dipl\u00f4me est \u00e9galement accessible apr\u00e8s un CAP ou une 2de\u00a0g\u00e9n\u00e9rale et technologique. Pr\u00e9sentation : Le Bac professionnel M\u00e9tiers de la mode s&rsquo;adresse \u00e0 tous les \u00e9l\u00e8ves dot\u00e9s d&rsquo;un bon sens d&rsquo;esth\u00e9tisme et de qualit\u00e9s artistiques et cr\u00e9atives.&nbsp;Cette sp\u00e9cialit\u00e9 du Bac pro forme des assistants techniques charg\u00e9s de concevoir et r\u00e9aliser des prototypes de v\u00eatements. Ils travaillent en collaboration avec des mod\u00e9listes et des chefs de produit&nbsp;et interviennent dans toutes les \u00e9tapes&nbsp;de la cha\u00eene de production des v\u00eatements (conception, fabrication, contr\u00f4le de qualit\u00e9). Durant cette formation, les \u00e9l\u00e8ves se familiarisent avec la cr\u00e9ation des v\u00eatements et des accessoires \u00e0 partir de diff\u00e9rents mat\u00e9riaux (textiles et cuir). Ils apprennent \u00e0 utiliser diff\u00e9rents logiciels de PAO et CAO et \u00e0 intervenir sur l&rsquo;am\u00e9lioration des processus de production. Les m\u00e9thodes de\u00a0conception et d\u2019industrialisation se diversifiant gr\u00e2ce aux nouvelles technologies, le Bac pro M\u00e9tiers de la mode &#8211; v\u00eatements forme des profils polyvalents, capables de s&rsquo;adapter sans cesse aux nouvelles situations de travail.\u00a0 Les d\u00e9bouch\u00e9s : Le titulaire du bac Professionnel \u00ab M\u00e9tiers de la Mode V\u00eatements \u00bb pourra pr\u00e9tendre aux m\u00e9tiers suivants: Poursuite d\u2019\u00e9tudes : BTS M\u00e9tiers de la Mode \u2013 V\u00eatements,BTS production textile,BTS technico-commercial &#8211; Classe de mise \u00e0 niveau pour leBTS design de mode\u2026 Mentions compl\u00e9mentaires : broderie, modiste, \u2026 (en 1an).<\/p>\n","protected":false},"author":73,"featured_media":0,"parent":0,"menu_order":0,"comment_status":"closed","ping_status":"closed","template":"","meta":{"footnotes":""},"class_list":["post-3349","page","type-page","status-publish","hentry"],"_links":{"self":[{"href":"https:\/\/site.ac-martinique.fr\/lyc-dumasjeanjoseph\/index.php?rest_route=\/wp\/v2\/pages\/3349","targetHints":{"allow":["GET"]}}],"collection":[{"href":"https:\/\/site.ac-martinique.fr\/lyc-dumasjeanjoseph\/index.php?rest_route=\/wp\/v2\/pages"}],"about":[{"href":"https:\/\/site.ac-martinique.fr\/lyc-dumasjeanjoseph\/index.php?rest_route=\/wp\/v2\/types\/page"}],"author":[{"embeddable":true,"href":"https:\/\/site.ac-martinique.fr\/lyc-dumasjeanjoseph\/index.php?rest_route=\/wp\/v2\/users\/73"}],"replies":[{"embeddable":true,"href":"https:\/\/site.ac-martinique.fr\/lyc-dumasjeanjoseph\/index.php?rest_route=%2Fwp%2Fv2%2Fcomments&post=3349"}],"version-history":[{"count":1,"href":"https:\/\/site.ac-martinique.fr\/lyc-dumasjeanjoseph\/index.php?rest_route=\/wp\/v2\/pages\/3349\/revisions"}],"predecessor-version":[{"id":3351,"href":"https:\/\/site.ac-martinique.fr\/lyc-dumasjeanjoseph\/index.php?rest_route=\/wp\/v2\/pages\/3349\/revisions\/3351"}],"wp:attachment":[{"href":"https:\/\/site.ac-martinique.fr\/lyc-dumasjeanjoseph\/index.php?rest_route=%2Fwp%2Fv2%2Fmedia&parent=3349"}],"curies":[{"name":"wp","href":"https:\/\/api.w.org\/{rel}","templated":true}]}}