{"id":3355,"date":"2023-09-24T03:06:32","date_gmt":"2023-09-24T02:06:32","guid":{"rendered":"https:\/\/site.ac-martinique.fr\/lyc-dumasjeanjoseph\/?page_id=3355"},"modified":"2023-10-15T00:29:14","modified_gmt":"2023-10-14T23:29:14","slug":"bac-pro-mnte","status":"publish","type":"page","link":"https:\/\/site.ac-martinique.fr\/lyc-dumasjeanjoseph\/?page_id=3355","title":{"rendered":"BAC PRO MTNE"},"content":{"rendered":"\n<p><strong>MTNE <\/strong>: <strong>M\u00e9tiers des Transitions Num\u00e9rique et Energ\u00e9tique<\/strong><\/p>\n\n\n\n<p><em>Les baccalaur\u00e9ats professionnels se pr\u00e9parent en 3 ans apr\u00e8s la 3<sup>e<\/sup>&nbsp;(2<sup>de<\/sup>&nbsp;pro, 1<sup>re<\/sup>&nbsp;pro et T<sup>le<\/sup>&nbsp;pro) en lyc\u00e9e professionnel. Ce dipl\u00f4me est \u00e9galement accessible apr\u00e8s un CAP ou une 2<sup>de<\/sup>&nbsp;g\u00e9n\u00e9rale et technologique.<\/em><\/p>\n\n\n\n<p><\/p>\n\n\n\n<h2 class=\"wp-block-heading\">Pr\u00e9sentation :<\/h2>\n\n\n\n<p>La seconde MTNE (<strong>M\u00e9tiers des Transitions Num\u00e9rique et Energ\u00e9tique<\/strong>) est une seconde professionnelle commune \u00e0 la famille des m\u00e9tiers qui regroupe 5 Bac Pro. Les Bacs Pros Syst\u00e8mes Num\u00e9riques (S.N.), M\u00e9tiers de l\u2019\u00c9lectricit\u00e9 et de ses Environnements Connect\u00e9s (M.E.L.E.C.), M\u00e9tiers du Froid et des \u00c9nergies Renouvelables (M.F.E.R.), Installateur en Chauffage, Climatisation et \u00c9nergie Renouvelable (I.C.C.E.R.) et Maintenance et Efficacit\u00e9 \u00c9nerg\u00e9tique (M.E.E.).<\/p>\n\n\n\n<p>L\u2019\u00e9l\u00e8ve de cette 2<sup>de<\/sup>&nbsp;professionnelle pourra acqu\u00e9rir des comp\u00e9tences communes portant sur les activit\u00e9s de&nbsp;:<\/p>\n\n\n\n<ul class=\"wp-block-list\">\n<li>conna\u00eetre les r\u00e9seaux \u00e9lectriques, climatiques et de communication des b\u00e2timents (dont d\u00e9ploiement de la fibre optique et c\u00e2blages informatiques VDI)<\/li>\n\n\n\n<li>conna\u00eetre le fonctionnement des r\u00e9seaux informatiques<\/li>\n\n\n\n<li>lire, interpr\u00e9ter, modifier un sch\u00e9ma<\/li>\n\n\n\n<li>concevoir et r\u00e9aliser une installation \u00e9lectrique<\/li>\n\n\n\n<li>mette en service des automatismes, syst\u00e8mes domotique (objets connect\u00e9s), etc.<\/li>\n\n\n\n<li>programmer<\/li>\n\n\n\n<li>\u00eatre capable de g\u00e9rer l\u2019\u00e9nergie et la transformation des syst\u00e8mes pour tenir compte des enjeux climatiques<\/li>\n<\/ul>\n\n\n\n<p>Le choix du Bac Pro SN, MELEC,MFER, ICCER ou MEE ne se fait qu\u2019\u00e0 la fin de la seconde. Dans notre lyc\u00e9e nous proposons le Bac Professionnel \u00ab&nbsp;MELEC \u00bb.<\/p>\n\n\n\n<p><\/p>\n\n\n\n<h2 class=\"wp-block-heading\">Les d\u00e9bouch\u00e9s :<\/h2>\n\n\n\n<p><\/p>\n\n\n\n<p>Apr\u00e8s quelques ann\u00e9es d\u2019exp\u00e9rience, le titulaire du bac pro MTNE peut \u00e9voluer<br>vers des postes de chef d\u2019\u00e9quipe ou de responsable.<br><\/p>\n\n\n\n<p><strong>Poursuite d&rsquo;\u00e9tudes :<\/strong><\/p>\n\n\n\n<p> &#8211; BTS du secteur industriel : BTS assistant technique d\u2019ing\u00e9nieur,<br>&#8211; BTS \u00e9lectrotechnique,<br>&#8211; BTS contr\u00f4le industriel et r\u00e9gulation automatique,<br>&#8211; BTS conception et r\u00e9alisation de syst\u00e8mes automatiques,<br>&#8211; BTS maintenance des syst\u00e8mes,<br>&#8211; BTS technico-commercial,<br>&#8211; BTS Fluides \u00c9nergie Domotique.<\/p>\n\n<div class=\"twitter-share\"><a href=\"https:\/\/twitter.com\/intent\/tweet?via=lp_djj\" class=\"twitter-share-button\">Tweet<\/a><\/div>\n","protected":false},"excerpt":{"rendered":"<p>MTNE : M\u00e9tiers des Transitions Num\u00e9rique et Energ\u00e9tique Les baccalaur\u00e9ats professionnels se pr\u00e9parent en 3 ans apr\u00e8s la 3e&nbsp;(2de&nbsp;pro, 1re&nbsp;pro et Tle&nbsp;pro) en lyc\u00e9e professionnel. Ce dipl\u00f4me est \u00e9galement accessible apr\u00e8s un CAP ou une 2de&nbsp;g\u00e9n\u00e9rale et technologique. Pr\u00e9sentation : La seconde MTNE (M\u00e9tiers des Transitions Num\u00e9rique et Energ\u00e9tique) est une seconde professionnelle commune \u00e0 la famille des m\u00e9tiers qui regroupe 5 Bac Pro. Les Bacs Pros Syst\u00e8mes Num\u00e9riques (S.N.), M\u00e9tiers de l\u2019\u00c9lectricit\u00e9 et de ses Environnements Connect\u00e9s (M.E.L.E.C.), M\u00e9tiers du Froid et des \u00c9nergies Renouvelables (M.F.E.R.), Installateur en Chauffage, Climatisation et \u00c9nergie Renouvelable (I.C.C.E.R.) et Maintenance et Efficacit\u00e9 \u00c9nerg\u00e9tique (M.E.E.). L\u2019\u00e9l\u00e8ve de cette 2de&nbsp;professionnelle pourra acqu\u00e9rir des comp\u00e9tences communes portant sur les activit\u00e9s de&nbsp;: Le choix du Bac Pro SN, MELEC,MFER, ICCER ou MEE ne se fait qu\u2019\u00e0 la fin de la seconde. Dans notre lyc\u00e9e nous proposons le Bac Professionnel \u00ab&nbsp;MELEC \u00bb. Les d\u00e9bouch\u00e9s : Apr\u00e8s quelques ann\u00e9es d\u2019exp\u00e9rience, le titulaire du bac pro MTNE peut \u00e9voluervers des postes de chef d\u2019\u00e9quipe ou de responsable. Poursuite d&rsquo;\u00e9tudes : &#8211; BTS du secteur industriel : BTS assistant technique d\u2019ing\u00e9nieur,&#8211; BTS \u00e9lectrotechnique,&#8211; BTS contr\u00f4le industriel et r\u00e9gulation automatique,&#8211; BTS conception et r\u00e9alisation de syst\u00e8mes automatiques,&#8211; BTS maintenance des syst\u00e8mes,&#8211; BTS technico-commercial,&#8211; BTS Fluides \u00c9nergie Domotique.<\/p>\n","protected":false},"author":73,"featured_media":0,"parent":0,"menu_order":0,"comment_status":"closed","ping_status":"closed","template":"","meta":{"footnotes":""},"class_list":["post-3355","page","type-page","status-publish","hentry"],"_links":{"self":[{"href":"https:\/\/site.ac-martinique.fr\/lyc-dumasjeanjoseph\/index.php?rest_route=\/wp\/v2\/pages\/3355","targetHints":{"allow":["GET"]}}],"collection":[{"href":"https:\/\/site.ac-martinique.fr\/lyc-dumasjeanjoseph\/index.php?rest_route=\/wp\/v2\/pages"}],"about":[{"href":"https:\/\/site.ac-martinique.fr\/lyc-dumasjeanjoseph\/index.php?rest_route=\/wp\/v2\/types\/page"}],"author":[{"embeddable":true,"href":"https:\/\/site.ac-martinique.fr\/lyc-dumasjeanjoseph\/index.php?rest_route=\/wp\/v2\/users\/73"}],"replies":[{"embeddable":true,"href":"https:\/\/site.ac-martinique.fr\/lyc-dumasjeanjoseph\/index.php?rest_route=%2Fwp%2Fv2%2Fcomments&post=3355"}],"version-history":[{"count":3,"href":"https:\/\/site.ac-martinique.fr\/lyc-dumasjeanjoseph\/index.php?rest_route=\/wp\/v2\/pages\/3355\/revisions"}],"predecessor-version":[{"id":3676,"href":"https:\/\/site.ac-martinique.fr\/lyc-dumasjeanjoseph\/index.php?rest_route=\/wp\/v2\/pages\/3355\/revisions\/3676"}],"wp:attachment":[{"href":"https:\/\/site.ac-martinique.fr\/lyc-dumasjeanjoseph\/index.php?rest_route=%2Fwp%2Fv2%2Fmedia&parent=3355"}],"curies":[{"name":"wp","href":"https:\/\/api.w.org\/{rel}","templated":true}]}}