{"id":3358,"date":"2023-09-24T03:10:05","date_gmt":"2023-09-24T02:10:05","guid":{"rendered":"https:\/\/site.ac-martinique.fr\/lyc-dumasjeanjoseph\/?page_id=3358"},"modified":"2025-09-22T01:28:31","modified_gmt":"2025-09-22T00:28:31","slug":"bts-mse","status":"publish","type":"page","link":"https:\/\/site.ac-martinique.fr\/lyc-dumasjeanjoseph\/?page_id=3358","title":{"rendered":"BTS MSE"},"content":{"rendered":"\n<h2 class=\"wp-block-heading\">Pr\u00e9sentation :<\/h2>\n\n\n\n<p>Le\u00a0BTS MSE &#8211; M\u00e9tiers des services \u00e0 l&rsquo;environnement\u00a0se pr\u00e9pare en 2 ans apr\u00e8s un bac pro du domaine, un bac STL ou STI2D, un bac g\u00e9n\u00e9ral \u00e0 orientation scientifique.\u00a0C&rsquo;est un dipl\u00f4me de niveau bac +2 qui se pr\u00e9pare en formation initiale mais aussi en alternance dans des \u00e9tablissements publics et priv\u00e9s. C&rsquo;est un dipl\u00f4me d&rsquo;Etat de niveau III d\u00e9livr\u00e9 par le minist\u00e8re de l&rsquo;enseignement sup\u00e9rieur et de la recherche.<\/p>\n\n\n\n<p>Le titulaire du\u00a0<strong>Brevet de Technicien Sup\u00e9rieur M\u00e9tiers des Services \u00e0 l\u2019Environnement\u00a0<\/strong>est un sp\u00e9cialiste de l\u2019organisation et de la r\u00e9alisation de prestations de services dans les domaines de l\u2019entretien du cadre de vie et de l\u2019environnement. En fonction de la demande du client, il d\u00e9finit le service \u00e0 apporter et met en ad\u00e9quation les moyens techniques et humains \u00e0 apporter. Il assure ensuite le suivi de la prestation de service, du budget et veille au respect des normes.<\/p>\n\n\n\n<p><\/p>\n\n\n\n<h2 class=\"wp-block-heading\">Les d\u00e9bouch\u00e9s :<\/h2>\n\n\n\n<p><\/p>\n\n\n\n<p>Le titulaire du\u00a0<strong>BTS m\u00e9tiers des services \u00e0 l&rsquo;environnement<\/strong>\u00a0<strong>MSE\u00a0<\/strong>travaille dans des entreprises de services, des services\u00a0 g\u00e9n\u00e9raux d&rsquo;entreprises, des collectivit\u00e9s territoriales, des \u00e9tablissements publics ou administrations. Il exerce principalement ses activit\u00e9s dans les secteurs de l&rsquo;assainissement, de la gestion des d\u00e9chets, de l&rsquo;hygi\u00e8ne-propret\u00e9. Les emplois peuvent avoir des intitul\u00e9s diff\u00e9rents selon les secteurs : chef d&rsquo;\u00e9quipe ou chef de secteur d&rsquo;entreprise de nettoyage ou d&rsquo;assainissement, charg\u00e9 d&rsquo;\u00e9tudes, animateur qualit\u00e9\/s\u00e9curit\u00e9\/environnement, adjoint au responsable des services g\u00e9n\u00e9raux, technicien environnement des d\u00e9chets.<\/p>\n\n\n\n<h3 class=\"wp-block-heading\">Evolution de carri\u00e8re<\/h3>\n\n\n\n<p>Avec de l\u2019exp\u00e9rience, le titulaire du BTS m\u00e9tiers des services \u00e0 l&rsquo;environnement MSE pourra assurer des responsabilit\u00e9s d&rsquo;organisation et de management d&rsquo;unit\u00e9s op\u00e9rationnelles : responsable d&rsquo;exploitation ou de site de traitement ou de valorisation des d\u00e9chets,&nbsp; chef de service, chef d&rsquo;agence ou responsable de projet environnement.<\/p>\n\n<div class=\"twitter-share\"><a href=\"https:\/\/twitter.com\/intent\/tweet?via=lp_djj\" class=\"twitter-share-button\">Tweet<\/a><\/div>\n","protected":false},"excerpt":{"rendered":"<p>Pr\u00e9sentation : Le\u00a0BTS MSE &#8211; M\u00e9tiers des services \u00e0 l&rsquo;environnement\u00a0se pr\u00e9pare en 2 ans apr\u00e8s un bac pro du domaine, un bac STL ou STI2D, un bac g\u00e9n\u00e9ral \u00e0 orientation scientifique.\u00a0C&rsquo;est un dipl\u00f4me de niveau bac +2 qui se pr\u00e9pare en formation initiale mais aussi en alternance dans des \u00e9tablissements publics et priv\u00e9s. C&rsquo;est un dipl\u00f4me d&rsquo;Etat de niveau III d\u00e9livr\u00e9 par le minist\u00e8re de l&rsquo;enseignement sup\u00e9rieur et de la recherche. Le titulaire du\u00a0Brevet de Technicien Sup\u00e9rieur M\u00e9tiers des Services \u00e0 l\u2019Environnement\u00a0est un sp\u00e9cialiste de l\u2019organisation et de la r\u00e9alisation de prestations de services dans les domaines de l\u2019entretien du cadre de vie et de l\u2019environnement. En fonction de la demande du client, il d\u00e9finit le service \u00e0 apporter et met en ad\u00e9quation les moyens techniques et humains \u00e0 apporter. Il assure ensuite le suivi de la prestation de service, du budget et veille au respect des normes. Les d\u00e9bouch\u00e9s : Le titulaire du\u00a0BTS m\u00e9tiers des services \u00e0 l&rsquo;environnement\u00a0MSE\u00a0travaille dans des entreprises de services, des services\u00a0 g\u00e9n\u00e9raux d&rsquo;entreprises, des collectivit\u00e9s territoriales, des \u00e9tablissements publics ou administrations. Il exerce principalement ses activit\u00e9s dans les secteurs de l&rsquo;assainissement, de la gestion des d\u00e9chets, de l&rsquo;hygi\u00e8ne-propret\u00e9. Les emplois peuvent avoir des intitul\u00e9s diff\u00e9rents selon les secteurs : chef d&rsquo;\u00e9quipe ou chef de secteur d&rsquo;entreprise de nettoyage ou d&rsquo;assainissement, charg\u00e9 d&rsquo;\u00e9tudes, animateur qualit\u00e9\/s\u00e9curit\u00e9\/environnement, adjoint au responsable des services g\u00e9n\u00e9raux, technicien environnement des d\u00e9chets. Evolution de carri\u00e8re Avec de l\u2019exp\u00e9rience, le titulaire du BTS m\u00e9tiers des services \u00e0 l&rsquo;environnement MSE pourra assurer des responsabilit\u00e9s d&rsquo;organisation et de management d&rsquo;unit\u00e9s op\u00e9rationnelles : responsable d&rsquo;exploitation ou de site de traitement ou de valorisation des d\u00e9chets,&nbsp; chef de service, chef d&rsquo;agence ou responsable de projet environnement.<\/p>\n","protected":false},"author":73,"featured_media":0,"parent":0,"menu_order":0,"comment_status":"closed","ping_status":"closed","template":"","meta":{"footnotes":""},"class_list":["post-3358","page","type-page","status-publish","hentry"],"_links":{"self":[{"href":"https:\/\/site.ac-martinique.fr\/lyc-dumasjeanjoseph\/index.php?rest_route=\/wp\/v2\/pages\/3358","targetHints":{"allow":["GET"]}}],"collection":[{"href":"https:\/\/site.ac-martinique.fr\/lyc-dumasjeanjoseph\/index.php?rest_route=\/wp\/v2\/pages"}],"about":[{"href":"https:\/\/site.ac-martinique.fr\/lyc-dumasjeanjoseph\/index.php?rest_route=\/wp\/v2\/types\/page"}],"author":[{"embeddable":true,"href":"https:\/\/site.ac-martinique.fr\/lyc-dumasjeanjoseph\/index.php?rest_route=\/wp\/v2\/users\/73"}],"replies":[{"embeddable":true,"href":"https:\/\/site.ac-martinique.fr\/lyc-dumasjeanjoseph\/index.php?rest_route=%2Fwp%2Fv2%2Fcomments&post=3358"}],"version-history":[{"count":4,"href":"https:\/\/site.ac-martinique.fr\/lyc-dumasjeanjoseph\/index.php?rest_route=\/wp\/v2\/pages\/3358\/revisions"}],"predecessor-version":[{"id":5027,"href":"https:\/\/site.ac-martinique.fr\/lyc-dumasjeanjoseph\/index.php?rest_route=\/wp\/v2\/pages\/3358\/revisions\/5027"}],"wp:attachment":[{"href":"https:\/\/site.ac-martinique.fr\/lyc-dumasjeanjoseph\/index.php?rest_route=%2Fwp%2Fv2%2Fmedia&parent=3358"}],"curies":[{"name":"wp","href":"https:\/\/api.w.org\/{rel}","templated":true}]}}