{"id":4023,"date":"2024-01-25T16:51:42","date_gmt":"2024-01-25T15:51:42","guid":{"rendered":"https:\/\/site.ac-martinique.fr\/lyc-dumasjeanjoseph\/?page_id=4023"},"modified":"2026-01-16T19:52:02","modified_gmt":"2026-01-16T18:52:02","slug":"jpo-2024","status":"publish","type":"page","link":"https:\/\/site.ac-martinique.fr\/lyc-dumasjeanjoseph\/?page_id=4023","title":{"rendered":"JPO 2025"},"content":{"rendered":"\n<p>Vous trouverez sur cette page les diff\u00e9rents documents de pr\u00e9sentation du lyc\u00e9e Dumas Jean-Joseph :<\/p>\n\n\n\n<ul class=\"wp-block-list\">\n<li>Les formations en 2025 au LP Dumas Jean-Joseph <\/li>\n<\/ul>\n\n\n\n<div data-wp-interactive=\"core\/file\" class=\"wp-block-file\"><object data-wp-bind--hidden=\"!state.hasPdfPreview\" hidden class=\"wp-block-file__embed\" data=\"https:\/\/site.ac-martinique.fr\/lyc-dumasjeanjoseph\/wp-content\/uploads\/sites\/41\/2026\/01\/Les-formations-au-LP-DJJ-2025.pdf\" type=\"application\/pdf\" style=\"width:100%;height:600px\" aria-label=\"PDF embarqu\u00e9\"><\/object><\/div>\n\n\n\n<ul class=\"wp-block-list\">\n<li>Livret portes ouvertes 2025 Dumas Jean-Joseph <\/li>\n<\/ul>\n\n\n\n<div data-wp-interactive=\"core\/file\" class=\"wp-block-file\"><object data-wp-bind--hidden=\"!state.hasPdfPreview\" hidden class=\"wp-block-file__embed\" data=\"https:\/\/site.ac-martinique.fr\/lyc-dumasjeanjoseph\/wp-content\/uploads\/sites\/41\/2026\/01\/Livret-portes-ouvertes-LP-DJJ-2025-avec-paysages.pdf\" type=\"application\/pdf\" style=\"width:100%;height:600px\" aria-label=\"Contenu embarqu\u00e9 Livret portes ouvertes LP DJJ 2025 avec paysages.\"><\/object><a id=\"wp-block-file--media-09ea0f92-9cbb-4ed3-bced-95cb52f3f8c1\" href=\"https:\/\/site.ac-martinique.fr\/lyc-dumasjeanjoseph\/wp-content\/uploads\/sites\/41\/2026\/01\/Livret-portes-ouvertes-LP-DJJ-2025-avec-paysages.pdf\">Livret portes ouvertes LP DJJ 2025 avec paysages<\/a><\/div>\n\n\n\n<p><\/p>\n\n<div class=\"twitter-share\"><a href=\"https:\/\/twitter.com\/intent\/tweet?via=lp_djj\" class=\"twitter-share-button\">Tweet<\/a><\/div>\n","protected":false},"excerpt":{"rendered":"<p>Vous trouverez sur cette page les diff\u00e9rents documents de pr\u00e9sentation du lyc\u00e9e Dumas Jean-Joseph :<\/p>\n","protected":false},"author":73,"featured_media":5311,"parent":0,"menu_order":0,"comment_status":"closed","ping_status":"closed","template":"","meta":{"footnotes":""},"class_list":["post-4023","page","type-page","status-publish","has-post-thumbnail","hentry"],"_links":{"self":[{"href":"https:\/\/site.ac-martinique.fr\/lyc-dumasjeanjoseph\/index.php?rest_route=\/wp\/v2\/pages\/4023","targetHints":{"allow":["GET"]}}],"collection":[{"href":"https:\/\/site.ac-martinique.fr\/lyc-dumasjeanjoseph\/index.php?rest_route=\/wp\/v2\/pages"}],"about":[{"href":"https:\/\/site.ac-martinique.fr\/lyc-dumasjeanjoseph\/index.php?rest_route=\/wp\/v2\/types\/page"}],"author":[{"embeddable":true,"href":"https:\/\/site.ac-martinique.fr\/lyc-dumasjeanjoseph\/index.php?rest_route=\/wp\/v2\/users\/73"}],"replies":[{"embeddable":true,"href":"https:\/\/site.ac-martinique.fr\/lyc-dumasjeanjoseph\/index.php?rest_route=%2Fwp%2Fv2%2Fcomments&post=4023"}],"version-history":[{"count":12,"href":"https:\/\/site.ac-martinique.fr\/lyc-dumasjeanjoseph\/index.php?rest_route=\/wp\/v2\/pages\/4023\/revisions"}],"predecessor-version":[{"id":5320,"href":"https:\/\/site.ac-martinique.fr\/lyc-dumasjeanjoseph\/index.php?rest_route=\/wp\/v2\/pages\/4023\/revisions\/5320"}],"wp:featuredmedia":[{"embeddable":true,"href":"https:\/\/site.ac-martinique.fr\/lyc-dumasjeanjoseph\/index.php?rest_route=\/wp\/v2\/media\/5311"}],"wp:attachment":[{"href":"https:\/\/site.ac-martinique.fr\/lyc-dumasjeanjoseph\/index.php?rest_route=%2Fwp%2Fv2%2Fmedia&parent=4023"}],"curies":[{"name":"wp","href":"https:\/\/api.w.org\/{rel}","templated":true}]}}