{"id":4918,"date":"2025-09-19T17:46:55","date_gmt":"2025-09-19T16:46:55","guid":{"rendered":"https:\/\/site.ac-martinique.fr\/lyc-dumasjeanjoseph\/?page_id=4918"},"modified":"2025-09-22T15:26:52","modified_gmt":"2025-09-22T14:26:52","slug":"upe2a-2","status":"publish","type":"page","link":"https:\/\/site.ac-martinique.fr\/lyc-dumasjeanjoseph\/?page_id=4918","title":{"rendered":"UPE2A"},"content":{"rendered":"\n<p><strong>L\u2019UPE2A<\/strong>, ou Unit\u00e9 P\u00e9dagogique pour \u00c9l\u00e8ves Allophones Arrivants, est un dispositif mis en place dans les \u00e9tablissements scolaires fran\u00e7ais, y compris le lyc\u00e9e professionnel Dumas Jean Joseph de Fort-de &#8211; France en Martinique, pour accueillir et accompagner les \u00e9l\u00e8ves qui viennent d\u2019arriver en France et qui ne ma\u00eetrisent pas encore la langue fran\u00e7aise.<\/p>\n\n\n\n<p>F<strong>onctionnement d\u2019une UPE2A Accueil et \u00e9valuation&nbsp;<\/strong>: Les \u00e9l\u00e8ves allophones sont accueillis dans l\u2019UPE2A apr\u00e8s une \u00e9valuation de leurs comp\u00e9tences linguistiques et scolaires. Cette \u00e9tape est cruciale pour d\u00e9terminer leur niveau de fran\u00e7ais et leurs besoins sp\u00e9cifiques.<\/p>\n\n\n\n<p><strong>Cours de fran\u00e7ais<\/strong>&nbsp;: L\u2019UPE2A propose des cours intensifs de fran\u00e7ais langue \u00e9trang\u00e8re (FLE) adapt\u00e9s au niveau de chaque \u00e9l\u00e8ve. L\u2019objectif est de leur permettre d\u2019acqu\u00e9rir rapidement les comp\u00e9tences linguistiques n\u00e9cessaires pour suivre les cours dans les classes ordinaires.<\/p>\n\n\n\n<p><strong>Soutien scolaire<\/strong>&nbsp;: En plus des cours de fran\u00e7ais, les \u00e9l\u00e8ves b\u00e9n\u00e9ficient d\u2019un soutien dans d\u2019autres mati\u00e8res. Cela peut inclure des sessions de rem\u00e9diation pour les mati\u00e8res fondamentales comme les math\u00e9matiques, l\u2019histoire-g\u00e9ographie, et les sciences.<\/p>\n\n\n\n<p><strong>Int\u00e9gration progressive<\/strong>&nbsp;: Les \u00e9l\u00e8ves passent progressivement du dispositif UPE2A vers les classes ordinaires. Cela se fait en fonction de leurs progr\u00e8s en fran\u00e7ais et de leur adaptation au syst\u00e8me scolaire fran\u00e7ais. L\u2019int\u00e9gration peut se faire \u00e0 temps partiel au d\u00e9but, en parall\u00e8le des cours propos\u00e9s dans l\u2019UPE2A.<\/p>\n\n\n\n<p><strong>Accompagnement socio-\u00e9ducatif&nbsp;<\/strong>: L\u2019UPE2A offre \u00e9galement un accompagnement sur le plan social et \u00e9ducatif. Cela inclut l\u2019aide \u00e0 l\u2019adaptation \u00e0 la culture fran\u00e7aise, la sensibilisation aux codes scolaires, et le soutien \u00e0 l\u2019int\u00e9gration dans la vie sociale et scolaire.<\/p>\n\n\n\n<p><strong>Collaboration avec les enseignants<\/strong>&nbsp;: Les enseignants de l\u2019UPE2A travaillent en \u00e9troite collaboration avec les enseignants des autres classes pour assurer une continuit\u00e9 p\u00e9dagogique et un suivi des progr\u00e8s des \u00e9l\u00e8ves.<\/p>\n\n\n\n<p><strong>Activit\u00e9s culturelles et linguistiques<\/strong>&nbsp;: Des activit\u00e9s culturelles peuvent \u00eatre organis\u00e9es pour favoriser l\u2019int\u00e9gration des \u00e9l\u00e8ves allophones, leur permettre de d\u00e9couvrir la culture locale et de pratiquer le fran\u00e7ais de mani\u00e8re ludique.<\/p>\n\n\n\n<p><strong>Conclusion<\/strong>\u00a0<\/p>\n\n\n\n<p>L\u2019UPE2A au lyc\u00e9e professionnel Dumas Jean Joseph de Fort- de &#8211; France en Martinique joue un r\u00f4le essentiel dans l\u2019int\u00e9gration des \u00e9l\u00e8ves allophones. Elle leur offre un cadre rassurant et adapt\u00e9 pour apprendre le fran\u00e7ais et s\u2019int\u00e9grer dans le syst\u00e8me \u00e9ducatif fran\u00e7ais, tout en tenant compte de leurs besoins sp\u00e9cifiques. Ce dispositif contribue \u00e0 leur r\u00e9ussite scolaire et \u00e0 leur \u00e9panouissement personnel.<\/p>\n\n<div class=\"twitter-share\"><a href=\"https:\/\/twitter.com\/intent\/tweet?via=lp_djj\" class=\"twitter-share-button\">Tweet<\/a><\/div>\n","protected":false},"excerpt":{"rendered":"<p>L\u2019UPE2A, ou Unit\u00e9 P\u00e9dagogique pour \u00c9l\u00e8ves Allophones Arrivants, est un dispositif mis en place dans les \u00e9tablissements scolaires fran\u00e7ais, y compris le lyc\u00e9e professionnel Dumas Jean Joseph de Fort-de &#8211; France en Martinique, pour accueillir et accompagner les \u00e9l\u00e8ves qui viennent d\u2019arriver en France et qui ne ma\u00eetrisent pas encore la langue fran\u00e7aise. Fonctionnement d\u2019une UPE2A Accueil et \u00e9valuation&nbsp;: Les \u00e9l\u00e8ves allophones sont accueillis dans l\u2019UPE2A apr\u00e8s une \u00e9valuation de leurs comp\u00e9tences linguistiques et scolaires. Cette \u00e9tape est cruciale pour d\u00e9terminer leur niveau de fran\u00e7ais et leurs besoins sp\u00e9cifiques. Cours de fran\u00e7ais&nbsp;: L\u2019UPE2A propose des cours intensifs de fran\u00e7ais langue \u00e9trang\u00e8re (FLE) adapt\u00e9s au niveau de chaque \u00e9l\u00e8ve. L\u2019objectif est de leur permettre d\u2019acqu\u00e9rir rapidement les comp\u00e9tences linguistiques n\u00e9cessaires pour suivre les cours dans les classes ordinaires. Soutien scolaire&nbsp;: En plus des cours de fran\u00e7ais, les \u00e9l\u00e8ves b\u00e9n\u00e9ficient d\u2019un soutien dans d\u2019autres mati\u00e8res. Cela peut inclure des sessions de rem\u00e9diation pour les mati\u00e8res fondamentales comme les math\u00e9matiques, l\u2019histoire-g\u00e9ographie, et les sciences. Int\u00e9gration progressive&nbsp;: Les \u00e9l\u00e8ves passent progressivement du dispositif UPE2A vers les classes ordinaires. Cela se fait en fonction de leurs progr\u00e8s en fran\u00e7ais et de leur adaptation au syst\u00e8me scolaire fran\u00e7ais. L\u2019int\u00e9gration peut se faire \u00e0 temps partiel au d\u00e9but, en parall\u00e8le des cours propos\u00e9s dans l\u2019UPE2A. Accompagnement socio-\u00e9ducatif&nbsp;: L\u2019UPE2A offre \u00e9galement un accompagnement sur le plan social et \u00e9ducatif. Cela inclut l\u2019aide \u00e0 l\u2019adaptation \u00e0 la culture fran\u00e7aise, la sensibilisation aux codes scolaires, et le soutien \u00e0 l\u2019int\u00e9gration dans la vie sociale et scolaire. Collaboration avec les enseignants&nbsp;: Les enseignants de l\u2019UPE2A travaillent en \u00e9troite collaboration avec les enseignants des autres classes pour assurer une continuit\u00e9 p\u00e9dagogique et un suivi des progr\u00e8s des \u00e9l\u00e8ves. Activit\u00e9s culturelles et linguistiques&nbsp;: Des activit\u00e9s culturelles peuvent \u00eatre organis\u00e9es pour favoriser l\u2019int\u00e9gration des \u00e9l\u00e8ves allophones, leur permettre de d\u00e9couvrir la culture locale et de pratiquer le fran\u00e7ais de mani\u00e8re ludique. Conclusion\u00a0 L\u2019UPE2A au lyc\u00e9e professionnel Dumas Jean Joseph de Fort- de &#8211; France en Martinique joue un r\u00f4le essentiel dans l\u2019int\u00e9gration des \u00e9l\u00e8ves allophones. Elle leur offre un cadre rassurant et adapt\u00e9 pour apprendre le fran\u00e7ais et s\u2019int\u00e9grer dans le syst\u00e8me \u00e9ducatif fran\u00e7ais, tout en tenant compte de leurs besoins sp\u00e9cifiques. Ce dispositif contribue \u00e0 leur r\u00e9ussite scolaire et \u00e0 leur \u00e9panouissement personnel.<\/p>\n","protected":false},"author":73,"featured_media":0,"parent":0,"menu_order":0,"comment_status":"closed","ping_status":"closed","template":"","meta":{"footnotes":""},"class_list":["post-4918","page","type-page","status-publish","hentry"],"_links":{"self":[{"href":"https:\/\/site.ac-martinique.fr\/lyc-dumasjeanjoseph\/index.php?rest_route=\/wp\/v2\/pages\/4918","targetHints":{"allow":["GET"]}}],"collection":[{"href":"https:\/\/site.ac-martinique.fr\/lyc-dumasjeanjoseph\/index.php?rest_route=\/wp\/v2\/pages"}],"about":[{"href":"https:\/\/site.ac-martinique.fr\/lyc-dumasjeanjoseph\/index.php?rest_route=\/wp\/v2\/types\/page"}],"author":[{"embeddable":true,"href":"https:\/\/site.ac-martinique.fr\/lyc-dumasjeanjoseph\/index.php?rest_route=\/wp\/v2\/users\/73"}],"replies":[{"embeddable":true,"href":"https:\/\/site.ac-martinique.fr\/lyc-dumasjeanjoseph\/index.php?rest_route=%2Fwp%2Fv2%2Fcomments&post=4918"}],"version-history":[{"count":2,"href":"https:\/\/site.ac-martinique.fr\/lyc-dumasjeanjoseph\/index.php?rest_route=\/wp\/v2\/pages\/4918\/revisions"}],"predecessor-version":[{"id":5082,"href":"https:\/\/site.ac-martinique.fr\/lyc-dumasjeanjoseph\/index.php?rest_route=\/wp\/v2\/pages\/4918\/revisions\/5082"}],"wp:attachment":[{"href":"https:\/\/site.ac-martinique.fr\/lyc-dumasjeanjoseph\/index.php?rest_route=%2Fwp%2Fv2%2Fmedia&parent=4918"}],"curies":[{"name":"wp","href":"https:\/\/api.w.org\/{rel}","templated":true}]}}