{"id":1008,"date":"2024-02-25T11:03:56","date_gmt":"2024-02-25T15:03:56","guid":{"rendered":"https:\/\/site.ac-martinique.fr\/lyc-fanon\/?p=1008"},"modified":"2025-05-21T08:50:17","modified_gmt":"2025-05-21T12:50:17","slug":"les-series-technologiques-du-lycee-frantz-fanon","status":"publish","type":"page","link":"https:\/\/site.ac-martinique.fr\/lyc-fanon\/?page_id=1008","title":{"rendered":"Les s\u00e9ries technologiques du lyc\u00e9e Frantz FANON"},"content":{"rendered":"\n<div class=\"wp-block-group is-content-justification-center is-nowrap is-layout-flex wp-container-core-group-is-layout-23441af8 wp-block-group-is-layout-flex\">\n<iframe loading=\"lazy\" title=\"Pre\u0301sentation ST2S-2025\" width=\"560\" height=\"315\" src=\"https:\/\/tube-action-educative.apps.education.fr\/videos\/embed\/962bffb0-416c-4bea-8e9d-a92aafb43e16\" frameborder=\"0\" allowfullscreen=\"\" sandbox=\"allow-same-origin allow-scripts allow-popups allow-forms\"><\/iframe>\n\n\n\n<div class=\"wp-block-group alignfull is-nowrap is-layout-flex wp-container-core-group-is-layout-6c531013 wp-block-group-is-layout-flex\">\n<div class=\"wp-block-columns alignwide tw-cols-card tw-cols-card-shadow is-layout-flex wp-container-core-columns-is-layout-d0b3c9c8 wp-block-columns-is-layout-flex\">\n<div class=\"wp-block-column is-vertically-aligned-center is-layout-flow wp-block-column-is-layout-flow\">\n<figure class=\"wp-block-image size-full is-resized\"><a href=\"https:\/\/site.ac-martinique.fr\/lyc-fanon\/?p=1018\" target=\"_blank\" rel=\"noreferrer noopener\"><img loading=\"lazy\" decoding=\"async\" width=\"500\" height=\"500\" src=\"https:\/\/site.ac-martinique.fr\/lyc-fanon\/wp-content\/uploads\/sites\/138\/2024\/05\/Image-logo-stmg.png\" alt=\"\" class=\"wp-image-1916\" style=\"width:284px;height:auto\" srcset=\"https:\/\/site.ac-martinique.fr\/lyc-fanon\/wp-content\/uploads\/sites\/138\/2024\/05\/Image-logo-stmg.png 500w, https:\/\/site.ac-martinique.fr\/lyc-fanon\/wp-content\/uploads\/sites\/138\/2024\/05\/Image-logo-stmg-300x300.png 300w, https:\/\/site.ac-martinique.fr\/lyc-fanon\/wp-content\/uploads\/sites\/138\/2024\/05\/Image-logo-stmg-150x150.png 150w\" sizes=\"auto, (max-width: 500px) 100vw, 500px\" \/><\/a><\/figure>\n\n\n\n<h3 class=\"wp-block-heading\">S\u00e9rie STMG<\/h3>\n\n\n\n<p>Cliquer sur l&rsquo;image pour en savoir plus<\/p>\n<\/div>\n<\/div>\n<\/div>\n\n\n<p><iframe loading=\"lazy\" width=\"560\" height=\"315\" src=\"https:\/\/www.youtube.com\/embed\/0ER38kKygUM?si=dl6D5ZiMJaCT7fwI\" title=\"YouTube video player\" frameborder=\"0\" allow=\"accelerometer; autoplay; clipboard-write; encrypted-media; gyroscope; picture-in-picture; web-share\" referrerpolicy=\"strict-origin-when-cross-origin\" allowfullscreen><\/iframe><br \/><strong><\/p>\n<h3>S\u00e9rie STI2D<\/h3>\n<p><\/strong><\/p>\n<\/div>\n\n\n\n<hr class=\"wp-block-separator has-alpha-channel-opacity\"\/>\n\n\n\n<div class=\"wp-block-group alignfull is-layout-flow wp-block-group-is-layout-flow\">\n<h2 class=\"wp-block-heading has-text-align-center\">Articles r\u00e9cents<\/h2>\n\n\n<ul class=\"wp-block-latest-posts__list is-grid columns-4 has-dates has-link-color alignwide tw-mt-8 tw-heading-size-medium tw-stretched-link is-style-tw-posts-card tw-img-ratio-16-9 wp-elements-3fa3778d524ca7180c2e19c96025806f wp-block-latest-posts\"><li><div class=\"wp-block-latest-posts__featured-image\"><a href=\"https:\/\/site.ac-martinique.fr\/lyc-fanon\/?p=3398\" aria-label=\"Une diversit\u00e9 de parcours pour les \u00e9l\u00e8ves de la fili\u00e8re ST2S\u00a0: Une journ\u00e9e enrichissante \u00e0 l\u2019URASS-IFMES\"><img loading=\"lazy\" decoding=\"async\" width=\"538\" height=\"404\" src=\"https:\/\/site.ac-martinique.fr\/lyc-fanon\/wp-content\/uploads\/sites\/138\/2026\/03\/Picture.png\" class=\"attachment-large size-large wp-post-image\" alt=\"\" style=\"\" srcset=\"https:\/\/site.ac-martinique.fr\/lyc-fanon\/wp-content\/uploads\/sites\/138\/2026\/03\/Picture.png 538w, https:\/\/site.ac-martinique.fr\/lyc-fanon\/wp-content\/uploads\/sites\/138\/2026\/03\/Picture-300x225.png 300w\" sizes=\"auto, 100vw\" \/><\/a><\/div><a class=\"wp-block-latest-posts__post-title\" href=\"https:\/\/site.ac-martinique.fr\/lyc-fanon\/?p=3398\">Une diversit\u00e9 de parcours pour les \u00e9l\u00e8ves de la fili\u00e8re ST2S\u00a0: Une journ\u00e9e enrichissante \u00e0 l\u2019URASS-IFMES<\/a><time datetime=\"2026-03-16T08:58:05-04:00\" class=\"wp-block-latest-posts__post-date\">16 mars 2026<\/time><\/li>\n<li><div class=\"wp-block-latest-posts__featured-image\"><a href=\"https:\/\/site.ac-martinique.fr\/lyc-fanon\/?p=3143\" aria-label=\"Orientation \u2013 \u00ab\u00a0Un format \u00e0 la carte\u00a0\u00bb propos\u00e9 aux \u00e9l\u00e8ves de la fili\u00e8re ST2S du LGT Frantz FANON\"><img loading=\"lazy\" decoding=\"async\" width=\"950\" height=\"535\" src=\"https:\/\/site.ac-martinique.fr\/lyc-fanon\/wp-content\/uploads\/sites\/138\/2025\/12\/WhatsApp-Image-2025-12-02-a-11.58.08_381b1332-1024x577.jpg\" class=\"attachment-large size-large wp-post-image\" alt=\"\" style=\"\" srcset=\"https:\/\/site.ac-martinique.fr\/lyc-fanon\/wp-content\/uploads\/sites\/138\/2025\/12\/WhatsApp-Image-2025-12-02-a-11.58.08_381b1332-1024x577.jpg 1024w, https:\/\/site.ac-martinique.fr\/lyc-fanon\/wp-content\/uploads\/sites\/138\/2025\/12\/WhatsApp-Image-2025-12-02-a-11.58.08_381b1332-300x169.jpg 300w, https:\/\/site.ac-martinique.fr\/lyc-fanon\/wp-content\/uploads\/sites\/138\/2025\/12\/WhatsApp-Image-2025-12-02-a-11.58.08_381b1332.jpg 1156w\" sizes=\"auto, 100vw\" \/><\/a><\/div><a class=\"wp-block-latest-posts__post-title\" href=\"https:\/\/site.ac-martinique.fr\/lyc-fanon\/?p=3143\">Orientation \u2013 \u00ab\u00a0Un format \u00e0 la carte\u00a0\u00bb propos\u00e9 aux \u00e9l\u00e8ves de la fili\u00e8re ST2S du LGT Frantz FANON<\/a><time datetime=\"2025-12-04T19:10:42-04:00\" class=\"wp-block-latest-posts__post-date\">4 d\u00e9cembre 2025<\/time><\/li>\n<li><div class=\"wp-block-latest-posts__featured-image\"><a href=\"https:\/\/site.ac-martinique.fr\/lyc-fanon\/?p=2775\" aria-label=\"Projet d\u00e9di\u00e9 \u00e0 la s\u00e9curit\u00e9 routi\u00e8re \u2013 2\u00e8me \u00e9dition\"><img loading=\"lazy\" decoding=\"async\" width=\"321\" height=\"235\" src=\"https:\/\/site.ac-martinique.fr\/lyc-fanon\/wp-content\/uploads\/sites\/138\/2025\/06\/Picture.png\" class=\"attachment-large size-large wp-post-image\" alt=\"\" style=\"\" srcset=\"https:\/\/site.ac-martinique.fr\/lyc-fanon\/wp-content\/uploads\/sites\/138\/2025\/06\/Picture.png 321w, https:\/\/site.ac-martinique.fr\/lyc-fanon\/wp-content\/uploads\/sites\/138\/2025\/06\/Picture-300x220.png 300w\" sizes=\"auto, 100vw\" \/><\/a><\/div><a class=\"wp-block-latest-posts__post-title\" href=\"https:\/\/site.ac-martinique.fr\/lyc-fanon\/?p=2775\">Projet d\u00e9di\u00e9 \u00e0 la s\u00e9curit\u00e9 routi\u00e8re \u2013 2\u00e8me \u00e9dition<\/a><time datetime=\"2025-06-13T16:10:07-04:00\" class=\"wp-block-latest-posts__post-date\">13 juin 2025<\/time><\/li>\n<li><div class=\"wp-block-latest-posts__featured-image\"><a href=\"https:\/\/site.ac-martinique.fr\/lyc-fanon\/?p=2676\" aria-label=\"Vers une diversit\u00e9 de parcours pour nos \u00e9l\u00e8ves de la fili\u00e8re ST2S !\"><img loading=\"lazy\" decoding=\"async\" width=\"935\" height=\"603\" src=\"https:\/\/site.ac-martinique.fr\/lyc-fanon\/wp-content\/uploads\/sites\/138\/2025\/02\/Image3.jpg\" class=\"attachment-large size-large wp-post-image\" alt=\"\" style=\"\" srcset=\"https:\/\/site.ac-martinique.fr\/lyc-fanon\/wp-content\/uploads\/sites\/138\/2025\/02\/Image3.jpg 935w, https:\/\/site.ac-martinique.fr\/lyc-fanon\/wp-content\/uploads\/sites\/138\/2025\/02\/Image3-300x193.jpg 300w\" sizes=\"auto, 100vw\" \/><\/a><\/div><a class=\"wp-block-latest-posts__post-title\" href=\"https:\/\/site.ac-martinique.fr\/lyc-fanon\/?p=2676\">Vers une diversit\u00e9 de parcours pour nos \u00e9l\u00e8ves de la fili\u00e8re ST2S !<\/a><time datetime=\"2025-02-25T07:00:00-04:00\" class=\"wp-block-latest-posts__post-date\">25 f\u00e9vrier 2025<\/time><\/li>\n<li><div class=\"wp-block-latest-posts__featured-image\"><a href=\"https:\/\/site.ac-martinique.fr\/lyc-fanon\/?p=2488\" aria-label=\"STMG : sortie p\u00e9dagogique au tribunal judiciaire de Fort-de-France !\"><img loading=\"lazy\" decoding=\"async\" width=\"540\" height=\"960\" src=\"https:\/\/site.ac-martinique.fr\/lyc-fanon\/wp-content\/uploads\/sites\/138\/2024\/12\/STMG-Tribunal-F-d-F.jpg\" class=\"attachment-large size-large wp-post-image\" alt=\"\" style=\"\" srcset=\"https:\/\/site.ac-martinique.fr\/lyc-fanon\/wp-content\/uploads\/sites\/138\/2024\/12\/STMG-Tribunal-F-d-F.jpg 540w, https:\/\/site.ac-martinique.fr\/lyc-fanon\/wp-content\/uploads\/sites\/138\/2024\/12\/STMG-Tribunal-F-d-F-169x300.jpg 169w\" sizes=\"auto, 100vw\" \/><\/a><\/div><a class=\"wp-block-latest-posts__post-title\" href=\"https:\/\/site.ac-martinique.fr\/lyc-fanon\/?p=2488\">STMG : sortie p\u00e9dagogique au tribunal judiciaire de Fort-de-France !<\/a><time datetime=\"2024-12-26T09:01:53-04:00\" class=\"wp-block-latest-posts__post-date\">26 d\u00e9cembre 2024<\/time><\/li>\n<li><div class=\"wp-block-latest-posts__featured-image\"><a href=\"https:\/\/site.ac-martinique.fr\/lyc-fanon\/?p=2493\" aria-label=\"Concours Jeunes Citoyens et Responsables !\"><img loading=\"lazy\" decoding=\"async\" width=\"950\" height=\"672\" src=\"https:\/\/site.ac-martinique.fr\/lyc-fanon\/wp-content\/uploads\/sites\/138\/2024\/12\/IMG-20241223-WA0004-1024x724.jpg\" class=\"attachment-large size-large wp-post-image\" alt=\"\" style=\"\" srcset=\"https:\/\/site.ac-martinique.fr\/lyc-fanon\/wp-content\/uploads\/sites\/138\/2024\/12\/IMG-20241223-WA0004-1024x724.jpg 1024w, https:\/\/site.ac-martinique.fr\/lyc-fanon\/wp-content\/uploads\/sites\/138\/2024\/12\/IMG-20241223-WA0004-300x212.jpg 300w, https:\/\/site.ac-martinique.fr\/lyc-fanon\/wp-content\/uploads\/sites\/138\/2024\/12\/IMG-20241223-WA0004.jpg 1600w\" sizes=\"auto, 100vw\" \/><\/a><\/div><a class=\"wp-block-latest-posts__post-title\" href=\"https:\/\/site.ac-martinique.fr\/lyc-fanon\/?p=2493\">Concours Jeunes Citoyens et Responsables !<\/a><time datetime=\"2024-12-17T19:43:13-04:00\" class=\"wp-block-latest-posts__post-date\">17 d\u00e9cembre 2024<\/time><\/li>\n<li><div class=\"wp-block-latest-posts__featured-image\"><a href=\"https:\/\/site.ac-martinique.fr\/lyc-fanon\/?p=1085\" aria-label=\"Les \u00e9l\u00e8ves de ST2S ont particip\u00e9 \u00e0 une journ\u00e9e de sensibilisation \u00e0 la s\u00e9curit\u00e9 routi\u00e8re !\"><img loading=\"lazy\" decoding=\"async\" width=\"950\" height=\"556\" src=\"https:\/\/site.ac-martinique.fr\/lyc-fanon\/wp-content\/uploads\/sites\/138\/2024\/02\/ST2S-journee-de-sensibilisation-a-la-securite-routiere-1024x599.png\" class=\"attachment-large size-large wp-post-image\" alt=\"\" style=\"\" srcset=\"https:\/\/site.ac-martinique.fr\/lyc-fanon\/wp-content\/uploads\/sites\/138\/2024\/02\/ST2S-journee-de-sensibilisation-a-la-securite-routiere-1024x599.png 1024w, https:\/\/site.ac-martinique.fr\/lyc-fanon\/wp-content\/uploads\/sites\/138\/2024\/02\/ST2S-journee-de-sensibilisation-a-la-securite-routiere-300x175.png 300w, https:\/\/site.ac-martinique.fr\/lyc-fanon\/wp-content\/uploads\/sites\/138\/2024\/02\/ST2S-journee-de-sensibilisation-a-la-securite-routiere.png 1154w\" sizes=\"auto, 100vw\" \/><\/a><\/div><a class=\"wp-block-latest-posts__post-title\" href=\"https:\/\/site.ac-martinique.fr\/lyc-fanon\/?p=1085\">Les \u00e9l\u00e8ves de ST2S ont particip\u00e9 \u00e0 une journ\u00e9e de sensibilisation \u00e0 la s\u00e9curit\u00e9 routi\u00e8re !<\/a><time datetime=\"2024-02-27T22:34:34-04:00\" class=\"wp-block-latest-posts__post-date\">27 f\u00e9vrier 2024<\/time><\/li>\n<li><div class=\"wp-block-latest-posts__featured-image\"><a href=\"https:\/\/site.ac-martinique.fr\/lyc-fanon\/?p=1072\" aria-label=\"Les professeurs de Sciences et Techniques M\u00e9dico-Sociales (STMS) du LGT Frantz FANON et leurs \u00e9l\u00e8ves s&rsquo;int\u00e9ressent aux v\u00e9ritables causes du sans-abrisme en Martinique\"><img loading=\"lazy\" decoding=\"async\" width=\"679\" height=\"492\" src=\"https:\/\/site.ac-martinique.fr\/lyc-fanon\/wp-content\/uploads\/sites\/138\/2024\/02\/1.jpg\" class=\"attachment-large size-large wp-post-image\" alt=\"\" style=\"\" srcset=\"https:\/\/site.ac-martinique.fr\/lyc-fanon\/wp-content\/uploads\/sites\/138\/2024\/02\/1.jpg 679w, https:\/\/site.ac-martinique.fr\/lyc-fanon\/wp-content\/uploads\/sites\/138\/2024\/02\/1-300x217.jpg 300w\" sizes=\"auto, 100vw\" \/><\/a><\/div><a class=\"wp-block-latest-posts__post-title\" href=\"https:\/\/site.ac-martinique.fr\/lyc-fanon\/?p=1072\">Les professeurs de Sciences et Techniques M\u00e9dico-Sociales (STMS) du LGT Frantz FANON et leurs \u00e9l\u00e8ves s&rsquo;int\u00e9ressent aux v\u00e9ritables causes du sans-abrisme en Martinique<\/a><time datetime=\"2024-02-27T21:29:23-04:00\" class=\"wp-block-latest-posts__post-date\">27 f\u00e9vrier 2024<\/time><\/li>\n<\/ul><\/div>\n\n\n\n<p><\/p>\n","protected":false},"excerpt":{"rendered":"<p>S\u00e9rie STMG Cliquer sur l&rsquo;image pour en savoir plus Articles r\u00e9cents<\/p>\n","protected":false},"author":464,"featured_media":0,"parent":0,"menu_order":0,"comment_status":"closed","ping_status":"closed","template":"","meta":{"inspiro_hide_title":false,"footnotes":""},"class_list":["post-1008","page","type-page","status-publish","hentry"],"_links":{"self":[{"href":"https:\/\/site.ac-martinique.fr\/lyc-fanon\/index.php?rest_route=\/wp\/v2\/pages\/1008","targetHints":{"allow":["GET"]}}],"collection":[{"href":"https:\/\/site.ac-martinique.fr\/lyc-fanon\/index.php?rest_route=\/wp\/v2\/pages"}],"about":[{"href":"https:\/\/site.ac-martinique.fr\/lyc-fanon\/index.php?rest_route=\/wp\/v2\/types\/page"}],"author":[{"embeddable":true,"href":"https:\/\/site.ac-martinique.fr\/lyc-fanon\/index.php?rest_route=\/wp\/v2\/users\/464"}],"replies":[{"embeddable":true,"href":"https:\/\/site.ac-martinique.fr\/lyc-fanon\/index.php?rest_route=%2Fwp%2Fv2%2Fcomments&post=1008"}],"version-history":[{"count":46,"href":"https:\/\/site.ac-martinique.fr\/lyc-fanon\/index.php?rest_route=\/wp\/v2\/pages\/1008\/revisions"}],"predecessor-version":[{"id":2751,"href":"https:\/\/site.ac-martinique.fr\/lyc-fanon\/index.php?rest_route=\/wp\/v2\/pages\/1008\/revisions\/2751"}],"wp:attachment":[{"href":"https:\/\/site.ac-martinique.fr\/lyc-fanon\/index.php?rest_route=%2Fwp%2Fv2%2Fmedia&parent=1008"}],"curies":[{"name":"wp","href":"https:\/\/api.w.org\/{rel}","templated":true}]}}