{"id":1029,"date":"2024-02-25T12:16:22","date_gmt":"2024-02-25T16:16:22","guid":{"rendered":"https:\/\/site.ac-martinique.fr\/lyc-fanon\/?p=1029"},"modified":"2024-12-20T19:49:26","modified_gmt":"2024-12-20T23:49:26","slug":"section-europeenne","status":"publish","type":"page","link":"https:\/\/site.ac-martinique.fr\/lyc-fanon\/?page_id=1029","title":{"rendered":"Section Europ\u00e9enne"},"content":{"rendered":"\n<p><em>Pour int\u00e9grer la Section europ\u00e9enne en 2nde il est important de le signaler lors de l&rsquo;inscription et de compl\u00e9ter un dossier, afin de participer \u00e0 un entretien oral de s\u00e9lection.<\/em><\/p>\n\n\n\n<div class=\"wp-block-group alignfull is-layout-flow wp-block-group-is-layout-flow\" style=\"padding-right:var(--wp--preset--spacing--x-small);padding-left:var(--wp--preset--spacing--x-small)\">\n<h2 class=\"wp-block-heading has-text-align-center has-x-large-font-size\">La DNL Histoire-g\u00e9ographie\/ anglais<\/h2>\n\n\n\n<div class=\"wp-block-columns alignwide has-text-align-center tw-gutter-large is-layout-flex wp-container-core-columns-is-layout-d0b3c9c8 wp-block-columns-is-layout-flex\">\n<div class=\"wp-block-column is-layout-flow wp-block-column-is-layout-flow\">\n<figure class=\"wp-block-image aligncenter size-full is-resized\"><img loading=\"lazy\" decoding=\"async\" width=\"225\" height=\"225\" src=\"https:\/\/site.ac-martinique.fr\/lyc-fanon\/wp-content\/uploads\/sites\/138\/2024\/05\/Sans-titre.png\" alt=\"\" class=\"wp-image-1663\" style=\"width:180px;height:auto\" srcset=\"https:\/\/site.ac-martinique.fr\/lyc-fanon\/wp-content\/uploads\/sites\/138\/2024\/05\/Sans-titre.png 225w, https:\/\/site.ac-martinique.fr\/lyc-fanon\/wp-content\/uploads\/sites\/138\/2024\/05\/Sans-titre-150x150.png 150w\" sizes=\"auto, (max-width: 225px) 100vw, 225px\" \/><\/figure>\n\n\n\n<h3 class=\"wp-block-heading\">Volume horaire<\/h3>\n\n\n\n<p>2 heures<\/p>\n\n\n\n<p>(1 heure d&rsquo;Histoire-g\u00e9ographie en Anglais + 1 h de renforcement en Anglais)<\/p>\n<\/div>\n\n\n\n<div class=\"wp-block-column is-layout-flow wp-block-column-is-layout-flow\">\n<figure class=\"wp-block-image aligncenter size-full is-resized\"><img loading=\"lazy\" decoding=\"async\" width=\"284\" height=\"178\" src=\"https:\/\/site.ac-martinique.fr\/lyc-fanon\/wp-content\/uploads\/sites\/138\/2024\/05\/Sans-titre-1.png\" alt=\"\" class=\"wp-image-1664\" style=\"width:284px;height:auto\"\/><\/figure>\n\n\n\n<h3 class=\"wp-block-heading\">P\u00e9riodicit\u00e9<\/h3>\n\n\n\n<p>hebdomadaire<\/p>\n<\/div>\n\n\n\n<div class=\"wp-block-column is-layout-flow wp-block-column-is-layout-flow\">\n<figure class=\"wp-block-image aligncenter size-full is-resized\"><img loading=\"lazy\" decoding=\"async\" width=\"259\" height=\"194\" src=\"https:\/\/site.ac-martinique.fr\/lyc-fanon\/wp-content\/uploads\/sites\/138\/2024\/05\/Sans-titre-2.jpeg\" alt=\"\" class=\"wp-image-1665\" style=\"width:238px;height:auto\"\/><\/figure>\n\n\n\n<h3 class=\"wp-block-heading\">Effectif maximum<\/h3>\n\n\n\n<p>20<\/p>\n<\/div>\n\n\n\n<div class=\"wp-block-column is-layout-flow wp-block-column-is-layout-flow\">\n<figure class=\"wp-block-image aligncenter size-full is-resized\"><img loading=\"lazy\" decoding=\"async\" width=\"225\" height=\"225\" src=\"https:\/\/site.ac-martinique.fr\/lyc-fanon\/wp-content\/uploads\/sites\/138\/2024\/05\/images.jpeg\" alt=\"\" class=\"wp-image-1666\" style=\"width:181px;height:auto\" srcset=\"https:\/\/site.ac-martinique.fr\/lyc-fanon\/wp-content\/uploads\/sites\/138\/2024\/05\/images.jpeg 225w, https:\/\/site.ac-martinique.fr\/lyc-fanon\/wp-content\/uploads\/sites\/138\/2024\/05\/images-150x150.jpeg 150w\" sizes=\"auto, (max-width: 225px) 100vw, 225px\" \/><\/figure>\n\n\n\n<h3 class=\"wp-block-heading\">Pourquoi choisir cette option?<\/h3>\n\n\n\n<p>Cette option permet d&rsquo;obtenir la mention \u00ab\u00a0<strong>Baccalaur\u00e9at- section europ\u00e9enne<\/strong>\u00ab\u00a0<\/p>\n\n\n\n<p>Am\u00e9liorer sa pratique de l&rsquo;anglais et sa culture g\u00e9n\u00e9rale.<\/p>\n\n\n\n<p>Au moins un voyage dans le cursus de 3 ans.<\/p>\n<\/div>\n<\/div>\n<\/div>\n\n\n\n<div class=\"wp-block-group alignfull is-layout-flow wp-container-core-group-is-layout-e7f82d29 wp-block-group-is-layout-flow\" style=\"border-style:none;border-width:0px;margin-top:0;margin-bottom:0;padding-top:0;padding-right:var(--wp--preset--spacing--medium);padding-bottom:0;padding-left:var(--wp--preset--spacing--medium)\">\n<h6 class=\"wp-block-heading has-large-font-size tw-heading-border-bottom has-small-font-size\">Th\u00e9matiques<\/h6>\n\n\n\n<div class=\"wp-block-columns is-layout-flex wp-container-core-columns-is-layout-d0b3c9c8 wp-block-columns-is-layout-flex\">\n<div class=\"wp-block-column is-layout-flow wp-block-column-is-layout-flow\">\n<p><strong>Les grands th\u00e8mes du programme d&rsquo;histoire-g\u00e9ographie avec le point de anglophone en prenant appui sur l&rsquo;histoire et la g\u00e9ographie de l&rsquo;Am\u00e9rique du Nord, des Cara\u00efbes ou d&rsquo;Europe.<\/strong><\/p>\n\n\n\n<p><\/p>\n\n\n\n<hr class=\"wp-block-separator has-alpha-channel-opacity\"\/>\n<\/div>\n<\/div>\n<\/div>\n\n\n\n<div class=\"wp-block-group alignfull is-layout-flow wp-block-group-is-layout-flow\" style=\"padding-right:var(--wp--preset--spacing--x-small);padding-left:var(--wp--preset--spacing--x-small)\">\n<h2 class=\"wp-block-heading has-text-align-center has-x-large-font-size\">La DNL Physique-Chimie\/ Anglais<\/h2>\n\n\n\n<div class=\"wp-block-columns alignwide has-text-align-center tw-gutter-large is-layout-flex wp-container-core-columns-is-layout-d0b3c9c8 wp-block-columns-is-layout-flex\">\n<div class=\"wp-block-column is-layout-flow wp-block-column-is-layout-flow\">\n<figure class=\"wp-block-image aligncenter size-full is-resized\"><img loading=\"lazy\" decoding=\"async\" width=\"225\" height=\"225\" src=\"https:\/\/site.ac-martinique.fr\/lyc-fanon\/wp-content\/uploads\/sites\/138\/2024\/05\/Sans-titre.png\" alt=\"\" class=\"wp-image-1663\" style=\"width:180px;height:auto\" srcset=\"https:\/\/site.ac-martinique.fr\/lyc-fanon\/wp-content\/uploads\/sites\/138\/2024\/05\/Sans-titre.png 225w, https:\/\/site.ac-martinique.fr\/lyc-fanon\/wp-content\/uploads\/sites\/138\/2024\/05\/Sans-titre-150x150.png 150w\" sizes=\"auto, (max-width: 225px) 100vw, 225px\" \/><\/figure>\n\n\n\n<h3 class=\"wp-block-heading\">Volume horaire<\/h3>\n\n\n\n<p>2 heures<\/p>\n\n\n\n<p>(1 heure de physique-chimie en Anglais + 1 h de renforcement en Anglais)<\/p>\n<\/div>\n\n\n\n<div class=\"wp-block-column is-layout-flow wp-block-column-is-layout-flow\">\n<figure class=\"wp-block-image aligncenter size-full is-resized\"><img loading=\"lazy\" decoding=\"async\" width=\"284\" height=\"178\" src=\"https:\/\/site.ac-martinique.fr\/lyc-fanon\/wp-content\/uploads\/sites\/138\/2024\/05\/Sans-titre-1.png\" alt=\"\" class=\"wp-image-1664\" style=\"width:284px;height:auto\"\/><\/figure>\n\n\n\n<h3 class=\"wp-block-heading\">P\u00e9riodicit\u00e9<\/h3>\n\n\n\n<p>hebdomadaire<\/p>\n<\/div>\n\n\n\n<div class=\"wp-block-column is-layout-flow wp-block-column-is-layout-flow\">\n<figure class=\"wp-block-image aligncenter size-full is-resized\"><img loading=\"lazy\" decoding=\"async\" width=\"259\" height=\"194\" src=\"https:\/\/site.ac-martinique.fr\/lyc-fanon\/wp-content\/uploads\/sites\/138\/2024\/05\/Sans-titre-2.jpeg\" alt=\"\" class=\"wp-image-1665\" style=\"width:238px;height:auto\"\/><\/figure>\n\n\n\n<h3 class=\"wp-block-heading\">Effectif maximum<\/h3>\n\n\n\n<p>15<\/p>\n<\/div>\n\n\n\n<div class=\"wp-block-column is-layout-flow wp-block-column-is-layout-flow\">\n<figure class=\"wp-block-image aligncenter size-full is-resized\"><img loading=\"lazy\" decoding=\"async\" width=\"225\" height=\"225\" src=\"https:\/\/site.ac-martinique.fr\/lyc-fanon\/wp-content\/uploads\/sites\/138\/2024\/05\/images.jpeg\" alt=\"\" class=\"wp-image-1666\" style=\"width:181px;height:auto\" srcset=\"https:\/\/site.ac-martinique.fr\/lyc-fanon\/wp-content\/uploads\/sites\/138\/2024\/05\/images.jpeg 225w, https:\/\/site.ac-martinique.fr\/lyc-fanon\/wp-content\/uploads\/sites\/138\/2024\/05\/images-150x150.jpeg 150w\" sizes=\"auto, (max-width: 225px) 100vw, 225px\" \/><\/figure>\n\n\n\n<h3 class=\"wp-block-heading\">Pourquoi choisir cette option?<\/h3>\n\n\n\n<p>Cette option permet d&rsquo;obtenir la mention \u00ab\u00a0<strong>Baccalaur\u00e9at- section europ\u00e9enne<\/strong>\u00ab\u00a0<\/p>\n\n\n\n<p>La section europ\u00e9enne permet de renforcer et d&rsquo;approfondir la ma\u00eetrise de la langue anglaise et permet aussi d&rsquo;aborder avec plus d&rsquo;aisance les attendus de toute \u00e9preuve orale que les \u00e9l\u00e8ves rencontreront dans leur cursus scolaire notamment l&rsquo;\u00e9preuve du grand oral du baccalaur\u00e9at.<\/p>\n<\/div>\n<\/div>\n<\/div>\n\n\n\n<div class=\"wp-block-group alignfull is-layout-flow wp-block-group-is-layout-flow\" style=\"border-style:none;border-width:0px;padding-right:var(--wp--preset--spacing--medium);padding-left:var(--wp--preset--spacing--medium)\">\n<h3 class=\"wp-block-heading has-large-font-size tw-heading-border-bottom has-small-font-size\">Th\u00e9matiques<\/h3>\n\n\n\n<div class=\"wp-block-columns is-layout-flex wp-container-core-columns-is-layout-d0b3c9c8 wp-block-columns-is-layout-flex\">\n<div class=\"wp-block-column is-layout-flow wp-block-column-is-layout-flow\">\n<div class=\"wp-block-columns is-layout-flex wp-container-core-columns-is-layout-d0b3c9c8 wp-block-columns-is-layout-flex\">\n<div class=\"wp-block-column is-layout-flow wp-block-column-is-layout-flow\">\n<p><strong>Chimie et environnement :<\/strong> les pluies acides, l&rsquo;acidification des oc\u00e9ans, la pollution&#8230;<\/p>\n<\/div>\n\n\n\n<div class=\"wp-block-column is-layout-flow wp-block-column-is-layout-flow\">\n<p><strong>Physique : <\/strong>radioactivit\u00e9, technologie bluetooth, les propri\u00e9tes de la lumi\u00e8re&#8230;<\/p>\n<\/div>\n<\/div>\n<\/div>\n<\/div>\n<\/div>\n\n\n\n<hr class=\"wp-block-separator has-alpha-channel-opacity\"\/>\n\n\n\n<p><\/p>\n\n\n\n<div class=\"wp-block-group alignfull is-layout-flow wp-block-group-is-layout-flow\" style=\"padding-right:var(--wp--preset--spacing--x-small);padding-left:var(--wp--preset--spacing--x-small)\">\n<h2 class=\"wp-block-heading has-text-align-center has-x-large-font-size\">La DNL Math\u00e9matiques\/ Espagnol<\/h2>\n\n\n\n<div class=\"wp-block-columns alignwide has-text-align-center tw-gutter-large is-layout-flex wp-container-core-columns-is-layout-d0b3c9c8 wp-block-columns-is-layout-flex\">\n<div class=\"wp-block-column is-layout-flow wp-block-column-is-layout-flow\">\n<figure class=\"wp-block-image aligncenter size-full is-resized\"><img loading=\"lazy\" decoding=\"async\" width=\"225\" height=\"225\" src=\"https:\/\/site.ac-martinique.fr\/lyc-fanon\/wp-content\/uploads\/sites\/138\/2024\/05\/Sans-titre.png\" alt=\"\" class=\"wp-image-1663\" style=\"width:180px;height:auto\" srcset=\"https:\/\/site.ac-martinique.fr\/lyc-fanon\/wp-content\/uploads\/sites\/138\/2024\/05\/Sans-titre.png 225w, https:\/\/site.ac-martinique.fr\/lyc-fanon\/wp-content\/uploads\/sites\/138\/2024\/05\/Sans-titre-150x150.png 150w\" sizes=\"auto, (max-width: 225px) 100vw, 225px\" \/><\/figure>\n\n\n\n<h3 class=\"wp-block-heading\">Volume horaire<\/h3>\n\n\n\n<p>2 heures<\/p>\n\n\n\n<p><\/p>\n<\/div>\n\n\n\n<div class=\"wp-block-column is-layout-flow wp-block-column-is-layout-flow\">\n<figure class=\"wp-block-image aligncenter size-full is-resized\"><img loading=\"lazy\" decoding=\"async\" width=\"284\" height=\"178\" src=\"https:\/\/site.ac-martinique.fr\/lyc-fanon\/wp-content\/uploads\/sites\/138\/2024\/05\/Sans-titre-1.png\" alt=\"\" class=\"wp-image-1664\" style=\"width:284px;height:auto\"\/><\/figure>\n\n\n\n<h3 class=\"wp-block-heading\">P\u00e9riodicit\u00e9<\/h3>\n\n\n\n<p>hebdomadaire<\/p>\n<\/div>\n\n\n\n<div class=\"wp-block-column is-layout-flow wp-block-column-is-layout-flow\">\n<figure class=\"wp-block-image aligncenter size-full is-resized\"><img loading=\"lazy\" decoding=\"async\" width=\"259\" height=\"194\" src=\"https:\/\/site.ac-martinique.fr\/lyc-fanon\/wp-content\/uploads\/sites\/138\/2024\/05\/Sans-titre-2.jpeg\" alt=\"\" class=\"wp-image-1665\" style=\"width:238px;height:auto\"\/><\/figure>\n\n\n\n<h3 class=\"wp-block-heading\">Effectif maximum<\/h3>\n\n\n\n<p>20<\/p>\n<\/div>\n\n\n\n<div class=\"wp-block-column is-layout-flow wp-block-column-is-layout-flow\">\n<figure class=\"wp-block-image aligncenter size-full is-resized\"><img loading=\"lazy\" decoding=\"async\" width=\"225\" height=\"225\" src=\"https:\/\/site.ac-martinique.fr\/lyc-fanon\/wp-content\/uploads\/sites\/138\/2024\/05\/images.jpeg\" alt=\"\" class=\"wp-image-1666\" style=\"width:181px;height:auto\" srcset=\"https:\/\/site.ac-martinique.fr\/lyc-fanon\/wp-content\/uploads\/sites\/138\/2024\/05\/images.jpeg 225w, https:\/\/site.ac-martinique.fr\/lyc-fanon\/wp-content\/uploads\/sites\/138\/2024\/05\/images-150x150.jpeg 150w\" sizes=\"auto, (max-width: 225px) 100vw, 225px\" \/><\/figure>\n\n\n\n<h3 class=\"wp-block-heading\">Pourquoi choisir cette option?<\/h3>\n\n\n\n<p>Cette option permet d&rsquo;obtenir la mention \u00ab\u00a0<strong>Baccalaur\u00e9at- section europ\u00e9enne<\/strong>\u00a0\u00bb et la certifiction <strong>CERVANTES<\/strong><\/p>\n\n\n\n<p>Am\u00e9liorer la pratique de l\u2019espagnol \u00e0 l&rsquo;oral et sa culture g\u00e9n\u00e9rale et scientifique, d\u00e9couvrir les math\u00e9matiques diff\u00e9rement.<br>Voyage Erasmus dans le cursus de 3 ans.<\/p>\n<\/div>\n<\/div>\n<\/div>\n\n\n\n<div class=\"wp-block-group alignfull is-layout-flow wp-block-group-is-layout-flow\" style=\"border-style:none;border-width:0px;padding-right:var(--wp--preset--spacing--medium);padding-left:var(--wp--preset--spacing--medium)\">\n<h3 class=\"wp-block-heading has-large-font-size tw-heading-border-bottom has-small-font-size\">Th\u00e9matiques<\/h3>\n\n\n\n<div class=\"wp-block-columns is-layout-flex wp-container-core-columns-is-layout-d0b3c9c8 wp-block-columns-is-layout-flex\">\n<div class=\"wp-block-column is-layout-flow wp-block-column-is-layout-flow\">\n<div class=\"wp-block-columns is-layout-flex wp-container-core-columns-is-layout-d0b3c9c8 wp-block-columns-is-layout-flex\">\n<div class=\"wp-block-column is-layout-flow wp-block-column-is-layout-flow\">\n<p><strong>Maths et architecture<\/strong><\/p>\n\n\n\n<p><strong>Maths et d\u00e9veloppement durable<\/strong><\/p>\n\n\n\n<p><strong>Maths et histoire<\/strong> (en utilisant les connaissances sur les nombres, les fonctions, les suites, la g\u00e9om\u00e9trie, les statistiques, la probabilit\u00e9) .<\/p>\n\n\n\n<div class=\"wp-block-columns is-layout-flex wp-container-core-columns-is-layout-d0b3c9c8 wp-block-columns-is-layout-flex\">\n<div class=\"wp-block-column is-layout-flow wp-block-column-is-layout-flow\">\n<p><\/p>\n<\/div>\n<\/div>\n<\/div>\n\n\n\n<div class=\"wp-block-column is-layout-flow wp-block-column-is-layout-flow\">\n<p><strong>Maths et \u00e9conomie<\/strong><\/p>\n\n\n\n<p><strong>Maths et Arts<\/strong><\/p>\n<\/div>\n<\/div>\n<\/div>\n<\/div>\n<\/div>\n\n\n\n<hr class=\"wp-block-separator has-alpha-channel-opacity\"\/>\n\n\n\n<div data-wp-interactive=\"core\/file\" class=\"wp-block-file\"><object data-wp-bind--hidden=\"!state.hasPdfPreview\" hidden class=\"wp-block-file__embed\" data=\"https:\/\/site.ac-martinique.fr\/lyc-fanon\/wp-content\/uploads\/sites\/138\/2024\/02\/Section-europeenne-Fanon-2023.pdf\" type=\"application\/pdf\" style=\"width:100%;height:1013px\" aria-label=\"Contenu embarqu\u00e9 Section-europeenne-Fanon-2023.\"><\/object><a id=\"wp-block-file--media-a700e05c-6fe8-47dd-a6b9-80c7c69c155f\" href=\"https:\/\/site.ac-martinique.fr\/lyc-fanon\/wp-content\/uploads\/sites\/138\/2024\/02\/Section-europeenne-Fanon-2023.pdf\">Section-europeenne-Fanon-2023<\/a><\/div>\n\n\n\n<p class=\"has-text-align-center\"><strong><mark style=\"background-color:rgba(0, 0, 0, 0)\" class=\"has-inline-color has-secondary-color\">PR\u00c9SENTATION DE LA NOUVELLE SECTION DNL MATHS-ESPAGNOL<\/mark><\/strong><\/p>\n\n\n\n<center><iframe loading=\"lazy\" width=\"560\" height=\"315\" src=\"https:\/\/www.youtube.com\/embed\/922Rb3SlklQ?si=jj3u4dvdCaAiu6GP\" title=\"YouTube video player\" frameborder=\"0\" allow=\"accelerometer; autoplay; clipboard-write; encrypted-media; gyroscope; picture-in-picture; web-share\" referrerpolicy=\"strict-origin-when-cross-origin\" allowfullscreen><\/iframe><\/center>\n\n\n\n<div data-wp-interactive=\"core\/file\" class=\"wp-block-file\"><object data-wp-bind--hidden=\"!state.hasPdfPreview\" hidden class=\"wp-block-file__embed\" data=\"https:\/\/site.ac-martinique.fr\/lyc-fanon\/wp-content\/uploads\/sites\/138\/2024\/05\/fler-HARPIN-section-euro.pdf\" type=\"application\/pdf\" style=\"width:100%;height:600px\" aria-label=\"Contenu embarqu\u00e9 fler-HARPIN-section-euro.\"><\/object><a id=\"wp-block-file--media-ea404c1e-ef5c-4d2f-87ca-91bbb68660d9\" href=\"https:\/\/site.ac-martinique.fr\/lyc-fanon\/wp-content\/uploads\/sites\/138\/2024\/05\/fler-HARPIN-section-euro.pdf\">fler-HARPIN-section-euro<\/a><\/div>\n\n\n\n<center><iframe loading=\"lazy\" title=\"1h de DNL Maths Espagnol au Lyc\u00e9e Frantz FANON\" width=\"560\" height=\"315\" src=\"https:\/\/tube-action-educative.apps.education.fr\/videos\/embed\/0ed44e0f-8346-4353-8d9f-3b3343cdeda2\" frameborder=\"0\" allowfullscreen=\"\" sandbox=\"allow-same-origin allow-scripts allow-popups\"><\/iframe><\/center>\n\n\n\n<center><iframe loading=\"lazy\" title=\"Estoy en clase de DNL matem\u00e1ticas en LGT Frantz FANON, por supuesto que....\" width=\"560\" height=\"315\" src=\"https:\/\/tube-action-educative.apps.education.fr\/videos\/embed\/bd33cfac-498b-4945-8d85-b7f39b4f8438\" frameborder=\"0\" allowfullscreen=\"\" sandbox=\"allow-same-origin allow-scripts allow-popups\"><\/iframe><\/center>\n\n\n\n<p>Hola, \u00bfqu\u00e9 tal?<br>Tu aimes les langues, travailler diff\u00e9remment, en petit groupe, \u00e0 l&rsquo;oral, tu veux booster ton CV et tes admissions Parcoursup ? La section Europ\u00e9enne Espagnol du LGT F. FANON est faite pour toi \ud83c\uddea\ud83c\uddf8<br>D\u00e9couvre la culture, l&rsquo;art, l&rsquo;architecture et l&rsquo;histoire de l&rsquo;Espagne \u00e0 travers les Math\u00e9matiques (oui oui c&rsquo;est possible et en plus c&rsquo;est fun\ud83d\ude1c).<br>Plus d&rsquo;infos pour t&rsquo;inscrire dans le prochain post \u263a\ufe0f<\/p>\n\n\n\n<div data-wp-interactive=\"core\/file\" class=\"wp-block-file\"><object data-wp-bind--hidden=\"!state.hasPdfPreview\" hidden class=\"wp-block-file__embed\" data=\"https:\/\/site.ac-martinique.fr\/lyc-fanon\/wp-content\/uploads\/sites\/138\/2024\/03\/Section_Europeenne_Espagnol.pdf\" type=\"application\/pdf\" style=\"width:100%;height:1013px\" aria-label=\"Contenu embarqu\u00e9 Section_Europeenne_Espagnol.\"><\/object><a id=\"wp-block-file--media-d08f08d2-f9c3-4971-af07-7f723de0f01e\" href=\"https:\/\/site.ac-martinique.fr\/lyc-fanon\/wp-content\/uploads\/sites\/138\/2024\/03\/Section_Europeenne_Espagnol.pdf\">Section_Europeenne_Espagnol<\/a><a href=\"https:\/\/site.ac-martinique.fr\/lyc-fanon\/wp-content\/uploads\/sites\/138\/2024\/03\/Section_Europeenne_Espagnol.pdf\" class=\"wp-block-file__button wp-element-button\" download aria-describedby=\"wp-block-file--media-d08f08d2-f9c3-4971-af07-7f723de0f01e\">T\u00e9l\u00e9charger<\/a><\/div>\n\n\n\n<hr class=\"wp-block-separator has-alpha-channel-opacity\"\/>\n\n\n\n<div class=\"wp-block-group alignfull is-layout-flow wp-block-group-is-layout-flow\">\n<h2 class=\"wp-block-heading has-text-align-center\">Articles r\u00e9cents<\/h2>\n\n\n<ul class=\"wp-block-latest-posts__list is-grid columns-4 has-dates alignwide tw-mt-8 tw-heading-size-medium tw-stretched-link tw-img-ratio-16-9 wp-block-latest-posts\"><li><div class=\"wp-block-latest-posts__featured-image\"><a href=\"https:\/\/site.ac-martinique.fr\/lyc-fanon\/?p=1949\" aria-label=\"Les \u00e9l\u00e8ves de la section europ\u00e9enne font le compte rendu de leur voyage au Canada\"><img loading=\"lazy\" decoding=\"async\" width=\"950\" height=\"696\" src=\"https:\/\/site.ac-martinique.fr\/lyc-fanon\/wp-content\/uploads\/sites\/138\/2024\/05\/Voyage-scolaire-a-Montreal-avril-2024-4-1024x750.jpg\" class=\"attachment-large size-large wp-post-image\" alt=\"\" style=\"\" srcset=\"https:\/\/site.ac-martinique.fr\/lyc-fanon\/wp-content\/uploads\/sites\/138\/2024\/05\/Voyage-scolaire-a-Montreal-avril-2024-4-1024x750.jpg 1024w, https:\/\/site.ac-martinique.fr\/lyc-fanon\/wp-content\/uploads\/sites\/138\/2024\/05\/Voyage-scolaire-a-Montreal-avril-2024-4-300x220.jpg 300w, https:\/\/site.ac-martinique.fr\/lyc-fanon\/wp-content\/uploads\/sites\/138\/2024\/05\/Voyage-scolaire-a-Montreal-avril-2024-4.jpg 1386w\" sizes=\"auto, 100vw\" \/><\/a><\/div><a class=\"wp-block-latest-posts__post-title\" href=\"https:\/\/site.ac-martinique.fr\/lyc-fanon\/?p=1949\">Les \u00e9l\u00e8ves de la section europ\u00e9enne font le compte rendu de leur voyage au Canada<\/a><time datetime=\"2024-05-28T23:32:18-04:00\" class=\"wp-block-latest-posts__post-date\">28 mai 2024<\/time><\/li>\n<li><div class=\"wp-block-latest-posts__featured-image\"><a href=\"https:\/\/site.ac-martinique.fr\/lyc-fanon\/?p=1813\" aria-label=\"Voyage scolaire de la Section europ\u00e9enne du LGT Frantz FANON \u00e0 Montr\u00e9al\"><img loading=\"lazy\" decoding=\"async\" width=\"950\" height=\"713\" src=\"https:\/\/site.ac-martinique.fr\/lyc-fanon\/wp-content\/uploads\/sites\/138\/2024\/05\/Voyage-scolaire-a-Montreal-avril-2024-1024x768.jpg\" class=\"attachment-large size-large wp-post-image\" alt=\"\" style=\"\" srcset=\"https:\/\/site.ac-martinique.fr\/lyc-fanon\/wp-content\/uploads\/sites\/138\/2024\/05\/Voyage-scolaire-a-Montreal-avril-2024-1024x768.jpg 1024w, https:\/\/site.ac-martinique.fr\/lyc-fanon\/wp-content\/uploads\/sites\/138\/2024\/05\/Voyage-scolaire-a-Montreal-avril-2024-300x225.jpg 300w, https:\/\/site.ac-martinique.fr\/lyc-fanon\/wp-content\/uploads\/sites\/138\/2024\/05\/Voyage-scolaire-a-Montreal-avril-2024.jpg 1386w\" sizes=\"auto, 100vw\" \/><\/a><\/div><a class=\"wp-block-latest-posts__post-title\" href=\"https:\/\/site.ac-martinique.fr\/lyc-fanon\/?p=1813\">Voyage scolaire de la Section europ\u00e9enne du LGT Frantz FANON \u00e0 Montr\u00e9al<\/a><time datetime=\"2024-05-06T18:16:38-04:00\" class=\"wp-block-latest-posts__post-date\">6 mai 2024<\/time><\/li>\n<li><div class=\"wp-block-latest-posts__featured-image\"><a href=\"https:\/\/site.ac-martinique.fr\/lyc-fanon\/?p=730\" aria-label=\"La troupe \u00ab\u00a0th\u00e9\u00e2tre du h\u00e9ron\u00a0\u00bb au LGT\"><img loading=\"lazy\" decoding=\"async\" width=\"950\" height=\"428\" src=\"https:\/\/site.ac-martinique.fr\/lyc-fanon\/wp-content\/uploads\/sites\/138\/2024\/01\/626006f6-538e-4128-95c8-28730eb69d22-1024x461.jpg\" class=\"attachment-large size-large wp-post-image\" alt=\"\" style=\"\" srcset=\"https:\/\/site.ac-martinique.fr\/lyc-fanon\/wp-content\/uploads\/sites\/138\/2024\/01\/626006f6-538e-4128-95c8-28730eb69d22-1024x461.jpg 1024w, https:\/\/site.ac-martinique.fr\/lyc-fanon\/wp-content\/uploads\/sites\/138\/2024\/01\/626006f6-538e-4128-95c8-28730eb69d22-300x135.jpg 300w, https:\/\/site.ac-martinique.fr\/lyc-fanon\/wp-content\/uploads\/sites\/138\/2024\/01\/626006f6-538e-4128-95c8-28730eb69d22.jpg 1600w\" sizes=\"auto, 100vw\" \/><\/a><\/div><a class=\"wp-block-latest-posts__post-title\" href=\"https:\/\/site.ac-martinique.fr\/lyc-fanon\/?p=730\">La troupe \u00ab\u00a0th\u00e9\u00e2tre du h\u00e9ron\u00a0\u00bb au LGT<\/a><time datetime=\"2024-01-22T10:43:29-04:00\" class=\"wp-block-latest-posts__post-date\">22 janvier 2024<\/time><\/li>\n<\/ul><\/div>\n","protected":false},"excerpt":{"rendered":"<p>Pour int\u00e9grer la Section europ\u00e9enne en 2nde il est important de le signaler lors de l&rsquo;inscription et de compl\u00e9ter un dossier, afin de participer \u00e0 un entretien oral de s\u00e9lection. La DNL Histoire-g\u00e9ographie\/ anglais Volume horaire 2 heures (1 heure d&rsquo;Histoire-g\u00e9ographie en Anglais + 1 h de renforcement en Anglais) P\u00e9riodicit\u00e9 hebdomadaire Effectif maximum 20 &hellip; <\/p>\n<p class=\"link-more\"><a href=\"https:\/\/site.ac-martinique.fr\/lyc-fanon\/?page_id=1029\" class=\"more-link\">Lire la suite de<span class=\"screen-reader-text\">\u00ab\u00a0Section Europ\u00e9enne\u00a0\u00bb<\/span><\/a><\/p>\n","protected":false},"author":464,"featured_media":1686,"parent":0,"menu_order":0,"comment_status":"closed","ping_status":"closed","template":"","meta":{"inspiro_hide_title":false,"footnotes":""},"class_list":["post-1029","page","type-page","status-publish","has-post-thumbnail","hentry"],"_links":{"self":[{"href":"https:\/\/site.ac-martinique.fr\/lyc-fanon\/index.php?rest_route=\/wp\/v2\/pages\/1029","targetHints":{"allow":["GET"]}}],"collection":[{"href":"https:\/\/site.ac-martinique.fr\/lyc-fanon\/index.php?rest_route=\/wp\/v2\/pages"}],"about":[{"href":"https:\/\/site.ac-martinique.fr\/lyc-fanon\/index.php?rest_route=\/wp\/v2\/types\/page"}],"author":[{"embeddable":true,"href":"https:\/\/site.ac-martinique.fr\/lyc-fanon\/index.php?rest_route=\/wp\/v2\/users\/464"}],"replies":[{"embeddable":true,"href":"https:\/\/site.ac-martinique.fr\/lyc-fanon\/index.php?rest_route=%2Fwp%2Fv2%2Fcomments&post=1029"}],"version-history":[{"count":21,"href":"https:\/\/site.ac-martinique.fr\/lyc-fanon\/index.php?rest_route=\/wp\/v2\/pages\/1029\/revisions"}],"predecessor-version":[{"id":2523,"href":"https:\/\/site.ac-martinique.fr\/lyc-fanon\/index.php?rest_route=\/wp\/v2\/pages\/1029\/revisions\/2523"}],"wp:featuredmedia":[{"embeddable":true,"href":"https:\/\/site.ac-martinique.fr\/lyc-fanon\/index.php?rest_route=\/wp\/v2\/media\/1686"}],"wp:attachment":[{"href":"https:\/\/site.ac-martinique.fr\/lyc-fanon\/index.php?rest_route=%2Fwp%2Fv2%2Fmedia&parent=1029"}],"curies":[{"name":"wp","href":"https:\/\/api.w.org\/{rel}","templated":true}]}}