{"id":1050,"date":"2024-02-26T14:50:21","date_gmt":"2024-02-26T18:50:21","guid":{"rendered":"https:\/\/site.ac-martinique.fr\/lyc-fanon\/?page_id=1050"},"modified":"2025-02-22T12:22:51","modified_gmt":"2025-02-22T16:22:51","slug":"bts-commerce-international","status":"publish","type":"page","link":"https:\/\/site.ac-martinique.fr\/lyc-fanon\/?page_id=1050","title":{"rendered":"BTS Commerce International"},"content":{"rendered":"\n<center><iframe loading=\"lazy\" title=\"LGT Frantz FANON - BTS CI\" width=\"660\" height=\"415\" src=\"https:\/\/tube-action-educative.apps.education.fr\/videos\/embed\/24384398-56be-4594-a8a9-85a50b76da04\" frameborder=\"0\" allowfullscreen=\"\" sandbox=\"allow-same-origin allow-scripts allow-popups allow-forms\"><\/iframe><\/center>\n\n\n\n\n<p class=\"has-text-align-center\">Une \u00e9quipe renforc\u00e9e en relation \u00e9troite avec les op\u00e9rateurs du commerce International martiniquais, europ\u00e9ens et \u00e9trangers.<\/p>\n\n\n\n<p class=\"has-text-align-center\">Des \u00e9tudiants de toutes fili\u00e8res soucieux d\u2019avoir une formation commerciale ax\u00e9e sur l\u2019international<\/p>\n\n\n\n<p class=\"has-text-align-center\">Pour information compl\u00e9mentaire&nbsp;:<\/p>\n\n\n\n<center><a href=\"mailto:ce.9720350y@ac-martinique.fr\">ce.9720350y@ac-martinique.fr<\/a><\/center>\n<p>&nbsp;<\/p>\n\n\n\n<div data-wp-interactive=\"core\/file\" class=\"wp-block-file\"><object data-wp-bind--hidden=\"!state.hasPdfPreview\" hidden class=\"wp-block-file__embed\" data=\"https:\/\/site.ac-martinique.fr\/lyc-fanon\/wp-content\/uploads\/sites\/138\/2025\/02\/Brochure-bts-ci-v2-5.pdf\" type=\"application\/pdf\" style=\"width:100%;height:880px\" aria-label=\"Contenu embarqu\u00e9 Brochure bts ci v2.\"><\/object><a id=\"wp-block-file--media-da9b22e6-d696-4a52-bb5c-184061f6a40c\" href=\"https:\/\/site.ac-martinique.fr\/lyc-fanon\/wp-content\/uploads\/sites\/138\/2025\/02\/Brochure-bts-ci-v2-5.pdf\">Brochure bts ci v2<\/a><a href=\"https:\/\/site.ac-martinique.fr\/lyc-fanon\/wp-content\/uploads\/sites\/138\/2025\/02\/Brochure-bts-ci-v2-5.pdf\" class=\"wp-block-file__button wp-element-button\" download aria-describedby=\"wp-block-file--media-da9b22e6-d696-4a52-bb5c-184061f6a40c\">T\u00e9l\u00e9charger<\/a><\/div>\n\n\n\n<div class=\"wp-block-group alignfull is-layout-flow wp-block-group-is-layout-flow\">\n<h2 class=\"wp-block-heading has-text-align-center has-secondary-color has-text-color has-link-color wp-elements-cc695d917868bcdccbe8668543ddad79\">Le dipl\u00f4me<\/h2>\n<\/div>\n\n\n\n<p class=\"has-text-align-center\">Un dipl\u00f4me \u00e9labor\u00e9 en commun par 10 pays europ\u00e9ens<br>Un dipl\u00f4me permettant la mobilit\u00e9 des salari\u00e9s et des \u00e9tudiants en cours de formation<br>Une formation modulaire<br>Une formation valid\u00e9e pour partie en Contr\u00f4le en Cours de Formation<\/p>\n\n\n\n<div class=\"wp-block-group alignfull is-layout-flow wp-block-group-is-layout-flow\">\n<div class=\"wp-block-columns has-text-align-center tw-gutter-large is-layout-flex wp-container-core-columns-is-layout-d0b3c9c8 wp-block-columns-is-layout-flex\">\n<div class=\"wp-block-column is-vertically-aligned-top is-layout-flow wp-block-column-is-layout-flow\">\n<h3 class=\"wp-block-heading\" style=\"margin-top:0;margin-right:var(--wp--preset--spacing--medium);margin-bottom:0;margin-left:var(--wp--preset--spacing--medium)\">Un dipl\u00f4me construit en commun par 10 pays europ\u00e9ens c&rsquo;est \u00e0 dire :<\/h3>\n\n\n\n<ul class=\"wp-block-list\">\n<li>un m\u00eame profil professionnel,<\/li>\n\n\n\n<li>les m\u00eames comp\u00e9tences \u00e0 acqu\u00e9rir et \u00e0 valider<\/li>\n\n\n\n<li>un r\u00e9f\u00e9rentiel commun de certification.<\/li>\n<\/ul>\n<\/div>\n\n\n\n<div class=\"wp-block-column is-vertically-aligned-top is-layout-flow wp-block-column-is-layout-flow\">\n<h3 class=\"wp-block-heading\" style=\"margin-right:var(--wp--preset--spacing--medium);margin-left:var(--wp--preset--spacing--medium)\">Un dipl\u00f4me construit avec les partenaires professionnels dans chaque pays partenaire donc :<\/h3>\n\n\n\n<ul class=\"wp-block-list\">\n<li>un dipl\u00f4me adapt\u00e9 aux besoins des entreprises<\/li>\n\n\n\n<li>un dipl\u00f4me reconnu dans chaque pays<\/li>\n<\/ul>\n<\/div>\n<\/div>\n<\/div>\n\n\n\n<p class=\"has-text-align-center\">Ce dipl\u00f4me commun constitue une premi\u00e8re en Europe et permet une v\u00e9ritable mobilit\u00e9 professionnelle europ\u00e9enne pour les titulaires du dipl\u00f4me.<\/p>\n\n\n\n<p><\/p>\n\n\n\n<p><\/p>\n\n\n\n<div class=\"wp-block-group alignfull is-layout-flow wp-block-group-is-layout-flow\">\n<h2 class=\"wp-block-heading has-text-align-center has-secondary-color has-text-color has-link-color wp-elements-1e8e5d0cad860697482f75da9a723edc\">Le m\u00e9tier<\/h2>\n\n\n\n<p class=\"has-text-align-center\">Le titulaire d&rsquo;un BTS de commerce international contribue au d\u00e9veloppement international de l&rsquo;entreprise :<\/p>\n\n\n\n<div class=\"wp-block-columns tw-gutter-no tw-cols-card tw-cols-card-shadow tw-stretched-media is-layout-flex wp-container-core-columns-is-layout-d0b3c9c8 wp-block-columns-is-layout-flex\">\n<div class=\"wp-block-column is-layout-flow wp-block-column-is-layout-flow\" style=\"--col-width:25%;flex-basis:25%\">\n<ul class=\"wp-block-list\">\n<li>Il est charg\u00e9 de mettre en \u0153uvre les choix strat\u00e9giques.<\/li>\n<\/ul>\n<\/div>\n\n\n\n<div class=\"wp-block-column is-layout-flow wp-block-column-is-layout-flow\" style=\"--col-width:25%;flex-basis:25%\">\n<ul class=\"wp-block-list\">\n<li>Il doit mener une veille permanente sur les march\u00e9s afin de pr\u00e9parer les d\u00e9cisions commerciales.<\/li>\n<\/ul>\n<\/div>\n\n\n\n<div class=\"wp-block-column is-layout-flow wp-block-column-is-layout-flow\" style=\"--col-width:25%;flex-basis:25%\">\n<ul class=\"wp-block-list\">\n<li>Il prospecte \u00e0 l&rsquo;achat et \u00e0 la vente. Il \u00e9labore des offres adapt\u00e9es, vend et participe \u00e0 la n\u00e9gociation \u00e0 l&rsquo;achat.<\/li>\n<\/ul>\n<\/div>\n\n\n\n<div class=\"wp-block-column is-layout-flow wp-block-column-is-layout-flow\" style=\"--col-width:25%;flex-basis:25%\">\n<ul class=\"wp-block-list\">\n<li>Il assure le suivi administratif et commercial des ventes et des achats et coordonne les services supports et les prestataires ext\u00e9rieurs. Il exerce l&rsquo;ensemble de ces missions dans un contexte pluriculturel.<\/li>\n<\/ul>\n<\/div>\n<\/div>\n\n\n\n<p><\/p>\n\n\n\n<div class=\"wp-block-group has-global-padding is-layout-constrained wp-block-group-is-layout-constrained\">\n<div class=\"wp-block-group has-global-padding is-layout-constrained wp-block-group-is-layout-constrained\">\n<h2 class=\"wp-block-heading has-text-align-center has-secondary-color has-text-color has-link-color wp-elements-c5f0535de43d2bcb9dd0b85253b75027\">Le profil<\/h2>\n\n\n\n<ul class=\"wp-block-list\">\n<li>Ma\u00eetrise de plusieurs langues \u00e9trang\u00e8res<\/li>\n\n\n\n<li>Ouverture \u00e0 l&rsquo;interculturel<\/li>\n\n\n\n<li>Utilisation permanente des technologies de l&rsquo;information et de la communication<\/li>\n\n\n\n<li>Go\u00fbt de l&rsquo;action, dynamisme<\/li>\n\n\n\n<li>Autonomie et sens des responsabilit\u00e9s<\/li>\n<\/ul>\n\n\n\n<p><\/p>\n<\/div>\n\n\n\n<div class=\"wp-block-group has-global-padding is-layout-constrained wp-block-group-is-layout-constrained\">\n<div class=\"wp-block-group has-global-padding is-layout-constrained wp-block-group-is-layout-constrained\">\n<h2 class=\"wp-block-heading has-text-align-center has-secondary-color has-text-color has-link-color wp-elements-37c4937fe8804c9e7fbc3a51ca64203a\">La &nbsp;formation<\/h2>\n\n\n\n<p>Une formation modulaire permettant :<\/p>\n\n\n\n<ul class=\"wp-block-list\">\n<li>la mobilit\u00e9 des \u00e9tudiants au cours de leur formation au sein d&rsquo;\u00e9tablissements europ\u00e9ens partenaires, pr\u00e9parant le dipl\u00f4me commun. Un \u00e9tudiant peut suivre un ou plusieurs modules de formation \u00e0 l&rsquo;\u00e9tranger pendant son cursus<\/li>\n\n\n\n<li>la validation des modules de fa\u00e7on progressive par le Contr\u00f4le en Cours de Formation.<\/li>\n<\/ul>\n<\/div>\n<\/div>\n<\/div>\n<\/div>\n\n\n\n<p><\/p>\n\n\n\n<div class=\"wp-block-group alignfull is-layout-flow wp-block-group-is-layout-flow\">\n<div class=\"wp-block-group has-global-padding is-layout-constrained wp-block-group-is-layout-constrained\">\n<div class=\"wp-block-group has-global-padding is-layout-constrained wp-block-group-is-layout-constrained\">\n<div class=\"wp-block-group has-global-padding is-layout-constrained wp-block-group-is-layout-constrained\">\n<h2 class=\"wp-block-heading has-text-align-center has-secondary-color has-text-color has-link-color wp-elements-0b9e68342e4b77b5bef52ba6e8a4e9b5\">La validation des acquis<\/h2>\n\n\n\n<p class=\"has-text-align-left\"><br>Une grande partie des comp\u00e9tences professionnelles est valid\u00e9e en Cours de formation par l&rsquo;\u00e9tablissement assurant cette formation. Diff\u00e9rentes situations d&rsquo;\u00e9valuation sont propos\u00e9es au candidat au fur et \u00e0 mesure de l&rsquo;acquisition des comp\u00e9tences et permettent l&rsquo;obtention du module de formation correspondant.<br>Les enseignements g\u00e9n\u00e9raux et linguistiques font l&rsquo;objet d&rsquo;une validation par un examen terminal en fin de deuxi\u00e8me ann\u00e9e de BTS.<\/p>\n<\/div>\n<\/div>\n<\/div>\n\n\n\n<p><\/p>\n<\/div>\n\n\n\n<p><\/p>\n\n\n\n<div class=\"wp-block-group alignfull is-layout-flow wp-block-group-is-layout-flow\">\n<div class=\"wp-block-group has-global-padding is-layout-constrained wp-block-group-is-layout-constrained\">\n<div class=\"wp-block-group has-global-padding is-layout-constrained wp-block-group-is-layout-constrained\">\n<div class=\"wp-block-group has-global-padding is-layout-constrained wp-block-group-is-layout-constrained\">\n<h2 class=\"wp-block-heading has-text-align-center has-secondary-color has-text-color has-link-color wp-elements-c4b1a94010de17c38c6a4aa93bdd6588\">Des d\u00e9tails sur la formation<\/h2>\n\n\n\n<p><\/p>\n\n\n\n<p>Une formation g\u00e9n\u00e9rale, formation linguistique et formation technique s&rsquo;allient \u00e0 une pratique professionnelle en entreprise pour d\u00e9velopper les comp\u00e9tences n\u00e9cessaires \u00e0 la r\u00e9ussite.<\/p>\n\n\n\n<p><br><strong>Formation g\u00e9n\u00e9rale<\/strong><\/p>\n\n\n\n<ul class=\"wp-block-list\">\n<li><a href=\"http:\/\/www.melh.fr\/btsci\/formation-culturege.htm\">Culture et expression fran\u00e7aise<\/a><\/li>\n\n\n\n<li><a href=\"http:\/\/www.melh.fr\/btsci\/formation-env-eco.htm\">Environnement \u00e9conomique et juridique<\/a><\/li>\n<\/ul>\n\n\n\n<p><strong>Formation linguistique<\/strong><\/p>\n\n\n\n<ul class=\"wp-block-list\">\n<li>anglais, obligatoire<\/li>\n\n\n\n<li>&nbsp;une seconde langue obligatoire: espagnol<\/li>\n\n\n\n<li>une des deux langues est choisie comme langue de sp\u00e9cialit\u00e9<\/li>\n<\/ul>\n\n\n\n<p><strong>Formation technique<\/strong><\/p>\n\n\n\n<ul class=\"wp-block-list\">\n<li>\u00e9tudes et veille commerciales internationales<\/li>\n\n\n\n<li>informatique commerciale<\/li>\n\n\n\n<li>vente \u00e0 l&rsquo;export<\/li>\n\n\n\n<li>gestion des op\u00e9rations d&rsquo;import export<\/li>\n<\/ul>\n\n\n\n<p><strong>Pratique professionnelle<\/strong><\/p>\n\n\n\n<ul class=\"wp-block-list\">\n<li>stage de 2 \u00e0 3 mois \u00e0 l&rsquo;\u00e9tranger<\/li>\n\n\n\n<li>stage d&rsquo;1 mois minimum en France<\/li>\n\n\n\n<li>mission de prospection si possible<\/li>\n<\/ul>\n\n\n\n<p>Une formation modulaire permettant la mobilit\u00e9 et la validation progressive des acquis par le Contr\u00f4le en Cours de Formation<\/p>\n\n\n\n<p><strong>Une p\u00e9dagogie active<\/strong><\/p>\n\n\n\n<ul class=\"wp-block-list\">\n<li>suivi personnalis\u00e9<\/li>\n\n\n\n<li>projets interdisciplinaires<\/li>\n\n\n\n<li>collaboration permanente avec les milieux professionnels (visites d&rsquo;entreprises, voyages d&rsquo;\u00e9tudes \u00e0 l&rsquo;\u00e9tranger, mise en situation professionnelle, interventions de praticiens du commerce international<\/li>\n<\/ul>\n<\/div>\n<\/div>\n\n\n\n<p><\/p>\n\n\n\n<div class=\"wp-block-group has-global-padding is-layout-constrained wp-block-group-is-layout-constrained\">\n<div class=\"wp-block-group has-global-padding is-layout-constrained wp-block-group-is-layout-constrained\">\n<div class=\"wp-block-group alignfull is-layout-flow wp-block-group-is-layout-flow\">\n<h2 class=\"wp-block-heading has-text-align-center has-secondary-color has-text-color has-link-color wp-elements-9b5bee086c6c39518ff7bb363b63db91\">Horaires et organisation de la formation<\/h2>\n\n\n\n<div class=\"wp-block-columns alignwide tw-gutter-large is-layout-flex wp-container-core-columns-is-layout-d0b3c9c8 wp-block-columns-is-layout-flex\">\n<div class=\"wp-block-column is-vertically-aligned-top is-layout-flow wp-block-column-is-layout-flow\">\n<figure data-wp-context=\"{&quot;imageId&quot;:&quot;69e01291c58df&quot;}\" data-wp-interactive=\"core\/image\" data-wp-key=\"69e01291c58df\" class=\"wp-block-image size-large wp-lightbox-container\"><img loading=\"lazy\" decoding=\"async\" width=\"1024\" height=\"772\" data-wp-class--hide=\"state.isContentHidden\" data-wp-class--show=\"state.isContentVisible\" data-wp-init=\"callbacks.setButtonStyles\" data-wp-on--click=\"actions.showLightbox\" data-wp-on--load=\"callbacks.setButtonStyles\" data-wp-on-window--resize=\"callbacks.setButtonStyles\" src=\"https:\/\/site.ac-martinique.fr\/lyc-fanon\/wp-content\/uploads\/sites\/138\/2024\/03\/Capture-decran-2024-03-12-a-11.09.45-1024x772.png\" alt=\"\" class=\"wp-image-1186\" srcset=\"https:\/\/site.ac-martinique.fr\/lyc-fanon\/wp-content\/uploads\/sites\/138\/2024\/03\/Capture-decran-2024-03-12-a-11.09.45-1024x772.png 1024w, https:\/\/site.ac-martinique.fr\/lyc-fanon\/wp-content\/uploads\/sites\/138\/2024\/03\/Capture-decran-2024-03-12-a-11.09.45-300x226.png 300w, https:\/\/site.ac-martinique.fr\/lyc-fanon\/wp-content\/uploads\/sites\/138\/2024\/03\/Capture-decran-2024-03-12-a-11.09.45.png 1334w\" sizes=\"auto, (max-width: 1024px) 100vw, 1024px\" \/><button\n\t\t\tclass=\"lightbox-trigger\"\n\t\t\ttype=\"button\"\n\t\t\taria-haspopup=\"dialog\"\n\t\t\taria-label=\"Agrandir\"\n\t\t\tdata-wp-init=\"callbacks.initTriggerButton\"\n\t\t\tdata-wp-on--click=\"actions.showLightbox\"\n\t\t\tdata-wp-style--right=\"state.imageButtonRight\"\n\t\t\tdata-wp-style--top=\"state.imageButtonTop\"\n\t\t>\n\t\t\t<svg xmlns=\"http:\/\/www.w3.org\/2000\/svg\" width=\"12\" height=\"12\" fill=\"none\" viewBox=\"0 0 12 12\">\n\t\t\t\t<path fill=\"#fff\" d=\"M2 0a2 2 0 0 0-2 2v2h1.5V2a.5.5 0 0 1 .5-.5h2V0H2Zm2 10.5H2a.5.5 0 0 1-.5-.5V8H0v2a2 2 0 0 0 2 2h2v-1.5ZM8 12v-1.5h2a.5.5 0 0 0 .5-.5V8H12v2a2 2 0 0 1-2 2H8Zm2-12a2 2 0 0 1 2 2v2h-1.5V2a.5.5 0 0 0-.5-.5H8V0h2Z\" \/>\n\t\t\t<\/svg>\n\t\t<\/button><\/figure>\n<\/div>\n\n\n\n<div class=\"wp-block-column is-vertically-aligned-top is-layout-flow wp-block-column-is-layout-flow\">\n<figure data-wp-context=\"{&quot;imageId&quot;:&quot;69e01291c5cd5&quot;}\" data-wp-interactive=\"core\/image\" data-wp-key=\"69e01291c5cd5\" class=\"wp-block-image size-large wp-lightbox-container\"><img loading=\"lazy\" decoding=\"async\" width=\"1024\" height=\"861\" data-wp-class--hide=\"state.isContentHidden\" data-wp-class--show=\"state.isContentVisible\" data-wp-init=\"callbacks.setButtonStyles\" data-wp-on--click=\"actions.showLightbox\" data-wp-on--load=\"callbacks.setButtonStyles\" data-wp-on-window--resize=\"callbacks.setButtonStyles\" src=\"https:\/\/site.ac-martinique.fr\/lyc-fanon\/wp-content\/uploads\/sites\/138\/2024\/03\/Capture-decran-2024-03-12-a-11.13.53-1024x861.png\" alt=\"\" class=\"wp-image-1188\" srcset=\"https:\/\/site.ac-martinique.fr\/lyc-fanon\/wp-content\/uploads\/sites\/138\/2024\/03\/Capture-decran-2024-03-12-a-11.13.53-1024x861.png 1024w, https:\/\/site.ac-martinique.fr\/lyc-fanon\/wp-content\/uploads\/sites\/138\/2024\/03\/Capture-decran-2024-03-12-a-11.13.53-300x252.png 300w, https:\/\/site.ac-martinique.fr\/lyc-fanon\/wp-content\/uploads\/sites\/138\/2024\/03\/Capture-decran-2024-03-12-a-11.13.53.png 1298w\" sizes=\"auto, (max-width: 1024px) 100vw, 1024px\" \/><button\n\t\t\tclass=\"lightbox-trigger\"\n\t\t\ttype=\"button\"\n\t\t\taria-haspopup=\"dialog\"\n\t\t\taria-label=\"Agrandir\"\n\t\t\tdata-wp-init=\"callbacks.initTriggerButton\"\n\t\t\tdata-wp-on--click=\"actions.showLightbox\"\n\t\t\tdata-wp-style--right=\"state.imageButtonRight\"\n\t\t\tdata-wp-style--top=\"state.imageButtonTop\"\n\t\t>\n\t\t\t<svg xmlns=\"http:\/\/www.w3.org\/2000\/svg\" width=\"12\" height=\"12\" fill=\"none\" viewBox=\"0 0 12 12\">\n\t\t\t\t<path fill=\"#fff\" d=\"M2 0a2 2 0 0 0-2 2v2h1.5V2a.5.5 0 0 1 .5-.5h2V0H2Zm2 10.5H2a.5.5 0 0 1-.5-.5V8H0v2a2 2 0 0 0 2 2h2v-1.5ZM8 12v-1.5h2a.5.5 0 0 0 .5-.5V8H12v2a2 2 0 0 1-2 2H8Zm2-12a2 2 0 0 1 2 2v2h-1.5V2a.5.5 0 0 0-.5-.5H8V0h2Z\" \/>\n\t\t\t<\/svg>\n\t\t<\/button><\/figure>\n<\/div>\n<\/div>\n<\/div>\n<\/div>\n<\/div>\n<\/div>\n\n\n\n<h2 class=\"wp-block-heading has-text-align-center has-secondary-color has-text-color has-link-color wp-elements-4a69792ab45cd82788f2980fdf7a18b9\">Vid\u00e9o de pr\u00e9sentation<\/h2>\n<\/div>\n\n\n\n<div class=\"wp-block-group alignfull is-layout-flow wp-block-group-is-layout-flow\">\n<center><iframe loading=\"lazy\" width=\"560\" height=\"315\" src=\"https:\/\/www.youtube.com\/embed\/Xlj-m-Ai8Rc?si=GaHuu8uOle795WHk&amp;controls=0\" title=\"YouTube video player\" frameborder=\"0\" allow=\"accelerometer; autoplay; clipboard-write; encrypted-media; gyroscope; picture-in-picture; web-share\" referrerpolicy=\"strict-origin-when-cross-origin\" allowfullscreen><\/iframe><\/center>\n<\/div>\n\n\n\n<hr class=\"wp-block-separator has-alpha-channel-opacity\"\/>\n\n\n\n<div class=\"wp-block-group alignfull is-layout-flow wp-block-group-is-layout-flow\">\n<h2 class=\"wp-block-heading has-text-align-center\">Articles r\u00e9cents<\/h2>\n\n\n<ul class=\"wp-block-latest-posts__list is-grid columns-2 has-dates has-link-color alignwide tw-mt-8 tw-heading-size-medium tw-stretched-link tw-img-ratio-16-9 is-style-tw-posts-card wp-elements-d1d25d026e1c14c4281cf8eac3a4b4e2 wp-block-latest-posts\"><li><div class=\"wp-block-latest-posts__featured-image\"><a href=\"https:\/\/site.ac-martinique.fr\/lyc-fanon\/?p=2714\" aria-label=\"Des \u00e9tudiants du BTS Commerce International en visite \u00e0 La Conserverie Cr\u00e9ole !\"><img loading=\"lazy\" decoding=\"async\" width=\"950\" height=\"713\" src=\"https:\/\/site.ac-martinique.fr\/lyc-fanon\/wp-content\/uploads\/sites\/138\/2025\/03\/La-CC1-1024x768.jpg\" class=\"attachment-large size-large wp-post-image\" alt=\"\" style=\"\" srcset=\"https:\/\/site.ac-martinique.fr\/lyc-fanon\/wp-content\/uploads\/sites\/138\/2025\/03\/La-CC1-1024x768.jpg 1024w, https:\/\/site.ac-martinique.fr\/lyc-fanon\/wp-content\/uploads\/sites\/138\/2025\/03\/La-CC1-300x225.jpg 300w, https:\/\/site.ac-martinique.fr\/lyc-fanon\/wp-content\/uploads\/sites\/138\/2025\/03\/La-CC1.jpg 1600w\" sizes=\"auto, 100vw\" \/><\/a><\/div><a class=\"wp-block-latest-posts__post-title\" href=\"https:\/\/site.ac-martinique.fr\/lyc-fanon\/?p=2714\">Des \u00e9tudiants du BTS Commerce International en visite \u00e0 La Conserverie Cr\u00e9ole !<\/a><time datetime=\"2025-03-24T09:08:40-04:00\" class=\"wp-block-latest-posts__post-date\">24 mars 2025<\/time><\/li>\n<li><div class=\"wp-block-latest-posts__featured-image\"><a href=\"https:\/\/site.ac-martinique.fr\/lyc-fanon\/?p=2653\" aria-label=\"Les BTS CI ont accueilli M. Eddy MARAJO !\"><img loading=\"lazy\" decoding=\"async\" width=\"950\" height=\"713\" src=\"https:\/\/site.ac-martinique.fr\/lyc-fanon\/wp-content\/uploads\/sites\/138\/2025\/02\/Photos-rencontre-Eddy-MARAJO-1024x768.jpg\" class=\"attachment-large size-large wp-post-image\" alt=\"\" style=\"\" srcset=\"https:\/\/site.ac-martinique.fr\/lyc-fanon\/wp-content\/uploads\/sites\/138\/2025\/02\/Photos-rencontre-Eddy-MARAJO-1024x768.jpg 1024w, https:\/\/site.ac-martinique.fr\/lyc-fanon\/wp-content\/uploads\/sites\/138\/2025\/02\/Photos-rencontre-Eddy-MARAJO-300x225.jpg 300w, https:\/\/site.ac-martinique.fr\/lyc-fanon\/wp-content\/uploads\/sites\/138\/2025\/02\/Photos-rencontre-Eddy-MARAJO.jpg 1600w\" sizes=\"auto, 100vw\" \/><\/a><\/div><a class=\"wp-block-latest-posts__post-title\" href=\"https:\/\/site.ac-martinique.fr\/lyc-fanon\/?p=2653\">Les BTS CI ont accueilli M. Eddy MARAJO !<\/a><time datetime=\"2025-02-12T16:15:01-04:00\" class=\"wp-block-latest-posts__post-date\">12 f\u00e9vrier 2025<\/time><\/li>\n<li><div class=\"wp-block-latest-posts__featured-image\"><a href=\"https:\/\/site.ac-martinique.fr\/lyc-fanon\/?p=1301\" aria-label=\"Les \u00e9tudiants de BTS CI travaillent \u00e0 promouvoir leur fili\u00e8re !\"><img loading=\"lazy\" decoding=\"async\" width=\"768\" height=\"1024\" src=\"https:\/\/site.ac-martinique.fr\/lyc-fanon\/wp-content\/uploads\/sites\/138\/2024\/03\/PXL_20240312_143928561-768x1024.jpg\" class=\"attachment-large size-large wp-post-image\" alt=\"\" style=\"\" srcset=\"https:\/\/site.ac-martinique.fr\/lyc-fanon\/wp-content\/uploads\/sites\/138\/2024\/03\/PXL_20240312_143928561-768x1024.jpg 768w, https:\/\/site.ac-martinique.fr\/lyc-fanon\/wp-content\/uploads\/sites\/138\/2024\/03\/PXL_20240312_143928561-225x300.jpg 225w, https:\/\/site.ac-martinique.fr\/lyc-fanon\/wp-content\/uploads\/sites\/138\/2024\/03\/PXL_20240312_143928561-2000x2667.jpg 2000w, https:\/\/site.ac-martinique.fr\/lyc-fanon\/wp-content\/uploads\/sites\/138\/2024\/03\/PXL_20240312_143928561-scaled.jpg 1920w\" sizes=\"auto, 100vw\" \/><\/a><\/div><a class=\"wp-block-latest-posts__post-title\" href=\"https:\/\/site.ac-martinique.fr\/lyc-fanon\/?p=1301\">Les \u00e9tudiants de BTS CI travaillent \u00e0 promouvoir leur fili\u00e8re !<\/a><time datetime=\"2024-03-21T20:31:00-04:00\" class=\"wp-block-latest-posts__post-date\">21 mars 2024<\/time><\/li>\n<\/ul><\/div>\n","protected":false},"excerpt":{"rendered":"<p>Une \u00e9quipe renforc\u00e9e en relation \u00e9troite avec les op\u00e9rateurs du commerce International martiniquais, europ\u00e9ens et \u00e9trangers. Des \u00e9tudiants de toutes fili\u00e8res soucieux d\u2019avoir une formation commerciale ax\u00e9e sur l\u2019international Pour information compl\u00e9mentaire&nbsp;: ce.9720350y@ac-martinique.fr &nbsp; Le dipl\u00f4me Un dipl\u00f4me \u00e9labor\u00e9 en commun par 10 pays europ\u00e9ensUn dipl\u00f4me permettant la mobilit\u00e9 des salari\u00e9s et des \u00e9tudiants en &hellip; <\/p>\n<p class=\"link-more\"><a href=\"https:\/\/site.ac-martinique.fr\/lyc-fanon\/?page_id=1050\" class=\"more-link\">Lire la suite de<span class=\"screen-reader-text\">\u00ab\u00a0BTS Commerce International\u00a0\u00bb<\/span><\/a><\/p>\n","protected":false},"author":464,"featured_media":0,"parent":0,"menu_order":0,"comment_status":"closed","ping_status":"closed","template":"","meta":{"inspiro_hide_title":false,"footnotes":""},"class_list":["post-1050","page","type-page","status-publish","hentry"],"_links":{"self":[{"href":"https:\/\/site.ac-martinique.fr\/lyc-fanon\/index.php?rest_route=\/wp\/v2\/pages\/1050","targetHints":{"allow":["GET"]}}],"collection":[{"href":"https:\/\/site.ac-martinique.fr\/lyc-fanon\/index.php?rest_route=\/wp\/v2\/pages"}],"about":[{"href":"https:\/\/site.ac-martinique.fr\/lyc-fanon\/index.php?rest_route=\/wp\/v2\/types\/page"}],"author":[{"embeddable":true,"href":"https:\/\/site.ac-martinique.fr\/lyc-fanon\/index.php?rest_route=\/wp\/v2\/users\/464"}],"replies":[{"embeddable":true,"href":"https:\/\/site.ac-martinique.fr\/lyc-fanon\/index.php?rest_route=%2Fwp%2Fv2%2Fcomments&post=1050"}],"version-history":[{"count":26,"href":"https:\/\/site.ac-martinique.fr\/lyc-fanon\/index.php?rest_route=\/wp\/v2\/pages\/1050\/revisions"}],"predecessor-version":[{"id":2669,"href":"https:\/\/site.ac-martinique.fr\/lyc-fanon\/index.php?rest_route=\/wp\/v2\/pages\/1050\/revisions\/2669"}],"wp:attachment":[{"href":"https:\/\/site.ac-martinique.fr\/lyc-fanon\/index.php?rest_route=%2Fwp%2Fv2%2Fmedia&parent=1050"}],"curies":[{"name":"wp","href":"https:\/\/api.w.org\/{rel}","templated":true}]}}