{"id":1053,"date":"2024-02-26T14:55:12","date_gmt":"2024-02-26T18:55:12","guid":{"rendered":"https:\/\/site.ac-martinique.fr\/lyc-fanon\/?page_id=1053"},"modified":"2025-02-22T12:24:46","modified_gmt":"2025-02-22T16:24:46","slug":"bts-ciel-option-electronique-et-reseaux","status":"publish","type":"page","link":"https:\/\/site.ac-martinique.fr\/lyc-fanon\/?page_id=1053","title":{"rendered":"BTS CIEL option \u00c9lectronique et R\u00e9seaux"},"content":{"rendered":"\n<center><iframe loading=\"lazy\" title=\"LGT Frantz FANON - BTS CIEL\" width=\"660\" height=\"415\" src=\"https:\/\/tube-action-educative.apps.education.fr\/videos\/embed\/5078fa07-e828-45c5-997f-eb60c7aa0924\" frameborder=\"0\" allowfullscreen=\"\" sandbox=\"allow-same-origin allow-scripts allow-popups allow-forms\"><\/iframe><\/center>\n\n\n\n<h2 class=\"wp-block-heading has-text-align-center has-secondary-color has-text-color has-link-color wp-elements-11719879b2c4a93f203d7f8c1f15dd99\" style=\"font-style:normal;font-weight:200;text-transform:uppercase\"><em><strong>pr\u00e9sentation de la fili\u00e8re <\/strong><\/em><\/h2>\n\n\n\n<div data-wp-interactive=\"core\/file\" class=\"wp-block-file\"><object data-wp-bind--hidden=\"!state.hasPdfPreview\" hidden class=\"wp-block-file__embed\" data=\"https:\/\/site.ac-martinique.fr\/lyc-fanon\/wp-content\/uploads\/sites\/138\/2024\/12\/Prospectus-BTS-CIEL.pdf\" type=\"application\/pdf\" style=\"width:100%;height:600px\" aria-label=\"Contenu embarqu\u00e9 Prospectus BTS CIEL.\"><\/object><a id=\"wp-block-file--media-b75a3afd-8e78-4a2c-b5a7-f0447268e12f\" href=\"https:\/\/site.ac-martinique.fr\/lyc-fanon\/wp-content\/uploads\/sites\/138\/2024\/12\/Prospectus-BTS-CIEL.pdf\">Prospectus BTS CIEL<\/a><a href=\"https:\/\/site.ac-martinique.fr\/lyc-fanon\/wp-content\/uploads\/sites\/138\/2024\/12\/Prospectus-BTS-CIEL.pdf\" class=\"wp-block-file__button wp-element-button\" download aria-describedby=\"wp-block-file--media-b75a3afd-8e78-4a2c-b5a7-f0447268e12f\">T\u00e9l\u00e9charger<\/a><\/div>\n\n\n\n<hr class=\"wp-block-separator has-alpha-channel-opacity\"\/>\n\n\n\n<div class=\"wp-block-group alignfull is-layout-flow wp-block-group-is-layout-flow\">\n<h2 class=\"wp-block-heading has-text-align-center\">Articles r\u00e9cents<\/h2>\n\n\n<ul class=\"wp-block-latest-posts__list is-grid columns-4 has-dates has-link-color alignwide tw-heading-size-small tw-stretched-link tw-img-ratio-16-9 is-style-tw-posts-card wp-elements-2ed82db85d3f6e55be8ad821f4bbf6b4 wp-block-latest-posts\"><li><div class=\"wp-block-latest-posts__featured-image\"><a href=\"https:\/\/site.ac-martinique.fr\/lyc-fanon\/?p=3411\" aria-label=\"Rencontre Professionnelle : Un Stage Dating Innovant entre BTS SP3S et CIEL\"><img loading=\"lazy\" decoding=\"async\" width=\"407\" height=\"346\" src=\"https:\/\/site.ac-martinique.fr\/lyc-fanon\/wp-content\/uploads\/sites\/138\/2026\/03\/Picture3-1.png\" class=\"attachment-large size-large wp-post-image\" alt=\"\" style=\"\" srcset=\"https:\/\/site.ac-martinique.fr\/lyc-fanon\/wp-content\/uploads\/sites\/138\/2026\/03\/Picture3-1.png 407w, https:\/\/site.ac-martinique.fr\/lyc-fanon\/wp-content\/uploads\/sites\/138\/2026\/03\/Picture3-1-300x255.png 300w\" sizes=\"auto, 100vw\" \/><\/a><\/div><a class=\"wp-block-latest-posts__post-title\" href=\"https:\/\/site.ac-martinique.fr\/lyc-fanon\/?p=3411\">Rencontre Professionnelle : Un Stage Dating Innovant entre BTS SP3S et CIEL<\/a><time datetime=\"2026-03-16T09:41:35-04:00\" class=\"wp-block-latest-posts__post-date\">16 mars 2026<\/time><\/li>\n<\/ul><\/div>\n\n\n\n<div class=\"wp-block-group alignfull is-layout-flow wp-block-group-is-layout-flow\"><\/div>\n","protected":false},"excerpt":{"rendered":"<p>pr\u00e9sentation de la fili\u00e8re Articles r\u00e9cents<\/p>\n","protected":false},"author":464,"featured_media":0,"parent":0,"menu_order":0,"comment_status":"closed","ping_status":"closed","template":"","meta":{"inspiro_hide_title":false,"footnotes":""},"class_list":["post-1053","page","type-page","status-publish","hentry"],"_links":{"self":[{"href":"https:\/\/site.ac-martinique.fr\/lyc-fanon\/index.php?rest_route=\/wp\/v2\/pages\/1053","targetHints":{"allow":["GET"]}}],"collection":[{"href":"https:\/\/site.ac-martinique.fr\/lyc-fanon\/index.php?rest_route=\/wp\/v2\/pages"}],"about":[{"href":"https:\/\/site.ac-martinique.fr\/lyc-fanon\/index.php?rest_route=\/wp\/v2\/types\/page"}],"author":[{"embeddable":true,"href":"https:\/\/site.ac-martinique.fr\/lyc-fanon\/index.php?rest_route=\/wp\/v2\/users\/464"}],"replies":[{"embeddable":true,"href":"https:\/\/site.ac-martinique.fr\/lyc-fanon\/index.php?rest_route=%2Fwp%2Fv2%2Fcomments&post=1053"}],"version-history":[{"count":7,"href":"https:\/\/site.ac-martinique.fr\/lyc-fanon\/index.php?rest_route=\/wp\/v2\/pages\/1053\/revisions"}],"predecessor-version":[{"id":2671,"href":"https:\/\/site.ac-martinique.fr\/lyc-fanon\/index.php?rest_route=\/wp\/v2\/pages\/1053\/revisions\/2671"}],"wp:attachment":[{"href":"https:\/\/site.ac-martinique.fr\/lyc-fanon\/index.php?rest_route=%2Fwp%2Fv2%2Fmedia&parent=1053"}],"curies":[{"name":"wp","href":"https:\/\/api.w.org\/{rel}","templated":true}]}}