{"id":1232,"date":"2024-03-17T13:56:13","date_gmt":"2024-03-17T17:56:13","guid":{"rendered":"https:\/\/site.ac-martinique.fr\/lyc-fanon\/?page_id=1232"},"modified":"2025-02-22T12:35:51","modified_gmt":"2025-02-22T16:35:51","slug":"classes-preparatoires-aux-grandes-ecoles","status":"publish","type":"page","link":"https:\/\/site.ac-martinique.fr\/lyc-fanon\/?page_id=1232","title":{"rendered":"Classes Pr\u00e9paratoires aux Grandes \u00c9coles"},"content":{"rendered":"\n<center><iframe loading=\"lazy\" title=\"LGT Frantz FANON - PREPA ECT\" width=\"660\" height=\"415\" src=\"https:\/\/tube-action-educative.apps.education.fr\/videos\/embed\/c62260d9-54e7-423a-9664-0c2c809f75e2\" frameborder=\"0\" allowfullscreen=\"\" sandbox=\"allow-same-origin allow-scripts allow-popups allow-forms\"><\/iframe><\/center><br \/><center><iframe loading=\"lazy\" title=\"LGT Frantz FANON - PREPA ECP\" width=\"660\" height=\"415\" src=\"https:\/\/tube-action-educative.apps.education.fr\/videos\/embed\/d5eeb9de-222c-4220-9940-976e99533487\" frameborder=\"0\" allowfullscreen=\"\" sandbox=\"allow-same-origin allow-scripts allow-popups allow-forms\"><\/iframe><\/center>\n\n\n\n<p class=\"has-text-align-center tw-block-animation tw-animation-fade-in-up\"><br>EN ROUTE VERS L\u2019excellence \u2026<\/p>\n\n\n\n<p><strong><em>Pour les \u00e9l\u00e8ves de Terminale STMG<\/em> <\/strong>(toutes sp\u00e9cialit\u00e9s confondues), il existe une <strong><em>formation d\u2019excellence<\/em><\/strong> ouverte au lyc\u00e9e Frantz FANON \u00e0 Trinit\u00e9, depuis la rentr\u00e9e 2008.<\/p>\n\n\n\n<p><strong><em>INT\u00c9R\u00caT DE LA CLASSE PR\u00c9PA ECT DE TRINIT\u00c9<\/em><\/strong><\/p>\n\n\n\n<p>&#8211; B\u00e9n\u00e9ficier d\u2019une formation de qualit\u00e9 sur place<br>&#8211; S\u2019\u00e9panouir dans des classes \u00e0 effectif raisonnable (en moyenne 20 \u00e9l\u00e8ves)<br>&#8211; Se pr\u00e9parer aux diff\u00e9rents concours d\u2019entr\u00e9e dans les Grandes \u00c9coles<br>&#8211; B\u00e9n\u00e9ficier d\u2019une \u00e9quivalence universitaire<br>&#8211; B\u00e9n\u00e9ficier d\u2019un internat<\/p>\n\n\n\n<p><strong><em>LA FORMATION<\/em><\/strong><\/p>\n\n\n\n<p><strong>Qualit\u00e9s requises <\/strong>: <br>&#8211; investissement personnel important avec<br>&#8211; une bonne motivation<br>&#8211; une solide capacit\u00e9 de travail<br>&#8211; une grande curiosit\u00e9 intellectuelle<br>&#8211; une bonne organisation personnelle<br>&#8211; le sens des responsabilit\u00e9s<br>&#8211; l\u2019esprit d\u2019initiative<br>&#8211; ne pas avoir de points faibles<\/p>\n\n\n\n<p><br>Une formation \u00e9quilibr\u00e9e articul\u00e9e autour de deux p\u00f4les :<br>&nbsp; &nbsp;<strong>un p\u00f4le culture g\u00e9n\u00e9rale <\/strong>(15h)<br>&nbsp;&nbsp;&nbsp;&nbsp;&nbsp;&nbsp;&nbsp;&nbsp;&nbsp;&nbsp;&nbsp;&nbsp; &#8211; une formation litt\u00e9raire et philosophique (culture g\u00e9n\u00e9rale : 6h)<br>&nbsp;&nbsp;&nbsp;&nbsp;&nbsp;&nbsp;&nbsp;&nbsp;&nbsp;&nbsp;&nbsp;&nbsp; &#8211; une formation linguistique (anglais et espagnol : 9h)<br>&nbsp; &nbsp;<strong>un p\u00f4le technologique <\/strong>(17h) :<br>&nbsp;&nbsp;&nbsp;&nbsp;&nbsp;&nbsp;&nbsp;&nbsp;&nbsp;&nbsp;&nbsp;&nbsp; &#8211; \u00e9conomie (3h)<br>&nbsp;&nbsp;&nbsp;&nbsp;&nbsp;&nbsp;&nbsp;&nbsp;&nbsp;&nbsp;&nbsp;&nbsp; &#8211; droit (3h)<br>&nbsp;&nbsp;&nbsp;&nbsp;&nbsp;&nbsp;&nbsp;&nbsp;&nbsp;&nbsp;&nbsp;&nbsp; &#8211; management (5h)<br>&nbsp;&nbsp;&nbsp;&nbsp;&nbsp;&nbsp;&nbsp;&nbsp;&nbsp;&nbsp;&nbsp;&nbsp; &#8211; math\u00e9matiques (6h)<br>&nbsp; &nbsp;&nbsp;&nbsp;&nbsp;&nbsp;&nbsp;&nbsp;&nbsp;&nbsp; plus 2h d\u2019EPS<\/p>\n\n\n\n<p>Un travail tr\u00e8s suivi et tr\u00e8s encadr\u00e9<br>&#8211; pr\u00e9sence obligatoire aux cours<br>&#8211; interrogations orales hebdomadaires dans toutes les disciplines<br>&#8211; un devoir surveill\u00e9 par semaine, en dehors des temps de cours (le samedi)<br><br>Cette organisation permet aux \u00e9tudiants de consolider leurs acquis dans les disciplines de l\u2019entreprise et de renforcer leur culture g\u00e9n\u00e9rale indispensable \u00e0 la carri\u00e8re d\u2019un futur cadre<\/p>\n\n\n\n<p><em><strong>LES \u00c9COLES ET LES D\u00c9BOUCHES<\/strong><\/em><\/p>\n\n\n\n<p>La classe pr\u00e9pa ECT pr\u00e9pare aux concours d\u2019entr\u00e9e dans les Grandes \u00c9coles de Commerce, de Gestion et de Management telles que :<br>&#8211; HEC, ESCP, ESSEC \u2026 (les parisiennes)<br>&#8211; les ESC (Ecole Sup\u00e9rieure de Commerce) de Province<\/p>\n\n\n\n<p>\u2022 <strong>Les \u00e9coles,<\/strong> une formation en 3 ans aux diff\u00e9rentes fonctions de l\u2019entreprise :<br>&#8211; gestion<br>&#8211; audit<br>&#8211; marketing<br>&#8211; finances<br>&#8211; ressources humaines \u2026<\/p>\n\n\n\n<p>\u2022 <strong>Les d\u00e9bouch\u00e9s,<\/strong> dans de multiples secteurs :<br>&#8211; tertiaire ou secondaire<br>&#8211; audit<br>&#8211; expertise comptable<br>&#8211; marketing et vente<br>&#8211; nouvelles technologies<br>&#8211; management de la culture<br>&#8211; organisations humanitaires<\/p>\n\n\n\n<p>\u2022 <strong>Les m\u00e9tiers <\/strong>:<br>&#8211; <strong><em>cadres commerciaux <\/em><\/strong>(chef de produit, responsable export, responsable logistique, cadre de la grande distribution, \u2026)<br>&#8211; <strong><em>cadres financiers <\/em><\/strong>(responsables financiers, audit, contr\u00f4leur de gestion, cadre bancaire, \u2026)<br>&#8211; <strong><em>cadres administratifs <\/em><\/strong>(responsable administratif , responsable des ressources humaines, \u2026)<\/p>\n\n\n\n<p class=\"has-text-align-center\"><strong><em>ADMISSIONS<\/em><\/strong><\/p>\n\n\n\n<p><br>La demande d\u2019admission se fait par internet \u00e0 l\u2019adresse suivante&nbsp;: <a href=\"http:\/\/www.admission-postbac.fr\">http:\/\/www.admission-postbac.fr<\/a><\/p>\n\n\n\n<p>Puis la s\u00e9lection se fait sur dossier \u00e0 partir des notes et appr\u00e9ciations des professeurs de Premi\u00e8re et de Terminale<\/p>\n\n\n\n<p><strong><em><a href=\"https:\/\/www.lgtfrantzfanon.site\/www.cpgeect-martinique.org\">SITE ET PLATEFORME DE TRAVAIL :<\/a><\/em><\/strong><\/p>\n\n\n\n<p>www.cpgeect-martinique.org<\/p>\n\n\n\n<p><strong><em>POUR TOUTE INFORMATION COMPL\u00c9MENTAIRE,<\/em><\/strong> contacter&nbsp;:<br><strong>Muriel FRANCIL&nbsp;<\/strong>: professeur de math\u00e9matiques et coordonnatrice de la classe : <a href=\"mailto:muriel.francil@orange.fr\">muriel.francil@orange.fr<\/a><\/p>\n\n\n\n<p><strong>Nicolas TERRAL&nbsp;<\/strong>: professeur management et sciences de gestion : <a href=\"mailto:nicolas.terral@hotmail.fr\">nicolas.terral@hotmail.fr<\/a><\/p>\n\n\n\n<h2 class=\"wp-block-heading has-text-align-center has-secondary-color has-text-color has-link-color wp-elements-4a69792ab45cd82788f2980fdf7a18b9\">Vid\u00e9o de pr\u00e9sentation<\/h2>\n\n\n\n<center><iframe loading=\"lazy\" width=\"560\" height=\"315\" src=\"https:\/\/www.youtube.com\/embed\/ynvPaPuSzKI?si=e6eWfZEl9JbUTXG4&amp;controls=0\" title=\"YouTube video player\" frameborder=\"0\" allow=\"accelerometer; autoplay; clipboard-write; encrypted-media; gyroscope; picture-in-picture; web-share\" referrerpolicy=\"strict-origin-when-cross-origin\" allowfullscreen><\/iframe><\/center>\n\n\n\n<div data-wp-interactive=\"core\/file\" class=\"wp-block-file\"><object data-wp-bind--hidden=\"!state.hasPdfPreview\" hidden class=\"wp-block-file__embed\" data=\"https:\/\/site.ac-martinique.fr\/lyc-fanon\/wp-content\/uploads\/sites\/138\/2025\/01\/Plaquette-CPGE-ECT-FF1.pdf\" type=\"application\/pdf\" style=\"width:100%;height:750px\" aria-label=\"Contenu embarqu\u00e9 Plaquette CPGE ECT FF1.\"><\/object><a id=\"wp-block-file--media-c1dff0fd-2516-4199-b21e-5ddd96789c56\" href=\"https:\/\/site.ac-martinique.fr\/lyc-fanon\/wp-content\/uploads\/sites\/138\/2025\/01\/Plaquette-CPGE-ECT-FF1.pdf\">Plaquette CPGE ECT FF1<\/a><a href=\"https:\/\/site.ac-martinique.fr\/lyc-fanon\/wp-content\/uploads\/sites\/138\/2025\/01\/Plaquette-CPGE-ECT-FF1.pdf\" class=\"wp-block-file__button wp-element-button\" download aria-describedby=\"wp-block-file--media-c1dff0fd-2516-4199-b21e-5ddd96789c56\">T\u00e9l\u00e9charger<\/a><\/div>\n\n\n\n<p>La CPGE ECP est accessible aux bacheliers professionnels de sp\u00e9cialit\u00e9s tertiaires. La formation dure 3 ans.<\/p>\n\n\n\n<div data-wp-interactive=\"core\/file\" class=\"wp-block-file\"><object data-wp-bind--hidden=\"!state.hasPdfPreview\" hidden class=\"wp-block-file__embed\" data=\"https:\/\/site.ac-martinique.fr\/lyc-fanon\/wp-content\/uploads\/sites\/138\/2025\/01\/Plaquette-CPGE-ECP-FF1.pdf\" type=\"application\/pdf\" style=\"width:100%;height:750px\" aria-label=\"Contenu embarqu\u00e9 Plaquette CPGE ECP FF1.\"><\/object><a id=\"wp-block-file--media-c09b045c-83bc-47dd-b087-ed66bc859f03\" href=\"https:\/\/site.ac-martinique.fr\/lyc-fanon\/wp-content\/uploads\/sites\/138\/2025\/01\/Plaquette-CPGE-ECP-FF1.pdf\">Plaquette CPGE ECP FF1<\/a><a href=\"https:\/\/site.ac-martinique.fr\/lyc-fanon\/wp-content\/uploads\/sites\/138\/2025\/01\/Plaquette-CPGE-ECP-FF1.pdf\" class=\"wp-block-file__button wp-element-button\" download aria-describedby=\"wp-block-file--media-c09b045c-83bc-47dd-b087-ed66bc859f03\">T\u00e9l\u00e9charger<\/a><\/div>\n\n\n\n<hr class=\"wp-block-separator has-alpha-channel-opacity\"\/>\n\n\n\n<div class=\"wp-block-group alignfull is-layout-flow wp-block-group-is-layout-flow\">\n<h2 class=\"wp-block-heading has-text-align-center\">Articles r\u00e9cents<\/h2>\n\n\n<ul class=\"wp-block-latest-posts__list is-grid columns-4 has-dates has-link-color alignwide tw-mt-8 tw-heading-size-medium tw-stretched-link tw-img-ratio-16-9 is-style-tw-posts-card wp-elements-148d1491bb128485013729dd5576c123 wp-block-latest-posts\"><li><div class=\"wp-block-latest-posts__featured-image\"><a href=\"https:\/\/site.ac-martinique.fr\/lyc-fanon\/?p=1142\" aria-label=\"Rencontre pour les \u00e9tudiants de pr\u00e9pa ECT\"><img loading=\"lazy\" decoding=\"async\" width=\"950\" height=\"713\" src=\"https:\/\/site.ac-martinique.fr\/lyc-fanon\/wp-content\/uploads\/sites\/138\/2024\/03\/WhatsApp-Image-2024-03-10-at-20.43.01-1024x768.jpeg\" class=\"attachment-large size-large wp-post-image\" alt=\"\" style=\"\" srcset=\"https:\/\/site.ac-martinique.fr\/lyc-fanon\/wp-content\/uploads\/sites\/138\/2024\/03\/WhatsApp-Image-2024-03-10-at-20.43.01-1024x768.jpeg 1024w, https:\/\/site.ac-martinique.fr\/lyc-fanon\/wp-content\/uploads\/sites\/138\/2024\/03\/WhatsApp-Image-2024-03-10-at-20.43.01-300x225.jpeg 300w, https:\/\/site.ac-martinique.fr\/lyc-fanon\/wp-content\/uploads\/sites\/138\/2024\/03\/WhatsApp-Image-2024-03-10-at-20.43.01.jpeg 1280w\" sizes=\"auto, 100vw\" \/><\/a><\/div><a class=\"wp-block-latest-posts__post-title\" href=\"https:\/\/site.ac-martinique.fr\/lyc-fanon\/?p=1142\">Rencontre pour les \u00e9tudiants de pr\u00e9pa ECT<\/a><time datetime=\"2024-03-10T08:32:50-04:00\" class=\"wp-block-latest-posts__post-date\">10 mars 2024<\/time><\/li>\n<li><div class=\"wp-block-latest-posts__featured-image\"><a href=\"https:\/\/site.ac-martinique.fr\/lyc-fanon\/?p=675\" aria-label=\"Rencontre avec un ancien \u00e9l\u00e8ve de la pr\u00e9pa ECT du LGT FANON\"><img loading=\"lazy\" decoding=\"async\" width=\"950\" height=\"713\" src=\"https:\/\/site.ac-martinique.fr\/lyc-fanon\/wp-content\/uploads\/sites\/138\/2024\/01\/WhatsApp-Image-2024-01-28-at-10.26.55.jpeg\" class=\"attachment-large size-large wp-post-image\" alt=\"\" style=\"\" srcset=\"https:\/\/site.ac-martinique.fr\/lyc-fanon\/wp-content\/uploads\/sites\/138\/2024\/01\/WhatsApp-Image-2024-01-28-at-10.26.55.jpeg 1024w, https:\/\/site.ac-martinique.fr\/lyc-fanon\/wp-content\/uploads\/sites\/138\/2024\/01\/WhatsApp-Image-2024-01-28-at-10.26.55-300x225.jpeg 300w\" sizes=\"auto, 100vw\" \/><\/a><\/div><a class=\"wp-block-latest-posts__post-title\" href=\"https:\/\/site.ac-martinique.fr\/lyc-fanon\/?p=675\">Rencontre avec un ancien \u00e9l\u00e8ve de la pr\u00e9pa ECT du LGT FANON<\/a><time datetime=\"2024-01-28T22:14:00-04:00\" class=\"wp-block-latest-posts__post-date\">28 janvier 2024<\/time><\/li>\n<li><div class=\"wp-block-latest-posts__featured-image\"><a href=\"https:\/\/site.ac-martinique.fr\/lyc-fanon\/?p=663\" aria-label=\"Montpellier Business School est venue pr\u00e9senter son cursus \u00e0 nos \u00e9tudiants de pr\u00e9pa ECT\"><img loading=\"lazy\" decoding=\"async\" width=\"950\" height=\"713\" src=\"https:\/\/site.ac-martinique.fr\/lyc-fanon\/wp-content\/uploads\/sites\/138\/2024\/01\/WhatsApp-Image-2024-01-28-at-10.26.08.jpeg\" class=\"attachment-large size-large wp-post-image\" alt=\"\" style=\"\" srcset=\"https:\/\/site.ac-martinique.fr\/lyc-fanon\/wp-content\/uploads\/sites\/138\/2024\/01\/WhatsApp-Image-2024-01-28-at-10.26.08.jpeg 1024w, https:\/\/site.ac-martinique.fr\/lyc-fanon\/wp-content\/uploads\/sites\/138\/2024\/01\/WhatsApp-Image-2024-01-28-at-10.26.08-300x225.jpeg 300w\" sizes=\"auto, 100vw\" \/><\/a><\/div><a class=\"wp-block-latest-posts__post-title\" href=\"https:\/\/site.ac-martinique.fr\/lyc-fanon\/?p=663\">Montpellier Business School est venue pr\u00e9senter son cursus \u00e0 nos \u00e9tudiants de pr\u00e9pa ECT<\/a><time datetime=\"2024-01-28T20:17:00-04:00\" class=\"wp-block-latest-posts__post-date\">28 janvier 2024<\/time><\/li>\n<li><div class=\"wp-block-latest-posts__featured-image\"><a href=\"https:\/\/site.ac-martinique.fr\/lyc-fanon\/?p=649\" aria-label=\"Le samedi 02 mars au LGT FANON\u00a0#savethedate\"><img loading=\"lazy\" decoding=\"async\" width=\"950\" height=\"672\" src=\"https:\/\/site.ac-martinique.fr\/lyc-fanon\/wp-content\/uploads\/sites\/138\/2024\/01\/WhatsApp-Image-2024-01-28-at-10.27.16-1024x724.jpeg\" class=\"attachment-large size-large wp-post-image\" alt=\"\" style=\"\" srcset=\"https:\/\/site.ac-martinique.fr\/lyc-fanon\/wp-content\/uploads\/sites\/138\/2024\/01\/WhatsApp-Image-2024-01-28-at-10.27.16-1024x724.jpeg 1024w, https:\/\/site.ac-martinique.fr\/lyc-fanon\/wp-content\/uploads\/sites\/138\/2024\/01\/WhatsApp-Image-2024-01-28-at-10.27.16-300x212.jpeg 300w, https:\/\/site.ac-martinique.fr\/lyc-fanon\/wp-content\/uploads\/sites\/138\/2024\/01\/WhatsApp-Image-2024-01-28-at-10.27.16.jpeg 1280w\" sizes=\"auto, 100vw\" \/><\/a><\/div><a class=\"wp-block-latest-posts__post-title\" href=\"https:\/\/site.ac-martinique.fr\/lyc-fanon\/?p=649\">Le samedi 02 mars au LGT FANON\u00a0#savethedate<\/a><time datetime=\"2024-01-25T13:10:00-04:00\" class=\"wp-block-latest-posts__post-date\">25 janvier 2024<\/time><\/li>\n<\/ul><\/div>\n","protected":false},"excerpt":{"rendered":"<p>EN ROUTE VERS L\u2019excellence \u2026 Pour les \u00e9l\u00e8ves de Terminale STMG (toutes sp\u00e9cialit\u00e9s confondues), il existe une formation d\u2019excellence ouverte au lyc\u00e9e Frantz FANON \u00e0 Trinit\u00e9, depuis la rentr\u00e9e 2008. INT\u00c9R\u00caT DE LA CLASSE PR\u00c9PA ECT DE TRINIT\u00c9 &#8211; B\u00e9n\u00e9ficier d\u2019une formation de qualit\u00e9 sur place&#8211; S\u2019\u00e9panouir dans des classes \u00e0 effectif raisonnable (en moyenne &hellip; <\/p>\n<p class=\"link-more\"><a href=\"https:\/\/site.ac-martinique.fr\/lyc-fanon\/?page_id=1232\" class=\"more-link\">Lire la suite de<span class=\"screen-reader-text\">\u00ab\u00a0Classes Pr\u00e9paratoires aux Grandes \u00c9coles\u00a0\u00bb<\/span><\/a><\/p>\n","protected":false},"author":464,"featured_media":0,"parent":0,"menu_order":0,"comment_status":"closed","ping_status":"closed","template":"","meta":{"inspiro_hide_title":false,"footnotes":""},"class_list":["post-1232","page","type-page","status-publish","hentry"],"_links":{"self":[{"href":"https:\/\/site.ac-martinique.fr\/lyc-fanon\/index.php?rest_route=\/wp\/v2\/pages\/1232","targetHints":{"allow":["GET"]}}],"collection":[{"href":"https:\/\/site.ac-martinique.fr\/lyc-fanon\/index.php?rest_route=\/wp\/v2\/pages"}],"about":[{"href":"https:\/\/site.ac-martinique.fr\/lyc-fanon\/index.php?rest_route=\/wp\/v2\/types\/page"}],"author":[{"embeddable":true,"href":"https:\/\/site.ac-martinique.fr\/lyc-fanon\/index.php?rest_route=\/wp\/v2\/users\/464"}],"replies":[{"embeddable":true,"href":"https:\/\/site.ac-martinique.fr\/lyc-fanon\/index.php?rest_route=%2Fwp%2Fv2%2Fcomments&post=1232"}],"version-history":[{"count":15,"href":"https:\/\/site.ac-martinique.fr\/lyc-fanon\/index.php?rest_route=\/wp\/v2\/pages\/1232\/revisions"}],"predecessor-version":[{"id":2675,"href":"https:\/\/site.ac-martinique.fr\/lyc-fanon\/index.php?rest_route=\/wp\/v2\/pages\/1232\/revisions\/2675"}],"wp:attachment":[{"href":"https:\/\/site.ac-martinique.fr\/lyc-fanon\/index.php?rest_route=%2Fwp%2Fv2%2Fmedia&parent=1232"}],"curies":[{"name":"wp","href":"https:\/\/api.w.org\/{rel}","templated":true}]}}