{"id":1248,"date":"2024-03-17T14:44:49","date_gmt":"2024-03-17T18:44:49","guid":{"rendered":"https:\/\/site.ac-martinique.fr\/lyc-fanon\/?page_id=1248"},"modified":"2024-04-29T12:08:19","modified_gmt":"2024-04-29T16:08:19","slug":"plan-du-site","status":"publish","type":"page","link":"https:\/\/site.ac-martinique.fr\/lyc-fanon\/?page_id=1248","title":{"rendered":"Plan du site"},"content":{"rendered":"<ul class=\"wp-block-page-list\"><li class=\"wp-block-pages-list__item\"><a class=\"wp-block-pages-list__item__link\" href=\"https:\/\/site.ac-martinique.fr\/lyc-fanon\/?page_id=1047\">BTS B\u00e2timent<\/a><\/li><li class=\"wp-block-pages-list__item\"><a class=\"wp-block-pages-list__item__link\" href=\"https:\/\/site.ac-martinique.fr\/lyc-fanon\/?page_id=1053\">BTS CIEL option \u00c9lectronique et R\u00e9seaux<\/a><\/li><li class=\"wp-block-pages-list__item\"><a class=\"wp-block-pages-list__item__link\" href=\"https:\/\/site.ac-martinique.fr\/lyc-fanon\/?page_id=1050\">BTS Commerce International<\/a><\/li><li class=\"wp-block-pages-list__item\"><a class=\"wp-block-pages-list__item__link\" href=\"https:\/\/site.ac-martinique.fr\/lyc-fanon\/?page_id=1043\">BTS SP3S<\/a><\/li><li class=\"wp-block-pages-list__item\"><a class=\"wp-block-pages-list__item__link\" href=\"https:\/\/site.ac-martinique.fr\/lyc-fanon\/?page_id=503\">Calendrier \/ horaires d\u00e9taill\u00e9s du lyc\u00e9e<\/a><\/li><li class=\"wp-block-pages-list__item\"><a class=\"wp-block-pages-list__item__link\" href=\"https:\/\/site.ac-martinique.fr\/lyc-fanon\/?page_id=1232\">Classes Pr\u00e9paratoires aux Grandes \u00c9coles<\/a><\/li><li class=\"wp-block-pages-list__item\"><a class=\"wp-block-pages-list__item__link\" href=\"https:\/\/site.ac-martinique.fr\/lyc-fanon\/?page_id=753\">Demandes d&rsquo;intervention<\/a><\/li><li class=\"wp-block-pages-list__item has-child\"><a class=\"wp-block-pages-list__item__link\" href=\"https:\/\/site.ac-martinique.fr\/lyc-fanon\/?page_id=397\">Formations<\/a><ul class=\"wp-block-navigation__submenu-container\"><li class=\"wp-block-pages-list__item has-child \"><a class=\"wp-block-pages-list__item__link\" href=\"https:\/\/site.ac-martinique.fr\/lyc-fanon\/?page_id=1257\">Options<\/a><ul class=\"wp-block-navigation__submenu-container\"><li class=\"wp-block-pages-list__item \"><a class=\"wp-block-pages-list__item__link\" href=\"https:\/\/site.ac-martinique.fr\/lyc-fanon\/?page_id=1261\">Arts plastiques<\/a><\/li><li class=\"wp-block-pages-list__item \"><a class=\"wp-block-pages-list__item__link\" href=\"https:\/\/site.ac-martinique.fr\/lyc-fanon\/?page_id=1266\">DGEMC<\/a><\/li><li class=\"wp-block-pages-list__item \"><a class=\"wp-block-pages-list__item__link\" href=\"https:\/\/site.ac-martinique.fr\/lyc-fanon\/?page_id=1270\">DNL<\/a><\/li><li class=\"wp-block-pages-list__item \"><a class=\"wp-block-pages-list__item__link\" href=\"https:\/\/site.ac-martinique.fr\/lyc-fanon\/?page_id=1293\">EPS<\/a><\/li><li class=\"wp-block-pages-list__item \"><a class=\"wp-block-pages-list__item__link\" href=\"https:\/\/site.ac-martinique.fr\/lyc-fanon\/?page_id=1265\">Kr\u00e9yol<\/a><\/li><li class=\"wp-block-pages-list__item \"><a class=\"wp-block-pages-list__item__link\" href=\"https:\/\/site.ac-martinique.fr\/lyc-fanon\/?page_id=1268\">Langues et cultures de l\u2019Antiquit\u00e9<\/a><\/li><li class=\"wp-block-pages-list__item \"><a class=\"wp-block-pages-list__item__link\" href=\"https:\/\/site.ac-martinique.fr\/lyc-fanon\/?page_id=1271\">Maths compl\u00e9mentaires<\/a><\/li><li class=\"wp-block-pages-list__item \"><a class=\"wp-block-pages-list__item__link\" href=\"https:\/\/site.ac-martinique.fr\/lyc-fanon\/?page_id=1272\">Maths expertes<\/a><\/li><li class=\"wp-block-pages-list__item \"><a class=\"wp-block-pages-list__item__link\" href=\"https:\/\/site.ac-martinique.fr\/lyc-fanon\/?page_id=1264\">Musique<\/a><\/li><li class=\"wp-block-pages-list__item \"><a class=\"wp-block-pages-list__item__link\" href=\"https:\/\/site.ac-martinique.fr\/lyc-fanon\/?page_id=1269\">Portugais<\/a><\/li><li class=\"wp-block-pages-list__item \"><a class=\"wp-block-pages-list__item__link\" href=\"https:\/\/site.ac-martinique.fr\/lyc-fanon\/?page_id=1267\">Sciences et Sant\u00e9<\/a><\/li><\/ul><\/li><\/ul><\/li><li class=\"wp-block-pages-list__item has-child\"><a class=\"wp-block-pages-list__item__link\" href=\"https:\/\/site.ac-martinique.fr\/lyc-fanon\/?page_id=434\">Formations menant au Baccalaur\u00e9at<\/a><ul class=\"wp-block-navigation__submenu-container\"><li class=\"wp-block-pages-list__item \"><a class=\"wp-block-pages-list__item__link\" href=\"https:\/\/site.ac-martinique.fr\/lyc-fanon\/?page_id=447\">S\u00e9rie G\u00e9n\u00e9rale : Enseignements de Sp\u00e9cialit\u00e9<\/a><\/li><\/ul><\/li><li class=\"wp-block-pages-list__item has-child\"><a class=\"wp-block-pages-list__item__link\" href=\"https:\/\/site.ac-martinique.fr\/lyc-fanon\/?page_id=488\">Informations Pratiques<\/a><ul class=\"wp-block-navigation__submenu-container\"><li class=\"wp-block-pages-list__item \"><a class=\"wp-block-pages-list__item__link\" href=\"https:\/\/site.ac-martinique.fr\/lyc-fanon\/?page_id=2001\">Calendrier des op\u00e9rations de fin d\u2019ann\u00e9e 2023-2024<\/a><\/li><li class=\"wp-block-pages-list__item \"><a class=\"wp-block-pages-list__item__link\" href=\"https:\/\/site.ac-martinique.fr\/lyc-fanon\/?page_id=1704\">Colibri, Pronote, \u00c9duConnect\u2026<\/a><\/li><\/ul><\/li><li class=\"wp-block-pages-list__item\"><a class=\"wp-block-pages-list__item__link\" href=\"https:\/\/site.ac-martinique.fr\/lyc-fanon\/?page_id=2762\">Inscriptions 2025-2026<\/a><\/li><li class=\"wp-block-pages-list__item\"><a class=\"wp-block-pages-list__item__link\" href=\"https:\/\/site.ac-martinique.fr\/lyc-fanon\/?page_id=2061\">Inscriptions et r\u00e9-inscriptions 2024-2025<\/a><\/li><li class=\"wp-block-pages-list__item\"><a class=\"wp-block-pages-list__item__link\" href=\"https:\/\/site.ac-martinique.fr\/lyc-fanon\/?page_id=497\">Internat<\/a><\/li><li class=\"wp-block-pages-list__item menu-item-home\"><a class=\"wp-block-pages-list__item__link\" href=\"https:\/\/site.ac-martinique.fr\/lyc-fanon\/\">Le lyc\u00e9e Frantz FANON : un p\u00f4le de formation complet<\/a><\/li><li class=\"wp-block-pages-list__item\"><a class=\"wp-block-pages-list__item__link\" href=\"https:\/\/site.ac-martinique.fr\/lyc-fanon\/?page_id=1008\">Les s\u00e9ries technologiques du lyc\u00e9e Frantz FANON<\/a><\/li><li class=\"wp-block-pages-list__item\"><a class=\"wp-block-pages-list__item__link\" href=\"https:\/\/site.ac-martinique.fr\/lyc-fanon\/?page_id=1248\">Plan du site<\/a><\/li><li class=\"wp-block-pages-list__item\"><a class=\"wp-block-pages-list__item__link\" href=\"https:\/\/site.ac-martinique.fr\/lyc-fanon\/?page_id=494\">Restaurant Scolaire<\/a><\/li><li class=\"wp-block-pages-list__item\"><a class=\"wp-block-pages-list__item__link\" href=\"https:\/\/site.ac-martinique.fr\/lyc-fanon\/?page_id=1029\">Section Europ\u00e9enne<\/a><\/li><li class=\"wp-block-pages-list__item\"><a class=\"wp-block-pages-list__item__link\" href=\"https:\/\/site.ac-martinique.fr\/lyc-fanon\/?page_id=500\">Transport Scolaire<\/a><\/li><li class=\"wp-block-pages-list__item\"><a class=\"wp-block-pages-list__item__link\" href=\"https:\/\/site.ac-martinique.fr\/lyc-fanon\/?page_id=2741\">UNSS<\/a><\/li><li class=\"wp-block-pages-list__item has-child\"><a class=\"wp-block-pages-list__item__link\" href=\"https:\/\/site.ac-martinique.fr\/lyc-fanon\/?page_id=857\">Vie du lyc\u00e9e<\/a><ul class=\"wp-block-navigation__submenu-container\"><li class=\"wp-block-pages-list__item \"><a class=\"wp-block-pages-list__item__link\" href=\"https:\/\/site.ac-martinique.fr\/lyc-fanon\/?page_id=843\">Charte Informatique<\/a><\/li><li class=\"wp-block-pages-list__item \"><a class=\"wp-block-pages-list__item__link\" href=\"https:\/\/site.ac-martinique.fr\/lyc-fanon\/?page_id=849\">Erasmus+<\/a><\/li><li class=\"wp-block-pages-list__item \"><a class=\"wp-block-pages-list__item__link\" href=\"https:\/\/site.ac-martinique.fr\/lyc-fanon\/?page_id=837\">L&rsquo;\u00e9quipe du lyc\u00e9e<\/a><\/li><li class=\"wp-block-pages-list__item has-child \"><a class=\"wp-block-pages-list__item__link\" href=\"https:\/\/site.ac-martinique.fr\/lyc-fanon\/?page_id=847\">Orientation<\/a><ul class=\"wp-block-navigation__submenu-container\"><li class=\"wp-block-pages-list__item \"><a class=\"wp-block-pages-list__item__link\" href=\"https:\/\/site.ac-martinique.fr\/lyc-fanon\/?page_id=938\">PsyEN<\/a><\/li><\/ul><\/li><li class=\"wp-block-pages-list__item \"><a class=\"wp-block-pages-list__item__link\" href=\"https:\/\/site.ac-martinique.fr\/lyc-fanon\/?page_id=839\">Plan et visite virtuelle du lyc\u00e9e<\/a><\/li><li class=\"wp-block-pages-list__item \"><a class=\"wp-block-pages-list__item__link\" href=\"https:\/\/site.ac-martinique.fr\/lyc-fanon\/?page_id=841\">R\u00e8glement Int\u00e9rieur<\/a><\/li><li class=\"wp-block-pages-list__item \"><a class=\"wp-block-pages-list__item__link\" href=\"https:\/\/site.ac-martinique.fr\/lyc-fanon\/?page_id=921\">Service Sant\u00e9<\/a><\/li><li class=\"wp-block-pages-list__item \"><a class=\"wp-block-pages-list__item__link\" href=\"https:\/\/site.ac-martinique.fr\/lyc-fanon\/?page_id=924\">Service Social<\/a><\/li><\/ul><\/li><\/ul>","protected":false},"excerpt":{"rendered":"","protected":false},"author":464,"featured_media":0,"parent":0,"menu_order":0,"comment_status":"closed","ping_status":"closed","template":"","meta":{"inspiro_hide_title":false,"footnotes":""},"class_list":["post-1248","page","type-page","status-publish","hentry"],"_links":{"self":[{"href":"https:\/\/site.ac-martinique.fr\/lyc-fanon\/index.php?rest_route=\/wp\/v2\/pages\/1248","targetHints":{"allow":["GET"]}}],"collection":[{"href":"https:\/\/site.ac-martinique.fr\/lyc-fanon\/index.php?rest_route=\/wp\/v2\/pages"}],"about":[{"href":"https:\/\/site.ac-martinique.fr\/lyc-fanon\/index.php?rest_route=\/wp\/v2\/types\/page"}],"author":[{"embeddable":true,"href":"https:\/\/site.ac-martinique.fr\/lyc-fanon\/index.php?rest_route=\/wp\/v2\/users\/464"}],"replies":[{"embeddable":true,"href":"https:\/\/site.ac-martinique.fr\/lyc-fanon\/index.php?rest_route=%2Fwp%2Fv2%2Fcomments&post=1248"}],"version-history":[{"count":3,"href":"https:\/\/site.ac-martinique.fr\/lyc-fanon\/index.php?rest_route=\/wp\/v2\/pages\/1248\/revisions"}],"predecessor-version":[{"id":1634,"href":"https:\/\/site.ac-martinique.fr\/lyc-fanon\/index.php?rest_route=\/wp\/v2\/pages\/1248\/revisions\/1634"}],"wp:attachment":[{"href":"https:\/\/site.ac-martinique.fr\/lyc-fanon\/index.php?rest_route=%2Fwp%2Fv2%2Fmedia&parent=1248"}],"curies":[{"name":"wp","href":"https:\/\/api.w.org\/{rel}","templated":true}]}}