{"id":1268,"date":"2024-03-19T15:10:48","date_gmt":"2024-03-19T19:10:48","guid":{"rendered":"https:\/\/site.ac-martinique.fr\/lyc-fanon\/?page_id=1268"},"modified":"2025-05-30T11:10:21","modified_gmt":"2025-05-30T15:10:21","slug":"latin","status":"publish","type":"page","link":"https:\/\/site.ac-martinique.fr\/lyc-fanon\/?page_id=1268","title":{"rendered":"Langues et cultures de l\u2019Antiquit\u00e9"},"content":{"rendered":"\n<p><strong><em>Inscriptions :<\/em><\/strong> 2<sup>nde<\/sup>, 1<sup>\u00e8re<\/sup>, T<sup>le<\/sup>. Il est possible de s\u2019inscrire en 2<sup>nde<\/sup> sans avoir suivi l\u2019option au coll\u00e8ge, les grands d\u00e9butants sont les bienvenus ! L\u2019option est ouverte aux s\u00e9ries g\u00e9n\u00e9rales et technologiques.<\/p>\n\n\n\n<p><strong><em>Avantages pour le bac et le sup\u00e9rieur :<\/em><\/strong><\/p>\n\n\n\n<ul class=\"wp-block-list\">\n<li>j\u2019acquiers une culture g\u00e9n\u00e9rale solide par la confrontation du monde antique avec le monde contemporain,<\/li>\n\n\n\n<li>je valorise mon bulletin et mon dossier ParcourSup avec une option rare qui apporte des points suppl\u00e9mentaires pour le bac,<\/li>\n\n\n\n<li>j\u2019ai l\u2019occasion de voyager dans les pays m\u00e9diterran\u00e9ens,<\/li>\n\n\n\n<li>je d\u00e9veloppe mes capacit\u00e9s \u00e0 prendre la parole et \u00e0 argumenter,<\/li>\n\n\n\n<li>les LCA sont fortement recommand\u00e9es pour les \u00e9tudes en Lettres, Philosophie, Sciences politiques, Histoire, Droit et M\u00e9decine<\/li>\n<\/ul>\n\n\n\n<p><strong><em>Horaires : <\/em><\/strong>3h\/semaine, en petit groupe convivial et sympathique<\/p>\n\n\n\n<figure class=\"wp-block-table aligncenter\"><table class=\"has-secondary-color has-text-color has-link-color\"><tbody><tr><td class=\"has-text-align-center\" data-align=\"center\"><strong>Afin de visualiser au mieux le contenu et l\u2019univers des latinistes, voici un court-m\u00e9trage r\u00e9alis\u00e9 par eux et qui pourra vous \u00e9clairer !<\/strong> <\/td><\/tr><\/tbody><\/table><\/figure>\n\n\n<p><center><iframe loading=\"lazy\" title=\"Pr\u00e9sentation de l'option LCA au LGT Frantz FANON\" width=\"560\" height=\"315\" src=\"https:\/\/tube-action-educative.apps.education.fr\/videos\/embed\/7c176689-b493-44d6-91d5-3728f37defb7\" frameborder=\"0\" allowfullscreen=\"\" sandbox=\"allow-same-origin allow-scripts allow-popups\"><\/iframe><\/center><\/p>\n\n\n\n<p class=\"has-text-align-center\"><strong>Pour toute question, n\u2019h\u00e9sitez pas \u00e0 contacter la professeure de Lettres classiques, Mme J. M\u00c9RIT : <\/strong><\/p>\n\n\n\n<p class=\"has-text-align-center has-secondary-color has-text-color has-link-color wp-elements-75a469806ebfbf7ee08efdd16f4e2513\"><strong>juliette.merit@ac-martinique.fr !<\/strong><\/p>\n\n\n\n<hr>\n<center>\n<iframe loading=\"lazy\" title=\"LGT Frantz FANON : CARPE DIEM 2 (option LCA)\" width=\"560\" height=\"315\" src=\"https:\/\/tube-action-educative.apps.education.fr\/videos\/embed\/eeE1fcKmVp1GM1mEAtfUVx\" frameborder=\"0\" allowfullscreen=\"\" sandbox=\"allow-same-origin allow-scripts allow-popups allow-forms\"><\/iframe>\n<iframe loading=\"lazy\" title=\"LGT Frantz FANON : DURA LEX SED LEX (option LCA)\" width=\"560\" height=\"315\" src=\"https:\/\/tube-action-educative.apps.education.fr\/videos\/embed\/413EUSaMvbZVQyrnHxxwS9\" frameborder=\"0\" allowfullscreen=\"\" sandbox=\"allow-same-origin allow-scripts allow-popups allow-forms\"><\/iframe>\n<iframe loading=\"lazy\" title=\"LGT Frantz FANON : ERARRE HUMANUM EST (option LCA)\" width=\"560\" height=\"315\" src=\"https:\/\/tube-action-educative.apps.education.fr\/videos\/embed\/oQVzNVRuax1PuHhtHishoB\" frameborder=\"0\" allowfullscreen=\"\" sandbox=\"allow-same-origin allow-scripts allow-popups allow-forms\"><\/iframe>\n<iframe loading=\"lazy\" title=\"LGT Frantz FANON :  TANTALE (option LCA)\" width=\"560\" height=\"315\" src=\"https:\/\/tube-action-educative.apps.education.fr\/videos\/embed\/ns8hGVXMuawuwSWHEz5f8k\" frameborder=\"0\" allowfullscreen=\"\" sandbox=\"allow-same-origin allow-scripts allow-popups allow-forms\"><\/iframe>\n<iframe loading=\"lazy\" title=\"LGT Frantz FANON : TITYOS 2 (Option LCA)\" width=\"560\" height=\"315\" src=\"https:\/\/tube-action-educative.apps.education.fr\/videos\/embed\/svKqt3FcHH7kbVfHPrVrfC\" frameborder=\"0\" allowfullscreen=\"\" sandbox=\"allow-same-origin allow-scripts allow-popups allow-forms\"><\/iframe>\n<\/center>\n","protected":false},"excerpt":{"rendered":"<p>Inscriptions : 2nde, 1\u00e8re, Tle. Il est possible de s\u2019inscrire en 2nde sans avoir suivi l\u2019option au coll\u00e8ge, les grands d\u00e9butants sont les bienvenus ! L\u2019option est ouverte aux s\u00e9ries g\u00e9n\u00e9rales et technologiques. Avantages pour le bac et le sup\u00e9rieur : Horaires : 3h\/semaine, en petit groupe convivial et sympathique Afin de visualiser au mieux &hellip; <\/p>\n<p class=\"link-more\"><a href=\"https:\/\/site.ac-martinique.fr\/lyc-fanon\/?page_id=1268\" class=\"more-link\">Lire la suite de<span class=\"screen-reader-text\">\u00ab\u00a0Langues et cultures de l\u2019Antiquit\u00e9\u00a0\u00bb<\/span><\/a><\/p>\n","protected":false},"author":478,"featured_media":0,"parent":1257,"menu_order":0,"comment_status":"closed","ping_status":"closed","template":"","meta":{"inspiro_hide_title":false,"footnotes":""},"class_list":["post-1268","page","type-page","status-publish","hentry"],"_links":{"self":[{"href":"https:\/\/site.ac-martinique.fr\/lyc-fanon\/index.php?rest_route=\/wp\/v2\/pages\/1268","targetHints":{"allow":["GET"]}}],"collection":[{"href":"https:\/\/site.ac-martinique.fr\/lyc-fanon\/index.php?rest_route=\/wp\/v2\/pages"}],"about":[{"href":"https:\/\/site.ac-martinique.fr\/lyc-fanon\/index.php?rest_route=\/wp\/v2\/types\/page"}],"author":[{"embeddable":true,"href":"https:\/\/site.ac-martinique.fr\/lyc-fanon\/index.php?rest_route=\/wp\/v2\/users\/478"}],"replies":[{"embeddable":true,"href":"https:\/\/site.ac-martinique.fr\/lyc-fanon\/index.php?rest_route=%2Fwp%2Fv2%2Fcomments&post=1268"}],"version-history":[{"count":16,"href":"https:\/\/site.ac-martinique.fr\/lyc-fanon\/index.php?rest_route=\/wp\/v2\/pages\/1268\/revisions"}],"predecessor-version":[{"id":2760,"href":"https:\/\/site.ac-martinique.fr\/lyc-fanon\/index.php?rest_route=\/wp\/v2\/pages\/1268\/revisions\/2760"}],"up":[{"embeddable":true,"href":"https:\/\/site.ac-martinique.fr\/lyc-fanon\/index.php?rest_route=\/wp\/v2\/pages\/1257"}],"wp:attachment":[{"href":"https:\/\/site.ac-martinique.fr\/lyc-fanon\/index.php?rest_route=%2Fwp%2Fv2%2Fmedia&parent=1268"}],"curies":[{"name":"wp","href":"https:\/\/api.w.org\/{rel}","templated":true}]}}