{"id":1272,"date":"2024-03-19T15:13:24","date_gmt":"2024-03-19T19:13:24","guid":{"rendered":"https:\/\/site.ac-martinique.fr\/lyc-fanon\/?page_id=1272"},"modified":"2024-04-05T15:37:32","modified_gmt":"2024-04-05T19:37:32","slug":"maths-expertes","status":"publish","type":"page","link":"https:\/\/site.ac-martinique.fr\/lyc-fanon\/?page_id=1272","title":{"rendered":"Maths expertes"},"content":{"rendered":"\n<p class=\"has-text-align-center\">La vid\u00e9o ci-dessous vous explique les particularit\u00e9s de chacun des enseignements optionnels en math\u00e9matiques :<\/p>\n\n\n<p><center><iframe loading=\"lazy\" width=\"560\" height=\"315\" src=\"https:\/\/www.youtube.com\/embed\/5VSW3Kmyu6Q?si=SZ4KBEE-98wRBs8F&amp;controls=0\" title=\"YouTube video player\" frameborder=\"0\" allow=\"accelerometer; autoplay; clipboard-write; encrypted-media; gyroscope; picture-in-picture; web-share\" referrerpolicy=\"strict-origin-when-cross-origin\" allowfullscreen><\/iframe><\/center><\/p>\n","protected":false},"excerpt":{"rendered":"<p>La vid\u00e9o ci-dessous vous explique les particularit\u00e9s de chacun des enseignements optionnels en math\u00e9matiques :<\/p>\n","protected":false},"author":478,"featured_media":0,"parent":1257,"menu_order":0,"comment_status":"closed","ping_status":"closed","template":"","meta":{"inspiro_hide_title":false,"footnotes":""},"class_list":["post-1272","page","type-page","status-publish","hentry"],"_links":{"self":[{"href":"https:\/\/site.ac-martinique.fr\/lyc-fanon\/index.php?rest_route=\/wp\/v2\/pages\/1272","targetHints":{"allow":["GET"]}}],"collection":[{"href":"https:\/\/site.ac-martinique.fr\/lyc-fanon\/index.php?rest_route=\/wp\/v2\/pages"}],"about":[{"href":"https:\/\/site.ac-martinique.fr\/lyc-fanon\/index.php?rest_route=\/wp\/v2\/types\/page"}],"author":[{"embeddable":true,"href":"https:\/\/site.ac-martinique.fr\/lyc-fanon\/index.php?rest_route=\/wp\/v2\/users\/478"}],"replies":[{"embeddable":true,"href":"https:\/\/site.ac-martinique.fr\/lyc-fanon\/index.php?rest_route=%2Fwp%2Fv2%2Fcomments&post=1272"}],"version-history":[{"count":2,"href":"https:\/\/site.ac-martinique.fr\/lyc-fanon\/index.php?rest_route=\/wp\/v2\/pages\/1272\/revisions"}],"predecessor-version":[{"id":1550,"href":"https:\/\/site.ac-martinique.fr\/lyc-fanon\/index.php?rest_route=\/wp\/v2\/pages\/1272\/revisions\/1550"}],"up":[{"embeddable":true,"href":"https:\/\/site.ac-martinique.fr\/lyc-fanon\/index.php?rest_route=\/wp\/v2\/pages\/1257"}],"wp:attachment":[{"href":"https:\/\/site.ac-martinique.fr\/lyc-fanon\/index.php?rest_route=%2Fwp%2Fv2%2Fmedia&parent=1272"}],"curies":[{"name":"wp","href":"https:\/\/api.w.org\/{rel}","templated":true}]}}