{"id":1293,"date":"2024-03-19T15:22:20","date_gmt":"2024-03-19T19:22:20","guid":{"rendered":"https:\/\/site.ac-martinique.fr\/lyc-fanon\/?page_id=1293"},"modified":"2024-12-20T19:42:52","modified_gmt":"2024-12-20T23:42:52","slug":"eps","status":"publish","type":"page","link":"https:\/\/site.ac-martinique.fr\/lyc-fanon\/?page_id=1293","title":{"rendered":"EPS"},"content":{"rendered":"\n<div class=\"wp-block-group alignfull is-layout-flow wp-block-group-is-layout-flow\" style=\"padding-right:var(--wp--preset--spacing--small);padding-left:var(--wp--preset--spacing--small)\">\n<h2 class=\"wp-block-heading has-text-align-center\">L&rsquo;option Education Physique et Sportive<\/h2>\n\n\n\n<div class=\"wp-block-columns alignwide has-text-align-center tw-gutter-large is-layout-flex wp-container-core-columns-is-layout-d0b3c9c8 wp-block-columns-is-layout-flex\">\n<div class=\"wp-block-column is-layout-flow wp-block-column-is-layout-flow\">\n<figure class=\"wp-block-image aligncenter size-full is-resized\"><img loading=\"lazy\" decoding=\"async\" width=\"225\" height=\"225\" src=\"https:\/\/site.ac-martinique.fr\/lyc-fanon\/wp-content\/uploads\/sites\/138\/2024\/05\/Sans-titre.png\" alt=\"\" class=\"wp-image-1663\" style=\"width:180px;height:auto\" srcset=\"https:\/\/site.ac-martinique.fr\/lyc-fanon\/wp-content\/uploads\/sites\/138\/2024\/05\/Sans-titre.png 225w, https:\/\/site.ac-martinique.fr\/lyc-fanon\/wp-content\/uploads\/sites\/138\/2024\/05\/Sans-titre-150x150.png 150w\" sizes=\"auto, (max-width: 225px) 100vw, 225px\" \/><\/figure>\n\n\n\n<h3 class=\"wp-block-heading\">Volume horaire<\/h3>\n\n\n\n<p>3 heures<\/p>\n<\/div>\n\n\n\n<div class=\"wp-block-column is-layout-flow wp-block-column-is-layout-flow\">\n<figure class=\"wp-block-image aligncenter size-full is-resized\"><img loading=\"lazy\" decoding=\"async\" width=\"284\" height=\"178\" src=\"https:\/\/site.ac-martinique.fr\/lyc-fanon\/wp-content\/uploads\/sites\/138\/2024\/05\/Sans-titre-1.png\" alt=\"\" class=\"wp-image-1664\" style=\"width:284px;height:auto\"\/><\/figure>\n\n\n\n<h3 class=\"wp-block-heading\">P\u00e9riodicit\u00e9<\/h3>\n\n\n\n<p>hebdomadaire<\/p>\n<\/div>\n\n\n\n<div class=\"wp-block-column is-layout-flow wp-block-column-is-layout-flow\">\n<figure class=\"wp-block-image aligncenter size-full is-resized\"><img loading=\"lazy\" decoding=\"async\" width=\"259\" height=\"194\" src=\"https:\/\/site.ac-martinique.fr\/lyc-fanon\/wp-content\/uploads\/sites\/138\/2024\/05\/Sans-titre-2.jpeg\" alt=\"\" class=\"wp-image-1665\" style=\"width:238px;height:auto\"\/><\/figure>\n\n\n\n<h3 class=\"wp-block-heading\">Effectif maximum<\/h3>\n\n\n\n<p>25<\/p>\n<\/div>\n\n\n\n<div class=\"wp-block-column is-layout-flow wp-block-column-is-layout-flow\">\n<figure class=\"wp-block-image aligncenter size-full is-resized\"><img loading=\"lazy\" decoding=\"async\" width=\"225\" height=\"225\" src=\"https:\/\/site.ac-martinique.fr\/lyc-fanon\/wp-content\/uploads\/sites\/138\/2024\/05\/images.jpeg\" alt=\"\" class=\"wp-image-1666\" style=\"width:181px;height:auto\" srcset=\"https:\/\/site.ac-martinique.fr\/lyc-fanon\/wp-content\/uploads\/sites\/138\/2024\/05\/images.jpeg 225w, https:\/\/site.ac-martinique.fr\/lyc-fanon\/wp-content\/uploads\/sites\/138\/2024\/05\/images-150x150.jpeg 150w\" sizes=\"auto, (max-width: 225px) 100vw, 225px\" \/><\/figure>\n\n\n\n<h3 class=\"wp-block-heading\">Pourquoi choisir cette option?<\/h3>\n\n\n\n<p style=\"font-style:normal;font-weight:400;line-height:1.1\">L\u2019option pr\u00e9pare aux \u00e9tudes sup\u00e9rieures en d\u00e9veloppant :<\/p>\n\n\n\n<p style=\"font-style:normal;font-weight:400;line-height:1.1\">\u2022 La rigueur, la concentration,<\/p>\n\n\n\n<p style=\"font-style:normal;font-weight:400;line-height:1.1\">\u2022 l\u2019organisation et la pers\u00e9v\u00e9rance dans le travail scolaire.<\/p>\n\n\n\n<p style=\"font-style:normal;font-weight:400;line-height:1.1\">\u2022 La pr\u00e9paration aux oraux du baccalaur\u00e9at : apprentissage de la gestion du stress. passage d\u2019oraux sp\u00e9cifiques aux activit\u00e9s.<\/p>\n\n\n\n<p style=\"font-style:normal;font-weight:400;line-height:1.1\">\u2022 D\u00e9veloppement des valeurs: coop\u00e9ration, responsabilit\u00e9, solidarit\u00e9, rigueur, prise de d\u00e9cision.<\/p>\n<\/div>\n<\/div>\n\n\n\n<div class=\"wp-block-group alignfull is-layout-flow wp-block-group-is-layout-flow\">\n<h3 class=\"wp-block-heading has-large-font-size tw-heading-border-bottom\">Th\u00e9matiques<\/h3>\n\n\n\n<p class=\"has-text-align-center\"><\/p>\n\n\n\n<div class=\"wp-block-columns is-layout-flex wp-container-core-columns-is-layout-d0b3c9c8 wp-block-columns-is-layout-flex\">\n<div class=\"wp-block-column is-layout-flow wp-block-column-is-layout-flow\">\n<figure class=\"wp-block-image size-full\"><img loading=\"lazy\" decoding=\"async\" width=\"785\" height=\"359\" src=\"https:\/\/site.ac-martinique.fr\/lyc-fanon\/wp-content\/uploads\/sites\/138\/2024\/05\/image.png\" alt=\"\" class=\"wp-image-1792\" srcset=\"https:\/\/site.ac-martinique.fr\/lyc-fanon\/wp-content\/uploads\/sites\/138\/2024\/05\/image.png 785w, https:\/\/site.ac-martinique.fr\/lyc-fanon\/wp-content\/uploads\/sites\/138\/2024\/05\/image-300x137.png 300w\" sizes=\"auto, (max-width: 785px) 100vw, 785px\" \/><\/figure>\n<\/div>\n\n\n\n<div class=\"wp-block-column is-layout-flow wp-block-column-is-layout-flow\">\n<figure class=\"wp-block-image size-full\"><img loading=\"lazy\" decoding=\"async\" width=\"727\" height=\"335\" src=\"https:\/\/site.ac-martinique.fr\/lyc-fanon\/wp-content\/uploads\/sites\/138\/2024\/05\/image-2.png\" alt=\"\" class=\"wp-image-1794\" srcset=\"https:\/\/site.ac-martinique.fr\/lyc-fanon\/wp-content\/uploads\/sites\/138\/2024\/05\/image-2.png 727w, https:\/\/site.ac-martinique.fr\/lyc-fanon\/wp-content\/uploads\/sites\/138\/2024\/05\/image-2-300x138.png 300w\" sizes=\"auto, (max-width: 727px) 100vw, 727px\" \/><\/figure>\n<\/div>\n<\/div>\n\n\n\n<figure class=\"wp-block-image aligncenter size-full\"><img loading=\"lazy\" decoding=\"async\" width=\"712\" height=\"328\" src=\"https:\/\/site.ac-martinique.fr\/lyc-fanon\/wp-content\/uploads\/sites\/138\/2024\/05\/image-3.png\" alt=\"\" class=\"wp-image-1795\" srcset=\"https:\/\/site.ac-martinique.fr\/lyc-fanon\/wp-content\/uploads\/sites\/138\/2024\/05\/image-3.png 712w, https:\/\/site.ac-martinique.fr\/lyc-fanon\/wp-content\/uploads\/sites\/138\/2024\/05\/image-3-300x138.png 300w\" sizes=\"auto, (max-width: 712px) 100vw, 712px\" \/><\/figure>\n\n\n\n<h3 class=\"wp-block-heading has-large-font-size tw-heading-border-bottom\">En cours<\/h3>\n\n\n\n<p>L\u2019option EPS s\u2019adresse \u00e0 tous les \u00e9l\u00e8ves aimant le sport et d\u00e9sirant s\u2019investir dans les activit\u00e9s physiques, sportives et artistiques.<br>Cet engagement peut convenir aux \u00e9l\u00e8ves qui souhaitent d\u00e9couvrir de nouvelles activit\u00e9 ou en renforcer d\u2019autres, mais aussi \u00e0 ceux qui souhaitent prendre du plaisir en pratiquant, ou qui ont un projet futur dans le domaine sportif et de sant\u00e9 (STAPS, Kin\u00e9, BP sportif).<\/p>\n\n\n\n<p><strong><br>Le niveau exigible<\/strong>: <\/p>\n\n\n\n<p>Natation: un test aura lieu au moment des s\u00e9lections, (cf test savoir nager, et un de vitesse). <\/p>\n\n\n\n<p>Course \u00e0 pied: courir pendant 20 minutes \u00e0 faible allure sans s\u2019arr\u00eater. <\/p>\n\n\n\n<p>Musculation\/Cross Training: pas de savoir minimum n\u00e9cessaire. <\/p>\n\n\n\n<p>Kayak: pas de savoir minimum n\u00e9cessaire.<\/p>\n\n\n\n<h3 class=\"wp-block-heading has-large-font-size tw-heading-border-bottom\">Modalit\u00e9s<\/h3>\n\n\n\n<p>Note et appr\u00e9ciation \u00e0 chaque trimestre dans le bulletin et au baccalaur\u00e9at. <\/p>\n\n\n\n<p>Cotisation obligatoire de 20 euros\/an pour inscription \u00e0 l\u2019association sportive du lyc\u00e9e. (UNSS)<\/p>\n\n\n\n<p>En cas de non assiduit\u00e9 ou de probl\u00e8mes de discipline r\u00e9currents: les professeurs pourront en cours d\u2019ann\u00e9e ou pour l\u2019ann\u00e9e suivante refuser la pr\u00e9sence de l\u2019\u00e9l\u00e8ve aux cours.<\/p>\n\n\n\n<h3 class=\"wp-block-heading has-large-font-size tw-heading-border-bottom\">Inscription<\/h3>\n\n\n\n<ol class=\"wp-block-list\">\n<li>R\u00e9cup\u00e9rer le dossier de renseignements aupr\u00e8s de votre professeur d\u2019EPS, ou aupr\u00e8s de la vie scolaire, ou le t\u00e9l\u00e9charger ci-dessous.<\/li>\n\n\n\n<li>Le ramener, une fois rempli et compl\u00e9t\u00e9, \u00e0 votre professeur d\u2019EPS pour postuler.<\/li>\n\n\n\n<li>Pour les troisi\u00e8mes, Lors de votre inscription au lyc\u00e9e (mois de juin), cocher l\u2019enseignement Optionnel de l\u2019EPS dans les options propos\u00e9es et rapporter le pr\u00e9sent document.<\/li>\n<\/ol>\n<\/div>\n<\/div>\n\n\n\n<div data-wp-interactive=\"core\/file\" class=\"wp-block-file\"><object data-wp-bind--hidden=\"!state.hasPdfPreview\" hidden class=\"wp-block-file__embed\" data=\"https:\/\/site.ac-martinique.fr\/lyc-fanon\/wp-content\/uploads\/sites\/138\/2024\/05\/dossier-inscription-option-EPS-2024.pdf\" type=\"application\/pdf\" style=\"width:100%;height:600px\" aria-label=\"Contenu embarqu\u00e9 dossier-inscription-option-EPS-2024.\"><\/object><a id=\"wp-block-file--media-13d79e22-6445-42f7-8924-3baee445b7df\" href=\"https:\/\/site.ac-martinique.fr\/lyc-fanon\/wp-content\/uploads\/sites\/138\/2024\/05\/dossier-inscription-option-EPS-2024.pdf\">dossier-inscription-option-EPS-2024<\/a><a href=\"https:\/\/site.ac-martinique.fr\/lyc-fanon\/wp-content\/uploads\/sites\/138\/2024\/05\/dossier-inscription-option-EPS-2024.pdf\" class=\"wp-block-file__button wp-element-button\" download aria-describedby=\"wp-block-file--media-13d79e22-6445-42f7-8924-3baee445b7df\">T\u00e9l\u00e9charger<\/a><\/div>\n\n\n\n<div class=\"alignnormal\"><div id=\"metaslider-id-1451\" style=\"width: 100%;\" class=\"ml-slider-3-107-0 metaslider metaslider-flex metaslider-1451 ml-slider has-dots-nav ms-theme-default\" role=\"region\" aria-label=\"EPS\" data-height=\"300\" data-width=\"700\">\n    <div id=\"metaslider_container_1451\">\n        <div id=\"metaslider_1451\">\n            <ul class='slides'>\n                <li style=\"display: block; width: 100%;\" class=\"slide-1452 ms-image \" aria-roledescription=\"slide\" data-date=\"2024-03-22 15:05:03\" data-filename=\"IMG_2740-scaled-700x300.jpg\" data-slide-type=\"image\"><img loading=\"lazy\" decoding=\"async\" src=\"https:\/\/site.ac-martinique.fr\/lyc-fanon\/wp-content\/uploads\/sites\/138\/2024\/03\/IMG_2740-scaled-700x300.jpg\" height=\"300\" width=\"700\" alt=\"\" class=\"slider-1451 slide-1452 msDefaultImage\" title=\"IMG_2740\" \/><\/li>\n                <li style=\"display: none; width: 100%;\" class=\"slide-1453 ms-image \" aria-roledescription=\"slide\" data-date=\"2024-03-22 15:05:11\" data-filename=\"IMG_2743-scaled-700x300.jpg\" data-slide-type=\"image\"><img loading=\"lazy\" decoding=\"async\" src=\"https:\/\/site.ac-martinique.fr\/lyc-fanon\/wp-content\/uploads\/sites\/138\/2024\/03\/IMG_2743-scaled-700x300.jpg\" height=\"300\" width=\"700\" alt=\"\" class=\"slider-1451 slide-1453 msDefaultImage\" title=\"IMG_2743\" \/><\/li>\n                <li style=\"display: none; width: 100%;\" class=\"slide-1454 ms-image \" aria-roledescription=\"slide\" data-date=\"2024-03-22 15:05:22\" data-filename=\"IMG_2730-scaled-700x300.jpg\" data-slide-type=\"image\"><img loading=\"lazy\" decoding=\"async\" src=\"https:\/\/site.ac-martinique.fr\/lyc-fanon\/wp-content\/uploads\/sites\/138\/2024\/03\/IMG_2730-scaled-700x300.jpg\" height=\"300\" width=\"700\" alt=\"\" class=\"slider-1451 slide-1454 msDefaultImage\" title=\"IMG_2730\" \/><\/li>\n                <li style=\"display: none; width: 100%;\" class=\"slide-1455 ms-image \" aria-roledescription=\"slide\" data-date=\"2024-03-22 15:05:32\" data-filename=\"IMG_2727-scaled-700x300.jpg\" data-slide-type=\"image\"><img loading=\"lazy\" decoding=\"async\" src=\"https:\/\/site.ac-martinique.fr\/lyc-fanon\/wp-content\/uploads\/sites\/138\/2024\/03\/IMG_2727-scaled-700x300.jpg\" height=\"300\" width=\"700\" alt=\"\" class=\"slider-1451 slide-1455 msDefaultImage\" title=\"IMG_2727\" \/><\/li>\n                <li style=\"display: none; width: 100%;\" class=\"slide-1456 ms-image \" aria-roledescription=\"slide\" data-date=\"2024-03-22 15:05:41\" data-filename=\"IMG_2728-scaled-700x300.jpg\" data-slide-type=\"image\"><img loading=\"lazy\" decoding=\"async\" src=\"https:\/\/site.ac-martinique.fr\/lyc-fanon\/wp-content\/uploads\/sites\/138\/2024\/03\/IMG_2728-scaled-700x300.jpg\" height=\"300\" width=\"700\" alt=\"\" class=\"slider-1451 slide-1456 msDefaultImage\" title=\"IMG_2728\" \/><\/li>\n                <li style=\"display: none; width: 100%;\" class=\"slide-1457 ms-image \" aria-roledescription=\"slide\" data-date=\"2024-03-22 15:05:57\" data-filename=\"Maialen-Guessard-scaled-700x300.jpg\" data-slide-type=\"image\"><img loading=\"lazy\" decoding=\"async\" src=\"https:\/\/site.ac-martinique.fr\/lyc-fanon\/wp-content\/uploads\/sites\/138\/2024\/02\/Maialen-Guessard-scaled-700x300.jpg\" height=\"300\" width=\"700\" alt=\"\" class=\"slider-1451 slide-1457 msDefaultImage\" title=\"Maialen Guessard\" \/><\/li>\n                <li style=\"display: none; width: 100%;\" class=\"slide-1458 ms-image \" aria-roledescription=\"slide\" data-date=\"2024-03-22 15:06:20\" data-filename=\"cropped-IMG_12F2584913C9-1-7-700x300.jpeg\" data-slide-type=\"image\"><img loading=\"lazy\" decoding=\"async\" src=\"https:\/\/site.ac-martinique.fr\/lyc-fanon\/wp-content\/uploads\/sites\/138\/2024\/01\/cropped-IMG_12F2584913C9-1-7-700x300.jpeg\" height=\"300\" width=\"700\" alt=\"\" class=\"slider-1451 slide-1458 msDefaultImage\" title=\"cropped-IMG_12F2584913C9-1-7.jpeg\" \/><\/li>\n                <li style=\"display: none; width: 100%;\" class=\"slide-1460 ms-image \" aria-roledescription=\"slide\" data-date=\"2024-03-22 15:06:34\" data-filename=\"Mael-Laborde-Tube-Grand-Riviere-700x300.jpg\" data-slide-type=\"image\"><img loading=\"lazy\" decoding=\"async\" src=\"https:\/\/site.ac-martinique.fr\/lyc-fanon\/wp-content\/uploads\/sites\/138\/2024\/02\/Mael-Laborde-Tube-Grand-Riviere-700x300.jpg\" height=\"300\" width=\"700\" alt=\"\" class=\"slider-1451 slide-1460 msDefaultImage\" title=\"Mael Laborde Tube Grand-Riviere\" \/><\/li>\n                <li style=\"display: none; width: 100%;\" class=\"slide-1461 ms-image \" aria-roledescription=\"slide\" data-date=\"2024-03-22 15:06:45\" data-filename=\"Lise-Quenaon-petit-turn-scaled-700x300.jpg\" data-slide-type=\"image\"><img loading=\"lazy\" decoding=\"async\" src=\"https:\/\/site.ac-martinique.fr\/lyc-fanon\/wp-content\/uploads\/sites\/138\/2024\/02\/Lise-Quenaon-petit-turn-scaled-700x300.jpg\" height=\"300\" width=\"700\" alt=\"\" class=\"slider-1451 slide-1461 msDefaultImage\" title=\"Lise Quenaon petit turn\" \/><\/li>\n                <li style=\"display: none; width: 100%;\" class=\"slide-1462 ms-image \" aria-roledescription=\"slide\" data-date=\"2024-03-22 15:07:23\" data-filename=\"IMG_175C05AEF7D4-1-700x300.jpeg\" data-slide-type=\"image\"><img loading=\"lazy\" decoding=\"async\" src=\"https:\/\/site.ac-martinique.fr\/lyc-fanon\/wp-content\/uploads\/sites\/138\/2024\/01\/IMG_175C05AEF7D4-1-700x300.jpeg\" height=\"300\" width=\"700\" alt=\"\" class=\"slider-1451 slide-1462 msDefaultImage\" title=\"IMG_175C05AEF7D4-1\" \/><\/li>\n                <li style=\"display: none; width: 100%;\" class=\"slide-1463 ms-image \" aria-roledescription=\"slide\" data-date=\"2024-03-22 15:07:38\" data-filename=\"IMG_25242DD536C7-1-1-360x154.jpeg\" data-slide-type=\"image\"><img loading=\"lazy\" decoding=\"async\" src=\"https:\/\/site.ac-martinique.fr\/lyc-fanon\/wp-content\/uploads\/sites\/138\/2024\/01\/IMG_25242DD536C7-1-1-360x154.jpeg\" height=\"300\" width=\"700\" alt=\"\" class=\"slider-1451 slide-1463 msDefaultImage\" title=\"IMG_25242DD536C7-1-1\" \/><\/li>\n                <li style=\"display: none; width: 100%;\" class=\"slide-1464 ms-image \" aria-roledescription=\"slide\" data-date=\"2024-03-22 15:10:15\" data-filename=\"IMG_2738-scaled-700x300.jpg\" data-slide-type=\"image\"><img loading=\"lazy\" decoding=\"async\" src=\"https:\/\/site.ac-martinique.fr\/lyc-fanon\/wp-content\/uploads\/sites\/138\/2024\/03\/IMG_2738-scaled-700x300.jpg\" height=\"300\" width=\"700\" alt=\"\" class=\"slider-1451 slide-1464 msDefaultImage\" title=\"IMG_2738\" \/><\/li>\n                <li style=\"display: none; width: 100%;\" class=\"slide-1465 ms-image \" aria-roledescription=\"slide\" data-date=\"2024-03-22 15:10:43\" data-filename=\"IMG_2743-scaled-700x300.jpg\" data-slide-type=\"image\"><img loading=\"lazy\" decoding=\"async\" src=\"https:\/\/site.ac-martinique.fr\/lyc-fanon\/wp-content\/uploads\/sites\/138\/2024\/03\/IMG_2743-scaled-700x300.jpg\" height=\"300\" width=\"700\" alt=\"\" class=\"slider-1451 slide-1465 msDefaultImage\" title=\"IMG_2743\" \/><\/li>\n            <\/ul>\n        <\/div>\n        \n    <\/div>\n<\/div><\/div>\n\n\n\n<hr class=\"wp-block-separator has-alpha-channel-opacity\"\/>\n\n\n\n<div class=\"wp-block-group alignfull is-layout-flow wp-block-group-is-layout-flow\">\n<h2 class=\"wp-block-heading has-text-align-center\">Articles r\u00e9cents<\/h2>\n\n\n<ul class=\"wp-block-latest-posts__list is-grid columns-4 has-dates has-link-color alignwide tw-mt-8 tw-heading-size-medium tw-stretched-link tw-img-ratio-16-9 is-style-tw-posts-card wp-elements-7109b0796817332401f0ce0038ee37db wp-block-latest-posts\"><li><div class=\"wp-block-latest-posts__featured-image\"><a href=\"https:\/\/site.ac-martinique.fr\/lyc-fanon\/?p=259\" aria-label=\"Notre ancien \u00e9l\u00e8ve Ma\u00ebl Laborde champion sacr\u00e9 champion de France de surf Open \u00e0 Biarritz\"><img loading=\"lazy\" decoding=\"async\" width=\"930\" height=\"620\" src=\"https:\/\/site.ac-martinique.fr\/lyc-fanon\/wp-content\/uploads\/sites\/138\/2024\/01\/laborde-cdf23-jour2-ffs-wecreative-arrieta-arr20387-1-653ebfd68037f360303280.jpg\" class=\"attachment-large size-large wp-post-image\" alt=\"\" style=\"\" srcset=\"https:\/\/site.ac-martinique.fr\/lyc-fanon\/wp-content\/uploads\/sites\/138\/2024\/01\/laborde-cdf23-jour2-ffs-wecreative-arrieta-arr20387-1-653ebfd68037f360303280.jpg 930w, https:\/\/site.ac-martinique.fr\/lyc-fanon\/wp-content\/uploads\/sites\/138\/2024\/01\/laborde-cdf23-jour2-ffs-wecreative-arrieta-arr20387-1-653ebfd68037f360303280-300x200.jpg 300w\" sizes=\"auto, 100vw\" \/><\/a><\/div><a class=\"wp-block-latest-posts__post-title\" href=\"https:\/\/site.ac-martinique.fr\/lyc-fanon\/?p=259\">Notre ancien \u00e9l\u00e8ve Ma\u00ebl Laborde champion sacr\u00e9 champion de France de surf Open \u00e0 Biarritz<\/a><time datetime=\"2023-10-30T14:46:00-04:00\" class=\"wp-block-latest-posts__post-date\">30 octobre 2023<\/time><\/li>\n<li><a class=\"wp-block-latest-posts__post-title\" href=\"https:\/\/site.ac-martinique.fr\/lyc-fanon\/?p=205\">Formation de nos \u00e9l\u00e8ves de l\u2019option EPS \u00e0 la plong\u00e9e autonome<\/a><time datetime=\"2023-10-23T12:07:00-04:00\" class=\"wp-block-latest-posts__post-date\">23 octobre 2023<\/time><\/li>\n<\/ul><\/div>\n","protected":false},"excerpt":{"rendered":"<p>L&rsquo;option Education Physique et Sportive Volume horaire 3 heures P\u00e9riodicit\u00e9 hebdomadaire Effectif maximum 25 Pourquoi choisir cette option? L\u2019option pr\u00e9pare aux \u00e9tudes sup\u00e9rieures en d\u00e9veloppant : \u2022 La rigueur, la concentration, \u2022 l\u2019organisation et la pers\u00e9v\u00e9rance dans le travail scolaire. \u2022 La pr\u00e9paration aux oraux du baccalaur\u00e9at : apprentissage de la gestion du stress. passage &hellip; <\/p>\n<p class=\"link-more\"><a href=\"https:\/\/site.ac-martinique.fr\/lyc-fanon\/?page_id=1293\" class=\"more-link\">Lire la suite de<span class=\"screen-reader-text\">\u00ab\u00a0EPS\u00a0\u00bb<\/span><\/a><\/p>\n","protected":false},"author":478,"featured_media":1204,"parent":1257,"menu_order":0,"comment_status":"closed","ping_status":"closed","template":"","meta":{"inspiro_hide_title":false,"footnotes":""},"class_list":["post-1293","page","type-page","status-publish","has-post-thumbnail","hentry"],"_links":{"self":[{"href":"https:\/\/site.ac-martinique.fr\/lyc-fanon\/index.php?rest_route=\/wp\/v2\/pages\/1293","targetHints":{"allow":["GET"]}}],"collection":[{"href":"https:\/\/site.ac-martinique.fr\/lyc-fanon\/index.php?rest_route=\/wp\/v2\/pages"}],"about":[{"href":"https:\/\/site.ac-martinique.fr\/lyc-fanon\/index.php?rest_route=\/wp\/v2\/types\/page"}],"author":[{"embeddable":true,"href":"https:\/\/site.ac-martinique.fr\/lyc-fanon\/index.php?rest_route=\/wp\/v2\/users\/478"}],"replies":[{"embeddable":true,"href":"https:\/\/site.ac-martinique.fr\/lyc-fanon\/index.php?rest_route=%2Fwp%2Fv2%2Fcomments&post=1293"}],"version-history":[{"count":10,"href":"https:\/\/site.ac-martinique.fr\/lyc-fanon\/index.php?rest_route=\/wp\/v2\/pages\/1293\/revisions"}],"predecessor-version":[{"id":2519,"href":"https:\/\/site.ac-martinique.fr\/lyc-fanon\/index.php?rest_route=\/wp\/v2\/pages\/1293\/revisions\/2519"}],"up":[{"embeddable":true,"href":"https:\/\/site.ac-martinique.fr\/lyc-fanon\/index.php?rest_route=\/wp\/v2\/pages\/1257"}],"wp:featuredmedia":[{"embeddable":true,"href":"https:\/\/site.ac-martinique.fr\/lyc-fanon\/index.php?rest_route=\/wp\/v2\/media\/1204"}],"wp:attachment":[{"href":"https:\/\/site.ac-martinique.fr\/lyc-fanon\/index.php?rest_route=%2Fwp%2Fv2%2Fmedia&parent=1293"}],"curies":[{"name":"wp","href":"https:\/\/api.w.org\/{rel}","templated":true}]}}