{"id":1704,"date":"2024-05-04T16:12:17","date_gmt":"2024-05-04T20:12:17","guid":{"rendered":"https:\/\/site.ac-martinique.fr\/lyc-fanon\/?page_id=1704"},"modified":"2024-05-05T18:42:36","modified_gmt":"2024-05-05T22:42:36","slug":"test","status":"publish","type":"page","link":"https:\/\/site.ac-martinique.fr\/lyc-fanon\/?page_id=1704","title":{"rendered":"Colibri, Pronote, \u00c9duConnect\u2026"},"content":{"rendered":"\n<p>Depuis la rentr\u00e9e 2023, l\u2019acc\u00e8s \u00e0 l\u2019ENT pour les parents et repr\u00e9sentants l\u00e9gaux se fait via <strong>\u00c9duConnect<\/strong> ou <strong>FranceConnect<\/strong>.<\/p>\n\n\n\n<p class=\"has-secondary-color has-text-color has-link-color has-medium-font-size wp-elements-ab0e1736db99bc85b58a3db0b8281714\"><strong>1. Premi\u00e8re connexion&nbsp;: comment activer votre compte ?<\/strong><\/p>\n\n\n\n<p class=\"has-primary-color has-text-color has-link-color has-small-font-size wp-elements-82c8d23064277520f8b33316e6c07eab\"><strong>1-1. Premi\u00e8re solution&nbsp;via votre compte \u00c9duConnect<\/strong><\/p>\n\n\n\n<p>a. Acc\u00e9dez \u00e0 la page d\u2019accueil d\u2019\u00c9duConnect : <a href=\"https:\/\/educonnect.education.gouv.fr\/\" target=\"_blank\" rel=\"noreferrer noopener\">https:\/\/educonnect.education.gouv.fr\/<\/a><br>b. S\u00e9lectionnez le profil \u00ab Responsable d\u2019\u00e9l\u00e8ve \u00bb<br>c. Cliquez sur \u00ab Je n\u2019ai pas de compte \u00bb<br>d. Renseignez votre nom et pr\u00e9nom, ainsi que votre num\u00e9ro de t\u00e9l\u00e9phone portable (en +596 pour la Martinique)<br>e. Saisissez le code SMS dans le champ pr\u00e9vu \u00e0 cet effet. Le code est valable 30 minutes !<br>f. Saisissez les informations relatives \u00e0 votre\/vos enfant(s)<br>g. Choisissez votre nouveau mot de passe<br>h. Et pour finir, acc\u00e9dez aux services en ligne !<\/p>\n\n\n\n<p class=\"has-text-align-center has-white-color has-secondary-background-color has-text-color has-background has-link-color wp-elements-266dc85487ec78a4ccc61e3610bb6f68\"><a href=\"https:\/\/site.ac-martinique.fr\/drane\/wp-content\/uploads\/sites\/100\/2022\/02\/004_AutoinscriptionSMSResponsables9721p-e1644509119671.png\" target=\"_blank\" rel=\"noreferrer noopener\"><em>T\u00e9l\u00e9charger le document<\/em>&nbsp;\u2013 Activation du&nbsp;compte via son num\u00e9ro de t\u00e9l\u00e9phone portable<\/a><\/p>\n\n\n\n<p class=\"has-foreground-color has-text-color has-link-color has-small-font-size wp-elements-9c6379672aa954a0c0fb6d8a07530ba6\"><strong>1-2. Deuxi\u00e8me solution via votre compte FranceConnect<\/strong><\/p>\n\n\n\n<p>a. Acc\u00e9dez \u00e0 la page d\u2019accueil d\u2019\u00c9duConnect : <a href=\"https:\/\/educonnect.education.gouv.fr\/\" target=\"_blank\" rel=\"noreferrer noopener\">https:\/\/educonnect.education.gouv.fr\/<\/a><br>b. S\u00e9lectionnez le profil \u00ab Responsable d\u2019\u00e9l\u00e8ve \u00bb<br>c. Cliquez sur le bouton \u00ab S\u2019identifier avec FranceConnect \u00bb<br>d. Choisissez un des services d\u2019authentification propos\u00e9s (Imp\u00f4t, Ameli, etc&#8230;.)<br>e. Appuyez sur le bouton \u00ab Continuer sur Education nationale \u00bb<br>f. \u00c0 la premi\u00e8re connexion avec FranceConnect, indiquez le m\u00eame num\u00e9ro de t\u00e9l\u00e9phone portable que celui d\u00e9j\u00e0 communiqu\u00e9 \u00e0 l&rsquo;\u00e9tablissement, puis confirmer avec le code de validation re\u00e7u par SMS et la date de naissance de votre\/vos enfant(s)<\/p>\n\n\n\n<p class=\"has-text-align-center has-white-color has-secondary-background-color has-text-color has-background has-link-color wp-elements-aa445eca20a4ec8c3f1fe2f52fbc327c\"><a href=\"https:\/\/site.ac-martinique.fr\/drane\/wp-content\/uploads\/sites\/100\/2022\/02\/003_FranceConnectResponsables9721p-e1644509046536.png\" target=\"_blank\" rel=\"noreferrer noopener\"><em>T\u00e9l\u00e9charger le document<\/em>&nbsp;\u2013 Activation du compte via FranceConnect<\/a><\/p>\n\n\n\n<p class=\"has-secondary-color has-text-color has-link-color has-medium-font-size wp-elements-2301a1c29dfcd6fc775b9a76aac33b7d\"><strong>2. Acc\u00e9dez \u00e0 Colibri<\/strong><\/p>\n\n\n\n<p>a. Acc\u00e9dez \u00e0 la page d\u2019accueil de Colibri : <a href=\"https:\/\/colibri.ac-martinique.fr\/\" target=\"_blank\" rel=\"noreferrer noopener\">https:\/\/colibri.ac-martinique.fr\/<\/a><br>b. Cliquez sur l\u2019onglet \u00ab Repr\u00e9sentant l\u00e9gal \u00bb<br>c. S\u00e9lectionnez le profil \u00ab Responsable d\u2019\u00e9l\u00e8ve \u00bb<br>d. Connectez-vous via \u00c9duConnect ou FranceConnect (Imp\u00f4t, Ameli, etc&#8230;.)<\/p>\n\n\n\n<p><em>En cas d\u2019oubli d\u2019identifiant ou de mot passe, cliquez sur \u00ab Identifiant oubli\u00e9 ? \u00bb ou \u00ab Mot de passe oubli\u00e9 ? \u00bb (n\u00e9cessite une adresse mail). Sinon, rapprochez-vous de l\u2019\u00e9tablissement !<\/em><\/p>\n\n\n\n<p class=\"has-text-align-center has-white-color has-secondary-background-color has-text-color has-background has-link-color wp-elements-f562ce4597689bb4894c1c61ffc8a6e8\"><em><a href=\"https:\/\/site.ac-martinique.fr\/drane\/wp-content\/uploads\/sites\/100\/2023\/09\/acces_colibri.pdf\" target=\"_blank\" rel=\"noreferrer noopener\">T\u00e9l\u00e9chargez le document &#8211;<\/a><\/em><a href=\"https:\/\/site.ac-martinique.fr\/drane\/wp-content\/uploads\/sites\/100\/2023\/09\/acces_colibri.pdf\" target=\"_blank\" rel=\"noreferrer noopener\"> Acc\u00e8s \u00e0 Colibri<\/a><\/p>\n\n\n\n<p class=\"has-secondary-color has-text-color has-link-color has-medium-font-size wp-elements-013f0831dcbfd86a7e7d152103471536\"><strong>3. Acc\u00e9dez \u00e0 Pronote via Colibri<\/strong><\/p>\n\n\n\n<p>a. Acc\u00e9dez \u00e0 la page d\u2019accueil de Colibri : <a href=\"https:\/\/colibri.ac-martinique.fr\/\" target=\"_blank\" rel=\"noreferrer noopener\">https:\/\/colibri.ac-martinique.fr\/<\/a><br>b. Cliquez sur l\u2019onglet \u00ab Repr\u00e9sentant l\u00e9gal \u00bb<br>c. S\u00e9lectionnez le profil \u00ab Responsable d\u2019\u00e9l\u00e8ve \u00bb<br>d. Connectez-vous via \u00c9duConnect ou FranceConnect (Imp\u00f4t, Ameli, etc\u2026)<br>e. Cliquez sur l&rsquo;ic\u00f4ne \u00ab Mes Applis \u00bb, pour acc\u00e9der aux applications (voir image ci-dessous)<\/p>\n\n\n\n<figure class=\"wp-block-gallery has-nested-images columns-default is-cropped wp-block-gallery-1 is-layout-flex wp-block-gallery-is-layout-flex\">\n<figure class=\"wp-block-image size-large is-style-default\"><img loading=\"lazy\" decoding=\"async\" width=\"525\" height=\"163\" data-id=\"1768\" src=\"https:\/\/site.ac-martinique.fr\/lyc-fanon\/wp-content\/uploads\/sites\/138\/2024\/05\/Colibri-Pronote.png\" alt=\"\" class=\"wp-image-1768\" srcset=\"https:\/\/site.ac-martinique.fr\/lyc-fanon\/wp-content\/uploads\/sites\/138\/2024\/05\/Colibri-Pronote.png 525w, https:\/\/site.ac-martinique.fr\/lyc-fanon\/wp-content\/uploads\/sites\/138\/2024\/05\/Colibri-Pronote-300x93.png 300w\" sizes=\"auto, (max-width: 525px) 100vw, 525px\" \/><\/figure>\n<\/figure>\n\n\n\n<p><br>f. Cliquez sur l\u2019ic\u00f4ne Pronote. Et pour finir, choisissez \u00ab Parents \u00bb.<\/p>\n\n\n\n<p class=\"has-secondary-color has-text-color has-link-color has-medium-font-size wp-elements-aef446c95dee19143eb690e8c0651b08\"><strong>4. Acc\u00e9dez \u00e0 Pronote via l&rsquo;application \u00ab NEO Pocket<\/strong> \u00bb<\/p>\n\n\n\n<p>a. T\u00e9l\u00e9charger l\u2019application \u00ab NEO Pocket \u00bb sur le <a href=\"https:\/\/play.google.com\/store\/apps\/details?id=com.ode.neo\" data-type=\"link\" data-id=\"https:\/\/play.google.com\/store\/apps\/details?id=com.ode.neo\" target=\"_blank\" rel=\"noreferrer noopener\">Play Store<\/a> (Android) ou sur l\u2019<a href=\"https:\/\/apps.apple.com\/fr\/app\/neo-pocket\/id1458097439\" data-type=\"link\" data-id=\"https:\/\/apps.apple.com\/fr\/app\/neo-pocket\/id1458097439\" target=\"_blank\" rel=\"noreferrer noopener\">App Store<\/a> (Apple)<\/p>\n\n\n\n<figure class=\"wp-block-gallery has-nested-images columns-default is-cropped wp-block-gallery-2 is-layout-flex wp-block-gallery-is-layout-flex\">\n<figure class=\"wp-block-image size-large\"><img loading=\"lazy\" decoding=\"async\" width=\"1024\" height=\"1024\" data-id=\"1780\" src=\"https:\/\/site.ac-martinique.fr\/lyc-fanon\/wp-content\/uploads\/sites\/138\/2024\/05\/QR-Code-NEO-Pocket-App-Store-1024x1024.png\" alt=\"\" class=\"wp-image-1780\" srcset=\"https:\/\/site.ac-martinique.fr\/lyc-fanon\/wp-content\/uploads\/sites\/138\/2024\/05\/QR-Code-NEO-Pocket-App-Store-1024x1024.png 1024w, https:\/\/site.ac-martinique.fr\/lyc-fanon\/wp-content\/uploads\/sites\/138\/2024\/05\/QR-Code-NEO-Pocket-App-Store-300x300.png 300w, https:\/\/site.ac-martinique.fr\/lyc-fanon\/wp-content\/uploads\/sites\/138\/2024\/05\/QR-Code-NEO-Pocket-App-Store-150x150.png 150w, https:\/\/site.ac-martinique.fr\/lyc-fanon\/wp-content\/uploads\/sites\/138\/2024\/05\/QR-Code-NEO-Pocket-App-Store.png 1125w\" sizes=\"auto, (max-width: 1024px) 100vw, 1024px\" \/><\/figure>\n\n\n\n<figure class=\"wp-block-image size-large\"><img loading=\"lazy\" decoding=\"async\" width=\"1024\" height=\"1024\" data-id=\"1781\" src=\"https:\/\/site.ac-martinique.fr\/lyc-fanon\/wp-content\/uploads\/sites\/138\/2024\/05\/QR-Code-NEO-Pocket-Play-Store-1024x1024.png\" alt=\"\" class=\"wp-image-1781\" srcset=\"https:\/\/site.ac-martinique.fr\/lyc-fanon\/wp-content\/uploads\/sites\/138\/2024\/05\/QR-Code-NEO-Pocket-Play-Store-1024x1024.png 1024w, https:\/\/site.ac-martinique.fr\/lyc-fanon\/wp-content\/uploads\/sites\/138\/2024\/05\/QR-Code-NEO-Pocket-Play-Store-300x300.png 300w, https:\/\/site.ac-martinique.fr\/lyc-fanon\/wp-content\/uploads\/sites\/138\/2024\/05\/QR-Code-NEO-Pocket-Play-Store-150x150.png 150w, https:\/\/site.ac-martinique.fr\/lyc-fanon\/wp-content\/uploads\/sites\/138\/2024\/05\/QR-Code-NEO-Pocket-Play-Store.png 1127w\" sizes=\"auto, (max-width: 1024px) 100vw, 1024px\" \/><\/figure>\n<\/figure>\n\n\n\n<p>b. Appuyez sur le bouton \u00ab S\u2019identifier \u00bb<br>c. Choisissez \u00ab Colibri \u00bb<br>d. Appuyez \u00e0 nouveau sur le bouton \u00ab S\u2019identifier \u00bb<br>e. Cliquez sur l\u2019onglet \u00ab Repr\u00e9sentant l\u00e9gal \u00bb et connectez-vous via \u00c9duConnect<br>f. Cliquez sur l\u2019onglet \u00ab Mes applis \u00bb (en bas de l\u2019\u00e9cran), puis \u00ab Pronote \u00bb<\/p>\n","protected":false},"excerpt":{"rendered":"<p>Depuis la rentr\u00e9e 2023, l\u2019acc\u00e8s \u00e0 l\u2019ENT pour les parents et repr\u00e9sentants l\u00e9gaux se fait via \u00c9duConnect ou FranceConnect. 1. Premi\u00e8re connexion&nbsp;: comment activer votre compte ? 1-1. Premi\u00e8re solution&nbsp;via votre compte \u00c9duConnect a. Acc\u00e9dez \u00e0 la page d\u2019accueil d\u2019\u00c9duConnect : https:\/\/educonnect.education.gouv.fr\/b. S\u00e9lectionnez le profil \u00ab Responsable d\u2019\u00e9l\u00e8ve \u00bbc. Cliquez sur \u00ab Je n\u2019ai pas &hellip; <\/p>\n<p class=\"link-more\"><a href=\"https:\/\/site.ac-martinique.fr\/lyc-fanon\/?page_id=1704\" class=\"more-link\">Lire la suite de<span class=\"screen-reader-text\">\u00ab\u00a0Colibri, Pronote, \u00c9duConnect\u2026\u00a0\u00bb<\/span><\/a><\/p>\n","protected":false},"author":478,"featured_media":0,"parent":488,"menu_order":0,"comment_status":"closed","ping_status":"closed","template":"","meta":{"inspiro_hide_title":false,"footnotes":""},"class_list":["post-1704","page","type-page","status-publish","hentry"],"_links":{"self":[{"href":"https:\/\/site.ac-martinique.fr\/lyc-fanon\/index.php?rest_route=\/wp\/v2\/pages\/1704","targetHints":{"allow":["GET"]}}],"collection":[{"href":"https:\/\/site.ac-martinique.fr\/lyc-fanon\/index.php?rest_route=\/wp\/v2\/pages"}],"about":[{"href":"https:\/\/site.ac-martinique.fr\/lyc-fanon\/index.php?rest_route=\/wp\/v2\/types\/page"}],"author":[{"embeddable":true,"href":"https:\/\/site.ac-martinique.fr\/lyc-fanon\/index.php?rest_route=\/wp\/v2\/users\/478"}],"replies":[{"embeddable":true,"href":"https:\/\/site.ac-martinique.fr\/lyc-fanon\/index.php?rest_route=%2Fwp%2Fv2%2Fcomments&post=1704"}],"version-history":[{"count":22,"href":"https:\/\/site.ac-martinique.fr\/lyc-fanon\/index.php?rest_route=\/wp\/v2\/pages\/1704\/revisions"}],"predecessor-version":[{"id":2452,"href":"https:\/\/site.ac-martinique.fr\/lyc-fanon\/index.php?rest_route=\/wp\/v2\/pages\/1704\/revisions\/2452"}],"up":[{"embeddable":true,"href":"https:\/\/site.ac-martinique.fr\/lyc-fanon\/index.php?rest_route=\/wp\/v2\/pages\/488"}],"wp:attachment":[{"href":"https:\/\/site.ac-martinique.fr\/lyc-fanon\/index.php?rest_route=%2Fwp%2Fv2%2Fmedia&parent=1704"}],"curies":[{"name":"wp","href":"https:\/\/api.w.org\/{rel}","templated":true}]}}