{"id":2061,"date":"2024-06-20T08:58:04","date_gmt":"2024-06-20T12:58:04","guid":{"rendered":"https:\/\/site.ac-martinique.fr\/lyc-fanon\/?p=2061"},"modified":"2025-06-06T11:43:15","modified_gmt":"2025-06-06T15:43:15","slug":"inscriptions-et-re-inscriptions","status":"publish","type":"page","link":"https:\/\/site.ac-martinique.fr\/lyc-fanon\/?page_id=2061","title":{"rendered":"Inscriptions et r\u00e9-inscriptions 2024-2025"},"content":{"rendered":"\n<div class=\"wp-block-group alignfull has-background has-global-padding is-layout-constrained wp-block-group-is-layout-constrained\" style=\"background-color:#e5e9ec;padding-top:var(--wp--preset--spacing--small);padding-bottom:var(--wp--preset--spacing--small)\">\n<div class=\"wp-block-columns is-layout-flex wp-container-core-columns-is-layout-57c25343 wp-block-columns-is-layout-flex\" style=\"padding-right:0;padding-left:0\">\n<div class=\"wp-block-column is-vertically-aligned-center is-layout-flow wp-block-column-is-layout-flow\">\n<h2 class=\"wp-block-heading has-medium-font-size\" style=\"text-transform:uppercase\">LISTES DES FOURNITURES SCOLAIRES<\/h2>\n\n\n\n<p>Cliquez sur le bouton ci-dessous, pour acc\u00e9der aux listes des fournitures pour l&rsquo;ann\u00e9e scolaire 2024-2025.<\/p>\n\n\n\n<div class=\"wp-block-buttons is-horizontal is-content-justification-left is-layout-flex wp-container-core-buttons-is-layout-20be11b6 wp-block-buttons-is-layout-flex\">\n<div class=\"wp-block-button is-style-outline is-style-outline--1\"><a class=\"wp-block-button__link wp-element-button\" href=\"https:\/\/site.ac-martinique.fr\/lyc-fanon\/?p=2254#TST2S\" target=\"_blank\" rel=\"noreferrer noopener\">JE D\u00c9COUVRE<\/a><\/div>\n<\/div>\n\n\n\n<p><\/p>\n<\/div>\n\n\n\n<div class=\"wp-block-column is-layout-flow wp-block-column-is-layout-flow\">\n<figure class=\"wp-block-image size-large\"><img loading=\"lazy\" decoding=\"async\" width=\"647\" height=\"1024\" src=\"https:\/\/site.ac-martinique.fr\/lyc-fanon\/wp-content\/uploads\/sites\/138\/2024\/07\/WhatsApp-Image-2024-07-04-a-21.00.39_49e0d4b5-647x1024.jpg\" alt=\"\" class=\"wp-image-2346\" srcset=\"https:\/\/site.ac-martinique.fr\/lyc-fanon\/wp-content\/uploads\/sites\/138\/2024\/07\/WhatsApp-Image-2024-07-04-a-21.00.39_49e0d4b5-647x1024.jpg 647w, https:\/\/site.ac-martinique.fr\/lyc-fanon\/wp-content\/uploads\/sites\/138\/2024\/07\/WhatsApp-Image-2024-07-04-a-21.00.39_49e0d4b5-190x300.jpg 190w, https:\/\/site.ac-martinique.fr\/lyc-fanon\/wp-content\/uploads\/sites\/138\/2024\/07\/WhatsApp-Image-2024-07-04-a-21.00.39_49e0d4b5.jpg 719w\" sizes=\"auto, (max-width: 647px) 100vw, 647px\" \/><\/figure>\n<\/div>\n<\/div>\n<\/div>\n\n\n\n<div class=\"wp-block-group alignfull is-layout-flow wp-block-group-is-layout-flow\">\n<div class=\"wp-block-buttons is-content-justification-center is-layout-flex wp-container-core-buttons-is-layout-a89b3969 wp-block-buttons-is-layout-flex\"><\/div>\n<\/div>\n\n\n\n<h2 class=\"wp-block-heading\">Protocole d&rsquo;inscription et de r\u00e9-inscription<\/h2>\n\n\n\n<div data-wp-interactive=\"core\/file\" class=\"wp-block-file\"><object data-wp-bind--hidden=\"!state.hasPdfPreview\" hidden class=\"wp-block-file__embed\" data=\"https:\/\/site.ac-martinique.fr\/lyc-fanon\/wp-content\/uploads\/sites\/138\/2024\/06\/Protocole-dinscription-2024-2025.pdf\" type=\"application\/pdf\" style=\"width:100%;height:600px\" aria-label=\"Contenu embarqu\u00e9 Protocole-dinscription-2024-2025.\"><\/object><a id=\"wp-block-file--media-c8e80ecd-3eb8-4b59-b42a-d77b87faf60b\" href=\"https:\/\/site.ac-martinique.fr\/lyc-fanon\/wp-content\/uploads\/sites\/138\/2024\/06\/Protocole-dinscription-2024-2025.pdf\">Protocole-dinscription-2024-2025<\/a><a href=\"https:\/\/site.ac-martinique.fr\/lyc-fanon\/wp-content\/uploads\/sites\/138\/2024\/06\/Protocole-dinscription-2024-2025.pdf\" class=\"wp-block-file__button wp-element-button\" download aria-describedby=\"wp-block-file--media-c8e80ecd-3eb8-4b59-b42a-d77b87faf60b\">T\u00e9l\u00e9charger<\/a><\/div>\n\n\n\n<h2 class=\"wp-block-heading\">Planning des inscriptions et r\u00e9-inscriptions<\/h2>\n\n\n\n<div data-wp-interactive=\"core\/file\" class=\"wp-block-file\"><object data-wp-bind--hidden=\"!state.hasPdfPreview\" hidden class=\"wp-block-file__embed\" data=\"https:\/\/site.ac-martinique.fr\/lyc-fanon\/wp-content\/uploads\/sites\/138\/2024\/06\/Calendrier-des-INSCRIPTIONS-rentree-scolaire-2024-2025.pdf\" type=\"application\/pdf\" style=\"width:100%;height:600px\" aria-label=\"Contenu embarqu\u00e9 Calendrier-des-INSCRIPTIONS-rentree-scolaire-2024-2025.\"><\/object><a id=\"wp-block-file--media-7e6106fd-0555-463d-a91d-b9ca82274a92\" href=\"https:\/\/site.ac-martinique.fr\/lyc-fanon\/wp-content\/uploads\/sites\/138\/2024\/06\/Calendrier-des-INSCRIPTIONS-rentree-scolaire-2024-2025.pdf\">Calendrier-des-INSCRIPTIONS-rentree-scolaire-2024-2025<\/a><a href=\"https:\/\/site.ac-martinique.fr\/lyc-fanon\/wp-content\/uploads\/sites\/138\/2024\/06\/Calendrier-des-INSCRIPTIONS-rentree-scolaire-2024-2025.pdf\" class=\"wp-block-file__button wp-element-button\" download aria-describedby=\"wp-block-file--media-7e6106fd-0555-463d-a91d-b9ca82274a92\">T\u00e9l\u00e9charger<\/a><\/div>\n\n\n\n<h2 class=\"wp-block-heading\">Fiche de renseignements<\/h2>\n\n\n\n<div class=\"wp-block-file\"><a id=\"wp-block-file--media-8c6ed24e-0fdb-43d1-9af8-d769b2db9454\" href=\"https:\/\/site.ac-martinique.fr\/lyc-fanon\/wp-content\/uploads\/sites\/138\/2024\/06\/fiche-de-renseignements-LGT-FF-2024-2025.docx\">fiche-de-renseignements-LGT-FF-2024-2025<\/a><a href=\"https:\/\/site.ac-martinique.fr\/lyc-fanon\/wp-content\/uploads\/sites\/138\/2024\/06\/fiche-de-renseignements-LGT-FF-2024-2025.docx\" class=\"wp-block-file__button wp-element-button\" download aria-describedby=\"wp-block-file--media-8c6ed24e-0fdb-43d1-9af8-d769b2db9454\">T\u00e9l\u00e9charger<\/a><\/div>\n\n\n\n<h2 class=\"wp-block-heading\">Note relative aux cours d&rsquo;EPS<\/h2>\n\n\n\n<div data-wp-interactive=\"core\/file\" class=\"wp-block-file\"><object data-wp-bind--hidden=\"!state.hasPdfPreview\" hidden class=\"wp-block-file__embed\" data=\"https:\/\/site.ac-martinique.fr\/lyc-fanon\/wp-content\/uploads\/sites\/138\/2024\/06\/Note-relative-aux-cours-dEPS.pdf\" type=\"application\/pdf\" style=\"width:100%;height:600px\" aria-label=\"Contenu embarqu\u00e9 Note-relative-aux-cours-dEPS.\"><\/object><a id=\"wp-block-file--media-7b933fa4-c176-499b-9e67-77e9fd518c70\" href=\"https:\/\/site.ac-martinique.fr\/lyc-fanon\/wp-content\/uploads\/sites\/138\/2024\/06\/Note-relative-aux-cours-dEPS.pdf\">Note-relative-aux-cours-dEPS<\/a><a href=\"https:\/\/site.ac-martinique.fr\/lyc-fanon\/wp-content\/uploads\/sites\/138\/2024\/06\/Note-relative-aux-cours-dEPS.pdf\" class=\"wp-block-file__button wp-element-button\" download aria-describedby=\"wp-block-file--media-7b933fa4-c176-499b-9e67-77e9fd518c70\">T\u00e9l\u00e9charger<\/a><\/div>\n\n\n\n<h2 class=\"wp-block-heading\">Formulaire de pr\u00e9-inscription \u00e0 la demi-pension<\/h2>\n\n\n\n<div data-wp-interactive=\"core\/file\" class=\"wp-block-file\"><object data-wp-bind--hidden=\"!state.hasPdfPreview\" hidden class=\"wp-block-file__embed\" data=\"https:\/\/site.ac-martinique.fr\/lyc-fanon\/wp-content\/uploads\/sites\/138\/2024\/06\/FORMULAIRE-PREINSCRIPTION-DEMI-PENSION-LGT-2024.-2025-1.pdf\" type=\"application\/pdf\" style=\"width:100%;height:600px\" aria-label=\"Contenu embarqu\u00e9 FORMULAIRE-PREINSCRIPTION-DEMI-PENSION-LGT-2024.-2025-1.\"><\/object><a id=\"wp-block-file--media-c18b775b-0869-45cd-a1a6-3e184818c53d\" href=\"https:\/\/site.ac-martinique.fr\/lyc-fanon\/wp-content\/uploads\/sites\/138\/2024\/06\/FORMULAIRE-PREINSCRIPTION-DEMI-PENSION-LGT-2024.-2025-1.pdf\">FORMULAIRE-PREINSCRIPTION-DEMI-PENSION-LGT-2024.-2025-1<\/a><a href=\"https:\/\/site.ac-martinique.fr\/lyc-fanon\/wp-content\/uploads\/sites\/138\/2024\/06\/FORMULAIRE-PREINSCRIPTION-DEMI-PENSION-LGT-2024.-2025-1.pdf\" class=\"wp-block-file__button wp-element-button\" download aria-describedby=\"wp-block-file--media-c18b775b-0869-45cd-a1a6-3e184818c53d\">T\u00e9l\u00e9charger<\/a><\/div>\n\n\n\n<h2 class=\"wp-block-heading\">Niveau PREMI\u00c8RE<\/h2>\n\n\n\n<div data-wp-interactive=\"core\/file\" class=\"wp-block-file\"><object data-wp-bind--hidden=\"!state.hasPdfPreview\" hidden class=\"wp-block-file__embed\" data=\"https:\/\/site.ac-martinique.fr\/lyc-fanon\/wp-content\/uploads\/sites\/138\/2024\/06\/Intercalaire-PREMIERE-technologique.pdf\" type=\"application\/pdf\" style=\"width:100%;height:600px\" aria-label=\"Contenu embarqu\u00e9 Intercalaire-PREMIERE-technologique.\"><\/object><a id=\"wp-block-file--media-2ecfca77-5899-4c7b-bf1a-4bb7f9d4ff08\" href=\"https:\/\/site.ac-martinique.fr\/lyc-fanon\/wp-content\/uploads\/sites\/138\/2024\/06\/Intercalaire-PREMIERE-technologique.pdf\">Intercalaire-PREMIERE-technologique<\/a><a href=\"https:\/\/site.ac-martinique.fr\/lyc-fanon\/wp-content\/uploads\/sites\/138\/2024\/06\/Intercalaire-PREMIERE-technologique.pdf\" class=\"wp-block-file__button wp-element-button\" download aria-describedby=\"wp-block-file--media-2ecfca77-5899-4c7b-bf1a-4bb7f9d4ff08\">T\u00e9l\u00e9charger<\/a><\/div>\n\n\n\n<div data-wp-interactive=\"core\/file\" class=\"wp-block-file\"><object data-wp-bind--hidden=\"!state.hasPdfPreview\" hidden class=\"wp-block-file__embed\" data=\"https:\/\/site.ac-martinique.fr\/lyc-fanon\/wp-content\/uploads\/sites\/138\/2024\/06\/Intercalaire-PREMIERE-generale.pdf\" type=\"application\/pdf\" style=\"width:100%;height:600px\" aria-label=\"Contenu embarqu\u00e9 Intercalaire-PREMIERE-generale.\"><\/object><a id=\"wp-block-file--media-8c02ab12-d6e4-491f-bf58-d076b92c1020\" href=\"https:\/\/site.ac-martinique.fr\/lyc-fanon\/wp-content\/uploads\/sites\/138\/2024\/06\/Intercalaire-PREMIERE-generale.pdf\">Intercalaire-PREMIERE-generale<\/a><a href=\"https:\/\/site.ac-martinique.fr\/lyc-fanon\/wp-content\/uploads\/sites\/138\/2024\/06\/Intercalaire-PREMIERE-generale.pdf\" class=\"wp-block-file__button wp-element-button\" download aria-describedby=\"wp-block-file--media-8c02ab12-d6e4-491f-bf58-d076b92c1020\">T\u00e9l\u00e9charger<\/a><\/div>\n\n\n\n<h2 class=\"wp-block-heading\">Niveau TERMINALE<\/h2>\n\n\n\n<div data-wp-interactive=\"core\/file\" class=\"wp-block-file\"><object data-wp-bind--hidden=\"!state.hasPdfPreview\" hidden class=\"wp-block-file__embed\" data=\"https:\/\/site.ac-martinique.fr\/lyc-fanon\/wp-content\/uploads\/sites\/138\/2024\/06\/Intercalaire-TERMINALE-technologique.pdf\" type=\"application\/pdf\" style=\"width:100%;height:600px\" aria-label=\"Contenu embarqu\u00e9 Intercalaire-TERMINALE-technologique.\"><\/object><a id=\"wp-block-file--media-f80fe35b-e824-4e97-acb9-bcf5b82fd613\" href=\"https:\/\/site.ac-martinique.fr\/lyc-fanon\/wp-content\/uploads\/sites\/138\/2024\/06\/Intercalaire-TERMINALE-technologique.pdf\">Intercalaire-TERMINALE-technologique<\/a><a href=\"https:\/\/site.ac-martinique.fr\/lyc-fanon\/wp-content\/uploads\/sites\/138\/2024\/06\/Intercalaire-TERMINALE-technologique.pdf\" class=\"wp-block-file__button wp-element-button\" download aria-describedby=\"wp-block-file--media-f80fe35b-e824-4e97-acb9-bcf5b82fd613\">T\u00e9l\u00e9charger<\/a><\/div>\n\n\n\n<div data-wp-interactive=\"core\/file\" class=\"wp-block-file\"><object data-wp-bind--hidden=\"!state.hasPdfPreview\" hidden class=\"wp-block-file__embed\" data=\"https:\/\/site.ac-martinique.fr\/lyc-fanon\/wp-content\/uploads\/sites\/138\/2024\/06\/Intercalaire-TERMINALE-GERNERALE.pdf\" type=\"application\/pdf\" style=\"width:100%;height:600px\" aria-label=\"Contenu embarqu\u00e9 Intercalaire-TERMINALE-GERNERALE.\"><\/object><a id=\"wp-block-file--media-f2770316-71a7-43b6-bb1d-30c8bfd64e44\" href=\"https:\/\/site.ac-martinique.fr\/lyc-fanon\/wp-content\/uploads\/sites\/138\/2024\/06\/Intercalaire-TERMINALE-GERNERALE.pdf\">Intercalaire-TERMINALE-GERNERALE<\/a><a href=\"https:\/\/site.ac-martinique.fr\/lyc-fanon\/wp-content\/uploads\/sites\/138\/2024\/06\/Intercalaire-TERMINALE-GERNERALE.pdf\" class=\"wp-block-file__button wp-element-button\" download aria-describedby=\"wp-block-file--media-f2770316-71a7-43b6-bb1d-30c8bfd64e44\">T\u00e9l\u00e9charger<\/a><\/div>\n","protected":false},"excerpt":{"rendered":"<p>LISTES DES FOURNITURES SCOLAIRES Cliquez sur le bouton ci-dessous, pour acc\u00e9der aux listes des fournitures pour l&rsquo;ann\u00e9e scolaire 2024-2025. Protocole d&rsquo;inscription et de r\u00e9-inscription Planning des inscriptions et r\u00e9-inscriptions Fiche de renseignements Note relative aux cours d&rsquo;EPS Formulaire de pr\u00e9-inscription \u00e0 la demi-pension Niveau PREMI\u00c8RE Niveau TERMINALE<\/p>\n","protected":false},"author":464,"featured_media":0,"parent":0,"menu_order":0,"comment_status":"closed","ping_status":"closed","template":"","meta":{"inspiro_hide_title":false,"footnotes":""},"class_list":["post-2061","page","type-page","status-publish","hentry"],"_links":{"self":[{"href":"https:\/\/site.ac-martinique.fr\/lyc-fanon\/index.php?rest_route=\/wp\/v2\/pages\/2061","targetHints":{"allow":["GET"]}}],"collection":[{"href":"https:\/\/site.ac-martinique.fr\/lyc-fanon\/index.php?rest_route=\/wp\/v2\/pages"}],"about":[{"href":"https:\/\/site.ac-martinique.fr\/lyc-fanon\/index.php?rest_route=\/wp\/v2\/types\/page"}],"author":[{"embeddable":true,"href":"https:\/\/site.ac-martinique.fr\/lyc-fanon\/index.php?rest_route=\/wp\/v2\/users\/464"}],"replies":[{"embeddable":true,"href":"https:\/\/site.ac-martinique.fr\/lyc-fanon\/index.php?rest_route=%2Fwp%2Fv2%2Fcomments&post=2061"}],"version-history":[{"count":9,"href":"https:\/\/site.ac-martinique.fr\/lyc-fanon\/index.php?rest_route=\/wp\/v2\/pages\/2061\/revisions"}],"predecessor-version":[{"id":2761,"href":"https:\/\/site.ac-martinique.fr\/lyc-fanon\/index.php?rest_route=\/wp\/v2\/pages\/2061\/revisions\/2761"}],"wp:attachment":[{"href":"https:\/\/site.ac-martinique.fr\/lyc-fanon\/index.php?rest_route=%2Fwp%2Fv2%2Fmedia&parent=2061"}],"curies":[{"name":"wp","href":"https:\/\/api.w.org\/{rel}","templated":true}]}}