{"id":2741,"date":"2025-05-16T10:31:45","date_gmt":"2025-05-16T14:31:45","guid":{"rendered":"https:\/\/site.ac-martinique.fr\/lyc-fanon\/?page_id=2741"},"modified":"2025-06-25T11:57:15","modified_gmt":"2025-06-25T15:57:15","slug":"unss","status":"publish","type":"page","link":"https:\/\/site.ac-martinique.fr\/lyc-fanon\/?page_id=2741","title":{"rendered":"UNSS"},"content":{"rendered":"<figure style=\"aspect-ratio:16\/9;\" class=\"tw-lg-hidden tw-md-hidden tw-sm-hidden wp-block-post-featured-image\"><img loading=\"lazy\" decoding=\"async\" width=\"950\" height=\"603\" src=\"https:\/\/site.ac-martinique.fr\/lyc-fanon\/wp-content\/uploads\/sites\/138\/2025\/06\/UNSS-1024x650.png\" class=\"attachment-large size-large wp-post-image\" alt=\"\" style=\"width:100%;height:100%;object-fit:cover;\" srcset=\"https:\/\/site.ac-martinique.fr\/lyc-fanon\/wp-content\/uploads\/sites\/138\/2025\/06\/UNSS-1024x650.png 1024w, https:\/\/site.ac-martinique.fr\/lyc-fanon\/wp-content\/uploads\/sites\/138\/2025\/06\/UNSS-300x190.png 300w, https:\/\/site.ac-martinique.fr\/lyc-fanon\/wp-content\/uploads\/sites\/138\/2025\/06\/UNSS-2000x1270.png 2000w\" sizes=\"auto, 100vw\" \/><\/figure>\n\n\n<div class=\"wp-block-group alignfull is-layout-flow wp-block-group-is-layout-flow\">\n<h2 class=\"wp-block-heading has-text-align-center\">Derni\u00e8res actualit\u00e9s<\/h2>\n\n\n<ul class=\"wp-block-latest-posts__list is-grid columns-3 has-dates alignwide tw-mt-8 is-style-tw-posts-card tw-img-ratio-3-2 tw-heading-size-medium tw-stretched-link wp-block-latest-posts\"><li><div class=\"wp-block-latest-posts__featured-image\"><img loading=\"lazy\" decoding=\"async\" width=\"950\" height=\"713\" src=\"https:\/\/site.ac-martinique.fr\/lyc-fanon\/wp-content\/uploads\/sites\/138\/2026\/03\/WhatsApp-Image-2026-03-24-at-13.56.06-3-1024x768.jpeg\" class=\"attachment-large size-large wp-post-image\" alt=\"\" style=\"\" srcset=\"https:\/\/site.ac-martinique.fr\/lyc-fanon\/wp-content\/uploads\/sites\/138\/2026\/03\/WhatsApp-Image-2026-03-24-at-13.56.06-3-1024x768.jpeg 1024w, https:\/\/site.ac-martinique.fr\/lyc-fanon\/wp-content\/uploads\/sites\/138\/2026\/03\/WhatsApp-Image-2026-03-24-at-13.56.06-3-300x225.jpeg 300w, https:\/\/site.ac-martinique.fr\/lyc-fanon\/wp-content\/uploads\/sites\/138\/2026\/03\/WhatsApp-Image-2026-03-24-at-13.56.06-3.jpeg 1600w\" sizes=\"auto, 100vw\" \/><\/div><a class=\"wp-block-latest-posts__post-title\" href=\"https:\/\/site.ac-martinique.fr\/lyc-fanon\/?p=3426\">Raid du Rocher Lecler : nos \u00e9l\u00e8ves s&rsquo;offrent un doubl\u00e9 !<\/a><time datetime=\"2026-03-30T00:00:00-04:00\" class=\"wp-block-latest-posts__post-date\">30 mars 2026<\/time><div class=\"wp-block-latest-posts__post-excerpt\">Mercredi 18 mars 2026 s\u2019est d\u00e9roul\u00e9 le Raid du Rocher &hellip; <p class=\"link-more\"><a href=\"https:\/\/site.ac-martinique.fr\/lyc-fanon\/?p=3426\" class=\"more-link\">Lire la suite de<span class=\"screen-reader-text\">\u00ab\u00a0Raid du Rocher Lecler : nos \u00e9l\u00e8ves s&rsquo;offrent un doubl\u00e9 !\u00a0\u00bb<\/span><\/a><\/p><\/div><\/li>\n<li><div class=\"wp-block-latest-posts__featured-image\"><img loading=\"lazy\" decoding=\"async\" width=\"950\" height=\"713\" src=\"https:\/\/site.ac-martinique.fr\/lyc-fanon\/wp-content\/uploads\/sites\/138\/2025\/06\/IMG_1514-1024x768.png\" class=\"attachment-large size-large wp-post-image\" alt=\"\" style=\"\" srcset=\"https:\/\/site.ac-martinique.fr\/lyc-fanon\/wp-content\/uploads\/sites\/138\/2025\/06\/IMG_1514-1024x768.png 1024w, https:\/\/site.ac-martinique.fr\/lyc-fanon\/wp-content\/uploads\/sites\/138\/2025\/06\/IMG_1514-300x225.png 300w, https:\/\/site.ac-martinique.fr\/lyc-fanon\/wp-content\/uploads\/sites\/138\/2025\/06\/IMG_1514-2000x1500.png 2000w\" sizes=\"auto, 100vw\" \/><\/div><a class=\"wp-block-latest-posts__post-title\" href=\"https:\/\/site.ac-martinique.fr\/lyc-fanon\/?p=2788\">UNSS 2024-2025 : r\u00e9trospective des actions entreprises pendant l&rsquo;ann\u00e9e scolaire !<\/a><time datetime=\"2025-06-25T11:30:31-04:00\" class=\"wp-block-latest-posts__post-date\">25 juin 2025<\/time><div class=\"wp-block-latest-posts__post-excerpt\">Novembre 2024 &#8211; Journ\u00e9e de qualification 3&#215;3 D\u00e9cembre 2024 &#8211; &hellip; <p class=\"link-more\"><a href=\"https:\/\/site.ac-martinique.fr\/lyc-fanon\/?p=2788\" class=\"more-link\">Lire la suite de<span class=\"screen-reader-text\">\u00ab\u00a0UNSS 2024-2025 : r\u00e9trospective des actions entreprises pendant l&rsquo;ann\u00e9e scolaire !\u00a0\u00bb<\/span><\/a><\/p><\/div><\/li>\n<\/ul><\/div>\n\n\n\n<div class=\"wp-block-group alignfull is-layout-flow wp-block-group-is-layout-flow\"><\/div>\n","protected":false},"excerpt":{"rendered":"<p>Derni\u00e8res actualit\u00e9s<\/p>\n","protected":false},"author":478,"featured_media":3039,"parent":0,"menu_order":0,"comment_status":"closed","ping_status":"closed","template":"","meta":{"inspiro_hide_title":false,"footnotes":""},"class_list":["post-2741","page","type-page","status-publish","has-post-thumbnail","hentry"],"_links":{"self":[{"href":"https:\/\/site.ac-martinique.fr\/lyc-fanon\/index.php?rest_route=\/wp\/v2\/pages\/2741","targetHints":{"allow":["GET"]}}],"collection":[{"href":"https:\/\/site.ac-martinique.fr\/lyc-fanon\/index.php?rest_route=\/wp\/v2\/pages"}],"about":[{"href":"https:\/\/site.ac-martinique.fr\/lyc-fanon\/index.php?rest_route=\/wp\/v2\/types\/page"}],"author":[{"embeddable":true,"href":"https:\/\/site.ac-martinique.fr\/lyc-fanon\/index.php?rest_route=\/wp\/v2\/users\/478"}],"replies":[{"embeddable":true,"href":"https:\/\/site.ac-martinique.fr\/lyc-fanon\/index.php?rest_route=%2Fwp%2Fv2%2Fcomments&post=2741"}],"version-history":[{"count":5,"href":"https:\/\/site.ac-martinique.fr\/lyc-fanon\/index.php?rest_route=\/wp\/v2\/pages\/2741\/revisions"}],"predecessor-version":[{"id":3042,"href":"https:\/\/site.ac-martinique.fr\/lyc-fanon\/index.php?rest_route=\/wp\/v2\/pages\/2741\/revisions\/3042"}],"wp:featuredmedia":[{"embeddable":true,"href":"https:\/\/site.ac-martinique.fr\/lyc-fanon\/index.php?rest_route=\/wp\/v2\/media\/3039"}],"wp:attachment":[{"href":"https:\/\/site.ac-martinique.fr\/lyc-fanon\/index.php?rest_route=%2Fwp%2Fv2%2Fmedia&parent=2741"}],"curies":[{"name":"wp","href":"https:\/\/api.w.org\/{rel}","templated":true}]}}