{"id":287,"date":"2024-01-23T03:30:52","date_gmt":"2024-01-23T07:30:52","guid":{"rendered":"https:\/\/site.ac-martinique.fr\/lyc-fanon\/?p=287"},"modified":"2025-11-03T19:03:37","modified_gmt":"2025-11-03T23:03:37","slug":"287-2","status":"publish","type":"page","link":"https:\/\/site.ac-martinique.fr\/lyc-fanon\/","title":{"rendered":"Le lyc\u00e9e Frantz FANON : un p\u00f4le de formation complet"},"content":{"rendered":"\n<p class=\"has-text-align-center tw-block-animation tw-animation-fade-in-up\">Le lyc\u00e9e Frantz FANON, fond\u00e9 dans les ann\u00e9es soixante-dix est au coeur de la Cit\u00e9 Scolaire Beaus\u00e9jour qui comprend le coll\u00e8ge Beaus\u00e9jour et le lyc\u00e9e Professionnel de Trinit\u00e9. Entour\u00e9 par l\u2019\u00c9cole de Formation Maritime Antilles Guyane et l&rsquo;Organisme de Formation Professionnelle Pour Adultes, le lyc\u00e9e est vraiment au coeur d&rsquo;un large p\u00f4le de formation pour tous types de profils.<\/p>\n\n\n\n<p class=\"has-text-align-center tw-block-animation tw-animation-fade-in-up\">Avec une offre de 11 enseignements de sp\u00e9cialit\u00e9, 3 s\u00e9ries technologiques, 2 Classes Pr\u00e9paratoires aux Grandes \u00c9coles et 4 BTS, le lyc\u00e9e Frantz FANON propose un large \u00e9ventail de formation.<\/p>\n\n\n\n<p class=\"has-text-align-center tw-block-animation tw-animation-fade-in-up\">Disposant d&rsquo;un acc\u00e8s direct \u00e0 la mer, les sections sportives du lyc\u00e9e et notamment le p\u00f4le surf sont particuli\u00e8rement actives et remportent r\u00e9guli\u00e8rement des troph\u00e9es pour notre grande fiert\u00e9. Alors n&rsquo;h\u00e9sitez plus et venez rejoindre le deuxi\u00e8me lyc\u00e9e G\u00e9n\u00e9ral et Technologique de Martinique!<\/p>\n\n\n<p><center><iframe loading=\"lazy\" width=\"1000\" height=\"750\" allowfullscreen src=\"https:\/\/app.frame.io\/presentations\/f8175753-191a-4618-a0c6-29af9c33c95f\"><\/iframe><\/center><\/p>\n\n\n\n<div class=\"wp-block-group alignfull has-subtle-background-color has-background is-layout-flow wp-block-group-is-layout-flow\"><\/div>\n\n\n\n<div class=\"alignnormal\"><div id=\"metaslider-id-42\" style=\"width: 100%;\" class=\"ml-slider-3-108-0 metaslider metaslider-flex metaslider-42 ml-slider has-dots-nav ms-theme-simply-dark\" role=\"region\" aria-label=\"ACCUEIL\" data-height=\"300\" data-width=\"700\">\n    <div id=\"metaslider_container_42\">\n        <div id=\"metaslider_42\">\n            <ul class='slides'>\n                <li style=\"display: block; width: 100%;\" class=\"slide-985 ms-image \" aria-roledescription=\"slide\" data-date=\"2024-02-24 15:16:14\" data-filename=\"Mael-Laborde-Tube-Grand-Riviere-700x300.jpg\" data-slide-type=\"image\"><img loading=\"lazy\" decoding=\"async\" src=\"https:\/\/site.ac-martinique.fr\/lyc-fanon\/wp-content\/uploads\/sites\/138\/2024\/02\/Mael-Laborde-Tube-Grand-Riviere-700x300.jpg\" height=\"300\" width=\"700\" alt=\"\" class=\"slider-42 slide-985 msDefaultImage\" title=\"Mael Laborde Tube Grand-Riviere\" \/><div class=\"caption-wrap\"><div class=\"caption\"><div>El\u00e8ve du p\u00f4le Surf<\/div><\/div><\/div><\/li>\n                <li style=\"display: none; width: 100%;\" class=\"slide-354 ms-image \" aria-roledescription=\"slide\" data-date=\"2024-01-23 10:37:43\" data-filename=\"PHOTO-2024-01-15-16-32-385-700x300.jpg\" data-slide-type=\"image\"><a href=\"http:\/\/Les%20\u00e9co-d\u00e9l\u00e9gu\u00e9s%20visitent%20ALBIOMA\" target=\"_self\" aria-label=\"Voir les d\u00e9tails de la diapositive\" class=\"metaslider_image_link\"><img loading=\"lazy\" decoding=\"async\" src=\"https:\/\/site.ac-martinique.fr\/lyc-fanon\/wp-content\/uploads\/sites\/138\/2024\/01\/PHOTO-2024-01-15-16-32-385-700x300.jpg\" height=\"300\" width=\"700\" alt=\"\" class=\"slider-42 slide-354 msDefaultImage\" title=\"PHOTO-2024-01-15-16-32-38(5)\" \/><\/a><div class=\"caption-wrap\"><div class=\"caption\"><div>Les \u00e9co-d\u00e9l\u00e9gu\u00e9s visitent ALBIOMA<\/div><\/div><\/div><\/li>\n                <li style=\"display: none; width: 100%;\" class=\"slide-355 ms-image \" aria-roledescription=\"slide\" data-date=\"2024-01-23 10:37:55\" data-filename=\"Capture-decran-2024-01-18-a-15.22.19-700x300.png\" data-slide-type=\"image\"><img loading=\"lazy\" decoding=\"async\" src=\"https:\/\/site.ac-martinique.fr\/lyc-fanon\/wp-content\/uploads\/sites\/138\/2024\/01\/Capture-decran-2024-01-18-a-15.22.19-700x300.png\" height=\"300\" width=\"700\" alt=\"\" class=\"slider-42 slide-355 msDefaultImage\" title=\"Capture d\u2019e\u0301cran 2024-01-18 a\u0300 15.22.19\" \/><div class=\"caption-wrap\"><div class=\"caption\"><div>Les BTS SP3S contre le harc\u00e8lement en milieu scolaire<\/div><\/div><\/div><\/li>\n                <li style=\"display: none; width: 100%;\" class=\"slide-983 ms-image \" aria-roledescription=\"slide\" data-date=\"2024-02-24 15:16:14\" data-filename=\"Chloe-Bense-Turn-snap-scaled-700x300.jpg\" data-slide-type=\"image\"><img loading=\"lazy\" decoding=\"async\" src=\"https:\/\/site.ac-martinique.fr\/lyc-fanon\/wp-content\/uploads\/sites\/138\/2024\/02\/Chloe-Bense-Turn-snap-scaled-700x300.jpg\" height=\"300\" width=\"700\" alt=\"\" class=\"slider-42 slide-983 msDefaultImage\" title=\"Chloe\u0301 Bense Turn snap\" \/><div class=\"caption-wrap\"><div class=\"caption\"><div>Une \u00e9l\u00e8ve du p\u00f4le Surf<\/div><\/div><\/div><\/li>\n                <li style=\"display: none; width: 100%;\" class=\"slide-986 ms-image \" aria-roledescription=\"slide\" data-date=\"2024-02-24 15:16:14\" data-filename=\"Maialen-Guessard-scaled-700x300.jpg\" data-slide-type=\"image\"><img loading=\"lazy\" decoding=\"async\" src=\"https:\/\/site.ac-martinique.fr\/lyc-fanon\/wp-content\/uploads\/sites\/138\/2024\/02\/Maialen-Guessard-scaled-700x300.jpg\" height=\"300\" width=\"700\" alt=\"\" class=\"slider-42 slide-986 msDefaultImage\" title=\"Maialen Guessard\" \/><\/li>\n                <li style=\"display: none; width: 100%;\" class=\"slide-1005 ms-image \" aria-roledescription=\"slide\" data-date=\"2024-02-24 19:41:23\" data-filename=\"IMG_3255-scaled-700x300.jpg\" data-slide-type=\"image\"><img loading=\"lazy\" decoding=\"async\" src=\"https:\/\/site.ac-martinique.fr\/lyc-fanon\/wp-content\/uploads\/sites\/138\/2024\/01\/IMG_3255-scaled-700x300.jpg\" height=\"300\" width=\"700\" alt=\"\" class=\"slider-42 slide-1005 msDefaultImage\" title=\"IMG_3255\" \/><div class=\"caption-wrap\"><div class=\"caption\"><div>El\u00e8ves du CVL engag\u00e9s dans la lutte contre le SIDA<\/div><\/div><\/div><\/li>\n                <li style=\"display: none; width: 100%;\" class=\"slide-1007 ms-image \" aria-roledescription=\"slide\" data-date=\"2024-02-24 19:42:35\" data-filename=\"WhatsApp-Image-2024-01-28-at-10.26.56-1-700x300.jpeg\" data-slide-type=\"image\"><img loading=\"lazy\" decoding=\"async\" src=\"https:\/\/site.ac-martinique.fr\/lyc-fanon\/wp-content\/uploads\/sites\/138\/2024\/01\/WhatsApp-Image-2024-01-28-at-10.26.56-1-700x300.jpeg\" height=\"300\" width=\"700\" alt=\"\" class=\"slider-42 slide-1007 msDefaultImage\" title=\"WhatsApp Image 2024-01-28 at 10.26.56 (1)\" \/><div class=\"caption-wrap\"><div class=\"caption\"><div>Etudiants de Classe Pr\u00e9paratoire aux Grandes Ecoles de Commerce<\/div><\/div><\/div><\/li>\n                <li style=\"display: none; width: 100%;\" class=\"slide-989 ms-image \" aria-roledescription=\"slide\" data-date=\"2024-02-24 15:19:39\" data-filename=\"IMG_12F2584913C9-1-2-700x300.jpeg\" data-slide-type=\"image\"><img loading=\"lazy\" decoding=\"async\" src=\"https:\/\/site.ac-martinique.fr\/lyc-fanon\/wp-content\/uploads\/sites\/138\/2024\/01\/IMG_12F2584913C9-1-2-700x300.jpeg\" height=\"300\" width=\"700\" alt=\"\" class=\"slider-42 slide-989 msDefaultImage\" title=\"IMG_12F2584913C9-1-2\" \/><div class=\"caption-wrap\"><div class=\"caption\"><div>El\u00e8ve de la section sportive en plong\u00e9e sous-marine<\/div><\/div><\/div><\/li>\n                <li style=\"display: none; width: 100%;\" class=\"slide-992 ms-image \" aria-roledescription=\"slide\" data-date=\"2024-02-24 15:19:39\" data-filename=\"IMG_175C05AEF7D4-1-700x300.jpeg\" data-slide-type=\"image\"><img loading=\"lazy\" decoding=\"async\" src=\"https:\/\/site.ac-martinique.fr\/lyc-fanon\/wp-content\/uploads\/sites\/138\/2024\/01\/IMG_175C05AEF7D4-1-700x300.jpeg\" height=\"300\" width=\"700\" alt=\"\" class=\"slider-42 slide-992 msDefaultImage\" title=\"IMG_175C05AEF7D4-1\" \/><div class=\"caption-wrap\"><div class=\"caption\"><div>Section sportive<\/div><\/div><\/div><\/li>\n                <li style=\"display: none; width: 100%;\" class=\"slide-1006 ms-image \" aria-roledescription=\"slide\" data-date=\"2024-02-24 19:42:35\" data-filename=\"GA0ZXtUX0AAanAd-700x300.jpeg\" data-slide-type=\"image\"><img loading=\"lazy\" decoding=\"async\" src=\"https:\/\/site.ac-martinique.fr\/lyc-fanon\/wp-content\/uploads\/sites\/138\/2024\/01\/GA0ZXtUX0AAanAd-700x300.jpeg\" height=\"300\" width=\"700\" alt=\"\" class=\"slider-42 slide-1006 msDefaultImage\" title=\"GA0ZXtUX0AAanAd\" \/><div class=\"caption-wrap\"><div class=\"caption\"><div>Convention avec la Croix-Rouge<\/div><\/div><\/div><\/li>\n                <li style=\"display: none; width: 100%;\" class=\"slide-315 ms-image \" aria-roledescription=\"slide\" data-date=\"2024-01-23 10:13:27\" data-filename=\"c9f539b1-2411-4617-9511-8b21060642a5-700x300.jpg\" data-slide-type=\"image\"><img loading=\"lazy\" decoding=\"async\" src=\"https:\/\/site.ac-martinique.fr\/lyc-fanon\/wp-content\/uploads\/sites\/138\/2024\/01\/c9f539b1-2411-4617-9511-8b21060642a5-700x300.jpg\" height=\"300\" width=\"700\" alt=\"\" class=\"slider-42 slide-315 msDefaultImage\" title=\"c9f539b1-2411-4617-9511-8b21060642a5\" \/><div class=\"caption-wrap\"><div class=\"caption\"><div>Oktob Rose avec les \u00e9l\u00e8ves de l'option cr\u00e9ole<\/div><\/div><\/div><\/li>\n                <li style=\"display: none; width: 100%;\" class=\"slide-987 ms-image \" aria-roledescription=\"slide\" data-date=\"2024-02-24 15:16:14\" data-filename=\"pepelle-3-mars-2023-0676-scaled-700x300.jpg\" data-slide-type=\"image\"><img loading=\"lazy\" decoding=\"async\" src=\"https:\/\/site.ac-martinique.fr\/lyc-fanon\/wp-content\/uploads\/sites\/138\/2024\/02\/pepelle-3-mars-2023-0676-scaled-700x300.jpg\" height=\"300\" width=\"700\" alt=\"\" class=\"slider-42 slide-987 msDefaultImage\" title=\"pepelle 3 mars 2023-0676\" \/><\/li>\n                <li style=\"display: none; width: 100%;\" class=\"slide-1211 ms-image \" aria-roledescription=\"slide\" data-date=\"2024-03-16 12:02:53\" data-filename=\"IMG_2740-scaled-700x300.jpg\" data-slide-type=\"image\"><img loading=\"lazy\" decoding=\"async\" src=\"https:\/\/site.ac-martinique.fr\/lyc-fanon\/wp-content\/uploads\/sites\/138\/2024\/03\/IMG_2740-scaled-700x300.jpg\" height=\"300\" width=\"700\" alt=\"\" class=\"slider-42 slide-1211 msDefaultImage\" title=\"IMG_2740\" \/><div class=\"caption-wrap\"><div class=\"caption\"><div>Menu Kayak du progamme d'EPS<\/div><\/div><\/div><\/li>\n                <li style=\"display: none; width: 100%;\" class=\"slide-1210 ms-image \" aria-roledescription=\"slide\" data-date=\"2024-03-16 12:02:52\" data-filename=\"IMG_2751-scaled-700x300.jpg\" data-slide-type=\"image\"><img loading=\"lazy\" decoding=\"async\" src=\"https:\/\/site.ac-martinique.fr\/lyc-fanon\/wp-content\/uploads\/sites\/138\/2024\/03\/IMG_2751-scaled-700x300.jpg\" height=\"300\" width=\"700\" alt=\"\" class=\"slider-42 slide-1210 msDefaultImage\" title=\"IMG_2751\" \/><\/li>\n                <li style=\"display: none; width: 100%;\" class=\"slide-1209 ms-image \" aria-roledescription=\"slide\" data-date=\"2024-03-16 12:02:52\" data-filename=\"IMG_2734-scaled-700x300.jpg\" data-slide-type=\"image\"><img loading=\"lazy\" decoding=\"async\" src=\"https:\/\/site.ac-martinique.fr\/lyc-fanon\/wp-content\/uploads\/sites\/138\/2024\/03\/IMG_2734-scaled-700x300.jpg\" height=\"300\" width=\"700\" alt=\"\" class=\"slider-42 slide-1209 msDefaultImage\" title=\"IMG_2734\" \/><\/li>\n                <li style=\"display: none; width: 100%;\" class=\"slide-1212 ms-image \" aria-roledescription=\"slide\" data-date=\"2024-03-16 12:02:53\" data-filename=\"IMG_2730-scaled-700x300.jpg\" data-slide-type=\"image\"><img loading=\"lazy\" decoding=\"async\" src=\"https:\/\/site.ac-martinique.fr\/lyc-fanon\/wp-content\/uploads\/sites\/138\/2024\/03\/IMG_2730-scaled-700x300.jpg\" height=\"300\" width=\"700\" alt=\"\" class=\"slider-42 slide-1212 msDefaultImage\" title=\"IMG_2730\" \/><div class=\"caption-wrap\"><div class=\"caption\"><div>Stade du plateau sportif<\/div><\/div><\/div><\/li>\n                <li style=\"display: none; width: 100%;\" class=\"slide-1213 ms-image \" aria-roledescription=\"slide\" data-date=\"2024-03-16 12:02:53\" data-filename=\"IMG_2728-scaled-700x300.jpg\" data-slide-type=\"image\"><img loading=\"lazy\" decoding=\"async\" src=\"https:\/\/site.ac-martinique.fr\/lyc-fanon\/wp-content\/uploads\/sites\/138\/2024\/03\/IMG_2728-scaled-700x300.jpg\" height=\"300\" width=\"700\" alt=\"\" class=\"slider-42 slide-1213 msDefaultImage\" title=\"IMG_2728\" \/><div class=\"caption-wrap\"><div class=\"caption\"><div>Terrain de hand-ball<\/div><\/div><\/div><\/li>\n            <\/ul>\n        <\/div>\n        \n    <\/div>\n<\/div><\/div>\n\n\n\n<hr class=\"wp-block-separator has-alpha-channel-opacity\"\/>\n\n\n\n<div class=\"wp-block-group alignfull has-global-padding is-layout-constrained wp-block-group-is-layout-constrained\">\n<h2 class=\"wp-block-heading has-text-align-center\">Articles r\u00e9cents<\/h2>\n\n\n<ul style=\"border-radius:0px;border-style:none;border-width:0px; margin-top:0;margin-bottom:0;\" class=\"wp-block-latest-posts__list is-grid columns-3 has-dates has-link-color alignwide tw-mt-8 tw-heading-size-small tw-stretched-link is-style-tw-posts-card tw-img-ratio-16-9 wp-elements-f944950d162a9803ed097a03b3a005b4 wp-block-latest-posts\"><li><div class=\"wp-block-latest-posts__featured-image aligncenter\"><a href=\"https:\/\/site.ac-martinique.fr\/lyc-fanon\/?p=3422\" aria-label=\"Une journ\u00e9e UNSS d\u00e9di\u00e9e \u00e0 la promotion du sport au f\u00e9minin !\"><img loading=\"lazy\" decoding=\"async\" width=\"950\" height=\"713\" src=\"https:\/\/site.ac-martinique.fr\/lyc-fanon\/wp-content\/uploads\/sites\/138\/2026\/03\/WhatsApp-Image-2026-03-25-at-12.57.22-1024x768.jpeg\" class=\"attachment-large size-large wp-post-image\" alt=\"\" style=\"max-width:512px;max-height:512px;\" srcset=\"https:\/\/site.ac-martinique.fr\/lyc-fanon\/wp-content\/uploads\/sites\/138\/2026\/03\/WhatsApp-Image-2026-03-25-at-12.57.22-1024x768.jpeg 1024w, https:\/\/site.ac-martinique.fr\/lyc-fanon\/wp-content\/uploads\/sites\/138\/2026\/03\/WhatsApp-Image-2026-03-25-at-12.57.22-300x225.jpeg 300w, https:\/\/site.ac-martinique.fr\/lyc-fanon\/wp-content\/uploads\/sites\/138\/2026\/03\/WhatsApp-Image-2026-03-25-at-12.57.22.jpeg 1600w\" sizes=\"auto, 100vw\" \/><\/a><\/div><a class=\"wp-block-latest-posts__post-title\" href=\"https:\/\/site.ac-martinique.fr\/lyc-fanon\/?p=3422\">Une journ\u00e9e UNSS d\u00e9di\u00e9e \u00e0 la promotion du sport au f\u00e9minin !<\/a><time datetime=\"2026-04-14T08:56:28-04:00\" class=\"wp-block-latest-posts__post-date\">14 avril 2026<\/time><\/li>\n<li><div class=\"wp-block-latest-posts__featured-image aligncenter\"><a href=\"https:\/\/site.ac-martinique.fr\/lyc-fanon\/?p=3426\" aria-label=\"Raid du Rocher Lecler : nos \u00e9l\u00e8ves s&rsquo;offrent un doubl\u00e9 !\"><img loading=\"lazy\" decoding=\"async\" width=\"950\" height=\"713\" src=\"https:\/\/site.ac-martinique.fr\/lyc-fanon\/wp-content\/uploads\/sites\/138\/2026\/03\/WhatsApp-Image-2026-03-24-at-13.56.06-3-1024x768.jpeg\" class=\"attachment-large size-large wp-post-image\" alt=\"\" style=\"max-width:512px;max-height:512px;\" srcset=\"https:\/\/site.ac-martinique.fr\/lyc-fanon\/wp-content\/uploads\/sites\/138\/2026\/03\/WhatsApp-Image-2026-03-24-at-13.56.06-3-1024x768.jpeg 1024w, https:\/\/site.ac-martinique.fr\/lyc-fanon\/wp-content\/uploads\/sites\/138\/2026\/03\/WhatsApp-Image-2026-03-24-at-13.56.06-3-300x225.jpeg 300w, https:\/\/site.ac-martinique.fr\/lyc-fanon\/wp-content\/uploads\/sites\/138\/2026\/03\/WhatsApp-Image-2026-03-24-at-13.56.06-3.jpeg 1600w\" sizes=\"auto, 100vw\" \/><\/a><\/div><a class=\"wp-block-latest-posts__post-title\" href=\"https:\/\/site.ac-martinique.fr\/lyc-fanon\/?p=3426\">Raid du Rocher Lecler : nos \u00e9l\u00e8ves s&rsquo;offrent un doubl\u00e9 !<\/a><time datetime=\"2026-03-30T00:00:00-04:00\" class=\"wp-block-latest-posts__post-date\">30 mars 2026<\/time><\/li>\n<li><div class=\"wp-block-latest-posts__featured-image aligncenter\"><a href=\"https:\/\/site.ac-martinique.fr\/lyc-fanon\/?p=3436\" aria-label=\"TEMPS D\u2019AGIR 2026\u00a0!\"><img loading=\"lazy\" decoding=\"async\" width=\"950\" height=\"536\" src=\"https:\/\/site.ac-martinique.fr\/lyc-fanon\/wp-content\/uploads\/sites\/138\/2026\/03\/WhatsApp-Image-2026-03-25-at-12.57.18-1024x578.jpeg\" class=\"attachment-large size-large wp-post-image\" alt=\"\" style=\"max-width:512px;max-height:512px;\" srcset=\"https:\/\/site.ac-martinique.fr\/lyc-fanon\/wp-content\/uploads\/sites\/138\/2026\/03\/WhatsApp-Image-2026-03-25-at-12.57.18-1024x578.jpeg 1024w, https:\/\/site.ac-martinique.fr\/lyc-fanon\/wp-content\/uploads\/sites\/138\/2026\/03\/WhatsApp-Image-2026-03-25-at-12.57.18-300x169.jpeg 300w, https:\/\/site.ac-martinique.fr\/lyc-fanon\/wp-content\/uploads\/sites\/138\/2026\/03\/WhatsApp-Image-2026-03-25-at-12.57.18.jpeg 1280w\" sizes=\"auto, 100vw\" \/><\/a><\/div><a class=\"wp-block-latest-posts__post-title\" href=\"https:\/\/site.ac-martinique.fr\/lyc-fanon\/?p=3436\">TEMPS D\u2019AGIR 2026\u00a0!<\/a><time datetime=\"2026-03-29T00:00:00-04:00\" class=\"wp-block-latest-posts__post-date\">29 mars 2026<\/time><\/li>\n<li><div class=\"wp-block-latest-posts__featured-image aligncenter\"><a href=\"https:\/\/site.ac-martinique.fr\/lyc-fanon\/?p=3411\" aria-label=\"Rencontre Professionnelle : Un Stage Dating Innovant entre BTS SP3S et CIEL\"><img loading=\"lazy\" decoding=\"async\" width=\"407\" height=\"346\" src=\"https:\/\/site.ac-martinique.fr\/lyc-fanon\/wp-content\/uploads\/sites\/138\/2026\/03\/Picture3-1.png\" class=\"attachment-large size-large wp-post-image\" alt=\"\" style=\"max-width:512px;max-height:512px;\" srcset=\"https:\/\/site.ac-martinique.fr\/lyc-fanon\/wp-content\/uploads\/sites\/138\/2026\/03\/Picture3-1.png 407w, https:\/\/site.ac-martinique.fr\/lyc-fanon\/wp-content\/uploads\/sites\/138\/2026\/03\/Picture3-1-300x255.png 300w\" sizes=\"auto, 100vw\" \/><\/a><\/div><a class=\"wp-block-latest-posts__post-title\" href=\"https:\/\/site.ac-martinique.fr\/lyc-fanon\/?p=3411\">Rencontre Professionnelle : Un Stage Dating Innovant entre BTS SP3S et CIEL<\/a><time datetime=\"2026-03-16T09:41:35-04:00\" class=\"wp-block-latest-posts__post-date\">16 mars 2026<\/time><\/li>\n<li><div class=\"wp-block-latest-posts__featured-image aligncenter\"><a href=\"https:\/\/site.ac-martinique.fr\/lyc-fanon\/?p=3398\" aria-label=\"Une diversit\u00e9 de parcours pour les \u00e9l\u00e8ves de la fili\u00e8re ST2S\u00a0: Une journ\u00e9e enrichissante \u00e0 l\u2019URASS-IFMES\"><img loading=\"lazy\" decoding=\"async\" width=\"538\" height=\"404\" src=\"https:\/\/site.ac-martinique.fr\/lyc-fanon\/wp-content\/uploads\/sites\/138\/2026\/03\/Picture.png\" class=\"attachment-large size-large wp-post-image\" alt=\"\" style=\"max-width:512px;max-height:512px;\" srcset=\"https:\/\/site.ac-martinique.fr\/lyc-fanon\/wp-content\/uploads\/sites\/138\/2026\/03\/Picture.png 538w, https:\/\/site.ac-martinique.fr\/lyc-fanon\/wp-content\/uploads\/sites\/138\/2026\/03\/Picture-300x225.png 300w\" sizes=\"auto, 100vw\" \/><\/a><\/div><a class=\"wp-block-latest-posts__post-title\" href=\"https:\/\/site.ac-martinique.fr\/lyc-fanon\/?p=3398\">Une diversit\u00e9 de parcours pour les \u00e9l\u00e8ves de la fili\u00e8re ST2S\u00a0: Une journ\u00e9e enrichissante \u00e0 l\u2019URASS-IFMES<\/a><time datetime=\"2026-03-16T08:58:05-04:00\" class=\"wp-block-latest-posts__post-date\">16 mars 2026<\/time><\/li>\n<li><div class=\"wp-block-latest-posts__featured-image aligncenter\"><a href=\"https:\/\/site.ac-martinique.fr\/lyc-fanon\/?p=3395\" aria-label=\"Don de sang : l\u2019EFS sera pr\u00e9sent \u00e0 la Cit\u00e9 scolaire Frantz FANON demain !\"><img loading=\"lazy\" decoding=\"async\" width=\"950\" height=\"357\" src=\"https:\/\/site.ac-martinique.fr\/lyc-fanon\/wp-content\/uploads\/sites\/138\/2024\/02\/ETABLISSEMENT-FRANCAIS-DU-SANG-1024x385.jpg\" class=\"attachment-large size-large wp-post-image\" alt=\"Logo EFS\" style=\"max-width:512px;max-height:512px;\" srcset=\"https:\/\/site.ac-martinique.fr\/lyc-fanon\/wp-content\/uploads\/sites\/138\/2024\/02\/ETABLISSEMENT-FRANCAIS-DU-SANG-1024x385.jpg 1024w, https:\/\/site.ac-martinique.fr\/lyc-fanon\/wp-content\/uploads\/sites\/138\/2024\/02\/ETABLISSEMENT-FRANCAIS-DU-SANG-300x113.jpg 300w, https:\/\/site.ac-martinique.fr\/lyc-fanon\/wp-content\/uploads\/sites\/138\/2024\/02\/ETABLISSEMENT-FRANCAIS-DU-SANG-2000x752.jpg 2000w\" sizes=\"auto, 100vw\" \/><\/a><\/div><a class=\"wp-block-latest-posts__post-title\" href=\"https:\/\/site.ac-martinique.fr\/lyc-fanon\/?p=3395\">Don de sang : l\u2019EFS sera pr\u00e9sent \u00e0 la Cit\u00e9 scolaire Frantz FANON demain !<\/a><time datetime=\"2026-03-12T14:24:47-04:00\" class=\"wp-block-latest-posts__post-date\">12 mars 2026<\/time><\/li>\n<li><div class=\"wp-block-latest-posts__featured-image aligncenter\"><a href=\"https:\/\/site.ac-martinique.fr\/lyc-fanon\/?p=3186\" aria-label=\"R\u00e9trospective du 1er trimestre 2025\/2026\"><img loading=\"lazy\" decoding=\"async\" width=\"950\" height=\"428\" src=\"https:\/\/site.ac-martinique.fr\/lyc-fanon\/wp-content\/uploads\/sites\/138\/2025\/12\/1000107962-1024x461.jpg\" class=\"attachment-large size-large wp-post-image\" alt=\"\" style=\"max-width:512px;max-height:512px;\" srcset=\"https:\/\/site.ac-martinique.fr\/lyc-fanon\/wp-content\/uploads\/sites\/138\/2025\/12\/1000107962-1024x461.jpg 1024w, https:\/\/site.ac-martinique.fr\/lyc-fanon\/wp-content\/uploads\/sites\/138\/2025\/12\/1000107962-300x135.jpg 300w, https:\/\/site.ac-martinique.fr\/lyc-fanon\/wp-content\/uploads\/sites\/138\/2025\/12\/1000107962-2000x901.jpg 2000w\" sizes=\"auto, 100vw\" \/><\/a><\/div><a class=\"wp-block-latest-posts__post-title\" href=\"https:\/\/site.ac-martinique.fr\/lyc-fanon\/?p=3186\">R\u00e9trospective du 1er trimestre 2025\/2026<\/a><time datetime=\"2026-01-12T07:00:00-04:00\" class=\"wp-block-latest-posts__post-date\">12 janvier 2026<\/time><\/li>\n<li><div class=\"wp-block-latest-posts__featured-image aligncenter\"><a href=\"https:\/\/site.ac-martinique.fr\/lyc-fanon\/?p=3170\" aria-label=\"Comm\u00e9moration du centenaire de Frantz FANON : \u00ab Annou gloriy\u00e9 FANON \u00bb !\"><img loading=\"lazy\" decoding=\"async\" width=\"727\" height=\"1024\" src=\"https:\/\/site.ac-martinique.fr\/lyc-fanon\/wp-content\/uploads\/sites\/138\/2025\/12\/Annou-gloriye-FANON-727x1024.jpg\" class=\"attachment-large size-large wp-post-image\" alt=\"\" style=\"max-width:512px;max-height:512px;\" srcset=\"https:\/\/site.ac-martinique.fr\/lyc-fanon\/wp-content\/uploads\/sites\/138\/2025\/12\/Annou-gloriye-FANON-727x1024.jpg 727w, https:\/\/site.ac-martinique.fr\/lyc-fanon\/wp-content\/uploads\/sites\/138\/2025\/12\/Annou-gloriye-FANON-213x300.jpg 213w, https:\/\/site.ac-martinique.fr\/lyc-fanon\/wp-content\/uploads\/sites\/138\/2025\/12\/Annou-gloriye-FANON.jpg 853w\" sizes=\"auto, 100vw\" \/><\/a><\/div><a class=\"wp-block-latest-posts__post-title\" href=\"https:\/\/site.ac-martinique.fr\/lyc-fanon\/?p=3170\">Comm\u00e9moration du centenaire de Frantz FANON : \u00ab Annou gloriy\u00e9 FANON \u00bb !<\/a><time datetime=\"2025-12-05T17:47:00-04:00\" class=\"wp-block-latest-posts__post-date\">5 d\u00e9cembre 2025<\/time><\/li>\n<li><div class=\"wp-block-latest-posts__featured-image aligncenter\"><a href=\"https:\/\/site.ac-martinique.fr\/lyc-fanon\/?p=3143\" aria-label=\"Orientation \u2013 \u00ab\u00a0Un format \u00e0 la carte\u00a0\u00bb propos\u00e9 aux \u00e9l\u00e8ves de la fili\u00e8re ST2S du LGT Frantz FANON\"><img loading=\"lazy\" decoding=\"async\" width=\"950\" height=\"535\" src=\"https:\/\/site.ac-martinique.fr\/lyc-fanon\/wp-content\/uploads\/sites\/138\/2025\/12\/WhatsApp-Image-2025-12-02-a-11.58.08_381b1332-1024x577.jpg\" class=\"attachment-large size-large wp-post-image\" alt=\"\" style=\"max-width:512px;max-height:512px;\" srcset=\"https:\/\/site.ac-martinique.fr\/lyc-fanon\/wp-content\/uploads\/sites\/138\/2025\/12\/WhatsApp-Image-2025-12-02-a-11.58.08_381b1332-1024x577.jpg 1024w, https:\/\/site.ac-martinique.fr\/lyc-fanon\/wp-content\/uploads\/sites\/138\/2025\/12\/WhatsApp-Image-2025-12-02-a-11.58.08_381b1332-300x169.jpg 300w, https:\/\/site.ac-martinique.fr\/lyc-fanon\/wp-content\/uploads\/sites\/138\/2025\/12\/WhatsApp-Image-2025-12-02-a-11.58.08_381b1332.jpg 1156w\" sizes=\"auto, 100vw\" \/><\/a><\/div><a class=\"wp-block-latest-posts__post-title\" href=\"https:\/\/site.ac-martinique.fr\/lyc-fanon\/?p=3143\">Orientation \u2013 \u00ab\u00a0Un format \u00e0 la carte\u00a0\u00bb propos\u00e9 aux \u00e9l\u00e8ves de la fili\u00e8re ST2S du LGT Frantz FANON<\/a><time datetime=\"2025-12-04T19:10:42-04:00\" class=\"wp-block-latest-posts__post-date\">4 d\u00e9cembre 2025<\/time><\/li>\n<\/ul><\/div>\n","protected":false},"excerpt":{"rendered":"<p>Le lyc\u00e9e Frantz FANON, fond\u00e9 dans les ann\u00e9es soixante-dix est au coeur de la Cit\u00e9 Scolaire Beaus\u00e9jour qui comprend le coll\u00e8ge Beaus\u00e9jour et le lyc\u00e9e Professionnel de Trinit\u00e9. Entour\u00e9 par l\u2019\u00c9cole de Formation Maritime Antilles Guyane et l&rsquo;Organisme de Formation Professionnelle Pour Adultes, le lyc\u00e9e est vraiment au coeur d&rsquo;un large p\u00f4le de formation pour &hellip; <\/p>\n<p class=\"link-more\"><a href=\"https:\/\/site.ac-martinique.fr\/lyc-fanon\/\" class=\"more-link\">Lire la suite de<span class=\"screen-reader-text\">\u00ab\u00a0Le lyc\u00e9e Frantz FANON : un p\u00f4le de formation complet\u00a0\u00bb<\/span><\/a><\/p>\n","protected":false},"author":464,"featured_media":0,"parent":0,"menu_order":0,"comment_status":"closed","ping_status":"closed","template":"","meta":{"inspiro_hide_title":false,"footnotes":""},"class_list":["post-287","page","type-page","status-publish","hentry"],"_links":{"self":[{"href":"https:\/\/site.ac-martinique.fr\/lyc-fanon\/index.php?rest_route=\/wp\/v2\/pages\/287","targetHints":{"allow":["GET"]}}],"collection":[{"href":"https:\/\/site.ac-martinique.fr\/lyc-fanon\/index.php?rest_route=\/wp\/v2\/pages"}],"about":[{"href":"https:\/\/site.ac-martinique.fr\/lyc-fanon\/index.php?rest_route=\/wp\/v2\/types\/page"}],"author":[{"embeddable":true,"href":"https:\/\/site.ac-martinique.fr\/lyc-fanon\/index.php?rest_route=\/wp\/v2\/users\/464"}],"replies":[{"embeddable":true,"href":"https:\/\/site.ac-martinique.fr\/lyc-fanon\/index.php?rest_route=%2Fwp%2Fv2%2Fcomments&post=287"}],"version-history":[{"count":63,"href":"https:\/\/site.ac-martinique.fr\/lyc-fanon\/index.php?rest_route=\/wp\/v2\/pages\/287\/revisions"}],"predecessor-version":[{"id":3133,"href":"https:\/\/site.ac-martinique.fr\/lyc-fanon\/index.php?rest_route=\/wp\/v2\/pages\/287\/revisions\/3133"}],"wp:attachment":[{"href":"https:\/\/site.ac-martinique.fr\/lyc-fanon\/index.php?rest_route=%2Fwp%2Fv2%2Fmedia&parent=287"}],"curies":[{"name":"wp","href":"https:\/\/api.w.org\/{rel}","templated":true}]}}