{"id":397,"date":"2024-01-23T12:11:26","date_gmt":"2024-01-23T16:11:26","guid":{"rendered":"https:\/\/site.ac-martinique.fr\/lyc-fanon\/?p=397"},"modified":"2024-01-23T13:29:53","modified_gmt":"2024-01-23T17:29:53","slug":"le-lycee-frantz-fanon-1-pole-general-et-3-poles-technologiques","status":"publish","type":"page","link":"https:\/\/site.ac-martinique.fr\/lyc-fanon\/?page_id=397","title":{"rendered":"Formations"},"content":{"rendered":"\n<div class=\"wp-block-group is-vertical is-layout-flex wp-container-core-group-is-layout-fe9cc265 wp-block-group-is-layout-flex\">\n<div class=\"wp-block-columns is-layout-flex wp-container-core-columns-is-layout-d0b3c9c8 wp-block-columns-is-layout-flex\">\n<div class=\"wp-block-column is-layout-flow wp-block-column-is-layout-flow\" style=\"--col-width:100%;flex-basis:100%\">\n<div class=\"wp-block-group alignfull is-layout-flow wp-block-group-is-layout-flow\">\n<h2 class=\"wp-block-heading has-text-align-center\">Vue d&rsquo;ensemble des formations pr\u00e9sentes au LGT Frantz FANON<\/h2>\n\n\n\n<p>Tous les \u00e9l\u00e8ves arrivant au lyc\u00e9e Frantz Fanon d\u00e9butent en classe de seconde. Il va leur falloir ensuite choisir entre deux fili\u00e8res : la voie g\u00e9n\u00e9rale ou la voie technologique. Des modules et des forums sont organis\u00e9s tout au long de la seconde pour les aider \u00e0 se positionner. Vous pouvez d\u00e8s \u00e0 pr\u00e9sent amorcer votre r\u00e9flexion \u00e0 l&rsquo;aide des informations et vid\u00e9os disponibles dans cette section.<\/p>\n\n\n\n<figure class=\"wp-block-image alignwide size-large tw-mt-8\"><img loading=\"lazy\" decoding=\"async\" width=\"1024\" height=\"570\" src=\"https:\/\/site.ac-martinique.fr\/lyc-fanon\/wp-content\/uploads\/sites\/138\/2024\/01\/Structure_LGT-1024x570.png\" alt=\"\" class=\"wp-image-399\" srcset=\"https:\/\/site.ac-martinique.fr\/lyc-fanon\/wp-content\/uploads\/sites\/138\/2024\/01\/Structure_LGT-1024x570.png 1024w, https:\/\/site.ac-martinique.fr\/lyc-fanon\/wp-content\/uploads\/sites\/138\/2024\/01\/Structure_LGT-300x167.png 300w, https:\/\/site.ac-martinique.fr\/lyc-fanon\/wp-content\/uploads\/sites\/138\/2024\/01\/Structure_LGT.png 1086w\" sizes=\"auto, (max-width: 1024px) 100vw, 1024px\" \/><\/figure>\n<\/div>\n<\/div>\n<\/div>\n<\/div>\n","protected":false},"excerpt":{"rendered":"<p>Vue d&rsquo;ensemble des formations pr\u00e9sentes au LGT Frantz FANON Tous les \u00e9l\u00e8ves arrivant au lyc\u00e9e Frantz Fanon d\u00e9butent en classe de seconde. Il va leur falloir ensuite choisir entre deux fili\u00e8res : la voie g\u00e9n\u00e9rale ou la voie technologique. Des modules et des forums sont organis\u00e9s tout au long de la seconde pour les aider &hellip; <\/p>\n<p class=\"link-more\"><a href=\"https:\/\/site.ac-martinique.fr\/lyc-fanon\/?page_id=397\" class=\"more-link\">Lire la suite de<span class=\"screen-reader-text\">\u00ab\u00a0Formations\u00a0\u00bb<\/span><\/a><\/p>\n","protected":false},"author":464,"featured_media":0,"parent":0,"menu_order":0,"comment_status":"closed","ping_status":"closed","template":"","meta":{"inspiro_hide_title":false,"footnotes":""},"class_list":["post-397","page","type-page","status-publish","hentry"],"_links":{"self":[{"href":"https:\/\/site.ac-martinique.fr\/lyc-fanon\/index.php?rest_route=\/wp\/v2\/pages\/397","targetHints":{"allow":["GET"]}}],"collection":[{"href":"https:\/\/site.ac-martinique.fr\/lyc-fanon\/index.php?rest_route=\/wp\/v2\/pages"}],"about":[{"href":"https:\/\/site.ac-martinique.fr\/lyc-fanon\/index.php?rest_route=\/wp\/v2\/types\/page"}],"author":[{"embeddable":true,"href":"https:\/\/site.ac-martinique.fr\/lyc-fanon\/index.php?rest_route=\/wp\/v2\/users\/464"}],"replies":[{"embeddable":true,"href":"https:\/\/site.ac-martinique.fr\/lyc-fanon\/index.php?rest_route=%2Fwp%2Fv2%2Fcomments&post=397"}],"version-history":[{"count":8,"href":"https:\/\/site.ac-martinique.fr\/lyc-fanon\/index.php?rest_route=\/wp\/v2\/pages\/397\/revisions"}],"predecessor-version":[{"id":440,"href":"https:\/\/site.ac-martinique.fr\/lyc-fanon\/index.php?rest_route=\/wp\/v2\/pages\/397\/revisions\/440"}],"wp:attachment":[{"href":"https:\/\/site.ac-martinique.fr\/lyc-fanon\/index.php?rest_route=%2Fwp%2Fv2%2Fmedia&parent=397"}],"curies":[{"name":"wp","href":"https:\/\/api.w.org\/{rel}","templated":true}]}}