{"id":434,"date":"2024-01-23T13:15:47","date_gmt":"2024-01-23T17:15:47","guid":{"rendered":"https:\/\/site.ac-martinique.fr\/lyc-fanon\/?page_id=434"},"modified":"2024-06-26T12:48:20","modified_gmt":"2024-06-26T16:48:20","slug":"formations-menant-au-baccalaureat","status":"publish","type":"page","link":"https:\/\/site.ac-martinique.fr\/lyc-fanon\/?page_id=434","title":{"rendered":"Formations menant au Baccalaur\u00e9at"},"content":{"rendered":"\n<div class=\"wp-block-group alignfull is-layout-flow wp-block-group-is-layout-flow\">\n<div class=\"wp-block-media-text alignwide is-stacked-on-mobile tw-stack-md\"><figure class=\"wp-block-media-text__media\"><img loading=\"lazy\" decoding=\"async\" width=\"1024\" height=\"671\" src=\"https:\/\/site.ac-martinique.fr\/lyc-fanon\/wp-content\/uploads\/sites\/138\/2024\/01\/4_grands_poles-1024x671.png\" alt=\"\" class=\"wp-image-400 size-full\" srcset=\"https:\/\/site.ac-martinique.fr\/lyc-fanon\/wp-content\/uploads\/sites\/138\/2024\/01\/4_grands_poles-1024x671.png 1024w, https:\/\/site.ac-martinique.fr\/lyc-fanon\/wp-content\/uploads\/sites\/138\/2024\/01\/4_grands_poles-300x197.png 300w, https:\/\/site.ac-martinique.fr\/lyc-fanon\/wp-content\/uploads\/sites\/138\/2024\/01\/4_grands_poles.png 1122w\" sizes=\"auto, (max-width: 1024px) 100vw, 1024px\" \/><\/figure><div class=\"wp-block-media-text__content\">\n<h2 class=\"wp-block-heading\">S\u00e9rie G\u00e9n\u00e9rale ou Technologique?<\/h2>\n\n\n\n<p>D\u00e9couvrez les enseignements de sp\u00e9cialit\u00e9 et les s\u00e9ries technologiques dans les pages suivantes.<\/p>\n\n\n\n<p>Mais avant, regardez la vid\u00e9o suivante pour vous aider \u00e0 choisir entre le p\u00f4le g\u00e9n\u00e9ral ou les p\u00f4les technologiques.<\/p>\n<\/div><\/div>\n<\/div>\n\n\n\n<div class=\"wp-block-group is-content-justification-center is-nowrap is-layout-flex wp-container-core-group-is-layout-23441af8 wp-block-group-is-layout-flex\"><p><iframe loading=\"lazy\" width=\"800\" height=\"515\" src=\"https:\/\/www.youtube-nocookie.com\/embed\/l74fk7W06aA?si=5cYHzS8SIaOKAk8I\" title=\"YouTube video player\" frameborder=\"0\" allow=\"accelerometer; autoplay; clipboard-write; encrypted-media; gyroscope; picture-in-picture; web-share\" allowfullscreen><\/iframe><\/p>\n<\/div>\n\n\n\n<div class=\"wp-block-group alignfull is-layout-flow wp-container-core-group-is-layout-c4d5c1b7 wp-block-group-is-layout-flow\" id=\"cover\" style=\"margin-top:0px;margin-bottom:0px\">\n<div class=\"wp-block-cover alignfull\" style=\"min-height:459px;aspect-ratio:unset;\"><span aria-hidden=\"true\" class=\"wp-block-cover__background has-black-background-color has-background-dim\"><\/span><img loading=\"lazy\" decoding=\"async\" width=\"1280\" height=\"720\" sizes=\"auto, (max-width: 799px) 200vw, (max-width: 1280px) 100vw, 1280px\" class=\"wp-block-cover__image-background wp-image-2285\" alt=\"\" src=\"https:\/\/site.ac-martinique.fr\/lyc-fanon\/wp-content\/uploads\/sites\/138\/2024\/06\/IMG-20231215-WA0006.jpg\" data-object-fit=\"cover\" srcset=\"https:\/\/site.ac-martinique.fr\/lyc-fanon\/wp-content\/uploads\/sites\/138\/2024\/06\/IMG-20231215-WA0006.jpg 1280w, https:\/\/site.ac-martinique.fr\/lyc-fanon\/wp-content\/uploads\/sites\/138\/2024\/06\/IMG-20231215-WA0006-300x169.jpg 300w, https:\/\/site.ac-martinique.fr\/lyc-fanon\/wp-content\/uploads\/sites\/138\/2024\/06\/IMG-20231215-WA0006-1024x576.jpg 1024w\" \/><div class=\"wp-block-cover__inner-container has-global-padding is-layout-constrained wp-block-cover-is-layout-constrained\">\n<div class=\"wp-block-group has-global-padding is-layout-constrained wp-block-group-is-layout-constrained\">\n<h2 class=\"wp-block-heading has-white-color has-text-color has-large-font-size\">Livret de r\u00e9visions 3\u00e8me-2nde en math\u00e9matiques<\/h2>\n\n\n\n<p class=\"has-text-align-left\">Ce livret de r\u00e9visions a \u00e9t\u00e9 con\u00e7u pour les \u00e9l\u00e8ves de 3\u00e8me qui int\u00e9gront la classe de 2nde \u00e0 la rentr\u00e9e de septembre. Il s&rsquo;agit de fiches reprenant une partie des notions \u00e9tudi\u00e9es en 3\u00e8me.<\/p>\n\n\n\n<p>Il est interactif, vous pouvez cliquer sur des icones pour le rappel de cours ou la correction des exercices.<\/p>\n\n\n\n<div style=\"height:31px;width:0px\" aria-hidden=\"true\" class=\"wp-block-spacer\"><\/div>\n\n\n\n<div class=\"wp-block-buttons is-layout-flex wp-block-buttons-is-layout-flex\">\n<div class=\"wp-block-button is-style-fill\" style=\"text-transform:uppercase\"><a class=\"wp-block-button__link has-secondary-background-color has-background wp-element-button\" href=\"https:\/\/site.ac-martinique.fr\/lyc-fanon\/wp-content\/uploads\/sites\/138\/2024\/06\/livret-de-preparation-2nde-avec-corrige.pdf\" style=\"border-radius:0px\" target=\"_blank\" rel=\"noreferrer noopener\">T\u00c9L\u00c9CHARGER<\/a><\/div>\n<\/div>\n<\/div>\n<\/div><\/div>\n<\/div>\n","protected":false},"excerpt":{"rendered":"<p>S\u00e9rie G\u00e9n\u00e9rale ou Technologique? D\u00e9couvrez les enseignements de sp\u00e9cialit\u00e9 et les s\u00e9ries technologiques dans les pages suivantes. Mais avant, regardez la vid\u00e9o suivante pour vous aider \u00e0 choisir entre le p\u00f4le g\u00e9n\u00e9ral ou les p\u00f4les technologiques.<\/p>\n","protected":false},"author":464,"featured_media":0,"parent":0,"menu_order":0,"comment_status":"closed","ping_status":"closed","template":"page-templates\/full-width-transparent.php","meta":{"inspiro_hide_title":false,"footnotes":""},"class_list":["post-434","page","type-page","status-publish","hentry"],"_links":{"self":[{"href":"https:\/\/site.ac-martinique.fr\/lyc-fanon\/index.php?rest_route=\/wp\/v2\/pages\/434","targetHints":{"allow":["GET"]}}],"collection":[{"href":"https:\/\/site.ac-martinique.fr\/lyc-fanon\/index.php?rest_route=\/wp\/v2\/pages"}],"about":[{"href":"https:\/\/site.ac-martinique.fr\/lyc-fanon\/index.php?rest_route=\/wp\/v2\/types\/page"}],"author":[{"embeddable":true,"href":"https:\/\/site.ac-martinique.fr\/lyc-fanon\/index.php?rest_route=\/wp\/v2\/users\/464"}],"replies":[{"embeddable":true,"href":"https:\/\/site.ac-martinique.fr\/lyc-fanon\/index.php?rest_route=%2Fwp%2Fv2%2Fcomments&post=434"}],"version-history":[{"count":10,"href":"https:\/\/site.ac-martinique.fr\/lyc-fanon\/index.php?rest_route=\/wp\/v2\/pages\/434\/revisions"}],"predecessor-version":[{"id":2303,"href":"https:\/\/site.ac-martinique.fr\/lyc-fanon\/index.php?rest_route=\/wp\/v2\/pages\/434\/revisions\/2303"}],"wp:attachment":[{"href":"https:\/\/site.ac-martinique.fr\/lyc-fanon\/index.php?rest_route=%2Fwp%2Fv2%2Fmedia&parent=434"}],"curies":[{"name":"wp","href":"https:\/\/api.w.org\/{rel}","templated":true}]}}