{"id":494,"date":"2024-01-23T15:56:43","date_gmt":"2024-01-23T19:56:43","guid":{"rendered":"https:\/\/site.ac-martinique.fr\/lyc-fanon\/?page_id=494"},"modified":"2026-03-27T18:02:18","modified_gmt":"2026-03-27T22:02:18","slug":"restaurant-scolaire","status":"publish","type":"page","link":"https:\/\/site.ac-martinique.fr\/lyc-fanon\/?page_id=494","title":{"rendered":"Restaurant Scolaire"},"content":{"rendered":"\n<p><h2><strong>Le menu de la semaine<\/strong><\/h2><\/p>\n\n\n\n<figure class=\"wp-block-image size-large\"><img loading=\"lazy\" decoding=\"async\" width=\"1024\" height=\"725\" src=\"https:\/\/site.ac-martinique.fr\/lyc-fanon\/wp-content\/uploads\/sites\/138\/2026\/03\/MENU-DU-30.03-AU-02.04.2026_pages-to-jpg-0001-1024x725.jpg\" alt=\"\" class=\"wp-image-3420\" srcset=\"https:\/\/site.ac-martinique.fr\/lyc-fanon\/wp-content\/uploads\/sites\/138\/2026\/03\/MENU-DU-30.03-AU-02.04.2026_pages-to-jpg-0001-1024x725.jpg 1024w, https:\/\/site.ac-martinique.fr\/lyc-fanon\/wp-content\/uploads\/sites\/138\/2026\/03\/MENU-DU-30.03-AU-02.04.2026_pages-to-jpg-0001-300x212.jpg 300w, https:\/\/site.ac-martinique.fr\/lyc-fanon\/wp-content\/uploads\/sites\/138\/2026\/03\/MENU-DU-30.03-AU-02.04.2026_pages-to-jpg-0001-2000x1416.jpg 2000w\" sizes=\"auto, (max-width: 1024px) 100vw, 1024px\" \/><\/figure>\n\n\n\n<p><h2><strong>Paiement de la restauration<\/strong><\/h2><\/p>\n\n\n\n<p>Le paiement de la restauration scolaire est possible via l&rsquo;application :<\/p>\n\n\n\n<figure class=\"wp-block-image aligncenter size-full is-resized\"><a href=\"https:\/\/espacenumerique.turbo-self.com\/Connexion.aspx?id=0933\" target=\"_blank\" rel=\"noreferrer noopener\"><img loading=\"lazy\" decoding=\"async\" width=\"302\" height=\"302\" src=\"https:\/\/site.ac-martinique.fr\/lyc-fanon\/wp-content\/uploads\/sites\/138\/2024\/02\/turboself.png\" alt=\"\" class=\"wp-image-835\" style=\"width:198px;height:auto\" srcset=\"https:\/\/site.ac-martinique.fr\/lyc-fanon\/wp-content\/uploads\/sites\/138\/2024\/02\/turboself.png 302w, https:\/\/site.ac-martinique.fr\/lyc-fanon\/wp-content\/uploads\/sites\/138\/2024\/02\/turboself-300x300.png 300w, https:\/\/site.ac-martinique.fr\/lyc-fanon\/wp-content\/uploads\/sites\/138\/2024\/02\/turboself-150x150.png 150w\" sizes=\"auto, (max-width: 302px) 100vw, 302px\" \/><\/a><figcaption class=\"wp-element-caption\">Turboself<\/figcaption><\/figure>\n\n\n\n<p>Mais aussi par :<\/p>\n\n\n\n<ul><li>t\u00e9l\u00e9phone au <a href=\"tel:0596580250\">0596.58.02.50<\/a> (paiement s\u00e9curis\u00e9, l\u2019envoi d\u2019un re\u00e7u est op\u00e9r\u00e9 sur l\u2019email communiqu\u00e9e lors de l\u2019inscription) ;<\/li>\n  <li>ch\u00e8que (d\u00e9p\u00f4t par l\u2019\u00e9l\u00e8ve dans la bo\u00eete aux lettres r\u00e9serv\u00e9e \u00e0 cet effet en mentionnant au dos le nom et pr\u00e9nom de l\u2019\u00e9l\u00e8ve).<\/li><\/ul>\n\n\n\n<p>En cas de probl\u00e8me, vous pouvez nous envoyer un message \u00e0 : <\/p>\n\n\n\n<p class=\"has-text-align-center has-text-color has-link-color wp-elements-296a781e385f68a164b2bbeba8b1755d\" style=\"color:#c41c1c\"><strong>intendance.9720350y@ac-martinique.fr<\/strong><\/p>\n\n\n\n<p><h2><strong>R\u00e9servation de repas<\/strong><\/h2><\/p>\n\n\n\n<p>Les r\u00e9servations de repas se font via :<\/p>\n\n\n\n<figure class=\"wp-block-image aligncenter size-full is-resized\"><a href=\"https:\/\/espacenumerique.turbo-self.com\/Connexion.aspx?id=0933\" target=\"_blank\" rel=\"noreferrer noopener\"><img loading=\"lazy\" decoding=\"async\" width=\"302\" height=\"302\" src=\"https:\/\/site.ac-martinique.fr\/lyc-fanon\/wp-content\/uploads\/sites\/138\/2024\/02\/turboself.png\" alt=\"\" class=\"wp-image-835\" style=\"width:198px;height:auto\" srcset=\"https:\/\/site.ac-martinique.fr\/lyc-fanon\/wp-content\/uploads\/sites\/138\/2024\/02\/turboself.png 302w, https:\/\/site.ac-martinique.fr\/lyc-fanon\/wp-content\/uploads\/sites\/138\/2024\/02\/turboself-300x300.png 300w, https:\/\/site.ac-martinique.fr\/lyc-fanon\/wp-content\/uploads\/sites\/138\/2024\/02\/turboself-150x150.png 150w\" sizes=\"auto, (max-width: 302px) 100vw, 302px\" \/><\/a><figcaption class=\"wp-element-caption\">Turboself<\/figcaption><\/figure>\n","protected":false},"excerpt":{"rendered":"<p>Le menu de la semaine Paiement de la restauration Le paiement de la restauration scolaire est possible via l&rsquo;application : Mais aussi par : t\u00e9l\u00e9phone au 0596.58.02.50 (paiement s\u00e9curis\u00e9, l\u2019envoi d\u2019un re\u00e7u est op\u00e9r\u00e9 sur l\u2019email communiqu\u00e9e lors de l\u2019inscription) ; ch\u00e8que (d\u00e9p\u00f4t par l\u2019\u00e9l\u00e8ve dans la bo\u00eete aux lettres r\u00e9serv\u00e9e \u00e0 cet effet en &hellip; <\/p>\n<p class=\"link-more\"><a href=\"https:\/\/site.ac-martinique.fr\/lyc-fanon\/?page_id=494\" class=\"more-link\">Lire la suite de<span class=\"screen-reader-text\">\u00ab\u00a0Restaurant Scolaire\u00a0\u00bb<\/span><\/a><\/p>\n","protected":false},"author":464,"featured_media":0,"parent":0,"menu_order":0,"comment_status":"closed","ping_status":"closed","template":"","meta":{"inspiro_hide_title":false,"footnotes":""},"class_list":["post-494","page","type-page","status-publish","hentry"],"_links":{"self":[{"href":"https:\/\/site.ac-martinique.fr\/lyc-fanon\/index.php?rest_route=\/wp\/v2\/pages\/494","targetHints":{"allow":["GET"]}}],"collection":[{"href":"https:\/\/site.ac-martinique.fr\/lyc-fanon\/index.php?rest_route=\/wp\/v2\/pages"}],"about":[{"href":"https:\/\/site.ac-martinique.fr\/lyc-fanon\/index.php?rest_route=\/wp\/v2\/types\/page"}],"author":[{"embeddable":true,"href":"https:\/\/site.ac-martinique.fr\/lyc-fanon\/index.php?rest_route=\/wp\/v2\/users\/464"}],"replies":[{"embeddable":true,"href":"https:\/\/site.ac-martinique.fr\/lyc-fanon\/index.php?rest_route=%2Fwp%2Fv2%2Fcomments&post=494"}],"version-history":[{"count":50,"href":"https:\/\/site.ac-martinique.fr\/lyc-fanon\/index.php?rest_route=\/wp\/v2\/pages\/494\/revisions"}],"predecessor-version":[{"id":3421,"href":"https:\/\/site.ac-martinique.fr\/lyc-fanon\/index.php?rest_route=\/wp\/v2\/pages\/494\/revisions\/3421"}],"wp:attachment":[{"href":"https:\/\/site.ac-martinique.fr\/lyc-fanon\/index.php?rest_route=%2Fwp%2Fv2%2Fmedia&parent=494"}],"curies":[{"name":"wp","href":"https:\/\/api.w.org\/{rel}","templated":true}]}}