{"id":753,"date":"2024-01-31T20:10:14","date_gmt":"2024-02-01T00:10:14","guid":{"rendered":"https:\/\/site.ac-martinique.fr\/lyc-fanon\/?page_id=753"},"modified":"2024-01-31T21:05:51","modified_gmt":"2024-02-01T01:05:51","slug":"demandes-dintervention","status":"publish","type":"page","link":"https:\/\/site.ac-martinique.fr\/lyc-fanon\/?page_id=753","title":{"rendered":"Demandes d&rsquo;intervention"},"content":{"rendered":"\n<p><center><H3>Informatique, \u00e9lectricit\u00e9, petits travaux et climatisation<\/H3><\/center><\/p>\n<p>&nbsp;<\/p>\n<p><center>Demande \u00e0 renseigner le plus pr\u00e9cis\u00e9ment possible. <strong><font color=\"red\">Adresse acad\u00e9mique obligatoire !<\/font><\/strong><\/center><\/p>\n\n\n\n<div class=\"wp-block-group has-global-padding is-layout-constrained wp-block-group-is-layout-constrained\">\n<style>\n       .errordiv { padding:10px; margin:10px; border: 1px solid #555555;color: #000000;background-color: #f8f8f8; width:500px; }#advanced_iframe {visibility:visible;opacity:1;vertical-align:top;}.ai-info-bottom-iframe { position: fixed; z-index: 10000; bottom:0; left: 0; margin: 0px; text-align: center; width: 100%; background-color: #ff9999; padding-left: 5px;padding-bottom: 5px; border-top: 1px solid #aaa } a.ai-bold {font-weight: bold;}#ai-layer-div-advanced_iframe p {height:100%;margin:0;padding:0}<\/style><script type=\"text\/javascript\">var ai_iframe_width_advanced_iframe = 0;var ai_iframe_height_advanced_iframe = 0;function aiReceiveMessageadvanced_iframe(event) {  aiProcessMessage(event,\"advanced_iframe\", \"true\",\"\",\"false\",\"false\");}if (window.addEventListener) {  window.addEventListener(\"message\", aiReceiveMessageadvanced_iframe);} else if (el.attachEvent)  {  el.attachEvent(\"message\", aiReceiveMessageadvanced_iframe);}var aiOnloadScrollTop=\"true\";var aiShowDebug=false;\n\t\tif (typeof aiReadyCallbacks === 'undefined') {\n\t\t\tvar aiReadyCallbacks = [];\n\t\t} else if (!(aiReadyCallbacks instanceof Array)) {\n\t\t\tvar aiReadyCallbacks = [];\n\t\t}    function aiShowIframeId(id_iframe) { jQuery(\"#\"+id_iframe).css(\"visibility\", \"visible\");    }    function aiResizeIframeHeight(height) { aiResizeIframeHeight(height,advanced_iframe); }    function aiResizeIframeHeightId(height,width,id) {aiResizeIframeHeightById(id,height);}<\/script><iframe id=\"advanced_iframe\"  name=\"advanced_iframe\"  src=\"https:\/\/www.bob-desk.com\/public\/5dfa33fac7eb3800498d00d8\/global\"  width=\"100%\"  height=\"900\"  frameborder=\"0\"  border=\"0\"  allowtransparency=\"true\"  loading=\"lazy\"  style=\";border-width: 0px;;border: none;;width:100%;;height:900px;\" ><\/iframe><script type=\"text\/javascript\">var ifrm_advanced_iframe = document.getElementById(\"advanced_iframe\");var hiddenTabsDoneadvanced_iframe = false;\nfunction resizeCallbackadvanced_iframe() {}<\/script><script type=\"text\/javascript\"><\/script><p style=\"display:block !important; visibility:visible !important;margin: -18px 14px 0 0;padding-left: 3px;padding-top:3px;background: white; overflow: hidden; position: relative; line-height:15px;width: fit-content;\"><small style=\"display:block !important;visibility:visible !important\">powered by Advanced iFrame<\/small><\/p>\n<\/div>\n","protected":false},"excerpt":{"rendered":"<p>Informatique, \u00e9lectricit\u00e9, petits travaux et climatisation &nbsp; Demande \u00e0 renseigner le plus pr\u00e9cis\u00e9ment possible. Adresse acad\u00e9mique obligatoire !<\/p>\n","protected":false},"author":478,"featured_media":0,"parent":0,"menu_order":0,"comment_status":"closed","ping_status":"closed","template":"","meta":{"inspiro_hide_title":false,"footnotes":""},"class_list":["post-753","page","type-page","status-publish","hentry"],"_links":{"self":[{"href":"https:\/\/site.ac-martinique.fr\/lyc-fanon\/index.php?rest_route=\/wp\/v2\/pages\/753","targetHints":{"allow":["GET"]}}],"collection":[{"href":"https:\/\/site.ac-martinique.fr\/lyc-fanon\/index.php?rest_route=\/wp\/v2\/pages"}],"about":[{"href":"https:\/\/site.ac-martinique.fr\/lyc-fanon\/index.php?rest_route=\/wp\/v2\/types\/page"}],"author":[{"embeddable":true,"href":"https:\/\/site.ac-martinique.fr\/lyc-fanon\/index.php?rest_route=\/wp\/v2\/users\/478"}],"replies":[{"embeddable":true,"href":"https:\/\/site.ac-martinique.fr\/lyc-fanon\/index.php?rest_route=%2Fwp%2Fv2%2Fcomments&post=753"}],"version-history":[{"count":18,"href":"https:\/\/site.ac-martinique.fr\/lyc-fanon\/index.php?rest_route=\/wp\/v2\/pages\/753\/revisions"}],"predecessor-version":[{"id":785,"href":"https:\/\/site.ac-martinique.fr\/lyc-fanon\/index.php?rest_route=\/wp\/v2\/pages\/753\/revisions\/785"}],"wp:attachment":[{"href":"https:\/\/site.ac-martinique.fr\/lyc-fanon\/index.php?rest_route=%2Fwp%2Fv2%2Fmedia&parent=753"}],"curies":[{"name":"wp","href":"https:\/\/api.w.org\/{rel}","templated":true}]}}