{"id":837,"date":"2024-02-03T11:18:34","date_gmt":"2024-02-03T15:18:34","guid":{"rendered":"https:\/\/site.ac-martinique.fr\/lyc-fanon\/?page_id=837"},"modified":"2025-08-26T16:02:29","modified_gmt":"2025-08-26T20:02:29","slug":"lequipe-du-lycee","status":"publish","type":"page","link":"https:\/\/site.ac-martinique.fr\/lyc-fanon\/?page_id=837","title":{"rendered":"L&rsquo;\u00e9quipe du lyc\u00e9e"},"content":{"rendered":"\n<p><span style=\"color:#008080;\"><strong><em>La direction<\/em><\/strong><\/span><\/p>\n\n\n\n<div class=\"wp-block-group has-global-padding is-layout-constrained wp-block-group-is-layout-constrained\">\n<p>Mme <strong>Odile PIERRE-CHARLES<\/strong>, proviseure<\/p>\n\n\n\n<p>M. <strong>Fran\u00e7ois Pascal ANGLIONIN<\/strong>, proviseur adjoint<\/p>\n\n\n\n<p>Mme <strong>Paulette LABEJOF<\/strong>, proviseure adjointe<\/p>\n<\/div>\n\n\n\n<p><span style=\"color:#008080;\"><strong><em>Direction Formations Professionnelles et Technologiques<\/em><\/strong><\/span><\/p>\n\n\n\n<p>M. <strong>Frantz BARCLAIS<\/strong>, Directeur D\u00e9l\u00e9gu\u00e9 aux Formations Professionnelles et Technologiques (DDFPT)<\/p>\n\n\n\n<p>M. <strong>Rodolphe LUC<\/strong>, assistant DDF<\/p>\n\n\n\n<p><span style=\"color:#008080;\"><strong><em>Secr\u00e9tariat<\/em><\/strong><\/span><\/p>\n\n\n\n<p>Mme <strong>Marie-Pierre DUBO<\/strong>, assistante de direction<\/p>\n\n\n\n<p>Mme <strong>Meggy MASSICOTE<\/strong>, secr\u00e9taire des proviseurs adjoints<\/p>\n\n\n\n<p><span style=\"color:#008080;\"><strong><em>Service de gestion<\/em><\/strong><\/span><\/p>\n\n\n\n<p>M. <strong>Claude ARICAT<\/strong>, gestionnaire<\/p>\n\n\n\n<p>Mme <strong>Dominique LALUNG<\/strong>, fond\u00e9e de pouvoir<\/p>\n\n\n\n<p>M. <strong>Jean-Marc DIAU<\/strong>, gestionnaire d\u00e9l\u00e9gu\u00e9<\/p>\n\n\n\n<p>Mme <strong>Sylvia SERGENT-PICHEGRAIN<\/strong>, assistante de gestion<\/p>\n\n\n\n<p>Mme <strong>Marilyne CARDAN<\/strong>, assistante de gestion<\/p>\n\n\n\n<p>Mme <strong>Laura BATTERY<\/strong>, assistante de gestion<\/p>\n\n\n\n<p><span style=\"color:#008080;\"><em><strong>Vie scolaire<\/strong><\/em><\/span><\/p>\n\n\n\n<p>Mme <strong>Lucie MARIMOUTOU<\/strong>, CPE<\/p>\n\n\n\n<p>Mme <strong>Nicole LINORD<\/strong>, CPE<\/p>\n\n\n\n<p>Mme <strong>Sylviane GERMANY<\/strong>, CPE<\/p>\n\n\n\n<p>Mme <strong>Manuela SILBANDE<\/strong>, CPE<\/p>\n\n\n\n<p><span style=\"color:#008080;\"><strong><em>Service sant\u00e9 et social<\/em><\/strong><\/span><\/p>\n\n\n\n<p>Mme <strong>Laurence CASTANET<\/strong>, assistante sociale<\/p>\n\n\n\n<p>Mmes <strong>Marylou SCHMISSER <\/strong>et <strong>Andr\u00e9a WILLIAM<\/strong>, infirmi\u00e8res<\/p>\n\n\n\n<p>M. <strong>Ludovic BELLEC<\/strong>, COP<\/p>\n\n\n\n<p>M. <strong>Armand AUDEL<\/strong>, COP<\/p>\n\n\n\n<p>Mme <strong>Magali BOISSIE<\/strong>, m\u00e9decin<\/p>\n\n\n\n<p>Mme <strong>Guetty PYRAM<\/strong>, secr\u00e9taire m\u00e9dicale<\/p>\n\n\n\n<p>Mme <strong>Nathalie FAUSTIN RAMSAMY<\/strong>, secr\u00e9taire m\u00e9dicale<\/p>\n","protected":false},"excerpt":{"rendered":"<p>La direction Mme Odile PIERRE-CHARLES, proviseure M. Fran\u00e7ois Pascal ANGLIONIN, proviseur adjoint Mme Paulette LABEJOF, proviseure adjointe Direction Formations Professionnelles et Technologiques M. Frantz BARCLAIS, Directeur D\u00e9l\u00e9gu\u00e9 aux Formations Professionnelles et Technologiques (DDFPT) M. Rodolphe LUC, assistant DDF Secr\u00e9tariat Mme Marie-Pierre DUBO, assistante de direction Mme Meggy MASSICOTE, secr\u00e9taire des proviseurs adjoints Service de gestion &hellip; <\/p>\n<p class=\"link-more\"><a href=\"https:\/\/site.ac-martinique.fr\/lyc-fanon\/?page_id=837\" class=\"more-link\">Lire la suite de<span class=\"screen-reader-text\">\u00ab\u00a0L&rsquo;\u00e9quipe du lyc\u00e9e\u00a0\u00bb<\/span><\/a><\/p>\n","protected":false},"author":478,"featured_media":0,"parent":857,"menu_order":0,"comment_status":"closed","ping_status":"closed","template":"","meta":{"inspiro_hide_title":false,"footnotes":""},"class_list":["post-837","page","type-page","status-publish","hentry"],"_links":{"self":[{"href":"https:\/\/site.ac-martinique.fr\/lyc-fanon\/index.php?rest_route=\/wp\/v2\/pages\/837","targetHints":{"allow":["GET"]}}],"collection":[{"href":"https:\/\/site.ac-martinique.fr\/lyc-fanon\/index.php?rest_route=\/wp\/v2\/pages"}],"about":[{"href":"https:\/\/site.ac-martinique.fr\/lyc-fanon\/index.php?rest_route=\/wp\/v2\/types\/page"}],"author":[{"embeddable":true,"href":"https:\/\/site.ac-martinique.fr\/lyc-fanon\/index.php?rest_route=\/wp\/v2\/users\/478"}],"replies":[{"embeddable":true,"href":"https:\/\/site.ac-martinique.fr\/lyc-fanon\/index.php?rest_route=%2Fwp%2Fv2%2Fcomments&post=837"}],"version-history":[{"count":8,"href":"https:\/\/site.ac-martinique.fr\/lyc-fanon\/index.php?rest_route=\/wp\/v2\/pages\/837\/revisions"}],"predecessor-version":[{"id":3079,"href":"https:\/\/site.ac-martinique.fr\/lyc-fanon\/index.php?rest_route=\/wp\/v2\/pages\/837\/revisions\/3079"}],"up":[{"embeddable":true,"href":"https:\/\/site.ac-martinique.fr\/lyc-fanon\/index.php?rest_route=\/wp\/v2\/pages\/857"}],"wp:attachment":[{"href":"https:\/\/site.ac-martinique.fr\/lyc-fanon\/index.php?rest_route=%2Fwp%2Fv2%2Fmedia&parent=837"}],"curies":[{"name":"wp","href":"https:\/\/api.w.org\/{rel}","templated":true}]}}