{"id":839,"date":"2024-02-03T11:16:02","date_gmt":"2024-02-03T15:16:02","guid":{"rendered":"https:\/\/site.ac-martinique.fr\/lyc-fanon\/?page_id=839"},"modified":"2024-02-24T14:10:16","modified_gmt":"2024-02-24T18:10:16","slug":"plan","status":"publish","type":"page","link":"https:\/\/site.ac-martinique.fr\/lyc-fanon\/?page_id=839","title":{"rendered":"Plan et visite virtuelle du lyc\u00e9e"},"content":{"rendered":"\n<figure class=\"wp-block-image size-large\"><img loading=\"lazy\" decoding=\"async\" width=\"1024\" height=\"723\" src=\"https:\/\/site.ac-martinique.fr\/lyc-fanon\/wp-content\/uploads\/sites\/138\/2024\/02\/PLAN-LYCEE-1024x723.jpg\" alt=\"\" class=\"wp-image-854\" srcset=\"https:\/\/site.ac-martinique.fr\/lyc-fanon\/wp-content\/uploads\/sites\/138\/2024\/02\/PLAN-LYCEE-1024x723.jpg 1024w, https:\/\/site.ac-martinique.fr\/lyc-fanon\/wp-content\/uploads\/sites\/138\/2024\/02\/PLAN-LYCEE-300x212.jpg 300w, https:\/\/site.ac-martinique.fr\/lyc-fanon\/wp-content\/uploads\/sites\/138\/2024\/02\/PLAN-LYCEE.jpg 1754w\" sizes=\"auto, (max-width: 1024px) 100vw, 1024px\" \/><\/figure>\n\n\n<p><iframe loading=\"lazy\" width=\"100%\" height=\"300\" allowfullscreen src=\"https:\/\/tourmkr.com\/F14Ppu1ZOi\/36269903p&#038;349.57h&#038;90t\"><\/iframe><\/p>\n\n\n\n<p class=\"has-text-align-center\">Visite Virtuelle du lyc\u00e9e : cliquer sur les fl\u00e8ches blanches et se laisser guider \u00e0 travers les b\u00e2timents.<\/p>\n","protected":false},"excerpt":{"rendered":"<p>Visite Virtuelle du lyc\u00e9e : cliquer sur les fl\u00e8ches blanches et se laisser guider \u00e0 travers les b\u00e2timents.<\/p>\n","protected":false},"author":478,"featured_media":0,"parent":857,"menu_order":0,"comment_status":"closed","ping_status":"closed","template":"","meta":{"inspiro_hide_title":false,"footnotes":""},"class_list":["post-839","page","type-page","status-publish","hentry"],"_links":{"self":[{"href":"https:\/\/site.ac-martinique.fr\/lyc-fanon\/index.php?rest_route=\/wp\/v2\/pages\/839","targetHints":{"allow":["GET"]}}],"collection":[{"href":"https:\/\/site.ac-martinique.fr\/lyc-fanon\/index.php?rest_route=\/wp\/v2\/pages"}],"about":[{"href":"https:\/\/site.ac-martinique.fr\/lyc-fanon\/index.php?rest_route=\/wp\/v2\/types\/page"}],"author":[{"embeddable":true,"href":"https:\/\/site.ac-martinique.fr\/lyc-fanon\/index.php?rest_route=\/wp\/v2\/users\/478"}],"replies":[{"embeddable":true,"href":"https:\/\/site.ac-martinique.fr\/lyc-fanon\/index.php?rest_route=%2Fwp%2Fv2%2Fcomments&post=839"}],"version-history":[{"count":4,"href":"https:\/\/site.ac-martinique.fr\/lyc-fanon\/index.php?rest_route=\/wp\/v2\/pages\/839\/revisions"}],"predecessor-version":[{"id":960,"href":"https:\/\/site.ac-martinique.fr\/lyc-fanon\/index.php?rest_route=\/wp\/v2\/pages\/839\/revisions\/960"}],"up":[{"embeddable":true,"href":"https:\/\/site.ac-martinique.fr\/lyc-fanon\/index.php?rest_route=\/wp\/v2\/pages\/857"}],"wp:attachment":[{"href":"https:\/\/site.ac-martinique.fr\/lyc-fanon\/index.php?rest_route=%2Fwp%2Fv2%2Fmedia&parent=839"}],"curies":[{"name":"wp","href":"https:\/\/api.w.org\/{rel}","templated":true}]}}