{"id":843,"date":"2024-02-03T11:17:00","date_gmt":"2024-02-03T15:17:00","guid":{"rendered":"https:\/\/site.ac-martinique.fr\/lyc-fanon\/?page_id=843"},"modified":"2024-02-03T13:59:33","modified_gmt":"2024-02-03T17:59:33","slug":"charte-informatique","status":"publish","type":"page","link":"https:\/\/site.ac-martinique.fr\/lyc-fanon\/?page_id=843","title":{"rendered":"Charte Informatique"},"content":{"rendered":"\n<p><center><strong>(Utilisation de l\u2019Internet, des r\u00e9seaux et des services multim\u00e9dias)<\/center><\/p>\n \n<p>Le lyc\u00e9e met \u00e0 disposition des \u00e9l\u00e8ves inscrits dans l\u2019\u00e9tablissement des ressources informatiques.<\/p>\n<p>Les \u00e9l\u00e8ves sont aid\u00e9s, conseill\u00e9s et guid\u00e9s dans l\u2019utilisation des ordinateurs, d\u2019Internet et des r\u00e9seaux num\u00e9riques.<\/p><\/strong>\n\n\n\n<figure class=\"wp-block-table aligncenter\"><table><tbody><tr><td><strong>DROITS<\/strong><\/td><td><strong>DEVOIRS<\/strong><\/td><\/tr><tr><td>Chaque \u00e9l\u00e8ve peut acc\u00e9der aux ressources informatiques du lyc\u00e9e pour r\u00e9aliser des activit\u00e9s p\u00e9dagogiques ou mener des recherches d\u2019informations \u00e0 but scolaire.<\/td><td><strong>Les \u00e9l\u00e8ves s\u2019engagent \u00e0 :<\/strong><br>* acc\u00e9der aux ressources informatiques \u00e0 des fins p\u00e9dagogiques ou scolaires,<br>* demander l\u2019autorisation au (x) professeur(s) ou responsable pour toute autre activit\u00e9 (utilisation des groupes de discussion \u00ab chats \u00bb et \u00ab forums \u00bb ; t\u00e9l\u00e9chargement de logiciels ou documents \u2026)<\/td><\/tr><\/tbody><\/table><\/figure>\n\n\n\n<span style=\"color:#008080;\"><p><strong>Les ressources informatiques sont mises \u00e0 disposition de l\u2019ensemble des \u00e9l\u00e8ves.<\/p>\n<p>Chacun doit respecter le mat\u00e9riel mis \u00e0 sa disposition et ne pas nuire \u00e0 la bonne utilisation du r\u00e9seau.<\/p><\/strong><\/span>\n\n\n\n<figure class=\"wp-block-table aligncenter\"><table><tbody><tr><td><strong>DROITS<\/strong><\/td><td><strong>DEVOIRS<\/strong><\/td><\/tr><tr><td>Chaque \u00e9l\u00e8ve peut acc\u00e9der aux ressources informatiques du lyc\u00e9e pour r\u00e9aliser des activit\u00e9s p\u00e9dagogiques ou mener des recherches d\u2019informations \u00e0 but scolaire.<\/td><td><strong>Les \u00e9l\u00e8ves s\u2019engagent \u00e0 :<\/strong><br>* Prendre soin du mat\u00e9riel,<br>* respecter les r\u00e8gles d\u2019usage des mat\u00e9riels informatiques pr\u00e9cis\u00e9es par les enseignants<br>* ne pas effectuer des activit\u00e9s accaparant les ressources informatiques et p\u00e9nalisant la communaut\u00e9 (impression de gros documents, stockage de gros fichiers \u2026)<\/td><\/tr><tr><td>Les informations de chaque \u00e9l\u00e8ve seront prot\u00e9g\u00e9es.<\/td><td><strong>Les \u00e9l\u00e8ves s\u2019engagent \u00e0 :<\/strong><br>* respecter les r\u00e8gles de s\u00e9curit\u00e9,<br>* ne pas introduire, modifier, alt\u00e9rer, supprimer ou copier des informations ne lui appartenant pas,<br>* ne pas acc\u00e9der \u00e0 des informations appartenant \u00e0 un autre utilisateur sans son autorisation,<br>* informer son professeur ou un responsable informatique pour toute anomalie constat\u00e9e.<\/td><\/tr><\/tbody><\/table><\/figure>\n\n\n\n<span style=\"color:#008080;\"><p><strong>Respect de la l\u00e9gislation<\/p><\/span>\n<p>Chaque individu a droit au respect de sa vie priv\u00e9e (sa vie, son image \u2026).<\/p>\n<p>Il doit lui-m\u00eame respecter l\u2019ordre public.<\/p><strong>\n\n\n\n<figure class=\"wp-block-table aligncenter\"><table><tbody><tr><td><strong>DROITS<\/strong><\/td><td><strong>DEVOIRS<\/strong><\/td><\/tr><tr><td>Chaque \u00e9l\u00e8ve peut demander \u00e0 ce que sa vie priv\u00e9e soit respect\u00e9e.<\/td><td><strong>Les \u00e9l\u00e8ves s\u2019engagent lors d\u2019\u00e9changes de courriels ou de publications sur le web \u00e0 :<\/strong><br>* ne pas harceler ou porter atteinte \u00e0 la dignit\u00e9 humaine d\u2019un autre utilisateur notamment par l\u2019interm\u00e9diaire de messages, textes ou images provocants<br>* diffuser des informations injurieuses, diffamatoires ou pouvant porter atteinte \u00e0 la vie priv\u00e9e ou aux droits et \u00e0 l\u2019image d\u2019autrui<br>* publier des photos sans l\u2019autorisation des personnes repr\u00e9sent\u00e9es.<\/td><\/tr><tr><td><\/td><td><strong>Les \u00e9l\u00e8ves doivent respecter l\u2019ordre public ; ils s\u2019engagent \u00e0 ne pas :<\/strong><br>* diffuser des informations faisant l\u2019apologie du racisme, de l\u2019antis\u00e9mitisme, de la pornographie, de la p\u00e9dophilie et de la x\u00e9nophobie<br>* consulter des sites \u00e0 caract\u00e8re immoral, x\u00e9nophobe, raciste, p\u00e9dophile ou pornographique.<\/td><\/tr><\/tbody><\/table><\/figure>\n\n\n\n<strong><p>Chaque auteur poss\u00e8de sur les \u0153uvres cr\u00e9\u00e9es un droit de propri\u00e9t\u00e9 intellectuelle.<\/p>\n<p>Son autorisation est obligatoire pour reproduire sa production (son, image, texte \u2026).<\/p><\/strong>\n\n\n\n<figure class=\"wp-block-table aligncenter\"><table><tbody><tr><td><strong>DROITS<\/strong><\/td><td><strong>DEVOIRS<\/strong><\/td><\/tr><tr><td>Il sera demand\u00e9 \u00e0 l\u2019\u00e9l\u00e8ve ayant r\u00e9alis\u00e9 des productions son autorisation pour pouvoir les reproduire ou les publier.<\/td><td><strong>Les \u00e9l\u00e8ves s\u2019engagent \u00e0 respecter la propri\u00e9t\u00e9 intellectuelle en :<\/strong><br>* ne faisant pas de copies de logiciels non autoris\u00e9es par la loi (seules les copies de sauvegarde sont autoris\u00e9es)<br>n\u2019utilisant pas de copies ill\u00e9gales<br>* ne publiant pas des productions sans l\u2019autorisation pr\u00e9alable de leur(s) auteur(s).<\/td><\/tr><\/tbody><\/table><\/figure>\n\n\n\n<p><strong>Toute correspondance priv\u00e9e b\u00e9n\u00e9ficie d\u2019une protection : le secret de la correspondance.<\/strong><\/p>\n\n\n\n<figure class=\"wp-block-table aligncenter\"><table><tbody><tr><td><strong>DROITS<\/strong><\/td><td><strong>DEVOIRS<\/strong><\/td><\/tr><tr><td>La correspondance priv\u00e9e de chaque \u00e9l\u00e8ve est confidentielle.<\/td><td><strong>Les \u00e9l\u00e8ves s\u2019engagent \u00e0 :  <\/strong><br>* respecter le secret de correspondance de ses camarades<br>* utiliser la messagerie \u00e9lectronique selon les conditions fix\u00e9es par les enseignants.<\/td><\/tr><\/tbody><\/table><\/figure>\n","protected":false},"excerpt":{"rendered":"<p>(Utilisation de l\u2019Internet, des r\u00e9seaux et des services multim\u00e9dias) Le lyc\u00e9e met \u00e0 disposition des \u00e9l\u00e8ves inscrits dans l\u2019\u00e9tablissement des ressources informatiques. Les \u00e9l\u00e8ves sont aid\u00e9s, conseill\u00e9s et guid\u00e9s dans l\u2019utilisation des ordinateurs, d\u2019Internet et des r\u00e9seaux num\u00e9riques. DROITS DEVOIRS Chaque \u00e9l\u00e8ve peut acc\u00e9der aux ressources informatiques du lyc\u00e9e pour r\u00e9aliser des activit\u00e9s p\u00e9dagogiques ou &hellip; <\/p>\n<p class=\"link-more\"><a href=\"https:\/\/site.ac-martinique.fr\/lyc-fanon\/?page_id=843\" class=\"more-link\">Lire la suite de<span class=\"screen-reader-text\">\u00ab\u00a0Charte Informatique\u00a0\u00bb<\/span><\/a><\/p>\n","protected":false},"author":478,"featured_media":0,"parent":857,"menu_order":0,"comment_status":"closed","ping_status":"closed","template":"","meta":{"inspiro_hide_title":false,"footnotes":""},"class_list":["post-843","page","type-page","status-publish","hentry"],"_links":{"self":[{"href":"https:\/\/site.ac-martinique.fr\/lyc-fanon\/index.php?rest_route=\/wp\/v2\/pages\/843","targetHints":{"allow":["GET"]}}],"collection":[{"href":"https:\/\/site.ac-martinique.fr\/lyc-fanon\/index.php?rest_route=\/wp\/v2\/pages"}],"about":[{"href":"https:\/\/site.ac-martinique.fr\/lyc-fanon\/index.php?rest_route=\/wp\/v2\/types\/page"}],"author":[{"embeddable":true,"href":"https:\/\/site.ac-martinique.fr\/lyc-fanon\/index.php?rest_route=\/wp\/v2\/users\/478"}],"replies":[{"embeddable":true,"href":"https:\/\/site.ac-martinique.fr\/lyc-fanon\/index.php?rest_route=%2Fwp%2Fv2%2Fcomments&post=843"}],"version-history":[{"count":7,"href":"https:\/\/site.ac-martinique.fr\/lyc-fanon\/index.php?rest_route=\/wp\/v2\/pages\/843\/revisions"}],"predecessor-version":[{"id":914,"href":"https:\/\/site.ac-martinique.fr\/lyc-fanon\/index.php?rest_route=\/wp\/v2\/pages\/843\/revisions\/914"}],"up":[{"embeddable":true,"href":"https:\/\/site.ac-martinique.fr\/lyc-fanon\/index.php?rest_route=\/wp\/v2\/pages\/857"}],"wp:attachment":[{"href":"https:\/\/site.ac-martinique.fr\/lyc-fanon\/index.php?rest_route=%2Fwp%2Fv2%2Fmedia&parent=843"}],"curies":[{"name":"wp","href":"https:\/\/api.w.org\/{rel}","templated":true}]}}