{"id":849,"date":"2024-02-03T11:17:13","date_gmt":"2024-02-03T15:17:13","guid":{"rendered":"https:\/\/site.ac-martinique.fr\/lyc-fanon\/?page_id=849"},"modified":"2024-02-03T11:56:21","modified_gmt":"2024-02-03T15:56:21","slug":"erasmus","status":"publish","type":"page","link":"https:\/\/site.ac-martinique.fr\/lyc-fanon\/?page_id=849","title":{"rendered":"Erasmus+"},"content":{"rendered":"\n<p>Le programme<strong> Erasmus+<\/strong> vise \u00e0 donner aux \u00e9tudiants, aux stagiaires, au personnel et d&rsquo;une mani\u00e8re g\u00e9n\u00e9rale aux citoyens avec ou sans dipl\u00f4me, la possibilit\u00e9 de s\u00e9journer \u00e0 l\u2019\u00e9tranger pour renforcer leurs comp\u00e9tences et accro\u00eetre leur employabilit\u00e9.<\/p>\n\n\n\n<p>Il aide les organisations \u00e0 travailler dans le cadre de partenariats internationaux et \u00e0 partager les pratiques innovantes dans les domaines de l\u2019\u00e9ducation, de la formation et de la jeunesse.<strong> Erasmus+<\/strong> comporte \u00e9galement une importante dimension internationale. Cette dimension permet d&rsquo;ouvrir le programme \u00e0 des activit\u00e9s de coop\u00e9ration institutionnelle, de mobilit\u00e9 des jeunes et du personnel et ce, au niveau mondial.\u00a0<\/p>\n\n\n\n<div data-wp-interactive=\"core\/file\" class=\"wp-block-file\"><object data-wp-bind--hidden=\"!state.hasPdfPreview\" hidden class=\"wp-block-file__embed\" data=\"https:\/\/site.ac-martinique.fr\/lyc-fanon\/wp-content\/uploads\/sites\/138\/2024\/02\/Erasmus.pdf\" type=\"application\/pdf\" style=\"width:100%;height:600px\" aria-label=\"Contenu embarqu\u00e9 Erasmus+.\"><\/object><a id=\"wp-block-file--media-7e8ea4a5-30b1-45e3-9b8e-13a12da8cf27\" href=\"https:\/\/site.ac-martinique.fr\/lyc-fanon\/wp-content\/uploads\/sites\/138\/2024\/02\/Erasmus.pdf\">Erasmus+<\/a><a href=\"https:\/\/site.ac-martinique.fr\/lyc-fanon\/wp-content\/uploads\/sites\/138\/2024\/02\/Erasmus.pdf\" class=\"wp-block-file__button wp-element-button\" download aria-describedby=\"wp-block-file--media-7e8ea4a5-30b1-45e3-9b8e-13a12da8cf27\">T\u00e9l\u00e9charger<\/a><\/div>\n","protected":false},"excerpt":{"rendered":"<p>Le programme Erasmus+ vise \u00e0 donner aux \u00e9tudiants, aux stagiaires, au personnel et d&rsquo;une mani\u00e8re g\u00e9n\u00e9rale aux citoyens avec ou sans dipl\u00f4me, la possibilit\u00e9 de s\u00e9journer \u00e0 l\u2019\u00e9tranger pour renforcer leurs comp\u00e9tences et accro\u00eetre leur employabilit\u00e9. Il aide les organisations \u00e0 travailler dans le cadre de partenariats internationaux et \u00e0 partager les pratiques innovantes dans &hellip; <\/p>\n<p class=\"link-more\"><a href=\"https:\/\/site.ac-martinique.fr\/lyc-fanon\/?page_id=849\" class=\"more-link\">Lire la suite de<span class=\"screen-reader-text\">\u00ab\u00a0Erasmus+\u00a0\u00bb<\/span><\/a><\/p>\n","protected":false},"author":478,"featured_media":0,"parent":857,"menu_order":0,"comment_status":"closed","ping_status":"closed","template":"","meta":{"inspiro_hide_title":false,"footnotes":""},"class_list":["post-849","page","type-page","status-publish","hentry"],"_links":{"self":[{"href":"https:\/\/site.ac-martinique.fr\/lyc-fanon\/index.php?rest_route=\/wp\/v2\/pages\/849","targetHints":{"allow":["GET"]}}],"collection":[{"href":"https:\/\/site.ac-martinique.fr\/lyc-fanon\/index.php?rest_route=\/wp\/v2\/pages"}],"about":[{"href":"https:\/\/site.ac-martinique.fr\/lyc-fanon\/index.php?rest_route=\/wp\/v2\/types\/page"}],"author":[{"embeddable":true,"href":"https:\/\/site.ac-martinique.fr\/lyc-fanon\/index.php?rest_route=\/wp\/v2\/users\/478"}],"replies":[{"embeddable":true,"href":"https:\/\/site.ac-martinique.fr\/lyc-fanon\/index.php?rest_route=%2Fwp%2Fv2%2Fcomments&post=849"}],"version-history":[{"count":3,"href":"https:\/\/site.ac-martinique.fr\/lyc-fanon\/index.php?rest_route=\/wp\/v2\/pages\/849\/revisions"}],"predecessor-version":[{"id":890,"href":"https:\/\/site.ac-martinique.fr\/lyc-fanon\/index.php?rest_route=\/wp\/v2\/pages\/849\/revisions\/890"}],"up":[{"embeddable":true,"href":"https:\/\/site.ac-martinique.fr\/lyc-fanon\/index.php?rest_route=\/wp\/v2\/pages\/857"}],"wp:attachment":[{"href":"https:\/\/site.ac-martinique.fr\/lyc-fanon\/index.php?rest_route=%2Fwp%2Fv2%2Fmedia&parent=849"}],"curies":[{"name":"wp","href":"https:\/\/api.w.org\/{rel}","templated":true}]}}