{"id":113,"date":"2014-05-05T10:31:31","date_gmt":"2014-05-05T13:31:31","guid":{"rendered":"\/lyc-chateauboeuf\/?page_id=113"},"modified":"2025-11-28T16:57:58","modified_gmt":"2025-11-28T20:57:58","slug":"vie-scolaire","status":"publish","type":"page","link":"https:\/\/site.ac-martinique.fr\/lyc-jeannecatayee\/?page_id=113","title":{"rendered":"LA VIE SCOLAIRE"},"content":{"rendered":"\n<p class=\"has-medium-font-size\"><strong>La Vie scolaire<\/strong> <strong>occupe une place essentielle dans le fonctionnement quotidien de l&rsquo;\u00e9tablissement.<\/strong> <\/p>\n\n\n\n<p class=\"has-medium-font-size\">Elle accompagne les \u00e9l\u00e8ves tout au long de leur parcours, en assurant un cadre propice \u00e0 la r\u00e9ussite, au respect du r\u00e8glement int\u00e9rieur, \u00e0 l&rsquo;\u00e9coute et au bien-\u00eatre.<\/p>\n\n\n\n<p>L&rsquo;\u00e9quipe de la Vie Scolaire est compos\u00e9 de <strong>deux Conseillers Principaux d&rsquo;\u00c9ducation<\/strong>.<\/p>\n\n\n\n<figure class=\"wp-block-image size-full\"><a href=\"https:\/\/site.ac-martinique.fr\/lyc-jeannecatayee\/wp-content\/uploads\/sites\/34\/2025\/11\/viesco1.png\"><img loading=\"lazy\" decoding=\"async\" width=\"858\" height=\"606\" src=\"https:\/\/site.ac-martinique.fr\/lyc-jeannecatayee\/wp-content\/uploads\/sites\/34\/2025\/11\/viesco1.png\" alt=\"\" class=\"wp-image-2508\" srcset=\"https:\/\/site.ac-martinique.fr\/lyc-jeannecatayee\/wp-content\/uploads\/sites\/34\/2025\/11\/viesco1.png 858w, https:\/\/site.ac-martinique.fr\/lyc-jeannecatayee\/wp-content\/uploads\/sites\/34\/2025\/11\/viesco1-300x212.png 300w, https:\/\/site.ac-martinique.fr\/lyc-jeannecatayee\/wp-content\/uploads\/sites\/34\/2025\/11\/viesco1-768x542.png 768w\" sizes=\"auto, (max-width: 767px) 89vw, (max-width: 1000px) 54vw, (max-width: 1071px) 543px, 580px\" \/><\/a><\/figure>\n\n\n\n<p><\/p>\n\n\n\n<p>Elle est compos\u00e9 aussi <strong>d&rsquo;Assistants d&rsquo;\u00c9ducation<\/strong> ayant des classes \u00e0 responsabilit\u00e9s qui jouent un r\u00f4le cl\u00e9 dans la lutte contre le d\u00e9crochage scolaire. Par leur pr\u00e9sence quotidienne, leur \u00e9coute et leur proximit\u00e9 avec les \u00e9l\u00e8ves, ils rep\u00e8rent les signes de rupture et contribuent activement au maintien du lien avec l\u2019\u00e9cole.<\/p>\n\n\n\n<figure class=\"wp-block-image size-full\"><a href=\"https:\/\/site.ac-martinique.fr\/lyc-jeannecatayee\/wp-content\/uploads\/sites\/34\/2025\/11\/viesco2.png\"><img loading=\"lazy\" decoding=\"async\" width=\"863\" height=\"616\" src=\"https:\/\/site.ac-martinique.fr\/lyc-jeannecatayee\/wp-content\/uploads\/sites\/34\/2025\/11\/viesco2.png\" alt=\"\" class=\"wp-image-2509\" srcset=\"https:\/\/site.ac-martinique.fr\/lyc-jeannecatayee\/wp-content\/uploads\/sites\/34\/2025\/11\/viesco2.png 863w, https:\/\/site.ac-martinique.fr\/lyc-jeannecatayee\/wp-content\/uploads\/sites\/34\/2025\/11\/viesco2-300x214.png 300w, https:\/\/site.ac-martinique.fr\/lyc-jeannecatayee\/wp-content\/uploads\/sites\/34\/2025\/11\/viesco2-768x548.png 768w\" sizes=\"auto, (max-width: 767px) 89vw, (max-width: 1000px) 54vw, (max-width: 1071px) 543px, 580px\" \/><\/a><\/figure>\n\n\n\n<figure class=\"wp-block-image size-full\"><a href=\"https:\/\/site.ac-martinique.fr\/lyc-jeannecatayee\/wp-content\/uploads\/sites\/34\/2025\/11\/viesco3.png\"><img loading=\"lazy\" decoding=\"async\" width=\"864\" height=\"616\" src=\"https:\/\/site.ac-martinique.fr\/lyc-jeannecatayee\/wp-content\/uploads\/sites\/34\/2025\/11\/viesco3.png\" alt=\"\" class=\"wp-image-2510\" srcset=\"https:\/\/site.ac-martinique.fr\/lyc-jeannecatayee\/wp-content\/uploads\/sites\/34\/2025\/11\/viesco3.png 864w, https:\/\/site.ac-martinique.fr\/lyc-jeannecatayee\/wp-content\/uploads\/sites\/34\/2025\/11\/viesco3-300x214.png 300w, https:\/\/site.ac-martinique.fr\/lyc-jeannecatayee\/wp-content\/uploads\/sites\/34\/2025\/11\/viesco3-768x548.png 768w\" sizes=\"auto, (max-width: 767px) 89vw, (max-width: 1000px) 54vw, (max-width: 1071px) 543px, 580px\" \/><\/a><\/figure>\n\n\n\n<p><\/p>\n\n\n\n<p><strong>Et d&rsquo; Assistant<\/strong>s <strong>d&rsquo;\u00c9ducation Tice (informaticien)<\/strong>. <\/p>\n\n\n\n<figure class=\"wp-block-image size-full\"><a href=\"https:\/\/site.ac-martinique.fr\/lyc-jeannecatayee\/wp-content\/uploads\/sites\/34\/2025\/11\/VIESCO45.png\"><img loading=\"lazy\" decoding=\"async\" width=\"861\" height=\"610\" src=\"https:\/\/site.ac-martinique.fr\/lyc-jeannecatayee\/wp-content\/uploads\/sites\/34\/2025\/11\/VIESCO45.png\" alt=\"\" class=\"wp-image-2513\" srcset=\"https:\/\/site.ac-martinique.fr\/lyc-jeannecatayee\/wp-content\/uploads\/sites\/34\/2025\/11\/VIESCO45.png 861w, https:\/\/site.ac-martinique.fr\/lyc-jeannecatayee\/wp-content\/uploads\/sites\/34\/2025\/11\/VIESCO45-300x213.png 300w, https:\/\/site.ac-martinique.fr\/lyc-jeannecatayee\/wp-content\/uploads\/sites\/34\/2025\/11\/VIESCO45-768x544.png 768w\" sizes=\"auto, (max-width: 767px) 89vw, (max-width: 1000px) 54vw, (max-width: 1071px) 543px, 580px\" \/><\/a><\/figure>\n\n\n\n<p>La Vie Scolaire est aussi un espace o\u00f9 les \u00e9l\u00e8ves peuvent venir parler, demander conseil, ou signaler une difficult\u00e9. Elle joue un r\u00f4le de <strong>m\u00e9diation<\/strong> et contribue au <strong>climat scolaire<\/strong> serein et bienveillant.<\/p>\n\n\n\n<p>Les CPE et assistants d&rsquo;\u00e9ducation contribuent \u00e0 forger chez les \u00e9l\u00e8ves les comp\u00e9tences transversales et les attitudes attendues en milieu professionnel: <strong>respect des r\u00e8gles<\/strong>, <strong>autonomie<\/strong>, <strong>rigueur<\/strong>, <strong>communication<\/strong> et <strong>engagement personnel<\/strong>.<\/p>\n\n\n\n<p><\/p>\n","protected":false},"excerpt":{"rendered":"<p>La Vie scolaire occupe une place essentielle dans le fonctionnement quotidien de l&rsquo;\u00e9tablissement. Elle accompagne les \u00e9l\u00e8ves tout au long &hellip; <\/p>\n<p class=\"link-more\"><a href=\"https:\/\/site.ac-martinique.fr\/lyc-jeannecatayee\/?page_id=113\" class=\"more-link\">Lire la suite&#8230;<span class=\"screen-reader-text\"> \u00ab\u00a0LA VIE SCOLAIRE\u00a0\u00bb<\/span><\/a><\/p>\n","protected":false},"author":93,"featured_media":0,"parent":0,"menu_order":0,"comment_status":"closed","ping_status":"closed","template":"","meta":{"footnotes":""},"class_list":["post-113","page","type-page","status-publish","hentry"],"publishpress_future_action":{"enabled":false,"date":"2026-04-24 00:25:21","action":"change-status","newStatus":"draft","terms":[],"taxonomy":"","extraData":[]},"publishpress_future_workflow_manual_trigger":{"enabledWorkflows":[]},"_links":{"self":[{"href":"https:\/\/site.ac-martinique.fr\/lyc-jeannecatayee\/index.php?rest_route=\/wp\/v2\/pages\/113","targetHints":{"allow":["GET"]}}],"collection":[{"href":"https:\/\/site.ac-martinique.fr\/lyc-jeannecatayee\/index.php?rest_route=\/wp\/v2\/pages"}],"about":[{"href":"https:\/\/site.ac-martinique.fr\/lyc-jeannecatayee\/index.php?rest_route=\/wp\/v2\/types\/page"}],"author":[{"embeddable":true,"href":"https:\/\/site.ac-martinique.fr\/lyc-jeannecatayee\/index.php?rest_route=\/wp\/v2\/users\/93"}],"replies":[{"embeddable":true,"href":"https:\/\/site.ac-martinique.fr\/lyc-jeannecatayee\/index.php?rest_route=%2Fwp%2Fv2%2Fcomments&post=113"}],"version-history":[{"count":9,"href":"https:\/\/site.ac-martinique.fr\/lyc-jeannecatayee\/index.php?rest_route=\/wp\/v2\/pages\/113\/revisions"}],"predecessor-version":[{"id":2517,"href":"https:\/\/site.ac-martinique.fr\/lyc-jeannecatayee\/index.php?rest_route=\/wp\/v2\/pages\/113\/revisions\/2517"}],"wp:attachment":[{"href":"https:\/\/site.ac-martinique.fr\/lyc-jeannecatayee\/index.php?rest_route=%2Fwp%2Fv2%2Fmedia&parent=113"}],"curies":[{"name":"wp","href":"https:\/\/api.w.org\/{rel}","templated":true}]}}