{"id":1155,"date":"2021-10-11T21:12:00","date_gmt":"2021-10-12T01:12:00","guid":{"rendered":"https:\/\/site.ac-martinique.fr\/lyc-chateauboeuf\/?page_id=1155"},"modified":"2021-10-11T21:17:23","modified_gmt":"2021-10-12T01:17:23","slug":"fcpe","status":"publish","type":"page","link":"https:\/\/site.ac-martinique.fr\/lyc-jeannecatayee\/?page_id=1155","title":{"rendered":"FCPE"},"content":{"rendered":"\n<p><strong>La FCPE est la premi\u00e8re f\u00e9d\u00e9ration de parents d&rsquo;\u00e9l\u00e8ves. Elle est pr\u00e9sente dans la plupart des \u00e9tablissements<br>o\u00f9 elle participe \u00e0 la vie scolaire pour d\u00e9fendre l&rsquo;int\u00e9r\u00eat des enfants et repr\u00e9senter les parents. La FCPE est<br>une force de proposition et d&rsquo;action qui est le fruit de l\u2019engagement b\u00e9n\u00e9vole de nombreux parents.<\/strong><br><\/p>\n\n\n\n<p><strong>La FCPE sur le plan national compte aujourd&rsquo;hui :<\/strong><br>&#8211; 280 000 adh\u00e9rents,<br>&#8211; 50 448 parents d&rsquo;\u00e9l\u00e8ves \u00e9lus aux conseils d&rsquo;\u00e9cole et aux conseils d&rsquo;administration,<br>&#8211; 6 000 conseils locaux<br>&#8211; 102 associations d\u00e9partementales et extra-m\u00e9tropolitaines et des repr\u00e9sentants dans les \u00e9tablissements fran\u00e7ais \u00e0 l&rsquo;\u00e9tranger.<\/p>\n\n\n\n<p><br><strong>Fond\u00e9e en 1947<\/strong>, la F\u00e9d\u00e9ration des Conseils de Parents d&rsquo;\u00c9l\u00e8ves est reconnue d&rsquo;utilit\u00e9 publique d\u00e8s 1951 et agr\u00e9\u00e9e<br>mouvement d&rsquo;\u00e9ducation populaire en 1982. Au total, 1 600 000 familles ont vot\u00e9 pour la FCPE aux derni\u00e8res<br>\u00e9lections.<br><\/p>\n\n\n\n<p><strong>Le premier Conseil de Parents d&rsquo;\u00c9l\u00e8ves en Martinique a \u00e9t\u00e9 cr\u00e9\u00e9 en 1947 sous l&rsquo;impulsion de Monsieur SAE et la premi\u00e8re F\u00e9d\u00e9ration des Conseils de Parents d&rsquo;\u00c9l\u00e8ves a pris naissance en 1951 sous la pr\u00e9sidence d&rsquo;Henri P<\/strong>OPINCOURT, le premier Pr\u00e9sident D\u00e9partemental de la Martinique.<br><\/p>\n\n\n\n<p><strong>Le r\u00f4le<\/strong> de la FCPE consiste \u00e0 cr\u00e9er un lien entre les parents d\u2019\u00e9l\u00e8ves, \u00e0 r\u00e9fl\u00e9chir, \u00e0 \u00e9mettre des propositions et \u00e0<br>intervenir sur tout ce qui concerne la vie de l&rsquo;\u00e9cole et l&rsquo;int\u00e9r\u00eat des enfants. Le syst\u00e8me \u00e9ducatif doit se concevoir<br>comme une pr\u00e9occupation collective.<br><\/p>\n\n\n\n<p><strong>La FCPE milite pour :<\/strong><\/p>\n\n\n\n<ul class=\"wp-block-list\"><li>que l&rsquo;\u00e9cole publique soit une priorit\u00e9 des pouvoirs publics,<\/li><li>que l&rsquo;\u00c9cole conduise tous les jeunes vers la r\u00e9ussite personnelle, professionnelle, sociale,<\/li><li>que les parents soient respect\u00e9s, consult\u00e9s et entendus ;<\/li><li>qu&rsquo;ils soient consid\u00e9r\u00e9s r\u00e9ellement comme des co-\u00e9ducateurs responsables.<\/li><\/ul>\n\n\n\n<p><\/p>\n\n\n\n<p>La FCPE fonde son action sur les valeurs r\u00e9publicaines de libert\u00e9, solidarit\u00e9, la\u00efcit\u00e9, \u00e9galit\u00e9 en particulier \u00e9galit\u00e9 d&rsquo;acc\u00e8s \u00e0 l&rsquo;\u00c9ducation et \u00e0 la culture.<\/p>\n\n\n\n<p><br><strong>La FCPE vous repr\u00e9sente et vous d\u00e9fend, notamment dans votre r\u00f4le de parent d\u00e9l\u00e9gu\u00e9. Elle vous aide aussi dans la pr\u00e9sentation des candidatures aux \u00e9lections des repr\u00e9sentants des parents d\u2019\u00e9l\u00e8ves.<\/strong><\/p>\n\n\n\n<p><br>Vid\u00e9o des 70 ans de la FCPE en Martinique : <a href=\"https:\/\/m.youtube.com\/watch?v=-1tvp_gHpg8\" target=\"_blank\" rel=\"noreferrer noopener\">https:\/\/m.youtube.com\/watch?v=-1tvp_gHpg8<\/a><br><\/p>\n\n\n\n<p class=\"has-text-align-center\"><strong>Venez rejoindre nos rangs<\/strong><\/p>\n\n\n\n<p class=\"has-text-align-center\"><br><strong>CDPE-FCPE de MARTINIQUE<\/strong><br>Conseil D\u00e9partemental des Parents d\u2019\u00c9l\u00e8ves FCPE<br>Groupe Archipel &#8211; B\u00e2t Rose 3<br>Rue Victor Lamon &#8211; Sainte-Th\u00e9r\u00e8se<br>97200 FORT-DE-FRANCE<br>T\u00e9l. 0596.60.61.63 | cdpe972@fcpe-martinique.fr<br>https:\/\/972.fcpe.asso.fr<\/p>\n\n\n\n<p class=\"has-text-align-center\"><br><strong>LPR DE CHATEAUBOEUF<\/strong><br>CONTACT : lp-chateauboeuf@fcpe-martinique.fr<br>https:\/\/www.fcpe-adhesion.fr\/972\/adhesion<\/p>\n\n\n\n<p class=\"has-text-align-center\"><br><em>\u00ab\u00a0L&rsquo;enseignement est pour la pens\u00e9e ce que l&rsquo;aliment est pour le corps\u00a0\u00bb<\/em><\/p>\n\n\n\n<p><\/p>\n\n\n\n<p>Informations compl\u00e9mentaires \u00e0 t\u00e9l\u00e9charger au format pdf : <\/p>\n\n\n\n<ul class=\"wp-block-list\"><li>Soutien Scolaire :<a href=\"https:\/\/site.ac-martinique.fr\/lyc-chateauboeuf\/wp-content\/uploads\/sites\/34\/2021\/10\/Presentation-de-La-FCPE-Soutien-scolaire.pdf\" target=\"_blank\" rel=\"noreferrer noopener\"> https:\/\/site.ac-martinique.fr\/lyc-chateauboeuf\/wp-content\/uploads\/sites\/34\/2021\/10\/Presentation-de-La-FCPE-Soutien-scolaire.pdf<\/a><\/li><\/ul>\n\n\n\n<ul class=\"wp-block-list\"><li>\u00c9lection des repr\u00e9sentant des parents : <a rel=\"noreferrer noopener\" href=\"https:\/\/site.ac-martinique.fr\/lyc-chateauboeuf\/wp-content\/uploads\/sites\/34\/2021\/10\/Profession-de-foi-2021-V2.pdf\" target=\"_blank\">https:\/\/site.ac-martinique.fr\/lyc-chateauboeuf\/wp-content\/uploads\/sites\/34\/2021\/10\/Profession-de-foi-2021-V2.pdf<\/a><\/li><\/ul>\n\n\n\n<ul class=\"wp-block-list\"><li>Adh\u00e9sion : <a rel=\"noreferrer noopener\" href=\"https:\/\/site.ac-martinique.fr\/lyc-chateauboeuf\/wp-content\/uploads\/sites\/34\/2021\/10\/TRACT_adhesion_formulaire.pdf\" target=\"_blank\">https:\/\/site.ac-martinique.fr\/lyc-chateauboeuf\/wp-content\/uploads\/sites\/34\/2021\/10\/TRACT_adhesion_formulaire.pdf<\/a><\/li><\/ul>\n\n\n\n<ul class=\"wp-block-list\"><li>Affiche Martinique : <a rel=\"noreferrer noopener\" href=\"https:\/\/site.ac-martinique.fr\/lyc-chateauboeuf\/wp-content\/uploads\/sites\/34\/2021\/10\/AFFICHE_VERTE_Mart.pdf\" target=\"_blank\">https:\/\/site.ac-martinique.fr\/lyc-chateauboeuf\/wp-content\/uploads\/sites\/34\/2021\/10\/AFFICHE_VERTE_Mart.pdf<\/a><\/li><\/ul>\n\n\n\n<p><\/p>\n","protected":false},"excerpt":{"rendered":"<p>La FCPE est la premi\u00e8re f\u00e9d\u00e9ration de parents d&rsquo;\u00e9l\u00e8ves. Elle est pr\u00e9sente dans la plupart des \u00e9tablissementso\u00f9 elle participe \u00e0 &hellip; <\/p>\n<p class=\"link-more\"><a href=\"https:\/\/site.ac-martinique.fr\/lyc-jeannecatayee\/?page_id=1155\" class=\"more-link\">Lire la suite&#8230;<span class=\"screen-reader-text\"> \u00ab\u00a0FCPE\u00a0\u00bb<\/span><\/a><\/p>\n","protected":false},"author":93,"featured_media":0,"parent":0,"menu_order":0,"comment_status":"closed","ping_status":"closed","template":"","meta":{"footnotes":""},"class_list":["post-1155","page","type-page","status-publish","hentry"],"publishpress_future_action":{"enabled":false,"date":"2026-04-24 00:26:15","action":"change-status","newStatus":"draft","terms":[],"taxonomy":"","extraData":[]},"publishpress_future_workflow_manual_trigger":{"enabledWorkflows":[]},"_links":{"self":[{"href":"https:\/\/site.ac-martinique.fr\/lyc-jeannecatayee\/index.php?rest_route=\/wp\/v2\/pages\/1155","targetHints":{"allow":["GET"]}}],"collection":[{"href":"https:\/\/site.ac-martinique.fr\/lyc-jeannecatayee\/index.php?rest_route=\/wp\/v2\/pages"}],"about":[{"href":"https:\/\/site.ac-martinique.fr\/lyc-jeannecatayee\/index.php?rest_route=\/wp\/v2\/types\/page"}],"author":[{"embeddable":true,"href":"https:\/\/site.ac-martinique.fr\/lyc-jeannecatayee\/index.php?rest_route=\/wp\/v2\/users\/93"}],"replies":[{"embeddable":true,"href":"https:\/\/site.ac-martinique.fr\/lyc-jeannecatayee\/index.php?rest_route=%2Fwp%2Fv2%2Fcomments&post=1155"}],"version-history":[{"count":8,"href":"https:\/\/site.ac-martinique.fr\/lyc-jeannecatayee\/index.php?rest_route=\/wp\/v2\/pages\/1155\/revisions"}],"predecessor-version":[{"id":1171,"href":"https:\/\/site.ac-martinique.fr\/lyc-jeannecatayee\/index.php?rest_route=\/wp\/v2\/pages\/1155\/revisions\/1171"}],"wp:attachment":[{"href":"https:\/\/site.ac-martinique.fr\/lyc-jeannecatayee\/index.php?rest_route=%2Fwp%2Fv2%2Fmedia&parent=1155"}],"curies":[{"name":"wp","href":"https:\/\/api.w.org\/{rel}","templated":true}]}}