{"id":117,"date":"2014-05-05T10:33:08","date_gmt":"2014-05-05T13:33:08","guid":{"rendered":"\/lyc-chateauboeuf\/?page_id=117"},"modified":"2021-10-15T16:04:28","modified_gmt":"2021-10-15T20:04:28","slug":"c-d-i","status":"publish","type":"page","link":"https:\/\/site.ac-martinique.fr\/lyc-jeannecatayee\/?page_id=117","title":{"rendered":"C.D.I"},"content":{"rendered":"\n<p><strong>Pr\u00e9sentation du CDI<\/strong><\/p>\n\n\n\n<p>Le Centre de Documentation et d&rsquo;Information est un lieu ouvert \u00e0 tous\u00a0; les \u00e9l\u00e8ves et \u00e9tudiants, les enseignants de discipline et les personnels non enseignant.<\/p>\n\n\n\n<p>C\u2019est un espace de d\u00e9couverte, de travail et de lecture.<\/p>\n\n\n\n<p>Il est propice \u00e0 la co-intervention entre professeur documentaliste et professeurs de disciplines.<\/p>\n\n\n\n<p>Les horaires d\u2019ouverture du CDI<\/p>\n\n\n\n<p>Lundi : 7h30-11h30 \/ 12h-15h00<\/p>\n\n\n\n<p>Mardi : 7h30-11h30 \/ 12h-15h00<\/p>\n\n\n\n<p>Mercredi : 7h30 \u2013 11h30<\/p>\n\n\n\n<p>Jeudi : 7h30-11h30 \/ 12h-15h00<\/p>\n\n\n\n<p>Vendredi : 7h30 \u2013 11h30<\/p>\n\n\n\n<p><\/p>\n\n\n\n<p><strong>Le portail documentaire du CDI<\/strong><\/p>\n\n\n\n<p>E-Sidoc est un site web qui permet de consulter le catalogue du CDI, voir les livres ou magazines nouvellement re\u00e7us et d\u2019effectuer des recherches.<\/p>\n\n\n\n<p><strong>Le portail documentaire du CDI<\/strong><\/p>\n\n\n\n<p>E-Sidoc est un site web qui permet de consulter le catalogue du CDI, voir les livres ou magazines nouvellement re\u00e7us et d\u2019effectuer des recherches.<\/p>\n\n\n\n<figure class=\"wp-block-image size-full\"><a class=\" \" href=\"https:\/\/9720501m.esidoc.fr\/\" target=\"_blank\" rel=\"noopener\"><img loading=\"lazy\" decoding=\"async\" width=\"283\" height=\"150\" src=\"https:\/\/site.ac-martinique.fr\/lyc-chateauboeuf\/wp-content\/uploads\/sites\/34\/2021\/10\/Esidoc.png\" alt=\"\" class=\"wp-image-1208\" \/><\/a><\/figure>\n\n\n\n<p><\/p>\n\n\n\n<p>Les personnels du CDI qui vous accueillent<\/p>\n\n\n\n<p>Mme Joseph-Auguste Laurine, Professeur documentaliste<\/p>\n\n\n\n<p>0596 754050<\/p>\n\n\n\n<p>Laurine.Joseph-Auguste1@ac-martinique.fr<\/p>\n\n\n\n<p><\/p>\n\n\n\n<figure class=\"wp-block-image size-large is-resized\"><a href=\"https:\/\/site.ac-martinique.fr\/lyc-chateauboeuf\/wp-content\/uploads\/sites\/34\/2021\/10\/CDI.jpg\"><img loading=\"lazy\" decoding=\"async\" src=\"https:\/\/site.ac-martinique.fr\/lyc-chateauboeuf\/wp-content\/uploads\/sites\/34\/2021\/10\/CDI-1024x768.jpg\" alt=\"\" class=\"wp-image-1209\" width=\"383\" height=\"287\" srcset=\"https:\/\/site.ac-martinique.fr\/lyc-jeannecatayee\/wp-content\/uploads\/sites\/34\/2021\/10\/CDI-1024x768.jpg 1024w, https:\/\/site.ac-martinique.fr\/lyc-jeannecatayee\/wp-content\/uploads\/sites\/34\/2021\/10\/CDI-300x225.jpg 300w, https:\/\/site.ac-martinique.fr\/lyc-jeannecatayee\/wp-content\/uploads\/sites\/34\/2021\/10\/CDI-768x576.jpg 768w, https:\/\/site.ac-martinique.fr\/lyc-jeannecatayee\/wp-content\/uploads\/sites\/34\/2021\/10\/CDI-730x548.jpg 730w, https:\/\/site.ac-martinique.fr\/lyc-jeannecatayee\/wp-content\/uploads\/sites\/34\/2021\/10\/CDI.jpg 1089w\" sizes=\"auto, (max-width: 383px) 100vw, 383px\" \/><\/a><figcaption>Salle Principale<\/figcaption><\/figure>\n\n\n\n<figure class=\"wp-block-image size-large is-resized\"><a href=\"https:\/\/site.ac-martinique.fr\/lyc-chateauboeuf\/wp-content\/uploads\/sites\/34\/2021\/10\/CDI2.jpg\"><img loading=\"lazy\" decoding=\"async\" src=\"https:\/\/site.ac-martinique.fr\/lyc-chateauboeuf\/wp-content\/uploads\/sites\/34\/2021\/10\/CDI2-1024x767.jpg\" alt=\"\" class=\"wp-image-1210\" width=\"383\" height=\"287\" srcset=\"https:\/\/site.ac-martinique.fr\/lyc-jeannecatayee\/wp-content\/uploads\/sites\/34\/2021\/10\/CDI2-1024x767.jpg 1024w, https:\/\/site.ac-martinique.fr\/lyc-jeannecatayee\/wp-content\/uploads\/sites\/34\/2021\/10\/CDI2-300x225.jpg 300w, https:\/\/site.ac-martinique.fr\/lyc-jeannecatayee\/wp-content\/uploads\/sites\/34\/2021\/10\/CDI2-768x575.jpg 768w, https:\/\/site.ac-martinique.fr\/lyc-jeannecatayee\/wp-content\/uploads\/sites\/34\/2021\/10\/CDI2-730x547.jpg 730w, https:\/\/site.ac-martinique.fr\/lyc-jeannecatayee\/wp-content\/uploads\/sites\/34\/2021\/10\/CDI2.jpg 1053w\" sizes=\"auto, (max-width: 383px) 100vw, 383px\" \/><\/a><figcaption>Coin Lecture<\/figcaption><\/figure>\n\n\n\n<figure class=\"wp-block-image size-full is-resized\"><a href=\"https:\/\/site.ac-martinique.fr\/lyc-chateauboeuf\/wp-content\/uploads\/sites\/34\/2021\/10\/CDI3.jpg\"><img loading=\"lazy\" decoding=\"async\" src=\"https:\/\/site.ac-martinique.fr\/lyc-chateauboeuf\/wp-content\/uploads\/sites\/34\/2021\/10\/CDI3.jpg\" alt=\"\" class=\"wp-image-1211\" width=\"393\" height=\"295\" srcset=\"https:\/\/site.ac-martinique.fr\/lyc-jeannecatayee\/wp-content\/uploads\/sites\/34\/2021\/10\/CDI3.jpg 954w, https:\/\/site.ac-martinique.fr\/lyc-jeannecatayee\/wp-content\/uploads\/sites\/34\/2021\/10\/CDI3-300x225.jpg 300w, https:\/\/site.ac-martinique.fr\/lyc-jeannecatayee\/wp-content\/uploads\/sites\/34\/2021\/10\/CDI3-768x576.jpg 768w, https:\/\/site.ac-martinique.fr\/lyc-jeannecatayee\/wp-content\/uploads\/sites\/34\/2021\/10\/CDI3-730x548.jpg 730w\" sizes=\"auto, (max-width: 393px) 100vw, 393px\" \/><\/a><figcaption>Espace Orientation<\/figcaption><\/figure>\n\n\n\n<p><\/p>\n","protected":false},"excerpt":{"rendered":"<p>Pr\u00e9sentation du CDI Le Centre de Documentation et d&rsquo;Information est un lieu ouvert \u00e0 tous\u00a0; les \u00e9l\u00e8ves et \u00e9tudiants, les &hellip; <\/p>\n<p class=\"link-more\"><a href=\"https:\/\/site.ac-martinique.fr\/lyc-jeannecatayee\/?page_id=117\" class=\"more-link\">Lire la suite&#8230;<span class=\"screen-reader-text\"> \u00ab\u00a0C.D.I\u00a0\u00bb<\/span><\/a><\/p>\n","protected":false},"author":93,"featured_media":0,"parent":0,"menu_order":0,"comment_status":"closed","ping_status":"open","template":"","meta":{"footnotes":""},"class_list":["post-117","page","type-page","status-publish","hentry"],"publishpress_future_action":{"enabled":false,"date":"2026-04-24 00:25:51","action":"change-status","newStatus":"draft","terms":[],"taxonomy":"","extraData":[]},"publishpress_future_workflow_manual_trigger":{"enabledWorkflows":[]},"_links":{"self":[{"href":"https:\/\/site.ac-martinique.fr\/lyc-jeannecatayee\/index.php?rest_route=\/wp\/v2\/pages\/117","targetHints":{"allow":["GET"]}}],"collection":[{"href":"https:\/\/site.ac-martinique.fr\/lyc-jeannecatayee\/index.php?rest_route=\/wp\/v2\/pages"}],"about":[{"href":"https:\/\/site.ac-martinique.fr\/lyc-jeannecatayee\/index.php?rest_route=\/wp\/v2\/types\/page"}],"author":[{"embeddable":true,"href":"https:\/\/site.ac-martinique.fr\/lyc-jeannecatayee\/index.php?rest_route=\/wp\/v2\/users\/93"}],"replies":[{"embeddable":true,"href":"https:\/\/site.ac-martinique.fr\/lyc-jeannecatayee\/index.php?rest_route=%2Fwp%2Fv2%2Fcomments&post=117"}],"version-history":[{"count":20,"href":"https:\/\/site.ac-martinique.fr\/lyc-jeannecatayee\/index.php?rest_route=\/wp\/v2\/pages\/117\/revisions"}],"predecessor-version":[{"id":1212,"href":"https:\/\/site.ac-martinique.fr\/lyc-jeannecatayee\/index.php?rest_route=\/wp\/v2\/pages\/117\/revisions\/1212"}],"wp:attachment":[{"href":"https:\/\/site.ac-martinique.fr\/lyc-jeannecatayee\/index.php?rest_route=%2Fwp%2Fv2%2Fmedia&parent=117"}],"curies":[{"name":"wp","href":"https:\/\/api.w.org\/{rel}","templated":true}]}}