{"id":1331,"date":"2022-06-03T12:20:13","date_gmt":"2022-06-03T16:20:13","guid":{"rendered":"https:\/\/site.ac-martinique.fr\/lyc-chateauboeuf\/?page_id=1331"},"modified":"2025-11-07T15:02:49","modified_gmt":"2025-11-07T19:02:49","slug":"mdl-cvl","status":"publish","type":"page","link":"https:\/\/site.ac-martinique.fr\/lyc-jeannecatayee\/?page_id=1331","title":{"rendered":"L&rsquo;\u00c9QUIPE DE LA MDL"},"content":{"rendered":"\n<p>L&rsquo;\u00e9quipe de la Maison Des Lyc\u00e9ens, les membres \u00e9lus animent quotidiennement la vie associative du lyc\u00e9e et repr\u00e9sentent l&rsquo;ensemble des \u00e9l\u00e8ves.<\/p>\n\n\n\n<p>La MDL Valorise l&rsquo;engagement des \u00e9l\u00e8ves, Encourager la participation active et Cr\u00e9e une communaut\u00e9 solidaire au sein de notre \u00e9tablissement.<\/p>\n\n\n\n<figure class=\"wp-block-gallery has-nested-images columns-default is-cropped wp-block-gallery-1 is-layout-flex wp-block-gallery-is-layout-flex\">\n<figure class=\"wp-block-image size-large\"><a href=\"https:\/\/site.ac-martinique.fr\/lyc-jeannecatayee\/wp-content\/uploads\/sites\/34\/2025\/11\/MLDL-2.png\"><img loading=\"lazy\" decoding=\"async\" width=\"1024\" height=\"768\" data-id=\"2292\" src=\"https:\/\/site.ac-martinique.fr\/lyc-jeannecatayee\/wp-content\/uploads\/sites\/34\/2025\/11\/MLDL-2.png\" alt=\"\" class=\"wp-image-2292\" srcset=\"https:\/\/site.ac-martinique.fr\/lyc-jeannecatayee\/wp-content\/uploads\/sites\/34\/2025\/11\/MLDL-2.png 1024w, https:\/\/site.ac-martinique.fr\/lyc-jeannecatayee\/wp-content\/uploads\/sites\/34\/2025\/11\/MLDL-2-300x225.png 300w, https:\/\/site.ac-martinique.fr\/lyc-jeannecatayee\/wp-content\/uploads\/sites\/34\/2025\/11\/MLDL-2-768x576.png 768w\" sizes=\"auto, (max-width: 767px) 89vw, (max-width: 1000px) 54vw, (max-width: 1071px) 543px, 580px\" \/><\/a><\/figure>\n<\/figure>\n\n\n\n<figure class=\"wp-block-gallery has-nested-images columns-default is-cropped wp-block-gallery-2 is-layout-flex wp-block-gallery-is-layout-flex\">\n<figure class=\"wp-block-image size-large\"><a href=\"https:\/\/site.ac-martinique.fr\/lyc-jeannecatayee\/wp-content\/uploads\/sites\/34\/2025\/11\/MLDL-1.png\"><img loading=\"lazy\" decoding=\"async\" width=\"1024\" height=\"768\" data-id=\"2289\" src=\"https:\/\/site.ac-martinique.fr\/lyc-jeannecatayee\/wp-content\/uploads\/sites\/34\/2025\/11\/MLDL-1.png\" alt=\"\" class=\"wp-image-2289\" srcset=\"https:\/\/site.ac-martinique.fr\/lyc-jeannecatayee\/wp-content\/uploads\/sites\/34\/2025\/11\/MLDL-1.png 1024w, https:\/\/site.ac-martinique.fr\/lyc-jeannecatayee\/wp-content\/uploads\/sites\/34\/2025\/11\/MLDL-1-300x225.png 300w, https:\/\/site.ac-martinique.fr\/lyc-jeannecatayee\/wp-content\/uploads\/sites\/34\/2025\/11\/MLDL-1-768x576.png 768w\" sizes=\"auto, (max-width: 767px) 89vw, (max-width: 1000px) 54vw, (max-width: 1071px) 543px, 580px\" \/><\/a><\/figure>\n<\/figure>\n\n\n\n<p><\/p>\n\n\n\n<p>Reste connect\u00e9, des actions se pr\u00e9parent!!<\/p>\n\n\n\n<p><\/p>\n","protected":false},"excerpt":{"rendered":"<p>L&rsquo;\u00e9quipe de la Maison Des Lyc\u00e9ens, les membres \u00e9lus animent quotidiennement la vie associative du lyc\u00e9e et repr\u00e9sentent l&rsquo;ensemble des &hellip; <\/p>\n<p class=\"link-more\"><a href=\"https:\/\/site.ac-martinique.fr\/lyc-jeannecatayee\/?page_id=1331\" class=\"more-link\">Lire la suite&#8230;<span class=\"screen-reader-text\"> \u00ab\u00a0L&rsquo;\u00c9QUIPE DE LA MDL\u00a0\u00bb<\/span><\/a><\/p>\n","protected":false},"author":349,"featured_media":0,"parent":0,"menu_order":0,"comment_status":"closed","ping_status":"closed","template":"","meta":{"footnotes":""},"class_list":["post-1331","page","type-page","status-publish","hentry"],"publishpress_future_action":{"enabled":false,"date":"2026-04-24 00:26:38","action":"change-status","newStatus":"draft","terms":[],"taxonomy":"","extraData":[]},"publishpress_future_workflow_manual_trigger":{"enabledWorkflows":[]},"_links":{"self":[{"href":"https:\/\/site.ac-martinique.fr\/lyc-jeannecatayee\/index.php?rest_route=\/wp\/v2\/pages\/1331","targetHints":{"allow":["GET"]}}],"collection":[{"href":"https:\/\/site.ac-martinique.fr\/lyc-jeannecatayee\/index.php?rest_route=\/wp\/v2\/pages"}],"about":[{"href":"https:\/\/site.ac-martinique.fr\/lyc-jeannecatayee\/index.php?rest_route=\/wp\/v2\/types\/page"}],"author":[{"embeddable":true,"href":"https:\/\/site.ac-martinique.fr\/lyc-jeannecatayee\/index.php?rest_route=\/wp\/v2\/users\/349"}],"replies":[{"embeddable":true,"href":"https:\/\/site.ac-martinique.fr\/lyc-jeannecatayee\/index.php?rest_route=%2Fwp%2Fv2%2Fcomments&post=1331"}],"version-history":[{"count":4,"href":"https:\/\/site.ac-martinique.fr\/lyc-jeannecatayee\/index.php?rest_route=\/wp\/v2\/pages\/1331\/revisions"}],"predecessor-version":[{"id":2294,"href":"https:\/\/site.ac-martinique.fr\/lyc-jeannecatayee\/index.php?rest_route=\/wp\/v2\/pages\/1331\/revisions\/2294"}],"wp:attachment":[{"href":"https:\/\/site.ac-martinique.fr\/lyc-jeannecatayee\/index.php?rest_route=%2Fwp%2Fv2%2Fmedia&parent=1331"}],"curies":[{"name":"wp","href":"https:\/\/api.w.org\/{rel}","templated":true}]}}