{"id":1335,"date":"2024-07-12T13:15:46","date_gmt":"2024-07-12T17:15:46","guid":{"rendered":"https:\/\/site.ac-martinique.fr\/lyc-chateauboeuf\/?page_id=1335"},"modified":"2024-07-12T13:15:47","modified_gmt":"2024-07-12T17:15:47","slug":"tenue-vestimentaire","status":"publish","type":"page","link":"https:\/\/site.ac-martinique.fr\/lyc-jeannecatayee\/?page_id=1335","title":{"rendered":"TENUE VESTIMENTAIRE"},"content":{"rendered":"\n<figure class=\"wp-block-image size-full is-resized is-style-rounded\"><a href=\"https:\/\/site.ac-martinique.fr\/lyc-chateauboeuf\/wp-content\/uploads\/sites\/34\/2024\/07\/Capture-decran-2024-07-12-123008-2.png\"><img loading=\"lazy\" decoding=\"async\" width=\"957\" height=\"361\" src=\"https:\/\/site.ac-martinique.fr\/lyc-chateauboeuf\/wp-content\/uploads\/sites\/34\/2024\/07\/Capture-decran-2024-07-12-123008-2.png\" alt=\"\" class=\"wp-image-1831\" style=\"width:700px;height:auto\" srcset=\"https:\/\/site.ac-martinique.fr\/lyc-jeannecatayee\/wp-content\/uploads\/sites\/34\/2024\/07\/Capture-decran-2024-07-12-123008-2.png 957w, https:\/\/site.ac-martinique.fr\/lyc-jeannecatayee\/wp-content\/uploads\/sites\/34\/2024\/07\/Capture-decran-2024-07-12-123008-2-300x113.png 300w, https:\/\/site.ac-martinique.fr\/lyc-jeannecatayee\/wp-content\/uploads\/sites\/34\/2024\/07\/Capture-decran-2024-07-12-123008-2-768x290.png 768w\" sizes=\"auto, (max-width: 767px) 89vw, (max-width: 1000px) 54vw, (max-width: 1071px) 543px, 580px\" \/><\/a><\/figure>\n\n\n\n<p><strong>Pour les lyc\u00e9ens<\/strong>  la tenue conforme comprend:<\/p>\n\n\n\n<p class=\"has-vivid-red-color has-text-color has-link-color has-medium-font-size wp-elements-e265a6836609dbe5a7ce44ca4237c992\">POLO DU LP CHATEAUBOEUF TOL\u00c9R\u00c9 CETTE ANN\u00c9E 2024-2025<\/p>\n\n\n\n<p>Polo uni marqu\u00e9 du logo LP Jeanne CATAY\u00c9E. Un choix de couleur est propos\u00e9: bleu turquoise, vert, jaune, orange et rose.<\/p>\n\n\n\n<p>Pantalon bleu forc\u00e9 ou noir <strong>maintenu \u00e0 la taille<\/strong> et sans effet de mode tel que d\u00e9lav\u00e9, effiloch\u00e9, r\u00e2p\u00e9,  trou\u00e9 d\u00e9chir\u00e9, LEGGING ET BAS DE JOGGING INTERDIT(S); ou jupe bleu forc\u00e9 ou noire unite (longueur du genoux).<\/p>\n\n\n\n<p>Une paire de chaussures ferm\u00e9e ou une paire de sandale \u00e0 bride. <\/p>\n\n\n\n<figure class=\"wp-block-gallery has-nested-images columns-default is-cropped wp-block-gallery-1 is-layout-flex wp-block-gallery-is-layout-flex\">\n<figure class=\"wp-block-image size-large\"><a href=\"https:\/\/site.ac-martinique.fr\/lyc-chateauboeuf\/wp-content\/uploads\/sites\/34\/2024\/07\/POLO-JC.png\"><img loading=\"lazy\" decoding=\"async\" width=\"437\" height=\"625\" data-id=\"1833\" src=\"https:\/\/site.ac-martinique.fr\/lyc-chateauboeuf\/wp-content\/uploads\/sites\/34\/2024\/07\/POLO-JC.png\" alt=\"\" class=\"wp-image-1833\" srcset=\"https:\/\/site.ac-martinique.fr\/lyc-jeannecatayee\/wp-content\/uploads\/sites\/34\/2024\/07\/POLO-JC.png 437w, https:\/\/site.ac-martinique.fr\/lyc-jeannecatayee\/wp-content\/uploads\/sites\/34\/2024\/07\/POLO-JC-210x300.png 210w\" sizes=\"auto, (max-width: 437px) 100vw, 437px\" \/><\/a><\/figure>\n<\/figure>\n\n\n\n<figure class=\"wp-block-gallery has-nested-images columns-default is-cropped wp-block-gallery-2 is-layout-flex wp-block-gallery-is-layout-flex\">\n<figure class=\"wp-block-image size-large\"><a href=\"https:\/\/site.ac-martinique.fr\/lyc-chateauboeuf\/wp-content\/uploads\/sites\/34\/2024\/07\/BAS-LYC-JC.png\"><img loading=\"lazy\" decoding=\"async\" width=\"442\" height=\"616\" data-id=\"1834\" src=\"https:\/\/site.ac-martinique.fr\/lyc-chateauboeuf\/wp-content\/uploads\/sites\/34\/2024\/07\/BAS-LYC-JC.png\" alt=\"\" class=\"wp-image-1834\" srcset=\"https:\/\/site.ac-martinique.fr\/lyc-jeannecatayee\/wp-content\/uploads\/sites\/34\/2024\/07\/BAS-LYC-JC.png 442w, https:\/\/site.ac-martinique.fr\/lyc-jeannecatayee\/wp-content\/uploads\/sites\/34\/2024\/07\/BAS-LYC-JC-215x300.png 215w\" sizes=\"auto, (max-width: 442px) 100vw, 442px\" \/><\/a><\/figure>\n<\/figure>\n\n\n\n<figure class=\"wp-block-gallery has-nested-images columns-default is-cropped wp-block-gallery-3 is-layout-flex wp-block-gallery-is-layout-flex\">\n<figure class=\"wp-block-image size-large\"><a href=\"https:\/\/site.ac-martinique.fr\/lyc-chateauboeuf\/wp-content\/uploads\/sites\/34\/2022\/06\/d3b08aa0-f75c-4826-a092-3d0313aafe16.jpg\"><img loading=\"lazy\" decoding=\"async\" width=\"1024\" height=\"498\" data-id=\"1364\" src=\"https:\/\/site.ac-martinique.fr\/lyc-chateauboeuf\/wp-content\/uploads\/sites\/34\/2022\/06\/d3b08aa0-f75c-4826-a092-3d0313aafe16-1024x498.jpg\" alt=\"\" class=\"wp-image-1364\" srcset=\"https:\/\/site.ac-martinique.fr\/lyc-jeannecatayee\/wp-content\/uploads\/sites\/34\/2022\/06\/d3b08aa0-f75c-4826-a092-3d0313aafe16-1024x498.jpg 1024w, https:\/\/site.ac-martinique.fr\/lyc-jeannecatayee\/wp-content\/uploads\/sites\/34\/2022\/06\/d3b08aa0-f75c-4826-a092-3d0313aafe16-300x146.jpg 300w, https:\/\/site.ac-martinique.fr\/lyc-jeannecatayee\/wp-content\/uploads\/sites\/34\/2022\/06\/d3b08aa0-f75c-4826-a092-3d0313aafe16-768x373.jpg 768w, https:\/\/site.ac-martinique.fr\/lyc-jeannecatayee\/wp-content\/uploads\/sites\/34\/2022\/06\/d3b08aa0-f75c-4826-a092-3d0313aafe16.jpg 1280w\" sizes=\"auto, (max-width: 767px) 89vw, (max-width: 1000px) 54vw, (max-width: 1071px) 543px, 580px\" \/><\/a><figcaption class=\"wp-element-caption\">Polo avec logo de l&rsquo;\u00e9tablissement<\/figcaption><\/figure>\n\n\n\n<figure class=\"wp-block-image size-large\"><a href=\"https:\/\/site.ac-martinique.fr\/lyc-chateauboeuf\/wp-content\/uploads\/sites\/34\/2022\/06\/e61d189e-4720-4b33-b335-338a638ec7cd.jpg\"><img loading=\"lazy\" decoding=\"async\" width=\"498\" height=\"1024\" data-id=\"1366\" src=\"https:\/\/site.ac-martinique.fr\/lyc-chateauboeuf\/wp-content\/uploads\/sites\/34\/2022\/06\/e61d189e-4720-4b33-b335-338a638ec7cd-498x1024.jpg\" alt=\"\" class=\"wp-image-1366\" srcset=\"https:\/\/site.ac-martinique.fr\/lyc-jeannecatayee\/wp-content\/uploads\/sites\/34\/2022\/06\/e61d189e-4720-4b33-b335-338a638ec7cd-498x1024.jpg 498w, https:\/\/site.ac-martinique.fr\/lyc-jeannecatayee\/wp-content\/uploads\/sites\/34\/2022\/06\/e61d189e-4720-4b33-b335-338a638ec7cd-146x300.jpg 146w, https:\/\/site.ac-martinique.fr\/lyc-jeannecatayee\/wp-content\/uploads\/sites\/34\/2022\/06\/e61d189e-4720-4b33-b335-338a638ec7cd.jpg 622w\" sizes=\"auto, (max-width: 498px) 100vw, 498px\" \/><\/a><figcaption class=\"wp-element-caption\">Tenue conforme<\/figcaption><\/figure>\n\n\n\n<figure class=\"wp-block-image size-large\"><a href=\"https:\/\/site.ac-martinique.fr\/lyc-chateauboeuf\/wp-content\/uploads\/sites\/34\/2022\/06\/Tenue-vestimentaire-1.jpg\"><img loading=\"lazy\" decoding=\"async\" width=\"724\" height=\"1024\" data-id=\"1398\" src=\"https:\/\/site.ac-martinique.fr\/lyc-chateauboeuf\/wp-content\/uploads\/sites\/34\/2022\/06\/Tenue-vestimentaire-1-724x1024.jpg\" alt=\"\" class=\"wp-image-1398\" srcset=\"https:\/\/site.ac-martinique.fr\/lyc-jeannecatayee\/wp-content\/uploads\/sites\/34\/2022\/06\/Tenue-vestimentaire-1-724x1024.jpg 724w, https:\/\/site.ac-martinique.fr\/lyc-jeannecatayee\/wp-content\/uploads\/sites\/34\/2022\/06\/Tenue-vestimentaire-1-212x300.jpg 212w, https:\/\/site.ac-martinique.fr\/lyc-jeannecatayee\/wp-content\/uploads\/sites\/34\/2022\/06\/Tenue-vestimentaire-1-768x1086.jpg 768w, https:\/\/site.ac-martinique.fr\/lyc-jeannecatayee\/wp-content\/uploads\/sites\/34\/2022\/06\/Tenue-vestimentaire-1-1086x1536.jpg 1086w, https:\/\/site.ac-martinique.fr\/lyc-jeannecatayee\/wp-content\/uploads\/sites\/34\/2022\/06\/Tenue-vestimentaire-1-1448x2048.jpg 1448w, https:\/\/site.ac-martinique.fr\/lyc-jeannecatayee\/wp-content\/uploads\/sites\/34\/2022\/06\/Tenue-vestimentaire-1.jpg 1587w\" sizes=\"auto, (max-width: 724px) 100vw, 724px\" \/><\/a><figcaption class=\"wp-element-caption\">Sandales \u00e0 brides<\/figcaption><\/figure>\n<\/figure>\n\n\n\n<p><\/p>\n\n\n\n<p><strong>Pour les \u00e9tudiants de BTS<\/strong> la tenue conforme comprend: <\/p>\n\n\n\n<p>Polo ou chemise blanc uni sans logo ni pub.Pantalon ou jape classique (longueur du genoux) de couleur moire unie.<\/p>\n\n\n\n<p>Des chaussures maintien \u00e0 la cheville.<\/p>\n\n\n\n<p>Les \u00e9tudiant.e.s du BTS M\u00e9tiers de l&rsquo;Esth\u00e9tique cosm\u00e9tique Parfumerie (MECP) portent <strong><em>OBLIGATOIREMENT LE FOULARD OU LA CRAVATE<\/em><\/strong> choisi.e par l&rsquo;\u00e9tablissement pour chaque promotion.<\/p>\n\n\n\n<figure class=\"wp-block-gallery has-nested-images columns-default is-cropped wp-block-gallery-4 is-layout-flex wp-block-gallery-is-layout-flex\">\n<figure class=\"wp-block-image size-large\"><a href=\"https:\/\/site.ac-martinique.fr\/lyc-chateauboeuf\/wp-content\/uploads\/sites\/34\/2024\/07\/photo-bts-est.png\"><img loading=\"lazy\" decoding=\"async\" width=\"617\" height=\"867\" data-id=\"1835\" src=\"https:\/\/site.ac-martinique.fr\/lyc-chateauboeuf\/wp-content\/uploads\/sites\/34\/2024\/07\/photo-bts-est.png\" alt=\"\" class=\"wp-image-1835\" srcset=\"https:\/\/site.ac-martinique.fr\/lyc-jeannecatayee\/wp-content\/uploads\/sites\/34\/2024\/07\/photo-bts-est.png 617w, https:\/\/site.ac-martinique.fr\/lyc-jeannecatayee\/wp-content\/uploads\/sites\/34\/2024\/07\/photo-bts-est-213x300.png 213w\" sizes=\"auto, (max-width: 617px) 100vw, 617px\" \/><\/a><\/figure>\n<\/figure>\n\n\n\n<figure class=\"wp-block-gallery has-nested-images columns-default is-cropped wp-block-gallery-5 is-layout-flex wp-block-gallery-is-layout-flex\">\n<figure class=\"wp-block-image size-large\"><a href=\"https:\/\/site.ac-martinique.fr\/lyc-chateauboeuf\/wp-content\/uploads\/sites\/34\/2024\/07\/photo-bts-fed.png\"><img loading=\"lazy\" decoding=\"async\" width=\"617\" height=\"871\" data-id=\"1836\" src=\"https:\/\/site.ac-martinique.fr\/lyc-chateauboeuf\/wp-content\/uploads\/sites\/34\/2024\/07\/photo-bts-fed.png\" alt=\"\" class=\"wp-image-1836\" srcset=\"https:\/\/site.ac-martinique.fr\/lyc-jeannecatayee\/wp-content\/uploads\/sites\/34\/2024\/07\/photo-bts-fed.png 617w, https:\/\/site.ac-martinique.fr\/lyc-jeannecatayee\/wp-content\/uploads\/sites\/34\/2024\/07\/photo-bts-fed-213x300.png 213w\" sizes=\"auto, (max-width: 617px) 100vw, 617px\" \/><\/a><\/figure>\n<\/figure>\n\n\n\n<p><strong>Pour les lyc\u00e9ens inscrits en CS-CPRE<\/strong> le tenue conforme comprend:<\/p>\n\n\n\n<p>Polo ou chemise de couleur gris forc\u00e9 uni sans logo ni pub.<\/p>\n\n\n\n<p>Pantalon de couleur moire unie.<\/p>\n\n\n\n<figure class=\"wp-block-gallery has-nested-images columns-default is-cropped wp-block-gallery-6 is-layout-flex wp-block-gallery-is-layout-flex\">\n<figure class=\"wp-block-image size-large\"><a href=\"https:\/\/site.ac-martinique.fr\/lyc-chateauboeuf\/wp-content\/uploads\/sites\/34\/2024\/07\/photo-mcs.png\"><img loading=\"lazy\" decoding=\"async\" width=\"612\" height=\"873\" data-id=\"1837\" src=\"https:\/\/site.ac-martinique.fr\/lyc-chateauboeuf\/wp-content\/uploads\/sites\/34\/2024\/07\/photo-mcs.png\" alt=\"\" class=\"wp-image-1837\" srcset=\"https:\/\/site.ac-martinique.fr\/lyc-jeannecatayee\/wp-content\/uploads\/sites\/34\/2024\/07\/photo-mcs.png 612w, https:\/\/site.ac-martinique.fr\/lyc-jeannecatayee\/wp-content\/uploads\/sites\/34\/2024\/07\/photo-mcs-210x300.png 210w\" sizes=\"auto, (max-width: 612px) 100vw, 612px\" \/><\/a><\/figure>\n<\/figure>\n\n\n\n<p class=\"has-vivid-red-color has-text-color has-link-color has-large-font-size wp-elements-1e17f46f59d76cc49a66c09abed90da5\"><strong>Les tenues non-conformes <\/strong><\/p>\n\n\n\n<figure class=\"wp-block-gallery has-nested-images columns-default is-cropped wp-block-gallery-7 is-layout-flex wp-block-gallery-is-layout-flex\">\n<figure class=\"wp-block-image size-large\"><a href=\"https:\/\/site.ac-martinique.fr\/lyc-chateauboeuf\/wp-content\/uploads\/sites\/34\/2022\/06\/7.jpg\"><img loading=\"lazy\" decoding=\"async\" width=\"724\" height=\"1024\" data-id=\"1376\" src=\"https:\/\/site.ac-martinique.fr\/lyc-chateauboeuf\/wp-content\/uploads\/sites\/34\/2022\/06\/7-724x1024.jpg\" alt=\"\" class=\"wp-image-1376\" srcset=\"https:\/\/site.ac-martinique.fr\/lyc-jeannecatayee\/wp-content\/uploads\/sites\/34\/2022\/06\/7-724x1024.jpg 724w, https:\/\/site.ac-martinique.fr\/lyc-jeannecatayee\/wp-content\/uploads\/sites\/34\/2022\/06\/7-212x300.jpg 212w, https:\/\/site.ac-martinique.fr\/lyc-jeannecatayee\/wp-content\/uploads\/sites\/34\/2022\/06\/7-768x1086.jpg 768w, https:\/\/site.ac-martinique.fr\/lyc-jeannecatayee\/wp-content\/uploads\/sites\/34\/2022\/06\/7-1086x1536.jpg 1086w, https:\/\/site.ac-martinique.fr\/lyc-jeannecatayee\/wp-content\/uploads\/sites\/34\/2022\/06\/7-1448x2048.jpg 1448w, https:\/\/site.ac-martinique.fr\/lyc-jeannecatayee\/wp-content\/uploads\/sites\/34\/2022\/06\/7.jpg 1587w\" sizes=\"auto, (max-width: 724px) 100vw, 724px\" \/><\/a><figcaption class=\"wp-element-caption\">Jean trou\u00e9<\/figcaption><\/figure>\n\n\n\n<figure class=\"wp-block-image size-large\"><a href=\"https:\/\/site.ac-martinique.fr\/lyc-chateauboeuf\/wp-content\/uploads\/sites\/34\/2022\/06\/8.jpg\"><img loading=\"lazy\" decoding=\"async\" width=\"724\" height=\"1024\" data-id=\"1377\" src=\"https:\/\/site.ac-martinique.fr\/lyc-chateauboeuf\/wp-content\/uploads\/sites\/34\/2022\/06\/8-724x1024.jpg\" alt=\"\" class=\"wp-image-1377\" srcset=\"https:\/\/site.ac-martinique.fr\/lyc-jeannecatayee\/wp-content\/uploads\/sites\/34\/2022\/06\/8-724x1024.jpg 724w, https:\/\/site.ac-martinique.fr\/lyc-jeannecatayee\/wp-content\/uploads\/sites\/34\/2022\/06\/8-212x300.jpg 212w, https:\/\/site.ac-martinique.fr\/lyc-jeannecatayee\/wp-content\/uploads\/sites\/34\/2022\/06\/8-768x1086.jpg 768w, https:\/\/site.ac-martinique.fr\/lyc-jeannecatayee\/wp-content\/uploads\/sites\/34\/2022\/06\/8-1086x1536.jpg 1086w, https:\/\/site.ac-martinique.fr\/lyc-jeannecatayee\/wp-content\/uploads\/sites\/34\/2022\/06\/8-1448x2048.jpg 1448w, https:\/\/site.ac-martinique.fr\/lyc-jeannecatayee\/wp-content\/uploads\/sites\/34\/2022\/06\/8.jpg 1587w\" sizes=\"auto, (max-width: 724px) 100vw, 724px\" \/><\/a><figcaption class=\"wp-element-caption\">Jean gris ou d\u00e9lav\u00e9<\/figcaption><\/figure>\n\n\n\n<figure class=\"wp-block-image size-large\"><a href=\"https:\/\/site.ac-martinique.fr\/lyc-chateauboeuf\/wp-content\/uploads\/sites\/34\/2022\/06\/2.jpg\"><img loading=\"lazy\" decoding=\"async\" width=\"724\" height=\"1024\" data-id=\"1378\" src=\"https:\/\/site.ac-martinique.fr\/lyc-chateauboeuf\/wp-content\/uploads\/sites\/34\/2022\/06\/2-724x1024.jpg\" alt=\"\" class=\"wp-image-1378\" srcset=\"https:\/\/site.ac-martinique.fr\/lyc-jeannecatayee\/wp-content\/uploads\/sites\/34\/2022\/06\/2-724x1024.jpg 724w, https:\/\/site.ac-martinique.fr\/lyc-jeannecatayee\/wp-content\/uploads\/sites\/34\/2022\/06\/2-212x300.jpg 212w, https:\/\/site.ac-martinique.fr\/lyc-jeannecatayee\/wp-content\/uploads\/sites\/34\/2022\/06\/2-768x1086.jpg 768w, https:\/\/site.ac-martinique.fr\/lyc-jeannecatayee\/wp-content\/uploads\/sites\/34\/2022\/06\/2-1086x1536.jpg 1086w, https:\/\/site.ac-martinique.fr\/lyc-jeannecatayee\/wp-content\/uploads\/sites\/34\/2022\/06\/2-1448x2048.jpg 1448w, https:\/\/site.ac-martinique.fr\/lyc-jeannecatayee\/wp-content\/uploads\/sites\/34\/2022\/06\/2.jpg 1587w\" sizes=\"auto, (max-width: 724px) 100vw, 724px\" \/><\/a><figcaption class=\"wp-element-caption\">Jupe trop courte<\/figcaption><\/figure>\n\n\n\n<figure class=\"wp-block-image size-large\"><a href=\"https:\/\/site.ac-martinique.fr\/lyc-chateauboeuf\/wp-content\/uploads\/sites\/34\/2022\/06\/3.jpg\"><img loading=\"lazy\" decoding=\"async\" width=\"724\" height=\"1024\" data-id=\"1379\" src=\"https:\/\/site.ac-martinique.fr\/lyc-chateauboeuf\/wp-content\/uploads\/sites\/34\/2022\/06\/3-724x1024.jpg\" alt=\"\" class=\"wp-image-1379\" srcset=\"https:\/\/site.ac-martinique.fr\/lyc-jeannecatayee\/wp-content\/uploads\/sites\/34\/2022\/06\/3-724x1024.jpg 724w, https:\/\/site.ac-martinique.fr\/lyc-jeannecatayee\/wp-content\/uploads\/sites\/34\/2022\/06\/3-212x300.jpg 212w, https:\/\/site.ac-martinique.fr\/lyc-jeannecatayee\/wp-content\/uploads\/sites\/34\/2022\/06\/3-768x1086.jpg 768w, https:\/\/site.ac-martinique.fr\/lyc-jeannecatayee\/wp-content\/uploads\/sites\/34\/2022\/06\/3-1086x1536.jpg 1086w, https:\/\/site.ac-martinique.fr\/lyc-jeannecatayee\/wp-content\/uploads\/sites\/34\/2022\/06\/3-1448x2048.jpg 1448w, https:\/\/site.ac-martinique.fr\/lyc-jeannecatayee\/wp-content\/uploads\/sites\/34\/2022\/06\/3.jpg 1587w\" sizes=\"auto, (max-width: 724px) 100vw, 724px\" \/><\/a><figcaption class=\"wp-element-caption\">Jean avec des fantaisies (strass, \u00e9criture, dessin etc&#8230;)<\/figcaption><\/figure>\n\n\n\n<figure class=\"wp-block-image size-large\"><a href=\"https:\/\/site.ac-martinique.fr\/lyc-chateauboeuf\/wp-content\/uploads\/sites\/34\/2022\/06\/4.jpg\"><img loading=\"lazy\" decoding=\"async\" width=\"1587\" height=\"2245\" data-id=\"1380\" src=\"https:\/\/site.ac-martinique.fr\/lyc-chateauboeuf\/wp-content\/uploads\/sites\/34\/2022\/06\/4-724x1024.jpg\" alt=\"\" class=\"wp-image-1380\" srcset=\"https:\/\/site.ac-martinique.fr\/lyc-jeannecatayee\/wp-content\/uploads\/sites\/34\/2022\/06\/4-724x1024.jpg 724w, https:\/\/site.ac-martinique.fr\/lyc-jeannecatayee\/wp-content\/uploads\/sites\/34\/2022\/06\/4-212x300.jpg 212w, https:\/\/site.ac-martinique.fr\/lyc-jeannecatayee\/wp-content\/uploads\/sites\/34\/2022\/06\/4-768x1086.jpg 768w, https:\/\/site.ac-martinique.fr\/lyc-jeannecatayee\/wp-content\/uploads\/sites\/34\/2022\/06\/4-1086x1536.jpg 1086w, https:\/\/site.ac-martinique.fr\/lyc-jeannecatayee\/wp-content\/uploads\/sites\/34\/2022\/06\/4-1448x2048.jpg 1448w, https:\/\/site.ac-martinique.fr\/lyc-jeannecatayee\/wp-content\/uploads\/sites\/34\/2022\/06\/4.jpg 1587w\" sizes=\"auto, (max-width: 767px) 89vw, (max-width: 1000px) 54vw, (max-width: 1071px) 543px, 580px\" \/><\/a><figcaption class=\"wp-element-caption\">T-shirt trop d\u00e9collet\u00e9<\/figcaption><\/figure>\n\n\n\n<figure class=\"wp-block-image size-large\"><a href=\"https:\/\/site.ac-martinique.fr\/lyc-chateauboeuf\/wp-content\/uploads\/sites\/34\/2022\/06\/5.jpg\"><img loading=\"lazy\" decoding=\"async\" width=\"724\" height=\"1024\" data-id=\"1381\" src=\"https:\/\/site.ac-martinique.fr\/lyc-chateauboeuf\/wp-content\/uploads\/sites\/34\/2022\/06\/5-724x1024.jpg\" alt=\"\" class=\"wp-image-1381\" srcset=\"https:\/\/site.ac-martinique.fr\/lyc-jeannecatayee\/wp-content\/uploads\/sites\/34\/2022\/06\/5-724x1024.jpg 724w, https:\/\/site.ac-martinique.fr\/lyc-jeannecatayee\/wp-content\/uploads\/sites\/34\/2022\/06\/5-212x300.jpg 212w, https:\/\/site.ac-martinique.fr\/lyc-jeannecatayee\/wp-content\/uploads\/sites\/34\/2022\/06\/5-768x1086.jpg 768w, https:\/\/site.ac-martinique.fr\/lyc-jeannecatayee\/wp-content\/uploads\/sites\/34\/2022\/06\/5-1086x1536.jpg 1086w, https:\/\/site.ac-martinique.fr\/lyc-jeannecatayee\/wp-content\/uploads\/sites\/34\/2022\/06\/5-1448x2048.jpg 1448w, https:\/\/site.ac-martinique.fr\/lyc-jeannecatayee\/wp-content\/uploads\/sites\/34\/2022\/06\/5.jpg 1587w\" sizes=\"auto, (max-width: 724px) 100vw, 724px\" \/><\/a><figcaption class=\"wp-element-caption\">Sandales ouvertes sans brides<\/figcaption><\/figure>\n\n\n\n<figure class=\"wp-block-image size-large\"><a href=\"https:\/\/site.ac-martinique.fr\/lyc-chateauboeuf\/wp-content\/uploads\/sites\/34\/2022\/06\/6.jpg\"><img loading=\"lazy\" decoding=\"async\" width=\"724\" height=\"1024\" data-id=\"1382\" src=\"https:\/\/site.ac-martinique.fr\/lyc-chateauboeuf\/wp-content\/uploads\/sites\/34\/2022\/06\/6-724x1024.jpg\" alt=\"\" class=\"wp-image-1382\" srcset=\"https:\/\/site.ac-martinique.fr\/lyc-jeannecatayee\/wp-content\/uploads\/sites\/34\/2022\/06\/6-724x1024.jpg 724w, https:\/\/site.ac-martinique.fr\/lyc-jeannecatayee\/wp-content\/uploads\/sites\/34\/2022\/06\/6-212x300.jpg 212w, https:\/\/site.ac-martinique.fr\/lyc-jeannecatayee\/wp-content\/uploads\/sites\/34\/2022\/06\/6-768x1086.jpg 768w, https:\/\/site.ac-martinique.fr\/lyc-jeannecatayee\/wp-content\/uploads\/sites\/34\/2022\/06\/6-1086x1536.jpg 1086w, https:\/\/site.ac-martinique.fr\/lyc-jeannecatayee\/wp-content\/uploads\/sites\/34\/2022\/06\/6-1448x2048.jpg 1448w, https:\/\/site.ac-martinique.fr\/lyc-jeannecatayee\/wp-content\/uploads\/sites\/34\/2022\/06\/6.jpg 1587w\" sizes=\"auto, (max-width: 724px) 100vw, 724px\" \/><\/a><figcaption class=\"wp-element-caption\">Jean bleu clair <\/figcaption><\/figure>\n\n\n\n<figure class=\"wp-block-image size-large\"><a href=\"https:\/\/site.ac-martinique.fr\/lyc-chateauboeuf\/wp-content\/uploads\/sites\/34\/2022\/06\/Tenue-vestimentaire-3.jpg\"><img loading=\"lazy\" decoding=\"async\" width=\"724\" height=\"1024\" data-id=\"1400\" src=\"https:\/\/site.ac-martinique.fr\/lyc-chateauboeuf\/wp-content\/uploads\/sites\/34\/2022\/06\/Tenue-vestimentaire-3-724x1024.jpg\" alt=\"\" class=\"wp-image-1400\" srcset=\"https:\/\/site.ac-martinique.fr\/lyc-jeannecatayee\/wp-content\/uploads\/sites\/34\/2022\/06\/Tenue-vestimentaire-3-724x1024.jpg 724w, https:\/\/site.ac-martinique.fr\/lyc-jeannecatayee\/wp-content\/uploads\/sites\/34\/2022\/06\/Tenue-vestimentaire-3-212x300.jpg 212w, https:\/\/site.ac-martinique.fr\/lyc-jeannecatayee\/wp-content\/uploads\/sites\/34\/2022\/06\/Tenue-vestimentaire-3-768x1086.jpg 768w, https:\/\/site.ac-martinique.fr\/lyc-jeannecatayee\/wp-content\/uploads\/sites\/34\/2022\/06\/Tenue-vestimentaire-3-1086x1536.jpg 1086w, https:\/\/site.ac-martinique.fr\/lyc-jeannecatayee\/wp-content\/uploads\/sites\/34\/2022\/06\/Tenue-vestimentaire-3-1448x2048.jpg 1448w, https:\/\/site.ac-martinique.fr\/lyc-jeannecatayee\/wp-content\/uploads\/sites\/34\/2022\/06\/Tenue-vestimentaire-3.jpg 1587w\" sizes=\"auto, (max-width: 724px) 100vw, 724px\" \/><\/a><figcaption class=\"wp-element-caption\">Sweat \u00e0 capuche interdit, de pr\u00e9f\u00e9rence un gilet \u00e0 fermeture pour v\u00e9rification du logo<\/figcaption><\/figure>\n<\/figure>\n\n\n\n<p>Tout \u00e9l\u00e8ve dont la tenue vestimentaire ne sera pas conforme au r\u00e8glement pourra \u00eatre sanctionn\u00e9 selon r\u00e8glement int\u00e9rieur Page 4, Paragraphe 3, alin\u00e9a 4)<\/p>\n","protected":false},"excerpt":{"rendered":"<p>Pour les lyc\u00e9ens la tenue conforme comprend: POLO DU LP CHATEAUBOEUF TOL\u00c9R\u00c9 CETTE ANN\u00c9E 2024-2025 Polo uni marqu\u00e9 du logo &hellip; <\/p>\n<p class=\"link-more\"><a href=\"https:\/\/site.ac-martinique.fr\/lyc-jeannecatayee\/?page_id=1335\" class=\"more-link\">Lire la suite&#8230;<span class=\"screen-reader-text\"> \u00ab\u00a0TENUE VESTIMENTAIRE\u00a0\u00bb<\/span><\/a><\/p>\n","protected":false},"author":442,"featured_media":0,"parent":0,"menu_order":0,"comment_status":"closed","ping_status":"closed","template":"","meta":{"footnotes":""},"class_list":["post-1335","page","type-page","status-publish","hentry"],"publishpress_future_action":{"enabled":false,"date":"2026-04-24 00:25:50","action":"change-status","newStatus":"draft","terms":[],"taxonomy":"","extraData":[]},"publishpress_future_workflow_manual_trigger":{"enabledWorkflows":[]},"_links":{"self":[{"href":"https:\/\/site.ac-martinique.fr\/lyc-jeannecatayee\/index.php?rest_route=\/wp\/v2\/pages\/1335","targetHints":{"allow":["GET"]}}],"collection":[{"href":"https:\/\/site.ac-martinique.fr\/lyc-jeannecatayee\/index.php?rest_route=\/wp\/v2\/pages"}],"about":[{"href":"https:\/\/site.ac-martinique.fr\/lyc-jeannecatayee\/index.php?rest_route=\/wp\/v2\/types\/page"}],"author":[{"embeddable":true,"href":"https:\/\/site.ac-martinique.fr\/lyc-jeannecatayee\/index.php?rest_route=\/wp\/v2\/users\/442"}],"replies":[{"embeddable":true,"href":"https:\/\/site.ac-martinique.fr\/lyc-jeannecatayee\/index.php?rest_route=%2Fwp%2Fv2%2Fcomments&post=1335"}],"version-history":[{"count":7,"href":"https:\/\/site.ac-martinique.fr\/lyc-jeannecatayee\/index.php?rest_route=\/wp\/v2\/pages\/1335\/revisions"}],"predecessor-version":[{"id":1838,"href":"https:\/\/site.ac-martinique.fr\/lyc-jeannecatayee\/index.php?rest_route=\/wp\/v2\/pages\/1335\/revisions\/1838"}],"wp:attachment":[{"href":"https:\/\/site.ac-martinique.fr\/lyc-jeannecatayee\/index.php?rest_route=%2Fwp%2Fv2%2Fmedia&parent=1335"}],"curies":[{"name":"wp","href":"https:\/\/api.w.org\/{rel}","templated":true}]}}