{"id":1339,"date":"2022-06-13T13:07:32","date_gmt":"2022-06-13T17:07:32","guid":{"rendered":"https:\/\/site.ac-martinique.fr\/lyc-chateauboeuf\/?page_id=1339"},"modified":"2022-06-13T13:07:32","modified_gmt":"2022-06-13T17:07:32","slug":"stage-pfmp","status":"publish","type":"page","link":"https:\/\/site.ac-martinique.fr\/lyc-jeannecatayee\/?page_id=1339","title":{"rendered":"STAGE \/ PFMP"},"content":{"rendered":"\n<figure class=\"wp-block-image size-large is-style-rounded\"><a href=\"https:\/\/site.ac-martinique.fr\/lyc-chateauboeuf\/wp-content\/uploads\/sites\/34\/2022\/06\/bienvenue-6.png\"><img loading=\"lazy\" decoding=\"async\" width=\"1024\" height=\"165\" src=\"https:\/\/site.ac-martinique.fr\/lyc-chateauboeuf\/wp-content\/uploads\/sites\/34\/2022\/06\/bienvenue-6-1024x165.png\" alt=\"\" class=\"wp-image-1340\" srcset=\"https:\/\/site.ac-martinique.fr\/lyc-jeannecatayee\/wp-content\/uploads\/sites\/34\/2022\/06\/bienvenue-6-1024x165.png 1024w, https:\/\/site.ac-martinique.fr\/lyc-jeannecatayee\/wp-content\/uploads\/sites\/34\/2022\/06\/bienvenue-6-300x48.png 300w, https:\/\/site.ac-martinique.fr\/lyc-jeannecatayee\/wp-content\/uploads\/sites\/34\/2022\/06\/bienvenue-6-768x124.png 768w, https:\/\/site.ac-martinique.fr\/lyc-jeannecatayee\/wp-content\/uploads\/sites\/34\/2022\/06\/bienvenue-6-1536x248.png 1536w, https:\/\/site.ac-martinique.fr\/lyc-jeannecatayee\/wp-content\/uploads\/sites\/34\/2022\/06\/bienvenue-6.png 1920w\" sizes=\"auto, (max-width: 767px) 89vw, (max-width: 1000px) 54vw, (max-width: 1071px) 543px, 580px\" \/><\/a><\/figure>\n\n\n\n<p>Les p\u00e9riodes de formation en milieu professionnel font partie int\u00e9grante de la formation&nbsp;: elles sont des occasions privil\u00e9gi\u00e9es de pr\u00e9ciser le&nbsp;<strong>projet professionnel des \u00e9l\u00e8ves<\/strong>&nbsp;et elles sont un facteur d\u00e9terminant de leur&nbsp;<strong>insertion professionnelle<\/strong>.<\/p>\n\n\n\n<p>Le <strong>DDFPT<\/strong> (<strong>D<\/strong>irecteur <strong>D<\/strong>\u00e9l\u00e9gu\u00e9 aux <strong>F<\/strong>ormations <strong>P<\/strong>rofessionnelles et <strong>T<\/strong>echnologiques) a pour mission de : G\u00e9rer l\u2019organisation p\u00e9dagogique des fili\u00e8res technologiques, aider \u00e0 l&rsquo;orientation des \u00e9l\u00e8ves, assure les relations \u00e9cole-entreprise (visite,<br>conf\u00e9rences, projets) etc&#8230; <\/p>\n\n\n\n<p>Il a un r\u00f4le transversal au sein de l&rsquo;\u00e9tablissement et est amen\u00e9 \u00e0 collaborer avec diff\u00e9rents acteurs. <\/p>\n\n\n\n<h2 class=\"has-black-color has-text-color has-medium-font-size wp-block-heading\" style=\"font-style:normal;font-weight:900\">J&rsquo;ai une entreprise pour effectuer mon stage que dois-je faire avec ma convention de stage ? <\/h2>\n\n\n\n<figure class=\"wp-block-image size-large is-resized\"><a href=\"https:\/\/site.ac-martinique.fr\/lyc-chateauboeuf\/wp-content\/uploads\/sites\/34\/2022\/06\/Infographie-DDFPT-2.png\"><img loading=\"lazy\" decoding=\"async\" src=\"https:\/\/site.ac-martinique.fr\/lyc-chateauboeuf\/wp-content\/uploads\/sites\/34\/2022\/06\/Infographie-DDFPT-2-410x1024.png\" alt=\"\" class=\"wp-image-1343\" width=\"672\" height=\"1678\" srcset=\"https:\/\/site.ac-martinique.fr\/lyc-jeannecatayee\/wp-content\/uploads\/sites\/34\/2022\/06\/Infographie-DDFPT-2-410x1024.png 410w, https:\/\/site.ac-martinique.fr\/lyc-jeannecatayee\/wp-content\/uploads\/sites\/34\/2022\/06\/Infographie-DDFPT-2-120x300.png 120w\" sizes=\"auto, (max-width: 672px) 100vw, 672px\" \/><\/a><\/figure>\n\n\n\n<p>Il y a toujours 3 conventions de stages ( une pour l&rsquo;entreprise, une pour l&rsquo;\u00e9tablissement scolaire et une pour l&rsquo;\u00e9l\u00e8ve et ses parents). <\/p>\n\n\n\n<p>Les stages ne peuvent pas exc\u00e9der une quotit\u00e9 horaire de plus de 35h\/semaine, c&rsquo;est un d\u00e9tail auquel il faut \u00eatre attentif dans la signature de la convention de stage. <\/p>\n\n\n\n<h2 class=\"has-black-color has-text-color has-medium-font-size wp-block-heading\" style=\"font-style:normal;font-weight:900\">Je n&rsquo;ai pas de stage comment faire ? <\/h2>\n\n\n\n<p>Le DDFPT (Anciennement Chef des travaux) et le Professeur Principal (PP) peuvent t&rsquo;aider dans cette situation, rapproche toi d&rsquo;eux. <\/p>\n\n\n\n<h2 class=\"has-black-color has-text-color has-medium-font-size wp-block-heading\" style=\"font-style:normal;font-weight:900\">Combien de temps de stage aurais-je dans l&rsquo;ann\u00e9e ? <\/h2>\n\n\n\n<p>La<strong>&nbsp;dur\u00e9e globale<\/strong>&nbsp;des p\u00e9riodes de formation en milieu professionnel est fix\u00e9e par l&rsquo;arr\u00eat\u00e9 de cr\u00e9ation de la sp\u00e9cialit\u00e9, \u00e0 l&rsquo;occasion des cr\u00e9ations ou r\u00e9novations examin\u00e9es en commissions professionnelles consultatives. \u00c0 chaque dipl\u00f4me correspond une p\u00e9riode&nbsp;:<\/p>\n\n\n\n<ul class=\"wp-block-list\"><li><a href=\"https:\/\/eduscol.education.fr\/cid47637\/le-certificat-aptitude-professionnelle-cap.html\">CAP<\/a>&nbsp;: de 12 \u00e0 14 semaines. Pour un CAP en 1 an, 5 semaines minimum. L<a href=\"https:\/\/www.legifrance.gouv.fr\/affichTexte.do?cidTexte=JORFTEXT000038489446&amp;categorieLien=id\" target=\"_blank\" rel=\"noreferrer noopener\">&lsquo;arr\u00eat\u00e9 du 19 avril 2019 portant application des nouvelles organisations d&rsquo;enseignement dispens\u00e9s dans les formations sous statut scolaire pr\u00e9parant au baccalaur\u00e9at professionnel et au certificat d&rsquo;aptitude<\/a>&nbsp; pr\u00e9cise la dur\u00e9e de la p\u00e9riode de formation en milieu professionnel dans son annexe II, pour chaque sp\u00e9cialit\u00e9 de CAP existant \u00e0 la date de l&rsquo;arr\u00eat\u00e9 du 21 novembre 2018 relatif \u00e0 l&rsquo;organisation et aux enseignements dispens\u00e9s dans les formations sous statut scolaire pr\u00e9parant au certificat d&rsquo;aptitude professionnelle (cf ci-dessous).<\/li><li><a href=\"https:\/\/eduscol.education.fr\/cid47640\/le-baccalaureat-professionnel.html\">baccalaur\u00e9at professionnel<\/a>&nbsp;: 18 \u00e0 22 semaines, r\u00e9parties sur les trois ann\u00e9es de formation.<\/li><\/ul>\n\n\n\n<p>La<strong>&nbsp;r\u00e9partition de ces p\u00e9riodes dans le calendrier scolaire<\/strong>&nbsp;au cours du cursus de formation est de la responsabilit\u00e9 des \u00e9tablissements scolaires, en fonction des contraintes p\u00e9dagogiques et \u00e9conomiques locales. Les \u00e9tablissements peuvent aussi moduler le nombre de semaines de PFMP pour chaque ann\u00e9e, dans le respect de la dur\u00e9e totale sur le cycle pr\u00e9vue pour chaque sp\u00e9cialit\u00e9.<\/p>\n\n\n\n<p>Source : Eduscol<\/p>\n","protected":false},"excerpt":{"rendered":"<p>Les p\u00e9riodes de formation en milieu professionnel font partie int\u00e9grante de la formation&nbsp;: elles sont des occasions privil\u00e9gi\u00e9es de pr\u00e9ciser &hellip; <\/p>\n<p class=\"link-more\"><a href=\"https:\/\/site.ac-martinique.fr\/lyc-jeannecatayee\/?page_id=1339\" class=\"more-link\">Lire la suite&#8230;<span class=\"screen-reader-text\"> \u00ab\u00a0STAGE \/ PFMP\u00a0\u00bb<\/span><\/a><\/p>\n","protected":false},"author":349,"featured_media":0,"parent":0,"menu_order":0,"comment_status":"closed","ping_status":"closed","template":"","meta":{"footnotes":""},"class_list":["post-1339","page","type-page","status-publish","hentry"],"publishpress_future_action":{"enabled":false,"date":"2026-04-24 00:26:40","action":"change-status","newStatus":"draft","terms":[],"taxonomy":"","extraData":[]},"publishpress_future_workflow_manual_trigger":{"enabledWorkflows":[]},"_links":{"self":[{"href":"https:\/\/site.ac-martinique.fr\/lyc-jeannecatayee\/index.php?rest_route=\/wp\/v2\/pages\/1339","targetHints":{"allow":["GET"]}}],"collection":[{"href":"https:\/\/site.ac-martinique.fr\/lyc-jeannecatayee\/index.php?rest_route=\/wp\/v2\/pages"}],"about":[{"href":"https:\/\/site.ac-martinique.fr\/lyc-jeannecatayee\/index.php?rest_route=\/wp\/v2\/types\/page"}],"author":[{"embeddable":true,"href":"https:\/\/site.ac-martinique.fr\/lyc-jeannecatayee\/index.php?rest_route=\/wp\/v2\/users\/349"}],"replies":[{"embeddable":true,"href":"https:\/\/site.ac-martinique.fr\/lyc-jeannecatayee\/index.php?rest_route=%2Fwp%2Fv2%2Fcomments&post=1339"}],"version-history":[{"count":3,"href":"https:\/\/site.ac-martinique.fr\/lyc-jeannecatayee\/index.php?rest_route=\/wp\/v2\/pages\/1339\/revisions"}],"predecessor-version":[{"id":1356,"href":"https:\/\/site.ac-martinique.fr\/lyc-jeannecatayee\/index.php?rest_route=\/wp\/v2\/pages\/1339\/revisions\/1356"}],"wp:attachment":[{"href":"https:\/\/site.ac-martinique.fr\/lyc-jeannecatayee\/index.php?rest_route=%2Fwp%2Fv2%2Fmedia&parent=1339"}],"curies":[{"name":"wp","href":"https:\/\/api.w.org\/{rel}","templated":true}]}}