{"id":2390,"date":"2025-11-25T13:54:07","date_gmt":"2025-11-25T17:54:07","guid":{"rendered":"https:\/\/site.ac-martinique.fr\/lyc-jeannecatayee\/?page_id=2390"},"modified":"2025-11-25T14:00:44","modified_gmt":"2025-11-25T18:00:44","slug":"post-bac","status":"publish","type":"page","link":"https:\/\/site.ac-martinique.fr\/lyc-jeannecatayee\/?page_id=2390","title":{"rendered":"POST-BAC"},"content":{"rendered":"\n<p>Le lyc\u00e9e <strong>Jeanne Catay\u00e9e<\/strong> propose plusieurs formations en BTS pour construire un avenir professionnel solide et sp\u00e9cialis\u00e9.<\/p>\n\n\n\n<p>Le <strong>BTS Esth\u00e9tique<\/strong> forme des experts de la beaut\u00e9, du bien-\u00eatre et de la cosm\u00e9tique, pr\u00eats \u00e0 exercer en institut, en spa ou \u00e0 cr\u00e9er leur propre activit\u00e9.<br>Le <strong>BTS Domotique<\/strong> pr\u00e9pare aux m\u00e9tiers des b\u00e2timents intelligents et connect\u00e9s, en formant \u00e0 l\u2019installation et \u00e0 la maintenance de syst\u00e8mes automatis\u00e9s innovants.<\/p>\n\n\n\n<p>Le lyc\u00e9e propose \u00e9galement la <strong>Mention Compl\u00e9mentaire CS4 PREL<\/strong>, une sp\u00e9cialisation qui permet de renforcer ses comp\u00e9tences et d\u2019am\u00e9liorer son insertion sur le march\u00e9 du travail.<\/p>\n\n\n\n<p>Choisir le lyc\u00e9e Jeanne Catay\u00e9e, c\u2019est choisir une formation dynamique, professionnalisante et tourn\u00e9e vers l\u2019avenir.<\/p>\n","protected":false},"excerpt":{"rendered":"<p>Le lyc\u00e9e Jeanne Catay\u00e9e propose plusieurs formations en BTS pour construire un avenir professionnel solide et sp\u00e9cialis\u00e9. Le BTS Esth\u00e9tique &hellip; <\/p>\n<p class=\"link-more\"><a href=\"https:\/\/site.ac-martinique.fr\/lyc-jeannecatayee\/?page_id=2390\" class=\"more-link\">Lire la suite&#8230;<span class=\"screen-reader-text\"> \u00ab\u00a0POST-BAC\u00a0\u00bb<\/span><\/a><\/p>\n","protected":false},"author":442,"featured_media":0,"parent":0,"menu_order":0,"comment_status":"closed","ping_status":"closed","template":"","meta":{"footnotes":""},"class_list":["post-2390","page","type-page","status-publish","hentry"],"publishpress_future_action":{"enabled":false,"date":"2026-04-24 00:25:47","action":"change-status","newStatus":"draft","terms":[],"taxonomy":"","extraData":[]},"publishpress_future_workflow_manual_trigger":{"enabledWorkflows":[]},"_links":{"self":[{"href":"https:\/\/site.ac-martinique.fr\/lyc-jeannecatayee\/index.php?rest_route=\/wp\/v2\/pages\/2390","targetHints":{"allow":["GET"]}}],"collection":[{"href":"https:\/\/site.ac-martinique.fr\/lyc-jeannecatayee\/index.php?rest_route=\/wp\/v2\/pages"}],"about":[{"href":"https:\/\/site.ac-martinique.fr\/lyc-jeannecatayee\/index.php?rest_route=\/wp\/v2\/types\/page"}],"author":[{"embeddable":true,"href":"https:\/\/site.ac-martinique.fr\/lyc-jeannecatayee\/index.php?rest_route=\/wp\/v2\/users\/442"}],"replies":[{"embeddable":true,"href":"https:\/\/site.ac-martinique.fr\/lyc-jeannecatayee\/index.php?rest_route=%2Fwp%2Fv2%2Fcomments&post=2390"}],"version-history":[{"count":2,"href":"https:\/\/site.ac-martinique.fr\/lyc-jeannecatayee\/index.php?rest_route=\/wp\/v2\/pages\/2390\/revisions"}],"predecessor-version":[{"id":2395,"href":"https:\/\/site.ac-martinique.fr\/lyc-jeannecatayee\/index.php?rest_route=\/wp\/v2\/pages\/2390\/revisions\/2395"}],"wp:attachment":[{"href":"https:\/\/site.ac-martinique.fr\/lyc-jeannecatayee\/index.php?rest_route=%2Fwp%2Fv2%2Fmedia&parent=2390"}],"curies":[{"name":"wp","href":"https:\/\/api.w.org\/{rel}","templated":true}]}}