{"id":2429,"date":"2025-11-25T20:47:40","date_gmt":"2025-11-26T00:47:40","guid":{"rendered":"https:\/\/site.ac-martinique.fr\/lyc-jeannecatayee\/?page_id=2429"},"modified":"2026-01-31T14:54:28","modified_gmt":"2026-01-31T18:54:28","slug":"prestation-esthetique","status":"publish","type":"page","link":"https:\/\/site.ac-martinique.fr\/lyc-jeannecatayee\/?page_id=2429","title":{"rendered":"Prestation Esth\u00e9tique"},"content":{"rendered":"\n<p>Les sections Esth\u00e9tique du lyc\u00e9e Jeanne CATAY\u00c9E proposent des prestations beaut\u00e9 et bien-\u00eatre ouvertes au grand public. R\u00e9alis\u00e9s par les \u00e9l\u00e8ves dans un cadre p\u00e9dagogique et encadr\u00e9s par leurs enseignants, ces soins vous offrent un moment de d\u00e9tente tout en contribuant \u00e0 la formation des futurs professionnels de l\u2019esth\u00e9tique.<\/p>\n\n\n\n<p>Un moment de d\u00e9tente pour vous, et une belle occasion de soutenir la formation des futurs professionnels de l\u2019esth\u00e9tique.<\/p>\n","protected":false},"excerpt":{"rendered":"<p>Les sections Esth\u00e9tique du lyc\u00e9e Jeanne CATAY\u00c9E proposent des prestations beaut\u00e9 et bien-\u00eatre ouvertes au grand public. R\u00e9alis\u00e9s par les &hellip; <\/p>\n<p class=\"link-more\"><a href=\"https:\/\/site.ac-martinique.fr\/lyc-jeannecatayee\/?page_id=2429\" class=\"more-link\">Lire la suite&#8230;<span class=\"screen-reader-text\"> \u00ab\u00a0Prestation Esth\u00e9tique\u00a0\u00bb<\/span><\/a><\/p>\n","protected":false},"author":442,"featured_media":0,"parent":0,"menu_order":0,"comment_status":"closed","ping_status":"closed","template":"","meta":{"footnotes":""},"class_list":["post-2429","page","type-page","status-publish","hentry"],"publishpress_future_action":{"enabled":false,"date":"2026-04-24 00:26:16","action":"change-status","newStatus":"draft","terms":[],"taxonomy":"","extraData":[]},"publishpress_future_workflow_manual_trigger":{"enabledWorkflows":[]},"_links":{"self":[{"href":"https:\/\/site.ac-martinique.fr\/lyc-jeannecatayee\/index.php?rest_route=\/wp\/v2\/pages\/2429","targetHints":{"allow":["GET"]}}],"collection":[{"href":"https:\/\/site.ac-martinique.fr\/lyc-jeannecatayee\/index.php?rest_route=\/wp\/v2\/pages"}],"about":[{"href":"https:\/\/site.ac-martinique.fr\/lyc-jeannecatayee\/index.php?rest_route=\/wp\/v2\/types\/page"}],"author":[{"embeddable":true,"href":"https:\/\/site.ac-martinique.fr\/lyc-jeannecatayee\/index.php?rest_route=\/wp\/v2\/users\/442"}],"replies":[{"embeddable":true,"href":"https:\/\/site.ac-martinique.fr\/lyc-jeannecatayee\/index.php?rest_route=%2Fwp%2Fv2%2Fcomments&post=2429"}],"version-history":[{"count":2,"href":"https:\/\/site.ac-martinique.fr\/lyc-jeannecatayee\/index.php?rest_route=\/wp\/v2\/pages\/2429\/revisions"}],"predecessor-version":[{"id":2581,"href":"https:\/\/site.ac-martinique.fr\/lyc-jeannecatayee\/index.php?rest_route=\/wp\/v2\/pages\/2429\/revisions\/2581"}],"wp:attachment":[{"href":"https:\/\/site.ac-martinique.fr\/lyc-jeannecatayee\/index.php?rest_route=%2Fwp%2Fv2%2Fmedia&parent=2429"}],"curies":[{"name":"wp","href":"https:\/\/api.w.org\/{rel}","templated":true}]}}