{"id":29,"date":"2014-05-01T11:55:36","date_gmt":"2014-05-01T15:55:36","guid":{"rendered":"\/lyc-chateauboeuf\/?page_id=29"},"modified":"2022-06-03T12:11:37","modified_gmt":"2022-06-03T16:11:37","slug":"systemes-electroniques-numeriques","status":"publish","type":"page","link":"https:\/\/site.ac-martinique.fr\/lyc-jeannecatayee\/?page_id=29","title":{"rendered":"Syst\u00e8mes Num\u00e9riques"},"content":{"rendered":"\n<figure class=\"wp-block-image size-large is-style-rounded\"><a href=\"https:\/\/site.ac-martinique.fr\/lyc-chateauboeuf\/wp-content\/uploads\/sites\/34\/2022\/06\/bienvenue-5.png\"><img loading=\"lazy\" decoding=\"async\" width=\"1024\" height=\"165\" src=\"https:\/\/site.ac-martinique.fr\/lyc-chateauboeuf\/wp-content\/uploads\/sites\/34\/2022\/06\/bienvenue-5-1024x165.png\" alt=\"\" class=\"wp-image-1304\" srcset=\"https:\/\/site.ac-martinique.fr\/lyc-jeannecatayee\/wp-content\/uploads\/sites\/34\/2022\/06\/bienvenue-5-1024x165.png 1024w, https:\/\/site.ac-martinique.fr\/lyc-jeannecatayee\/wp-content\/uploads\/sites\/34\/2022\/06\/bienvenue-5-300x48.png 300w, https:\/\/site.ac-martinique.fr\/lyc-jeannecatayee\/wp-content\/uploads\/sites\/34\/2022\/06\/bienvenue-5-768x124.png 768w, https:\/\/site.ac-martinique.fr\/lyc-jeannecatayee\/wp-content\/uploads\/sites\/34\/2022\/06\/bienvenue-5-1536x248.png 1536w, https:\/\/site.ac-martinique.fr\/lyc-jeannecatayee\/wp-content\/uploads\/sites\/34\/2022\/06\/bienvenue-5.png 1920w\" sizes=\"auto, (max-width: 767px) 89vw, (max-width: 1000px) 54vw, (max-width: 1071px) 543px, 580px\" \/><\/a><\/figure>\n\n\n\n<p><\/p>\n\n\n<div class=\"wp-block-image\">\n<figure class=\"alignright\"><a href=\"\/lyc-chateauboeuf\/wp-content\/uploads\/sites\/34\/2014\/05\/ARED2.png\"><img loading=\"lazy\" decoding=\"async\" width=\"150\" height=\"150\" src=\"\/lyc-chateauboeuf\/wp-content\/uploads\/sites\/34\/2014\/05\/ARED2.png\" alt=\"\" class=\"wp-image-712\"\/><\/a><\/figure>\n<\/div>\n\n\n<p>Le titulaire du <a class=\"spip_out\" href=\"https:\/\/www.ortmontreuil.fr\/formations\/baccalaureat-professionnel-systemes-numeriques-7.html\" target=\"_blank\" rel=\"external noopener\">Bac Pro Syst\u00e8mes Num\u00e9riques<\/a> est un technicien capable d\u2019intervenir sur les \u00e9quipements et les installations o\u00f9 la technologie \u00e9lectronique est majoritaire. Il participe \u00e0 toute la cha\u00eene de vie de ces \u00e9quipements. Il pr\u00e9pare tout d\u2019abord \u00e0 l\u2019atelier les \u00e9quipements en assemblant et raccordant le mat\u00e9riel, en int\u00e9grant les logiciels et en testant puis validant l\u2019ensemble du syst\u00e8me. Ensuite, il l\u2019installe et le met en service sur le site. Il en assure enfin la maintenance en intervenant soit chez le client soit en atelier pour effectuer les r\u00e9parations n\u00e9cessaires. Il peut aussi participer \u00e0 la relation client\u00e8le. Ses activit\u00e9s peuvent varier en fonction de la sp\u00e9cialisation choisie pendant la formation.<\/p>\n\n\n\n<h2 class=\"spip wp-block-heading\">Description<\/h2>\n\n\n\n<p>Le <strong>Bac Pro Syst\u00e8mes num\u00e9riques<\/strong> propose <strong>trois sp\u00e9cialisations<\/strong>&nbsp;:<\/p>\n\n\n\n<ul class=\"spip wp-block-list\"><li>s\u00fbret\u00e9 des infrastructures de l\u2019habitat et du tertiaire (option A &#8211; SSIHT)<\/li><li>audiovisuels, r\u00e9seau et \u00e9quipement domestiques (option B &#8211; ARED)<\/li><li>r\u00e9seaux informatiques et syst\u00e8mes communicants (option C &#8211; RISC).<\/li><\/ul>\n\n\n\n<h3 class=\"spip wp-block-heading\">&nbsp;<\/h3>\n\n\n\n<h3 class=\"spip wp-block-heading\">Option A &#8211; S\u00fbret\u00e9 des infrastructures de l\u2019habitat et du tertiaire<\/h3>\n\n\n<div class=\"wp-block-image\">\n<figure class=\"alignright\"><a href=\"\/lyc-chateauboeuf\/wp-content\/uploads\/sites\/34\/2014\/05\/SSIHT.gif\"><img loading=\"lazy\" decoding=\"async\" width=\"150\" height=\"150\" src=\"\/lyc-chateauboeuf\/wp-content\/uploads\/sites\/34\/2014\/05\/SSIHT.gif\" alt=\"\" class=\"wp-image-714\"\/><\/a><\/figure>\n<\/div>\n\n\n<p>Cette option est centr\u00e9e sur l\u2019installation, la mise en service, l\u2019entretien pr\u00e9ventif, le d\u00e9pannage, la relation avec la client\u00e8le des syst\u00e8mes qui contribuent \u00e0 la s\u00e9curit\u00e9 des biens et des personnes (alarmes, d\u00e9tection d\u2019incendie ou d\u2019intrusion, vid\u00e9osurveillance, contr\u00f4le d\u2019acc\u00e8s, etc.).<\/p>\n\n\n\n<h3 class=\"spip wp-block-heading\">&nbsp;<\/h3>\n\n\n\n<h3 class=\"spip wp-block-heading\">Option B &#8211; Audiovisuels, r\u00e9seau et \u00e9quipement domestiques<\/h3>\n\n\n<div class=\"wp-block-image\">\n<figure class=\"alignleft\"><a href=\"\/lyc-chateauboeuf\/wp-content\/uploads\/sites\/34\/2014\/05\/ARED1.jpg\"><img loading=\"lazy\" decoding=\"async\" width=\"150\" height=\"150\" src=\"\/lyc-chateauboeuf\/wp-content\/uploads\/sites\/34\/2014\/05\/ARED1.jpg\" alt=\"\" class=\"wp-image-713\"\/><\/a><\/figure>\n<\/div>\n\n\n<p>Cette option est centr\u00e9e sur les syst\u00e8mes d\u2019\u00e9quipements sc\u00e9niques (\u00e9clairage, sonorisation, prises de vues), les \u00e9quipements audiovisuels multim\u00e9dia, les syst\u00e8mes de r\u00e9ception, de lecture et d\u2019enregistrement num\u00e9rique et encore les syst\u00e8mes de restitution du son et de l\u2019image.<\/p>\n\n\n\n<h3 class=\"spip wp-block-heading\">Option C&nbsp;: R\u00e9seaux informatique et syst\u00e8mes communicants<a href=\"\/lyc-chateauboeuf\/wp-content\/uploads\/sites\/34\/2014\/05\/RISC.jpg\"><img loading=\"lazy\" decoding=\"async\" class=\"size-medium wp-image-715 alignright\" src=\"\/lyc-chateauboeuf\/wp-content\/uploads\/sites\/34\/2014\/05\/RISC.jpg\" alt=\"\" width=\"150\" height=\"150\"><\/a><\/h3>\n\n\n\n<p>Cette option permet d\u2019apprendre \u00e0 r\u00e9aliser la mise en service et la maintenance des solutions de t\u00e9l\u00e9communications et r\u00e9seau d\u2019entreprise. On appelle syst\u00e8mes communicants tout objet num\u00e9rique qui \u00e9change des informations avec leur environnement (un t\u00e9l\u00e9phone portable, un GPS, un badge d\u2019acc\u00e8s, une carte \u00e9lectronique, etc.).<\/p>\n","protected":false},"excerpt":{"rendered":"<p>Le titulaire du Bac Pro Syst\u00e8mes Num\u00e9riques est un technicien capable d\u2019intervenir sur les \u00e9quipements et les installations o\u00f9 la &hellip; <\/p>\n<p class=\"link-more\"><a href=\"https:\/\/site.ac-martinique.fr\/lyc-jeannecatayee\/?page_id=29\" class=\"more-link\">Lire la suite&#8230;<span class=\"screen-reader-text\"> \u00ab\u00a0Syst\u00e8mes Num\u00e9riques\u00a0\u00bb<\/span><\/a><\/p>\n","protected":false},"author":93,"featured_media":0,"parent":0,"menu_order":0,"comment_status":"closed","ping_status":"closed","template":"","meta":{"footnotes":""},"class_list":["post-29","page","type-page","status-publish","hentry"],"publishpress_future_action":{"enabled":false,"date":"2026-04-24 00:25:11","action":"change-status","newStatus":"draft","terms":[],"taxonomy":"","extraData":[]},"publishpress_future_workflow_manual_trigger":{"enabledWorkflows":[]},"_links":{"self":[{"href":"https:\/\/site.ac-martinique.fr\/lyc-jeannecatayee\/index.php?rest_route=\/wp\/v2\/pages\/29","targetHints":{"allow":["GET"]}}],"collection":[{"href":"https:\/\/site.ac-martinique.fr\/lyc-jeannecatayee\/index.php?rest_route=\/wp\/v2\/pages"}],"about":[{"href":"https:\/\/site.ac-martinique.fr\/lyc-jeannecatayee\/index.php?rest_route=\/wp\/v2\/types\/page"}],"author":[{"embeddable":true,"href":"https:\/\/site.ac-martinique.fr\/lyc-jeannecatayee\/index.php?rest_route=\/wp\/v2\/users\/93"}],"replies":[{"embeddable":true,"href":"https:\/\/site.ac-martinique.fr\/lyc-jeannecatayee\/index.php?rest_route=%2Fwp%2Fv2%2Fcomments&post=29"}],"version-history":[{"count":16,"href":"https:\/\/site.ac-martinique.fr\/lyc-jeannecatayee\/index.php?rest_route=\/wp\/v2\/pages\/29\/revisions"}],"predecessor-version":[{"id":1326,"href":"https:\/\/site.ac-martinique.fr\/lyc-jeannecatayee\/index.php?rest_route=\/wp\/v2\/pages\/29\/revisions\/1326"}],"wp:attachment":[{"href":"https:\/\/site.ac-martinique.fr\/lyc-jeannecatayee\/index.php?rest_route=%2Fwp%2Fv2%2Fmedia&parent=29"}],"curies":[{"name":"wp","href":"https:\/\/api.w.org\/{rel}","templated":true}]}}