{"id":70,"date":"2014-05-01T11:30:17","date_gmt":"2014-05-01T14:30:17","guid":{"rendered":"\/lyc-chateauboeuf\/?page_id=70"},"modified":"2015-02-10T11:08:01","modified_gmt":"2015-02-10T14:08:01","slug":"radio-lpcfm","status":"publish","type":"page","link":"https:\/\/site.ac-martinique.fr\/lyc-jeannecatayee\/?page_id=70","title":{"rendered":"Radio LPCFM"},"content":{"rendered":"<p style=\"margin-bottom: 0.35cm;\"><span style=\"font-size: medium;\"><b>LPC FM reprend sa diffusion pour la 3\u00a0<\/b><\/span><sup><span style=\"font-size: medium;\"><b>\u00e8me<\/b><\/span><\/sup><span style=\"font-size: medium;\"><b> ann\u00e9e sur <\/b><\/span><span style=\"font-size: large;\"><b>la fr\u00e9quence <\/b><strong><span style=\"color: #ff0000;\">91 MHz<\/span>.<\/strong><\/span><\/p>\n<p style=\"margin-bottom: 0.35cm;\"><span style=\"font-size: medium;\"><b><b>L<\/b>a radio est disponible pour\u00a0:<img loading=\"lazy\" decoding=\"async\" class=\"alignleft wp-image-107 size-medium\" src=\"\/lyc-chateauboeuf\/wp-content\/uploads\/sites\/34\/2014\/05\/IMG_20140502_082358-300x225.jpg\" alt=\"IMG_20140502_082358\" width=\"300\" height=\"225\" srcset=\"https:\/\/site.ac-martinique.fr\/lyc-jeannecatayee\/wp-content\/uploads\/sites\/34\/2014\/05\/IMG_20140502_082358-300x225.jpg 300w, https:\/\/site.ac-martinique.fr\/lyc-jeannecatayee\/wp-content\/uploads\/sites\/34\/2014\/05\/IMG_20140502_082358-1024x768.jpg 1024w, https:\/\/site.ac-martinique.fr\/lyc-jeannecatayee\/wp-content\/uploads\/sites\/34\/2014\/05\/IMG_20140502_082358-400x300.jpg 400w\" sizes=\"auto, (max-width: 300px) 100vw, 300px\" \/><\/b><\/span><\/p>\n<ul>\n<li>\n<p style=\"margin-bottom: 0.35cm;\"><span style=\"font-size: medium;\"><b>Diffuser vos projets audio.<\/b><\/span><\/p>\n<\/li>\n<li>\n<p style=\"margin-bottom: 0.35cm;\"><span style=\"font-size: medium;\"><b>Nous avons \u00e0 votre disposition un enregistreur pour les actions ext\u00e9rieures (par exemple\u00a0: sorties scolaires, visites d&rsquo;entreprise, accueil a\u00e9roport \u2026).<\/b><\/span><\/p>\n<\/li>\n<\/ul>\n<p style=\"margin-bottom: 0.35cm;\"><img loading=\"lazy\" decoding=\"async\" class=\"alignleft wp-image-106 size-medium\" src=\"\/lyc-chateauboeuf\/wp-content\/uploads\/sites\/34\/2014\/05\/IMG_20140502_082326-300x225.jpg\" alt=\"IMG_20140502_082326\" width=\"300\" height=\"225\" srcset=\"https:\/\/site.ac-martinique.fr\/lyc-jeannecatayee\/wp-content\/uploads\/sites\/34\/2014\/05\/IMG_20140502_082326-300x225.jpg 300w, https:\/\/site.ac-martinique.fr\/lyc-jeannecatayee\/wp-content\/uploads\/sites\/34\/2014\/05\/IMG_20140502_082326-1024x768.jpg 1024w, https:\/\/site.ac-martinique.fr\/lyc-jeannecatayee\/wp-content\/uploads\/sites\/34\/2014\/05\/IMG_20140502_082326-400x300.jpg 400w\" sizes=\"auto, (max-width: 300px) 100vw, 300px\" \/><\/p>\n<p style=\"margin-bottom: 0.35cm;\"><span style=\"font-size: medium;\"><b>Nous pouvons \u00eatre d<b>is<\/b>ponible le lundi matin et le mardi matin pour vous aider \u00e0 effectuer les enregistrements et les mettre en forme. Contactez\u00a0 Mme Salomon, Mr Ruffenach ou Mr C<b>\u00e9<\/b>dille pour d\u2019autres disponibilit\u00e9s.<\/b><\/span><\/p>\n<p><img loading=\"lazy\" decoding=\"async\" class=\"alignleft wp-image-105 size-medium\" src=\"\/lyc-chateauboeuf\/wp-content\/uploads\/sites\/34\/2014\/05\/IMG_20140502_082317-300x225.jpg\" alt=\"IMG_20140502_082317\" width=\"300\" height=\"225\" srcset=\"https:\/\/site.ac-martinique.fr\/lyc-jeannecatayee\/wp-content\/uploads\/sites\/34\/2014\/05\/IMG_20140502_082317-300x225.jpg 300w, https:\/\/site.ac-martinique.fr\/lyc-jeannecatayee\/wp-content\/uploads\/sites\/34\/2014\/05\/IMG_20140502_082317-1024x768.jpg 1024w, https:\/\/site.ac-martinique.fr\/lyc-jeannecatayee\/wp-content\/uploads\/sites\/34\/2014\/05\/IMG_20140502_082317-400x300.jpg 400w\" sizes=\"auto, (max-width: 300px) 100vw, 300px\" \/><\/p>\n<p>&nbsp;<\/p>\n<p>&nbsp;<\/p>\n<p>&nbsp;<\/p>\n<p>&nbsp;<\/p>\n<p>&nbsp;<\/p>\n<p>&nbsp;<\/p>\n<p>&nbsp;<\/p>\n<p>&nbsp;<\/p>\n<p>&nbsp;<\/p>\n<p style=\"text-align: center;\"><strong><em>\u00c9MISSIONS RADIO DIFFUS\u00c9ES SUR LPCFM<\/em><\/strong><\/p>\n<p>\u00a0Pr\u00e9sentation de l&rsquo;Association Sportive du lyc\u00e9e<\/p>\n<audio class=\"wp-audio-shortcode\" id=\"audio-70-1\" preload=\"none\" style=\"width: 100%;\" controls=\"controls\"><source type=\"audio\/mpeg\" src=\"\/lyc-chateauboeuf\/wp-content\/uploads\/sites\/34\/2015\/02\/presentation-AS-2015-1.mp3?_=1\" \/><a href=\"\/lyc-chateauboeuf\/wp-content\/uploads\/sites\/34\/2015\/02\/presentation-AS-2015-1.mp3\">\/lyc-chateauboeuf\/wp-content\/uploads\/sites\/34\/2015\/02\/presentation-AS-2015-1.mp3<\/a><\/audio>\n<p>&nbsp;<\/p>\n<p>Pr\u00e9sentation de l&rsquo;UNSS<\/p>\n<audio class=\"wp-audio-shortcode\" id=\"audio-70-2\" preload=\"none\" style=\"width: 100%;\" controls=\"controls\"><source type=\"audio\/mpeg\" src=\"\/lyc-chateauboeuf\/wp-content\/uploads\/sites\/34\/2015\/02\/UNSS321.mp3?_=2\" \/><a href=\"\/lyc-chateauboeuf\/wp-content\/uploads\/sites\/34\/2015\/02\/UNSS321.mp3\">\/lyc-chateauboeuf\/wp-content\/uploads\/sites\/34\/2015\/02\/UNSS321.mp3<\/a><\/audio>\n<p>&nbsp;<\/p>\n<p>Section Coiffure<\/p>\n<audio class=\"wp-audio-shortcode\" id=\"audio-70-3\" preload=\"none\" style=\"width: 100%;\" controls=\"controls\"><source type=\"audio\/mpeg\" src=\"\/lyc-chateauboeuf\/wp-content\/uploads\/sites\/34\/2015\/02\/COIFFURE111.mp3?_=3\" \/><a href=\"\/lyc-chateauboeuf\/wp-content\/uploads\/sites\/34\/2015\/02\/COIFFURE111.mp3\">\/lyc-chateauboeuf\/wp-content\/uploads\/sites\/34\/2015\/02\/COIFFURE111.mp3<\/a><\/audio>\n<p>&nbsp;<\/p>\n<p>Projet Portsmouth \/ Angleterre 2014<\/p>\n<audio class=\"wp-audio-shortcode\" id=\"audio-70-4\" preload=\"none\" style=\"width: 100%;\" controls=\"controls\"><source type=\"audio\/mpeg\" src=\"\/lyc-chateauboeuf\/wp-content\/uploads\/sites\/34\/2015\/02\/PORTSMOUTH-Projet-2014.mp3?_=4\" \/><a href=\"\/lyc-chateauboeuf\/wp-content\/uploads\/sites\/34\/2015\/02\/PORTSMOUTH-Projet-2014.mp3\">\/lyc-chateauboeuf\/wp-content\/uploads\/sites\/34\/2015\/02\/PORTSMOUTH-Projet-2014.mp3<\/a><\/audio>\n<p>&nbsp;<\/p>\n<p><strong>Projets des \u00e9l\u00e8ves sur le th\u00e8me de l\u2019\u00e9ruption de la Montagne Pel\u00e9e :<\/strong><\/p>\n<p>&nbsp;<\/p>\n<p>\u00c9ruption \u00e0 Saint Pierre<\/p>\n<audio class=\"wp-audio-shortcode\" id=\"audio-70-5\" preload=\"none\" style=\"width: 100%;\" controls=\"controls\"><source type=\"audio\/mpeg\" src=\"\/lyc-chateauboeuf\/wp-content\/uploads\/sites\/34\/2015\/02\/ST-PIERRE-ERUPTION-DENIS.mp3?_=5\" \/><a href=\"\/lyc-chateauboeuf\/wp-content\/uploads\/sites\/34\/2015\/02\/ST-PIERRE-ERUPTION-DENIS.mp3\">\/lyc-chateauboeuf\/wp-content\/uploads\/sites\/34\/2015\/02\/ST-PIERRE-ERUPTION-DENIS.mp3<\/a><\/audio>\n<p>&nbsp;<\/p>\n<p>Maire St Pierre<\/p>\n<audio class=\"wp-audio-shortcode\" id=\"audio-70-6\" preload=\"none\" style=\"width: 100%;\" controls=\"controls\"><source type=\"audio\/mpeg\" src=\"\/lyc-chateauboeuf\/wp-content\/uploads\/sites\/34\/2015\/02\/maire-st-pierre-21.mp3?_=6\" \/><a href=\"\/lyc-chateauboeuf\/wp-content\/uploads\/sites\/34\/2015\/02\/maire-st-pierre-21.mp3\">\/lyc-chateauboeuf\/wp-content\/uploads\/sites\/34\/2015\/02\/maire-st-pierre-21.mp3<\/a><\/audio>\n<p>&nbsp;<\/p>\n<p>Sinistr\u00e9 La Pel\u00e9<\/p>\n<audio class=\"wp-audio-shortcode\" id=\"audio-70-7\" preload=\"none\" style=\"width: 100%;\" controls=\"controls\"><source type=\"audio\/mpeg\" src=\"\/lyc-chateauboeuf\/wp-content\/uploads\/sites\/34\/2015\/02\/SINISTRE-LA-PELE.mp3?_=7\" \/><a href=\"\/lyc-chateauboeuf\/wp-content\/uploads\/sites\/34\/2015\/02\/SINISTRE-LA-PELE.mp3\">\/lyc-chateauboeuf\/wp-content\/uploads\/sites\/34\/2015\/02\/SINISTRE-LA-PELE.mp3<\/a><\/audio>\n","protected":false},"excerpt":{"rendered":"<p>LPC FM reprend sa diffusion pour la 3\u00a0\u00e8me ann\u00e9e sur la fr\u00e9quence 91 MHz. La radio est disponible pour\u00a0: Diffuser &hellip; <\/p>\n<p class=\"link-more\"><a href=\"https:\/\/site.ac-martinique.fr\/lyc-jeannecatayee\/?page_id=70\" class=\"more-link\">Lire la suite&#8230;<span class=\"screen-reader-text\"> \u00ab\u00a0Radio LPCFM\u00a0\u00bb<\/span><\/a><\/p>\n","protected":false},"author":93,"featured_media":0,"parent":0,"menu_order":0,"comment_status":"closed","ping_status":"closed","template":"","meta":{"footnotes":""},"class_list":["post-70","page","type-page","status-publish","hentry"],"publishpress_future_action":{"enabled":false,"date":"2026-04-24 00:25:10","action":"change-status","newStatus":"draft","terms":[],"taxonomy":"","extraData":[]},"publishpress_future_workflow_manual_trigger":{"enabledWorkflows":[]},"_links":{"self":[{"href":"https:\/\/site.ac-martinique.fr\/lyc-jeannecatayee\/index.php?rest_route=\/wp\/v2\/pages\/70","targetHints":{"allow":["GET"]}}],"collection":[{"href":"https:\/\/site.ac-martinique.fr\/lyc-jeannecatayee\/index.php?rest_route=\/wp\/v2\/pages"}],"about":[{"href":"https:\/\/site.ac-martinique.fr\/lyc-jeannecatayee\/index.php?rest_route=\/wp\/v2\/types\/page"}],"author":[{"embeddable":true,"href":"https:\/\/site.ac-martinique.fr\/lyc-jeannecatayee\/index.php?rest_route=\/wp\/v2\/users\/93"}],"replies":[{"embeddable":true,"href":"https:\/\/site.ac-martinique.fr\/lyc-jeannecatayee\/index.php?rest_route=%2Fwp%2Fv2%2Fcomments&post=70"}],"version-history":[{"count":16,"href":"https:\/\/site.ac-martinique.fr\/lyc-jeannecatayee\/index.php?rest_route=\/wp\/v2\/pages\/70\/revisions"}],"predecessor-version":[{"id":411,"href":"https:\/\/site.ac-martinique.fr\/lyc-jeannecatayee\/index.php?rest_route=\/wp\/v2\/pages\/70\/revisions\/411"}],"wp:attachment":[{"href":"https:\/\/site.ac-martinique.fr\/lyc-jeannecatayee\/index.php?rest_route=%2Fwp%2Fv2%2Fmedia&parent=70"}],"curies":[{"name":"wp","href":"https:\/\/api.w.org\/{rel}","templated":true}]}}