{"id":107,"date":"2015-03-19T10:40:35","date_gmt":"2015-03-19T14:40:35","guid":{"rendered":"\/lyc-josephzobel\/?page_id=107"},"modified":"2015-06-29T09:28:51","modified_gmt":"2015-06-29T13:28:51","slug":"inspecteur","status":"publish","type":"page","link":"https:\/\/site.ac-martinique.fr\/lyc-josephzobel\/?page_id=107","title":{"rendered":"INSPECTEUR"},"content":{"rendered":"<h1 style=\"text-align: center\"><span style=\"color: #ff0000\">Pronote Acad\u00e9mie<\/span><\/h1>\n<blockquote><p><span style=\"color: #000000\">Bien<\/span><img loading=\"lazy\" decoding=\"async\" class=\" wp-image-288  alignleft\" src=\"\/lyc-josephzobel\/wp-content\/uploads\/sites\/37\/2015\/04\/index1.jpg\" alt=\"index\" width=\"149\" height=\"119\" \/><span style=\"color: #000000\">venue, depuis un ordinateur ayant acc\u00e8s \u00e0 internet, vous avez la possibilit\u00e9 de vous connecter \u00e0 la base de donn\u00e9es du Lyc\u00e9e Joseph Zobel pour la consultation des cahiers de texte.<\/span><\/p><\/blockquote>\n<p><strong><em>Pour ce faire, cliquez <a title=\"Pronote Academie\" href=\"https:\/\/9720725f.index-education.net\/pronote\/academie.html\">ici <\/a><\/em><\/strong><\/p>\n","protected":false},"excerpt":{"rendered":"<p>Pronote Acad\u00e9mie Bienvenue, depuis un ordinateur ayant acc\u00e8s \u00e0 internet, vous avez la possibilit\u00e9 de vous connecter \u00e0 la base de donn\u00e9es du Lyc\u00e9e Joseph Zobel pour la consultation des cahiers de texte. Pour ce faire, cliquez ici<\/p>\n","protected":false},"author":96,"featured_media":0,"parent":0,"menu_order":0,"comment_status":"closed","ping_status":"closed","template":"","meta":{"pagelayer_contact_templates":[],"_pagelayer_content":"","footnotes":""},"class_list":["post-107","page","type-page","status-publish","hentry"],"_links":{"self":[{"href":"https:\/\/site.ac-martinique.fr\/lyc-josephzobel\/index.php?rest_route=\/wp\/v2\/pages\/107","targetHints":{"allow":["GET"]}}],"collection":[{"href":"https:\/\/site.ac-martinique.fr\/lyc-josephzobel\/index.php?rest_route=\/wp\/v2\/pages"}],"about":[{"href":"https:\/\/site.ac-martinique.fr\/lyc-josephzobel\/index.php?rest_route=\/wp\/v2\/types\/page"}],"author":[{"embeddable":true,"href":"https:\/\/site.ac-martinique.fr\/lyc-josephzobel\/index.php?rest_route=\/wp\/v2\/users\/96"}],"replies":[{"embeddable":true,"href":"https:\/\/site.ac-martinique.fr\/lyc-josephzobel\/index.php?rest_route=%2Fwp%2Fv2%2Fcomments&post=107"}],"version-history":[{"count":3,"href":"https:\/\/site.ac-martinique.fr\/lyc-josephzobel\/index.php?rest_route=\/wp\/v2\/pages\/107\/revisions"}],"predecessor-version":[{"id":417,"href":"https:\/\/site.ac-martinique.fr\/lyc-josephzobel\/index.php?rest_route=\/wp\/v2\/pages\/107\/revisions\/417"}],"wp:attachment":[{"href":"https:\/\/site.ac-martinique.fr\/lyc-josephzobel\/index.php?rest_route=%2Fwp%2Fv2%2Fmedia&parent=107"}],"curies":[{"name":"wp","href":"https:\/\/api.w.org\/{rel}","templated":true}]}}