{"id":1184,"date":"2017-02-07T12:44:54","date_gmt":"2017-02-07T16:44:54","guid":{"rendered":"\/lyc-josephzobel\/?page_id=1184"},"modified":"2023-01-30T15:00:47","modified_gmt":"2023-01-30T19:00:47","slug":"cap-elec","status":"publish","type":"page","link":"https:\/\/site.ac-martinique.fr\/lyc-josephzobel\/?page_id=1184","title":{"rendered":"CAP ELEC"},"content":{"rendered":"\n<h1 class=\"wp-block-heading\">CAP Pr\u00e9paration et r\u00e9alisation d&rsquo;ouvrages \u00e9lectriques<\/h1>\n\n\n\n<figure class=\"wp-block-video\"><video height=\"1080\" style=\"aspect-ratio: 1920 \/ 1080;\" width=\"1920\" autoplay controls src=\"https:\/\/site.ac-martinique.fr\/lyc-josephzobel\/wp-content\/uploads\/sites\/37\/2023\/01\/Filiere-CAP-Electricien-BAC-Pro-MELEC-Metiers-de-lElectricite-de-ses-Environnements-Connectes.mp4\"><\/video><\/figure>\n\n\n\n<p>Le titulaire de ce CAP intervient en tant qu&rsquo;\u00e9lectricien dans les secteurs du transport, de la distribution, des \u00e9quipements et installations \u00e9lectriques.<\/p>\n\n\n\n<p>Il installe, met en service, entretient et r\u00e9pare des ouvrages \u00e9lectriques, principalement en basse tension (domaine BTA : en dessous de 500 V en alternatif et de 750 V en continu). Il intervient, sous la responsabilit\u00e9 d&rsquo;un charg\u00e9 de travaux, sur les installations de logements individuels ou collectifs, de b\u00e2timents industriels, d&rsquo;immeubles de bureaux, de r\u00e9seaux de distribution\u2026<\/p>\n\n\n\n<p><strong>Exemple(s) de m\u00e9tier(s):<\/strong><\/p>\n\n\n\n<ul class=\"wp-block-list\">\n<li><a href=\"http:\/\/www.onisep.fr\/Ressources\/Univers-Metier\/Metiers\/electricien-installateur-electricienne-installatrice\">\u00e9lectricien\/ne installateur\/trice<\/a><\/li>\n<\/ul>\n\n\n\n<p>http:\/\/www.onisep.fr\/Ressources\/Univers-Formation\/Formations\/Lycees\/CAP-Preparation-et-realisation-d-ouvrages-electriques<\/p>\n","protected":false},"excerpt":{"rendered":"<p>CAP Pr\u00e9paration et r\u00e9alisation d&rsquo;ouvrages \u00e9lectriques Le titulaire de ce CAP intervient en tant qu&rsquo;\u00e9lectricien dans les secteurs du transport, de la distribution, des \u00e9quipements et installations \u00e9lectriques. Il installe, met en service, entretient et r\u00e9pare des ouvrages \u00e9lectriques, principalement en basse tension (domaine BTA : en dessous de 500 V en alternatif et de [&hellip;]<\/p>\n","protected":false},"author":96,"featured_media":0,"parent":0,"menu_order":0,"comment_status":"closed","ping_status":"closed","template":"","meta":{"pagelayer_contact_templates":[],"_pagelayer_content":"","footnotes":""},"class_list":["post-1184","page","type-page","status-publish","hentry"],"_links":{"self":[{"href":"https:\/\/site.ac-martinique.fr\/lyc-josephzobel\/index.php?rest_route=\/wp\/v2\/pages\/1184","targetHints":{"allow":["GET"]}}],"collection":[{"href":"https:\/\/site.ac-martinique.fr\/lyc-josephzobel\/index.php?rest_route=\/wp\/v2\/pages"}],"about":[{"href":"https:\/\/site.ac-martinique.fr\/lyc-josephzobel\/index.php?rest_route=\/wp\/v2\/types\/page"}],"author":[{"embeddable":true,"href":"https:\/\/site.ac-martinique.fr\/lyc-josephzobel\/index.php?rest_route=\/wp\/v2\/users\/96"}],"replies":[{"embeddable":true,"href":"https:\/\/site.ac-martinique.fr\/lyc-josephzobel\/index.php?rest_route=%2Fwp%2Fv2%2Fcomments&post=1184"}],"version-history":[{"count":2,"href":"https:\/\/site.ac-martinique.fr\/lyc-josephzobel\/index.php?rest_route=\/wp\/v2\/pages\/1184\/revisions"}],"predecessor-version":[{"id":5418,"href":"https:\/\/site.ac-martinique.fr\/lyc-josephzobel\/index.php?rest_route=\/wp\/v2\/pages\/1184\/revisions\/5418"}],"wp:attachment":[{"href":"https:\/\/site.ac-martinique.fr\/lyc-josephzobel\/index.php?rest_route=%2Fwp%2Fv2%2Fmedia&parent=1184"}],"curies":[{"name":"wp","href":"https:\/\/api.w.org\/{rel}","templated":true}]}}