{"id":232,"date":"2015-04-09T18:01:31","date_gmt":"2015-04-09T22:01:31","guid":{"rendered":"\/lyc-josephzobel\/?page_id=232"},"modified":"2015-04-28T08:34:23","modified_gmt":"2015-04-28T12:34:23","slug":"sti2d-sin","status":"publish","type":"page","link":"https:\/\/site.ac-martinique.fr\/lyc-josephzobel\/?page_id=232","title":{"rendered":"STI2D SIN"},"content":{"rendered":"<div class=\"cartouche surlignable\">\n<div class=\"titrepage\">\n<h1 class=\"crayon article-titre-282 entry-title\" style=\"text-align: center\">S\u00e9rie STI2D &#8211; Sp\u00e9cialit\u00e9 \u00ab\u00a0Syst\u00e8mes d\u2019Information et Num\u00e9rique\u00a0\u00bb (SIN)<\/h1>\n<\/div>\n<\/div>\n<div id=\"letexte\" class=\"surlignable\">\n<div class=\"crayon article-texte-282 entry-content\">\n<h2 class=\"spip\" style=\"text-align: center\"><a href=\"\/lyc-josephzobel\/wp-content\/uploads\/sites\/37\/2015\/04\/IMG_20150427_155100.jpg\"><img loading=\"lazy\" decoding=\"async\" class=\" size-medium wp-image-314 aligncenter\" src=\"\/lyc-josephzobel\/wp-content\/uploads\/sites\/37\/2015\/04\/IMG_20150427_155100-300x169.jpg\" alt=\"IMG_20150427_155100\" width=\"300\" height=\"169\" srcset=\"https:\/\/site.ac-martinique.fr\/lyc-josephzobel\/wp-content\/uploads\/sites\/37\/2015\/04\/IMG_20150427_155100-300x169.jpg 300w, https:\/\/site.ac-martinique.fr\/lyc-josephzobel\/wp-content\/uploads\/sites\/37\/2015\/04\/IMG_20150427_155100-1024x576.jpg 1024w, https:\/\/site.ac-martinique.fr\/lyc-josephzobel\/wp-content\/uploads\/sites\/37\/2015\/04\/IMG_20150427_155100.jpg 1280w\" sizes=\"auto, (max-width: 300px) 100vw, 300px\" \/><\/a><\/h2>\n<h2 class=\"spip\" style=\"text-align: center\"><a href=\"\/lyc-josephzobel\/wp-content\/uploads\/sites\/37\/2015\/04\/IMG_20150427_155245.jpg\"><img loading=\"lazy\" decoding=\"async\" class=\" size-medium wp-image-315 aligncenter\" src=\"\/lyc-josephzobel\/wp-content\/uploads\/sites\/37\/2015\/04\/IMG_20150427_155245-300x169.jpg\" alt=\"IMG_20150427_155245\" width=\"300\" height=\"169\" srcset=\"https:\/\/site.ac-martinique.fr\/lyc-josephzobel\/wp-content\/uploads\/sites\/37\/2015\/04\/IMG_20150427_155245-300x169.jpg 300w, https:\/\/site.ac-martinique.fr\/lyc-josephzobel\/wp-content\/uploads\/sites\/37\/2015\/04\/IMG_20150427_155245-1024x576.jpg 1024w, https:\/\/site.ac-martinique.fr\/lyc-josephzobel\/wp-content\/uploads\/sites\/37\/2015\/04\/IMG_20150427_155245.jpg 1280w\" sizes=\"auto, (max-width: 300px) 100vw, 300px\" \/><\/a><\/h2>\n<h2 class=\"spip\" style=\"text-align: center\"><a href=\"\/lyc-josephzobel\/wp-content\/uploads\/sites\/37\/2015\/04\/IMG_20150427_155348.jpg\"><img loading=\"lazy\" decoding=\"async\" class=\" size-medium wp-image-316 aligncenter\" src=\"\/lyc-josephzobel\/wp-content\/uploads\/sites\/37\/2015\/04\/IMG_20150427_155348-300x169.jpg\" alt=\"IMG_20150427_155348\" width=\"300\" height=\"169\" srcset=\"https:\/\/site.ac-martinique.fr\/lyc-josephzobel\/wp-content\/uploads\/sites\/37\/2015\/04\/IMG_20150427_155348-300x169.jpg 300w, https:\/\/site.ac-martinique.fr\/lyc-josephzobel\/wp-content\/uploads\/sites\/37\/2015\/04\/IMG_20150427_155348-1024x576.jpg 1024w, https:\/\/site.ac-martinique.fr\/lyc-josephzobel\/wp-content\/uploads\/sites\/37\/2015\/04\/IMG_20150427_155348.jpg 1280w\" sizes=\"auto, (max-width: 300px) 100vw, 300px\" \/><\/a> <a href=\"\/lyc-josephzobel\/wp-content\/uploads\/sites\/37\/2015\/04\/IMG_20150427_155358.jpg\"><img loading=\"lazy\" decoding=\"async\" class=\" size-medium wp-image-318 aligncenter\" src=\"\/lyc-josephzobel\/wp-content\/uploads\/sites\/37\/2015\/04\/IMG_20150427_155358-300x169.jpg\" alt=\"IMG_20150427_155358\" width=\"300\" height=\"169\" srcset=\"https:\/\/site.ac-martinique.fr\/lyc-josephzobel\/wp-content\/uploads\/sites\/37\/2015\/04\/IMG_20150427_155358-300x169.jpg 300w, https:\/\/site.ac-martinique.fr\/lyc-josephzobel\/wp-content\/uploads\/sites\/37\/2015\/04\/IMG_20150427_155358-1024x576.jpg 1024w, https:\/\/site.ac-martinique.fr\/lyc-josephzobel\/wp-content\/uploads\/sites\/37\/2015\/04\/IMG_20150427_155358.jpg 1280w\" sizes=\"auto, (max-width: 300px) 100vw, 300px\" \/><\/a><\/h2>\n<h2 class=\"spip\" style=\"text-align: center\">Pr\u00e9sentation<\/h2>\n<dl class=\"spip_document_900 spip_documents spip_documents_left\">\n<dt><\/dt>\n<\/dl>\n<p>Cette sp\u00e9cialit\u00e9 porte sur l\u2019analyse et la cr\u00e9ation de solutions techniques relatives au traitement des flux d\u2019informations (voix, donn\u00e9es, images) dans les syst\u00e8mes pluri-techniques actuels qui comportent \u00e0 la fois une gestion locale et \u00e0 distance de l\u2019information.<\/p>\n<dl class=\"spip_document_900 spip_documents spip_documents_left\">\n<dt><img loading=\"lazy\" decoding=\"async\" class=\" aligncenter\" src=\"http:\/\/www.lycee-vauban-brest.ac-rennes.fr\/sites\/lycee-vauban-brest.ac-rennes.fr\/local\/cache-vignettes\/L216xH198\/reseau-c38b1.png\" alt=\"\" width=\"216\" height=\"198\" \/><\/dt>\n<\/dl>\n<p>Les supports privil\u00e9gi\u00e9s sont les syst\u00e8mes de t\u00e9l\u00e9communication, les r\u00e9seaux informatiques, les produits pluri-techniques et en particulier les produits multim\u00e9dia. Les activit\u00e9s porteront sur le d\u00e9veloppement de syst\u00e8mes virtuels, destin\u00e9s \u00e0 la conduite, au dialogue homme \/ machine, \u00e0 la transmission et \u00e0 la restitution de l\u2019information.<\/p>\n<h2 class=\"spip\">Contenus<\/h2>\n<p>Cette sp\u00e9cialisation permet d\u2019aborder tous les domaines o\u00f9 il y a circulation d\u2019informations\u00a0: T\u00e9l\u00e9communications, robotique, r\u00e9seaux informatiques et industriels, Internet, transport (automobile, a\u00e9ronautique,\u2026), domotique, \u00e9lectronique m\u00e9dicale, produits grands publics pluri-technologiques, multim\u00e9dia\u2026<\/p>\n<h2 class=\"spip\">Exemples d\u2019activit\u00e9s lors des s\u00e9ances de projet SIN du lyc\u00e9e Joseph ZOBEL (ann\u00e9e 2014-2015)\u00a0:<\/h2>\n<p><img loading=\"lazy\" decoding=\"async\" class=\"puce\" src=\"http:\/\/www.lycee-vauban-brest.ac-rennes.fr\/sites\/lycee-vauban-brest.ac-rennes.fr\/local\/cache-vignettes\/L8xH11\/puce-32883.gif\" alt=\"\" width=\"8\" height=\"11\" \/> <strong class=\"spip\"><strong class=\"caractencadre-spip spip\">Boitier domotique avec le logiciel ANDROID r\u00e9alis\u00e9 par les \u00e9l\u00e8ves:<br \/>\n<\/strong><\/strong><\/p>\n<p><a href=\"\/lyc-josephzobel\/wp-content\/uploads\/sites\/37\/2015\/04\/boitier-01.jpg\"><img loading=\"lazy\" decoding=\"async\" class=\" size-medium wp-image-308 aligncenter\" src=\"\/lyc-josephzobel\/wp-content\/uploads\/sites\/37\/2015\/04\/boitier-01-225x300.jpg\" alt=\"boitier 01\" width=\"225\" height=\"300\" srcset=\"https:\/\/site.ac-martinique.fr\/lyc-josephzobel\/wp-content\/uploads\/sites\/37\/2015\/04\/boitier-01-225x300.jpg 225w, https:\/\/site.ac-martinique.fr\/lyc-josephzobel\/wp-content\/uploads\/sites\/37\/2015\/04\/boitier-01.jpg 480w\" sizes=\"auto, (max-width: 225px) 100vw, 225px\" \/><\/a>Ce groupe de 3 \u00e9l\u00e8ves doit r\u00e9aliser un bo\u00eetier capable de :<\/p>\n<dl class=\"spip_document_898 spip_documents spip_documents_center\">\n<dt>&#8211; Modifier et choisir la m\u00e9lodie de la sonnette.<br \/>\n&#8211; G\u00e9rer la lumi\u00e8re pour faire des \u00e9conomies.<br \/>\n&#8211; G\u00e9rer la climatisation et les stores pour faire des \u00e9conomies.<br \/>\n&#8211; Mesurer et afficher la temp\u00e9rature int\u00e9rieure sur une application Smartphone ANDROID (\u00e0 concevoir).<br \/>\n&#8211; Contr\u00f4ler l\u2019acc\u00e8s de la porte d\u2019entr\u00e9e par clavier cod\u00e9.<br \/>\n&#8211; Bo\u00eetier aliment\u00e9 par batterie de secours.<\/dt>\n<\/dl>\n<p>D\u00e9tails du boitier (carte \u00e0 microcontr\u00f4leur + r\u00e9cepteur Bluetooth):<\/p>\n<dl class=\"spip_document_898 spip_documents spip_documents_center\">\n<dt><a href=\"\/lyc-josephzobel\/wp-content\/uploads\/sites\/37\/2015\/04\/boitier-02.jpg\"><img loading=\"lazy\" decoding=\"async\" class=\" size-medium wp-image-309 aligncenter\" src=\"\/lyc-josephzobel\/wp-content\/uploads\/sites\/37\/2015\/04\/boitier-02-300x219.jpg\" alt=\"boitier 02\" width=\"300\" height=\"219\" srcset=\"https:\/\/site.ac-martinique.fr\/lyc-josephzobel\/wp-content\/uploads\/sites\/37\/2015\/04\/boitier-02-300x219.jpg 300w, https:\/\/site.ac-martinique.fr\/lyc-josephzobel\/wp-content\/uploads\/sites\/37\/2015\/04\/boitier-02.jpg 520w\" sizes=\"auto, (max-width: 300px) 100vw, 300px\" \/><\/a><\/dt>\n<dt><\/dt>\n<dt><img loading=\"lazy\" decoding=\"async\" class=\"puce\" src=\"http:\/\/www.lycee-vauban-brest.ac-rennes.fr\/sites\/lycee-vauban-brest.ac-rennes.fr\/local\/cache-vignettes\/L8xH11\/puce-32883.gif\" alt=\"\" width=\"8\" height=\"11\" \/> ASCENSEUR COMMUNICANT<strong class=\"spip\"><strong class=\"caractencadre-spip spip\"><br \/>\n<\/strong><\/strong><\/dt>\n<dt><\/dt>\n<dd>Ce groupe de 4 \u00e9l\u00e8ves doit \u00e9laborer un contr\u00f4le d\u2019acc\u00e8s \u00e0 carte magn\u00e9tique prenant en compte toutes les situation (cartes d\u2019acc\u00e8s avec droit diff\u00e9rents selon type d\u2019utilisateur.Ci dessous le prototype utilisant un microcontr\u00f4leur Arduino et un lecteur RFid<a href=\"\/lyc-josephzobel\/wp-content\/uploads\/sites\/37\/2015\/04\/Image1.jpg\"><img loading=\"lazy\" decoding=\"async\" class=\" size-medium wp-image-305 aligncenter\" src=\"\/lyc-josephzobel\/wp-content\/uploads\/sites\/37\/2015\/04\/Image1-300x225.jpg\" alt=\"Image1\" width=\"300\" height=\"225\" srcset=\"https:\/\/site.ac-martinique.fr\/lyc-josephzobel\/wp-content\/uploads\/sites\/37\/2015\/04\/Image1-300x225.jpg 300w, https:\/\/site.ac-martinique.fr\/lyc-josephzobel\/wp-content\/uploads\/sites\/37\/2015\/04\/Image1.jpg 612w\" sizes=\"auto, (max-width: 300px) 100vw, 300px\" \/><\/a><a href=\"\/lyc-josephzobel\/wp-content\/uploads\/sites\/37\/2015\/04\/Image2.jpg\">Ci dessous le prototype utilisant un microcontr\u00f4leur PIC et une carte de commande moteur avec pont en H.<\/a><a href=\"\/lyc-josephzobel\/wp-content\/uploads\/sites\/37\/2015\/04\/Image2.jpg\"><img loading=\"lazy\" decoding=\"async\" class=\" size-medium wp-image-306 aligncenter\" src=\"\/lyc-josephzobel\/wp-content\/uploads\/sites\/37\/2015\/04\/Image2-300x225.jpg\" alt=\"Image2\" width=\"300\" height=\"225\" srcset=\"https:\/\/site.ac-martinique.fr\/lyc-josephzobel\/wp-content\/uploads\/sites\/37\/2015\/04\/Image2-300x225.jpg 300w, https:\/\/site.ac-martinique.fr\/lyc-josephzobel\/wp-content\/uploads\/sites\/37\/2015\/04\/Image2.jpg 595w\" sizes=\"auto, (max-width: 300px) 100vw, 300px\" \/><\/a>&nbsp;<\/p>\n<p><img loading=\"lazy\" decoding=\"async\" class=\"puce\" src=\"http:\/\/www.lycee-vauban-brest.ac-rennes.fr\/sites\/lycee-vauban-brest.ac-rennes.fr\/local\/cache-vignettes\/L8xH11\/puce-32883.gif\" alt=\"\" width=\"8\" height=\"11\" \/> <strong class=\"spip\"><strong class=\"caractencadre-spip spip\">Solar CAR<br \/>\n<\/strong><\/strong><\/p>\n<\/dd>\n<\/dl>\n<dl class=\"spip_document_901 spip_documents spip_documents_center\">\n<dt><\/dt>\n<\/dl>\n<p><img loading=\"lazy\" decoding=\"async\" class=\"puce\" src=\"http:\/\/www.lycee-vauban-brest.ac-rennes.fr\/sites\/lycee-vauban-brest.ac-rennes.fr\/local\/cache-vignettes\/L8xH11\/puce-32883.gif\" alt=\"\" width=\"8\" height=\"11\" \/>\u00a0<strong class=\"spip\"><strong class=\"caractencadre-spip spip\">Programmation d\u2019un logiciel de simulation 3D pour l&rsquo;\u00e9tude du portail FAAC en reseau (TCP\/IP)<\/strong><\/strong><\/p>\n<\/div>\n<\/div>\n<p>&nbsp;<\/p>\n<p style=\"text-align: center\">\n","protected":false},"excerpt":{"rendered":"<p>S\u00e9rie STI2D &#8211; Sp\u00e9cialit\u00e9 \u00ab\u00a0Syst\u00e8mes d\u2019Information et Num\u00e9rique\u00a0\u00bb (SIN) Pr\u00e9sentation Cette sp\u00e9cialit\u00e9 porte sur l\u2019analyse et la cr\u00e9ation de solutions techniques relatives au traitement des flux d\u2019informations (voix, donn\u00e9es, images) dans les syst\u00e8mes pluri-techniques actuels qui comportent \u00e0 la fois une gestion locale et \u00e0 distance de l\u2019information. Les supports privil\u00e9gi\u00e9s sont les syst\u00e8mes de [&hellip;]<\/p>\n","protected":false},"author":97,"featured_media":0,"parent":0,"menu_order":0,"comment_status":"closed","ping_status":"open","template":"","meta":{"pagelayer_contact_templates":[],"_pagelayer_content":"","footnotes":""},"class_list":["post-232","page","type-page","status-publish","hentry"],"_links":{"self":[{"href":"https:\/\/site.ac-martinique.fr\/lyc-josephzobel\/index.php?rest_route=\/wp\/v2\/pages\/232","targetHints":{"allow":["GET"]}}],"collection":[{"href":"https:\/\/site.ac-martinique.fr\/lyc-josephzobel\/index.php?rest_route=\/wp\/v2\/pages"}],"about":[{"href":"https:\/\/site.ac-martinique.fr\/lyc-josephzobel\/index.php?rest_route=\/wp\/v2\/types\/page"}],"author":[{"embeddable":true,"href":"https:\/\/site.ac-martinique.fr\/lyc-josephzobel\/index.php?rest_route=\/wp\/v2\/users\/97"}],"replies":[{"embeddable":true,"href":"https:\/\/site.ac-martinique.fr\/lyc-josephzobel\/index.php?rest_route=%2Fwp%2Fv2%2Fcomments&post=232"}],"version-history":[{"count":3,"href":"https:\/\/site.ac-martinique.fr\/lyc-josephzobel\/index.php?rest_route=\/wp\/v2\/pages\/232\/revisions"}],"predecessor-version":[{"id":329,"href":"https:\/\/site.ac-martinique.fr\/lyc-josephzobel\/index.php?rest_route=\/wp\/v2\/pages\/232\/revisions\/329"}],"wp:attachment":[{"href":"https:\/\/site.ac-martinique.fr\/lyc-josephzobel\/index.php?rest_route=%2Fwp%2Fv2%2Fmedia&parent=232"}],"curies":[{"name":"wp","href":"https:\/\/api.w.org\/{rel}","templated":true}]}}