{"id":236,"date":"2015-04-09T18:02:45","date_gmt":"2015-04-09T22:02:45","guid":{"rendered":"\/lyc-josephzobel\/?page_id=236"},"modified":"2015-06-25T09:59:22","modified_gmt":"2015-06-25T13:59:22","slug":"sti2d-ac","status":"publish","type":"page","link":"https:\/\/site.ac-martinique.fr\/lyc-josephzobel\/?page_id=236","title":{"rendered":"STI2D AC"},"content":{"rendered":"<p style=\"text-align: center\"><strong>S\u00e9rie STI2d<\/strong><\/p>\n<p style=\"text-align: center\"><strong>Sp\u00e9cialit\u00e9 Architecture et Constructions (AC)<\/strong><\/p>\n<p>&nbsp;<\/p>\n<p style=\"text-align: center\"><a href=\"\/lyc-josephzobel\/wp-content\/uploads\/sites\/37\/2015\/05\/Capture1.jpg\"><img loading=\"lazy\" decoding=\"async\" class=\" wp-image-344  aligncenter\" src=\"\/lyc-josephzobel\/wp-content\/uploads\/sites\/37\/2015\/05\/Capture1.jpg\" alt=\"Capture1\" width=\"476\" height=\"336\" \/><\/a><\/p>\n<p>\u00a0\u00a0\u00a0\u00a0\u00a0\u00a0\u00a0\u00a0\u00a0\u00a0\u00a0\u00a0 L\u2019enseignement de sp\u00e9cialit\u00e9 en AC est une premi\u00e8re approche aux activit\u00e9s li\u00e9es aux nombreux m\u00e9tiers de l&rsquo;Architecture et de la Construction.<br \/>\nCes nombreux m\u00e9tiers concernent les champs d&rsquo;activit\u00e9s suivants :<\/p>\n<p>&#8211; l&rsquo;architecture des b\u00e2timents et des ouvrages,<br \/>\n&#8211; le g\u00e9nie civil,<br \/>\n&#8211; l&rsquo;urbanisme,<br \/>\n&#8211; l&rsquo;am\u00e9nagement du territoire,<br \/>\n&#8211; l&rsquo;architecture du paysage.<\/p>\n<p>L\u2019enseignement en AC se dispense de la fa\u00e7on suivante :<\/p>\n<p>&#8211; analyse et cr\u00e9ation de solutions techniques, relatives au domaine de la construction, qui respectent des contraintes d&rsquo;usage, r\u00e9glementaires, \u00e9conomiques et environnementales.<\/p>\n<p>&#8211; d\u00e9veloppement des comp\u00e9tences dans l&rsquo;utilisation des outils de conception et dans la prise en compte des contraintes li\u00e9es aux mat\u00e9riaux et aux proc\u00e9d\u00e9s.<\/p>\n<p style=\"text-align: center\"><span style=\"text-decoration: underline\"><strong>les diff\u00e9rentes activit\u00e9s<\/strong> <\/span><\/p>\n<p style=\"text-align: center\"><a href=\"\/lyc-josephzobel\/wp-content\/uploads\/sites\/37\/2015\/05\/maison-bioclim4.jpg\"><img loading=\"lazy\" decoding=\"async\" class=\"aligncenter wp-image-352 size-full\" src=\"\/lyc-josephzobel\/wp-content\/uploads\/sites\/37\/2015\/05\/maison-bioclim4.jpg\" alt=\"maison bioclim4\" width=\"1322\" height=\"935\" \/><\/a><a href=\"\/lyc-josephzobel\/wp-content\/uploads\/sites\/37\/2015\/05\/maquette1.jpg\"><img loading=\"lazy\" decoding=\"async\" class=\" wp-image-355 size-full aligncenter\" src=\"\/lyc-josephzobel\/wp-content\/uploads\/sites\/37\/2015\/05\/maquette1.jpg\" alt=\"maquette1\" width=\"1327\" height=\"936\" \/><\/a><a href=\"\/lyc-josephzobel\/wp-content\/uploads\/sites\/37\/2015\/05\/etude-tech.jpg\"><img loading=\"lazy\" decoding=\"async\" class=\" wp-image-369 size-full alignnone\" src=\"\/lyc-josephzobel\/wp-content\/uploads\/sites\/37\/2015\/05\/etude-tech.jpg\" alt=\"etude tech\" width=\"1316\" height=\"935\" \/><\/a><a href=\"\/lyc-josephzobel\/wp-content\/uploads\/sites\/37\/2015\/05\/confort.jpg\"><img loading=\"lazy\" decoding=\"async\" class=\" wp-image-370 size-full aligncenter\" src=\"\/lyc-josephzobel\/wp-content\/uploads\/sites\/37\/2015\/05\/confort.jpg\" alt=\"confort\" width=\"1316\" height=\"932\" \/><\/a><\/p>\n","protected":false},"excerpt":{"rendered":"<p>S\u00e9rie STI2d Sp\u00e9cialit\u00e9 Architecture et Constructions (AC) &nbsp; \u00a0\u00a0\u00a0\u00a0\u00a0\u00a0\u00a0\u00a0\u00a0\u00a0\u00a0\u00a0 L\u2019enseignement de sp\u00e9cialit\u00e9 en AC est une premi\u00e8re approche aux activit\u00e9s li\u00e9es aux nombreux m\u00e9tiers de l&rsquo;Architecture et de la Construction. Ces nombreux m\u00e9tiers concernent les champs d&rsquo;activit\u00e9s suivants : &#8211; l&rsquo;architecture des b\u00e2timents et des ouvrages, &#8211; le g\u00e9nie civil, &#8211; l&rsquo;urbanisme, &#8211; l&rsquo;am\u00e9nagement du [&hellip;]<\/p>\n","protected":false},"author":97,"featured_media":0,"parent":0,"menu_order":0,"comment_status":"closed","ping_status":"open","template":"","meta":{"pagelayer_contact_templates":[],"_pagelayer_content":"","footnotes":""},"class_list":["post-236","page","type-page","status-publish","hentry"],"_links":{"self":[{"href":"https:\/\/site.ac-martinique.fr\/lyc-josephzobel\/index.php?rest_route=\/wp\/v2\/pages\/236","targetHints":{"allow":["GET"]}}],"collection":[{"href":"https:\/\/site.ac-martinique.fr\/lyc-josephzobel\/index.php?rest_route=\/wp\/v2\/pages"}],"about":[{"href":"https:\/\/site.ac-martinique.fr\/lyc-josephzobel\/index.php?rest_route=\/wp\/v2\/types\/page"}],"author":[{"embeddable":true,"href":"https:\/\/site.ac-martinique.fr\/lyc-josephzobel\/index.php?rest_route=\/wp\/v2\/users\/97"}],"replies":[{"embeddable":true,"href":"https:\/\/site.ac-martinique.fr\/lyc-josephzobel\/index.php?rest_route=%2Fwp%2Fv2%2Fcomments&post=236"}],"version-history":[{"count":3,"href":"https:\/\/site.ac-martinique.fr\/lyc-josephzobel\/index.php?rest_route=\/wp\/v2\/pages\/236\/revisions"}],"predecessor-version":[{"id":377,"href":"https:\/\/site.ac-martinique.fr\/lyc-josephzobel\/index.php?rest_route=\/wp\/v2\/pages\/236\/revisions\/377"}],"wp:attachment":[{"href":"https:\/\/site.ac-martinique.fr\/lyc-josephzobel\/index.php?rest_route=%2Fwp%2Fv2%2Fmedia&parent=236"}],"curies":[{"name":"wp","href":"https:\/\/api.w.org\/{rel}","templated":true}]}}