{"id":266,"date":"2015-04-24T07:43:23","date_gmt":"2015-04-24T11:43:23","guid":{"rendered":"\/lyc-josephzobel\/?page_id=266"},"modified":"2019-01-10T09:53:02","modified_gmt":"2019-01-10T13:53:02","slug":"pronote","status":"publish","type":"page","link":"https:\/\/site.ac-martinique.fr\/lyc-josephzobel\/?page_id=266","title":{"rendered":"Pronote \u00c9l\u00e8ve"},"content":{"rendered":"<p style=\"text-align: center\"><span style=\"color: #ff0000;font-size: x-large\">Consultation des Notes et Bulletins de l&rsquo;\u00e9l\u00e8ve<\/span><\/p>\n<p align=\"left\"><span style=\"font-size: large\">Bienvenue chers \u00e9l\u00e8ves. <\/span><\/p>\n<p align=\"left\"><img loading=\"lazy\" decoding=\"async\" class=\" wp-image-267 alignleft\" src=\"\/lyc-josephzobel\/wp-content\/uploads\/sites\/37\/2015\/04\/index.jpg\" alt=\"index\" width=\"276\" height=\"220\" \/><span style=\"font-size: large\">Depuis un PC ayant acc\u00e8s \u00e0 internet, vous avez maintenant la possibilit\u00e9 de consulter :<\/span><\/p>\n<div><span style=\"font-size: large\">&#8211;<span style=\"font-family: Arial\"> Notes <\/span><\/span><\/div>\n<div><span style=\"font-size: large\">&#8211;<span style=\"font-family: Arial\"> Appr\u00e9ciations<\/span><\/span><\/div>\n<div><span style=\"font-size: large\">&#8211;<span style=\"font-family: Arial\"> Cahier de texte<br \/>\n<\/span><\/span><\/div>\n<div><span style=\"font-size: large\">&#8211;<span style=\"font-family: Arial\"> Absences<\/span><\/span><\/div>\n<div><\/div>\n<div>\n<blockquote>\n<div style=\"text-align: left\" align=\"center\"><span style=\"font-size: small\"><span style=\"font-size: large\">Pour ce faire, cliquez<a title=\"Pronote Eleve\" href=\"https:\/\/9720725f.index-education.net\/pronote\/?login=true\"><em><strong> ici &gt;<\/strong><\/em><\/a><\/span><\/span><\/div>\n<\/blockquote>\n<div align=\"center\"><\/div>\n<div align=\"left\">\n<div><span style=\"font-size: large\">Depuis<\/span><span style=\"font-size: small\"><img loading=\"lazy\" decoding=\"async\" class=\" size-full wp-image-271 alignright\" src=\"\/lyc-josephzobel\/wp-content\/uploads\/sites\/37\/2015\/04\/indexme.jpg\" alt=\"indexme\" width=\"103\" height=\"189\" \/><\/span><span style=\"font-size: large\"> un t\u00e9l\u00e9phone mobile ayant un acc\u00e8s internet vous avez \u00e9galement la possibilit\u00e9 d&rsquo;acc\u00e9der \u00e0 la:<br \/>\n<\/span><\/div>\n<div><span style=\"font-size: large\">&#8211;<span style=\"font-family: Arial\"> Consultation de l&#8217;emploi du temps<br \/>\n<\/span><\/span><\/div>\n<div><span style=\"font-size: large\">&#8211;<span style=\"font-family: Arial\"> Consultation du cahier de texte<br \/>\n(contenu des cours \/ travail \u00e0 faire)<br \/>\n<\/span><\/span><\/div>\n<div><span style=\"font-size: large\">&#8211;<span style=\"font-family: Arial\"> Relev\u00e9 de notes et <\/span><\/span><span style=\"font-size: large\"><span style=\"font-family: Arial\">menus de la cantine <\/span><\/span><\/div>\n<div><\/div>\n<blockquote>\n<div><strong><em><span style=\"font-size: large\">Pour ce faire, cliquez <\/span><\/em><\/strong><a title=\"Mobile pronote\" href=\"https:\/\/9720725f.index-education.net\/pronote\/mobile.html?login=true&amp;redirect=1\"><span style=\"font-size: small\"><span style=\"font-size: large\"><em><strong>ici &gt;<\/strong><\/em><\/span><\/span><\/a><\/div>\n<div><\/div>\n<div><\/div>\n<div><strong><span style=\"font-size: large\"><span style=\"color: #0033cc\">NB: Le loggin et le mot de passe est \u00e0 demander au professeur principal ou au service informatique.<\/span><\/span><\/strong><\/div>\n<\/blockquote>\n<\/div>\n<\/div>\n","protected":false},"excerpt":{"rendered":"<p>Consultation des Notes et Bulletins de l&rsquo;\u00e9l\u00e8ve Bienvenue chers \u00e9l\u00e8ves. Depuis un PC ayant acc\u00e8s \u00e0 internet, vous avez maintenant la possibilit\u00e9 de consulter : &#8211; Notes &#8211; Appr\u00e9ciations &#8211; Cahier de texte &#8211; Absences Pour ce faire, cliquez ici &gt; Depuis un t\u00e9l\u00e9phone mobile ayant un acc\u00e8s internet vous avez \u00e9galement la possibilit\u00e9 d&rsquo;acc\u00e9der [&hellip;]<\/p>\n","protected":false},"author":96,"featured_media":0,"parent":0,"menu_order":0,"comment_status":"closed","ping_status":"open","template":"","meta":{"pagelayer_contact_templates":[],"_pagelayer_content":"","footnotes":""},"class_list":["post-266","page","type-page","status-publish","hentry"],"_links":{"self":[{"href":"https:\/\/site.ac-martinique.fr\/lyc-josephzobel\/index.php?rest_route=\/wp\/v2\/pages\/266","targetHints":{"allow":["GET"]}}],"collection":[{"href":"https:\/\/site.ac-martinique.fr\/lyc-josephzobel\/index.php?rest_route=\/wp\/v2\/pages"}],"about":[{"href":"https:\/\/site.ac-martinique.fr\/lyc-josephzobel\/index.php?rest_route=\/wp\/v2\/types\/page"}],"author":[{"embeddable":true,"href":"https:\/\/site.ac-martinique.fr\/lyc-josephzobel\/index.php?rest_route=\/wp\/v2\/users\/96"}],"replies":[{"embeddable":true,"href":"https:\/\/site.ac-martinique.fr\/lyc-josephzobel\/index.php?rest_route=%2Fwp%2Fv2%2Fcomments&post=266"}],"version-history":[{"count":8,"href":"https:\/\/site.ac-martinique.fr\/lyc-josephzobel\/index.php?rest_route=\/wp\/v2\/pages\/266\/revisions"}],"predecessor-version":[{"id":2398,"href":"https:\/\/site.ac-martinique.fr\/lyc-josephzobel\/index.php?rest_route=\/wp\/v2\/pages\/266\/revisions\/2398"}],"wp:attachment":[{"href":"https:\/\/site.ac-martinique.fr\/lyc-josephzobel\/index.php?rest_route=%2Fwp%2Fv2%2Fmedia&parent=266"}],"curies":[{"name":"wp","href":"https:\/\/api.w.org\/{rel}","templated":true}]}}