{"id":276,"date":"2015-04-24T07:53:04","date_gmt":"2015-04-24T11:53:04","guid":{"rendered":"\/lyc-josephzobel\/?page_id=276"},"modified":"2021-03-31T08:23:24","modified_gmt":"2021-03-31T12:23:24","slug":"pronote-parents","status":"publish","type":"page","link":"https:\/\/site.ac-martinique.fr\/lyc-josephzobel\/?page_id=276","title":{"rendered":"Pronote Parents"},"content":{"rendered":"<p style=\"text-align: center\"><span style=\"color: #ff0000;font-size: x-large\">Consultation\u00a0des Notes et Bulletins de votre enfant<\/span><\/p>\n<p align=\"left\"><span style=\"font-size: large\">Bienvenue chers parents.<br \/>\n<\/span><\/p>\n<p align=\"left\"><span style=\"font-size: large\"><img loading=\"lazy\" decoding=\"async\" class=\" size-full wp-image-268 alignleft\" src=\"\/lyc-josephzobel\/wp-content\/uploads\/sites\/37\/2015\/04\/indexp.jpg\" alt=\"indexp\" width=\"246\" height=\"205\" \/>Depuis un ordinateur ayant acc\u00e8s \u00e0 internet, vous avez la possibilit\u00e9 de vous connecter \u00e0 la base de donn\u00e9es du Lyc\u00e9e Joseph Zobel pour la consultation des:<\/span><\/p>\n<div><span style=\"font-size: large\">&#8211;<span style=\"font-family: Arial\">\u00a0\u00a0\u00a0\u00a0\u00a0\u00a0\u00a0\u00a0 Notes <\/span><\/span><\/div>\n<div><span style=\"font-size: large\">&#8211;<span style=\"font-family: Arial\">\u00a0\u00a0\u00a0\u00a0\u00a0\u00a0\u00a0\u00a0 Appr\u00e9ciations<\/span><\/span><\/div>\n<div><span style=\"font-size: large\">&#8211;<span style=\"font-family: Arial\">\u00a0\u00a0\u00a0\u00a0\u00a0\u00a0\u00a0\u00a0 Cahier de texte<br \/>\n<\/span><\/span><\/div>\n<div><span style=\"font-size: large\">&#8211;<span style=\"font-family: Arial\">\u00a0\u00a0\u00a0\u00a0\u00a0\u00a0\u00a0\u00a0 Absences<\/span><\/span><\/div>\n<div><\/div>\n<blockquote>\n<div><strong><span style=\"font-size: small\"><span style=\"font-size: large\">Pour ce faire,\u00a0cliquez <a title=\"Espace Parent\" href=\"https:\/\/9720725f.index-education.net\/pronote\/parent.html?login=true\">ici &gt;<\/a><\/span><\/span><\/strong><\/div>\n<div><\/div>\n<\/blockquote>\n<div>\n<div><span style=\"font-size: large\"><img loading=\"lazy\" decoding=\"async\" class=\"  wp-image-272 alignright\" src=\"\/lyc-josephzobel\/wp-content\/uploads\/sites\/37\/2015\/04\/indexmpa.jpg\" alt=\"indexmpa\" width=\"135\" height=\"220\" \/>Depuis un t\u00e9l\u00e9phone mobile ayant un acc\u00e8s internet vous avez \u00e9galement la possibilit\u00e9 d&rsquo;acc\u00e9der \u00e0 la base de donn\u00e9es du Lyc\u00e9e Joseph Zobel pour la:<br \/>\n<\/span><\/div>\n<\/div>\n<div>\n<div><span style=\"font-size: large\">&#8211;<span style=\"font-family: Arial\">\u00a0\u00a0\u00a0\u00a0\u00a0\u00a0\u00a0\u00a0 Consultation de l&#8217;emploi du temps<br \/>\n<\/span><\/span><\/div>\n<div><span style=\"font-size: large\">&#8211;<span style=\"font-family: Arial\">\u00a0\u00a0\u00a0\u00a0\u00a0\u00a0\u00a0\u00a0 Consultation du cahier de texte<br \/>\n(contenu des cours \/ travail \u00e0 faire)<br \/>\n<\/span><\/span><\/div>\n<\/div>\n<div>\n<div><span style=\"font-size: large\">&#8211;<span style=\"font-family: Arial\">\u00a0\u00a0\u00a0\u00a0\u00a0\u00a0\u00a0\u00a0 Relev\u00e9 de notes et <\/span><\/span><span style=\"font-size: large\"><span style=\"font-family: Arial\">menus de la cantine (en cours) <\/span><\/span><\/div>\n<blockquote>\n<div><\/div>\n<div><strong>Pour ce faire,\u00a0cliquez <a title=\"Mobile Parent\" href=\"https:\/\/9720725f.index-education.net\/pronote\/mobile.parent.html?login=true\">ici &gt;<\/a><\/strong><\/div>\n<div><\/div>\n<div><span style=\"font-size: large\"><span style=\"color: #0033cc\">NB: Le loggin et le mot de passe est\u00a0\u00e0 demander au service Informatique.<\/span><\/span><\/div>\n<div><\/div>\n<div><span style=\"color: #000000\"><strong><span style=\"font-size: large\">Pour pouvoir vous contacter rapidement, Sur l&rsquo;ordinateur, compl\u00e9tez vos informations personnelles comme suit &#8230;<img loading=\"lazy\" decoding=\"async\" class=\"alignnone wp-image-277 size-full\" src=\"\/lyc-josephzobel\/wp-content\/uploads\/sites\/37\/2015\/04\/Parent_info_perso.jpg\" alt=\"Parent_info_perso\" width=\"710\" height=\"424\" srcset=\"https:\/\/site.ac-martinique.fr\/lyc-josephzobel\/wp-content\/uploads\/sites\/37\/2015\/04\/Parent_info_perso.jpg 710w, https:\/\/site.ac-martinique.fr\/lyc-josephzobel\/wp-content\/uploads\/sites\/37\/2015\/04\/Parent_info_perso-300x179.jpg 300w\" sizes=\"auto, (max-width: 710px) 100vw, 710px\" \/><\/span><\/strong><\/span><\/div>\n<\/blockquote>\n<\/div>\n","protected":false},"excerpt":{"rendered":"<p>Consultation\u00a0des Notes et Bulletins de votre enfant Bienvenue chers parents. Depuis un ordinateur ayant acc\u00e8s \u00e0 internet, vous avez la possibilit\u00e9 de vous connecter \u00e0 la base de donn\u00e9es du Lyc\u00e9e Joseph Zobel pour la consultation des: &#8211;\u00a0\u00a0\u00a0\u00a0\u00a0\u00a0\u00a0\u00a0 Notes &#8211;\u00a0\u00a0\u00a0\u00a0\u00a0\u00a0\u00a0\u00a0 Appr\u00e9ciations &#8211;\u00a0\u00a0\u00a0\u00a0\u00a0\u00a0\u00a0\u00a0 Cahier de texte &#8211;\u00a0\u00a0\u00a0\u00a0\u00a0\u00a0\u00a0\u00a0 Absences Pour ce faire,\u00a0cliquez ici &gt; Depuis un t\u00e9l\u00e9phone [&hellip;]<\/p>\n","protected":false},"author":96,"featured_media":0,"parent":0,"menu_order":0,"comment_status":"closed","ping_status":"open","template":"","meta":{"pagelayer_contact_templates":[],"_pagelayer_content":"","footnotes":""},"class_list":["post-276","page","type-page","status-publish","hentry"],"_links":{"self":[{"href":"https:\/\/site.ac-martinique.fr\/lyc-josephzobel\/index.php?rest_route=\/wp\/v2\/pages\/276","targetHints":{"allow":["GET"]}}],"collection":[{"href":"https:\/\/site.ac-martinique.fr\/lyc-josephzobel\/index.php?rest_route=\/wp\/v2\/pages"}],"about":[{"href":"https:\/\/site.ac-martinique.fr\/lyc-josephzobel\/index.php?rest_route=\/wp\/v2\/types\/page"}],"author":[{"embeddable":true,"href":"https:\/\/site.ac-martinique.fr\/lyc-josephzobel\/index.php?rest_route=\/wp\/v2\/users\/96"}],"replies":[{"embeddable":true,"href":"https:\/\/site.ac-martinique.fr\/lyc-josephzobel\/index.php?rest_route=%2Fwp%2Fv2%2Fcomments&post=276"}],"version-history":[{"count":3,"href":"https:\/\/site.ac-martinique.fr\/lyc-josephzobel\/index.php?rest_route=\/wp\/v2\/pages\/276\/revisions"}],"predecessor-version":[{"id":4084,"href":"https:\/\/site.ac-martinique.fr\/lyc-josephzobel\/index.php?rest_route=\/wp\/v2\/pages\/276\/revisions\/4084"}],"wp:attachment":[{"href":"https:\/\/site.ac-martinique.fr\/lyc-josephzobel\/index.php?rest_route=%2Fwp%2Fv2%2Fmedia&parent=276"}],"curies":[{"name":"wp","href":"https:\/\/api.w.org\/{rel}","templated":true}]}}