{"id":2775,"date":"2019-06-06T09:12:06","date_gmt":"2019-06-06T13:12:06","guid":{"rendered":"\/lyc-josephzobel\/?page_id=2775"},"modified":"2023-10-17T15:01:23","modified_gmt":"2023-10-17T19:01:23","slug":"bourse","status":"publish","type":"page","link":"https:\/\/site.ac-martinique.fr\/lyc-josephzobel\/?page_id=2775","title":{"rendered":"BOURSES"},"content":{"rendered":"\n<p class=\"has-text-align-center\">Konten w\u00e8 zot, Bienvenue, Welcome, Bienvenido, Willkommen,<\/p>\n\n\n\n<p class=\"has-text-align-center\" style=\"font-size:26px\"><strong>Calendrier et formulaires pour l&rsquo;ann\u00e9e scolaire 2023-202<\/strong>4<\/p>\n\n\n\n<p><\/p>\n\n\n\n<p>La campagne des demandes de bourse de lyc\u00e9e pour la rentr\u00e9e prochaine est ouverte et se termine le <strong>jeudi 19 octobre&nbsp;2023 inclus<\/strong>.<\/p>\n\n\n\n<p>Cette campagne se d\u00e9roulera en deux p\u00e9riodes&nbsp;:&nbsp;<\/p>\n\n\n\n<ul class=\"wp-block-list\">\n<li>Premi\u00e8re p\u00e9riode :<\/li>\n<\/ul>\n\n\n\n<p><strong>Du lundi 12 juin au mercredi 05 juillet 2023 inclus<\/strong> pour toute demande de bourse d\u00e9pos\u00e9e en ligne ou au format papier (dossier \u00e0 remettre <strong>porte A105<\/strong>)<\/p>\n\n\n\n<ul class=\"wp-block-list\">\n<li>Deuxi\u00e8me p\u00e9riode :<\/li>\n<\/ul>\n\n\n\n<p><strong>Du 01 septembre au 19 octobre 2023 inclus (<em>date limite des d\u00e9p\u00f4ts) pour<\/em><\/strong> toute demande d\u00e9pos\u00e9e en ligne ou au format papier.<\/p>\n\n\n\n<p>Nous vous invitons \u00e0 consulter les liens ci-dessous pour compl\u00e9ter les informations sur les aides financi\u00e8res en lyc\u00e9e, les conditions d\u2019attribution et les proc\u00e9dures de demandes.<\/p>\n\n\n\n<p>.<\/p>\n\n\n\n<p><a href=\"https:\/\/www.education.gouv.fr\/les-aides-financieres-au-lycee-7511\">https:\/\/www.education.gouv.fr\/les-aides-financieres-au-lycee-7511<\/a><\/p>\n\n\n\n<p><em>Attention&nbsp;!<\/em> pour les transferts entre acad\u00e9mies, veuillez d\u00e9poser votre dossier de bourse \u00e0 la rentr\u00e9e dans l\u2019acad\u00e9mie d\u2019accueil afin d\u2019\u00e9viter tout retard dans le traitement de la demande.<\/p>\n\n\n\n<hr class=\"wp-block-separator has-css-opacity\"\/>\n\n\n\n<p>Retrouvez votre dossier social \u00e9tudiant <strong><a href=\"https:\/\/site.ac-martinique.fr\/lyc-josephzobel\/wp-content\/uploads\/sites\/37\/2022\/01\/Dossier-Social-Etudiant-2022.pdf\">ICI<\/a><\/strong><\/p>\n\n\n\n<p>&nbsp;<\/p>\n","protected":false},"excerpt":{"rendered":"<p>Konten w\u00e8 zot, Bienvenue, Welcome, Bienvenido, Willkommen, Calendrier et formulaires pour l&rsquo;ann\u00e9e scolaire 2023-2024 La campagne des demandes de bourse de lyc\u00e9e pour la rentr\u00e9e prochaine est ouverte et se termine le jeudi 19 octobre&nbsp;2023 inclus. Cette campagne se d\u00e9roulera en deux p\u00e9riodes&nbsp;:&nbsp; Du lundi 12 juin au mercredi 05 juillet 2023 inclus pour toute [&hellip;]<\/p>\n","protected":false},"author":96,"featured_media":0,"parent":0,"menu_order":0,"comment_status":"closed","ping_status":"closed","template":"","meta":{"pagelayer_contact_templates":[],"_pagelayer_content":"","footnotes":""},"class_list":["post-2775","page","type-page","status-publish","hentry"],"_links":{"self":[{"href":"https:\/\/site.ac-martinique.fr\/lyc-josephzobel\/index.php?rest_route=\/wp\/v2\/pages\/2775","targetHints":{"allow":["GET"]}}],"collection":[{"href":"https:\/\/site.ac-martinique.fr\/lyc-josephzobel\/index.php?rest_route=\/wp\/v2\/pages"}],"about":[{"href":"https:\/\/site.ac-martinique.fr\/lyc-josephzobel\/index.php?rest_route=\/wp\/v2\/types\/page"}],"author":[{"embeddable":true,"href":"https:\/\/site.ac-martinique.fr\/lyc-josephzobel\/index.php?rest_route=\/wp\/v2\/users\/96"}],"replies":[{"embeddable":true,"href":"https:\/\/site.ac-martinique.fr\/lyc-josephzobel\/index.php?rest_route=%2Fwp%2Fv2%2Fcomments&post=2775"}],"version-history":[{"count":31,"href":"https:\/\/site.ac-martinique.fr\/lyc-josephzobel\/index.php?rest_route=\/wp\/v2\/pages\/2775\/revisions"}],"predecessor-version":[{"id":5805,"href":"https:\/\/site.ac-martinique.fr\/lyc-josephzobel\/index.php?rest_route=\/wp\/v2\/pages\/2775\/revisions\/5805"}],"wp:attachment":[{"href":"https:\/\/site.ac-martinique.fr\/lyc-josephzobel\/index.php?rest_route=%2Fwp%2Fv2%2Fmedia&parent=2775"}],"curies":[{"name":"wp","href":"https:\/\/api.w.org\/{rel}","templated":true}]}}