{"id":279,"date":"2015-04-24T08:04:37","date_gmt":"2015-04-24T12:04:37","guid":{"rendered":"\/lyc-josephzobel\/?page_id=279"},"modified":"2015-06-29T09:26:25","modified_gmt":"2015-06-29T13:26:25","slug":"pronote-professeur","status":"publish","type":"page","link":"https:\/\/site.ac-martinique.fr\/lyc-josephzobel\/?page_id=279","title":{"rendered":"Pronote Professeur"},"content":{"rendered":"<div><span style=\"font-size: large\"><span style=\"font-size: large\">Bienvenue chers professeurs, Dans cet article vous trouverez les informations concernant Pronote.<\/span><\/span>Depuis un ordinateur connect\u00e9 \u00e0 internet vous avez la possibilit\u00e9 d&rsquo;acc\u00e9der \u00e0 la base de donn\u00e9es du Lyc\u00e9e Joseph ZOBEL pour la:<\/div>\n<div><span style=\"font-size: large\">&#8211;<span style=\"font-family: Arial\"> Saisie des notes <\/span><\/span><\/div>\n<div><span style=\"font-size: large\">&#8211;<span style=\"font-family: Arial\"> Saisie des appr\u00e9ciations<\/span><\/span><\/div>\n<div><span style=\"font-size: large\">&#8211;<span style=\"font-family: Arial\"> Saisie du cahier de texte <\/span><\/span><\/div>\n<div><span style=\"font-size: large\">&#8211;<span style=\"font-family: Arial\"> Saisie des absences<\/span><\/span><\/div>\n<div><\/div>\n<div><span style=\"font-size: large\"><br \/>\nPour<\/span><span style=\"font-size: large\"><span style=\"font-size: large\"> ce faire il faut aller sur l&rsquo;ENT pour trouver l&rsquo;application PRONOTE<\/span><\/span>\u00c9tape 1 : Aller Sur le Site Internet de pr\u00e9sentation de L&rsquo;ENT<\/div>\n<div><\/div>\n<blockquote>\n<div><strong><span style=\"font-size: small\"><span style=\"font-size: large\">Pour ce faire,\u00a0cliquez <a title=\"ENT\" href=\"https:\/\/lyc-josephzobel.ac-martinique.fr\/wordpress\/?ticket=\">ici &gt;<\/a><\/span><\/span><\/strong><\/div>\n<div><\/div>\n<\/blockquote>\n<div><span style=\"font-size: large;color: #000000\">\u00c9tape 2 : Se connecter \u00e0 L&rsquo;ENT<\/span><\/div>\n<div><img loading=\"lazy\" decoding=\"async\" class=\"alignnone wp-image-282 size-full\" src=\"\/lyc-josephzobel\/wp-content\/uploads\/sites\/37\/2015\/04\/Site_ENT_vers_Connexion.jpg\" alt=\"Site_ENT_vers_Connexion\" width=\"947\" height=\"431\" srcset=\"https:\/\/site.ac-martinique.fr\/lyc-josephzobel\/wp-content\/uploads\/sites\/37\/2015\/04\/Site_ENT_vers_Connexion.jpg 947w, https:\/\/site.ac-martinique.fr\/lyc-josephzobel\/wp-content\/uploads\/sites\/37\/2015\/04\/Site_ENT_vers_Connexion-300x137.jpg 300w\" sizes=\"auto, (max-width: 947px) 100vw, 947px\" \/><\/div>\n<div><\/div>\n<div><span style=\"font-size: large\"><span style=\"font-size: large;color: #000000\">\u00c9tape 2<\/span> : Se Logger avec votre mot de passe et votre identifiant<\/span><\/div>\n<div><img loading=\"lazy\" decoding=\"async\" class=\"alignnone wp-image-281 size-full\" src=\"\/lyc-josephzobel\/wp-content\/uploads\/sites\/37\/2015\/04\/Loggin_ENT.jpg\" alt=\"Loggin_ENT\" width=\"668\" height=\"270\" srcset=\"https:\/\/site.ac-martinique.fr\/lyc-josephzobel\/wp-content\/uploads\/sites\/37\/2015\/04\/Loggin_ENT.jpg 668w, https:\/\/site.ac-martinique.fr\/lyc-josephzobel\/wp-content\/uploads\/sites\/37\/2015\/04\/Loggin_ENT-300x121.jpg 300w\" sizes=\"auto, (max-width: 668px) 100vw, 668px\" \/><\/div>\n<div><\/div>\n<div><span style=\"font-size: large\"><span style=\"font-size: large\"><span style=\"font-size: large;color: #000000\">\u00c9tape 2<\/span>\u00a0 <\/span>: Ouvrir PRONOTE<\/span><\/div>\n<div><img loading=\"lazy\" decoding=\"async\" class=\"alignnone wp-image-280 size-full\" src=\"\/lyc-josephzobel\/wp-content\/uploads\/sites\/37\/2015\/04\/ENT_mes_applications_Pronote.jpg\" alt=\"ENT_mes_applications_Pronote\" width=\"792\" height=\"518\" srcset=\"https:\/\/site.ac-martinique.fr\/lyc-josephzobel\/wp-content\/uploads\/sites\/37\/2015\/04\/ENT_mes_applications_Pronote.jpg 792w, https:\/\/site.ac-martinique.fr\/lyc-josephzobel\/wp-content\/uploads\/sites\/37\/2015\/04\/ENT_mes_applications_Pronote-300x196.jpg 300w\" sizes=\"auto, (max-width: 792px) 100vw, 792px\" \/><\/div>\n<div><\/div>\n<blockquote>\n<div>\n<div><span style=\"font-size: large;color: #000000\"><img loading=\"lazy\" decoding=\"async\" class=\" size-full wp-image-273 alignright\" src=\"\/lyc-josephzobel\/wp-content\/uploads\/sites\/37\/2015\/04\/indexmpr.jpg\" alt=\"indexmpr\" width=\"102\" height=\"190\" \/>Depuis un t\u00e9l\u00e9phone mobile ayant un acc\u00e8s internet vous avez maintenant aussi la possibilit\u00e9 d&rsquo;acc\u00e9der \u00e0 la base de donn\u00e9es du Lyc\u00e9e Joseph Zobel pour la:<\/span><\/div>\n<div><span style=\"font-size: large;color: #000000\">&#8211;<span style=\"font-family: Arial\"> Consultation de l&#8217;emploi du temps <\/span><\/span><\/div>\n<div><span style=\"font-size: large;color: #000000\">&#8211;<span style=\"font-family: Arial\"> Consultation des menus de la cantine ( en cours)<br \/>\n<\/span><\/span><\/div>\n<div><span style=\"color: #000000\"><span style=\"font-size: large\">&#8211;<\/span><span style=\"font-size: large\"><span style=\"font-family: Arial\">Saisie des notes et appr\u00e9ciations, <\/span><\/span><\/span><span style=\"font-size: large\"><span style=\"font-family: Arial\"><span style=\"color: #000000\">Saisie du cahier de texte, etc&#8230;<\/span> <\/span><\/span><\/div>\n<div><\/div>\n<p><strong><span style=\"font-size: large\">Pour ce faire, cliquez <a title=\"Mobile professeur\" href=\"https:\/\/9720725f.index-education.net\/pronote\/mobile.professeur.html\">ici<\/a><\/span><a title=\"Mobile professeur\" href=\"https:\/\/9720725f.index-education.net\/pronote\/mobile.professeur.html\"><span style=\"font-size: large\">&#8212;&gt;<\/span><\/a><\/strong><\/p>\n<\/div>\n<div><\/div>\n<div><span style=\"font-size: large\"><span style=\"color: #ff0000\">NB: Le login et le mot de passe demand\u00e9 est le m\u00eame que celui que vous utilisez r\u00e9guli\u00e8rement lors des saisies de notes sur les PC du lyc\u00e9e.<\/span> <\/span><\/div>\n<div><\/div>\n<\/blockquote>\n<div>\n<p><span style=\"font-size: large\">En cas de probl\u00e8me avec votre navigateur, installer le client Pronote.<br \/>\n<\/span><\/p>\n<\/div>\n<p><span style=\"font-size: large\">Allez dans votre espace Pronote en ligne\u00a0 puis :<\/span><\/p>\n<p><img loading=\"lazy\" decoding=\"async\" class=\"alignnone wp-image-283 size-full\" src=\"\/lyc-josephzobel\/wp-content\/uploads\/sites\/37\/2015\/04\/pw01.jpg\" alt=\"pw01\" width=\"1018\" height=\"492\" srcset=\"https:\/\/site.ac-martinique.fr\/lyc-josephzobel\/wp-content\/uploads\/sites\/37\/2015\/04\/pw01.jpg 1018w, https:\/\/site.ac-martinique.fr\/lyc-josephzobel\/wp-content\/uploads\/sites\/37\/2015\/04\/pw01-300x145.jpg 300w\" sizes=\"auto, (max-width: 1018px) 100vw, 1018px\" \/><\/p>\n<p><span style=\"font-size: large\">Puis suivez les instructions :<\/span><\/p>\n<p><img loading=\"lazy\" decoding=\"async\" class=\"alignnone wp-image-284 size-full\" src=\"\/lyc-josephzobel\/wp-content\/uploads\/sites\/37\/2015\/04\/pw02.jpg\" alt=\"pw02\" width=\"976\" height=\"542\" srcset=\"https:\/\/site.ac-martinique.fr\/lyc-josephzobel\/wp-content\/uploads\/sites\/37\/2015\/04\/pw02.jpg 976w, https:\/\/site.ac-martinique.fr\/lyc-josephzobel\/wp-content\/uploads\/sites\/37\/2015\/04\/pw02-300x167.jpg 300w, https:\/\/site.ac-martinique.fr\/lyc-josephzobel\/wp-content\/uploads\/sites\/37\/2015\/04\/pw02-672x372.jpg 672w\" sizes=\"auto, (max-width: 976px) 100vw, 976px\" \/><\/p>\n","protected":false},"excerpt":{"rendered":"<p>Bienvenue chers professeurs, Dans cet article vous trouverez les informations concernant Pronote.Depuis un ordinateur connect\u00e9 \u00e0 internet vous avez la possibilit\u00e9 d&rsquo;acc\u00e9der \u00e0 la base de donn\u00e9es du Lyc\u00e9e Joseph ZOBEL pour la: &#8211; Saisie des notes &#8211; Saisie des appr\u00e9ciations &#8211; Saisie du cahier de texte &#8211; Saisie des absences Pour ce faire il [&hellip;]<\/p>\n","protected":false},"author":96,"featured_media":0,"parent":0,"menu_order":0,"comment_status":"closed","ping_status":"open","template":"","meta":{"pagelayer_contact_templates":[],"_pagelayer_content":"","footnotes":""},"class_list":["post-279","page","type-page","status-publish","hentry"],"_links":{"self":[{"href":"https:\/\/site.ac-martinique.fr\/lyc-josephzobel\/index.php?rest_route=\/wp\/v2\/pages\/279","targetHints":{"allow":["GET"]}}],"collection":[{"href":"https:\/\/site.ac-martinique.fr\/lyc-josephzobel\/index.php?rest_route=\/wp\/v2\/pages"}],"about":[{"href":"https:\/\/site.ac-martinique.fr\/lyc-josephzobel\/index.php?rest_route=\/wp\/v2\/types\/page"}],"author":[{"embeddable":true,"href":"https:\/\/site.ac-martinique.fr\/lyc-josephzobel\/index.php?rest_route=\/wp\/v2\/users\/96"}],"replies":[{"embeddable":true,"href":"https:\/\/site.ac-martinique.fr\/lyc-josephzobel\/index.php?rest_route=%2Fwp%2Fv2%2Fcomments&post=279"}],"version-history":[{"count":3,"href":"https:\/\/site.ac-martinique.fr\/lyc-josephzobel\/index.php?rest_route=\/wp\/v2\/pages\/279\/revisions"}],"predecessor-version":[{"id":416,"href":"https:\/\/site.ac-martinique.fr\/lyc-josephzobel\/index.php?rest_route=\/wp\/v2\/pages\/279\/revisions\/416"}],"wp:attachment":[{"href":"https:\/\/site.ac-martinique.fr\/lyc-josephzobel\/index.php?rest_route=%2Fwp%2Fv2%2Fmedia&parent=279"}],"curies":[{"name":"wp","href":"https:\/\/api.w.org\/{rel}","templated":true}]}}